{"id":1350,"date":"2018-10-05T10:27:36","date_gmt":"2018-10-05T13:27:36","guid":{"rendered":"http:\/\/www.tcuentaslp.gob.ar\/?page_id=1350"},"modified":"2018-10-05T10:28:46","modified_gmt":"2018-10-05T13:28:46","slug":"red-federal-de-control-publico","status":"publish","type":"page","link":"https:\/\/www.tcuentaslp.gob.ar\/?page_id=1350","title":{"rendered":"RED FEDERAL DE CONTROL P\u00daBLICO"},"content":{"rendered":"<p style=\"text-align: justify;\">En el a\u00f1o 2002, la Sindicatura General de la Naci\u00f3n(SIGEN) impuls\u00f3 el emprendimiento organizacional denominado Red Federal de Control P\u00fablico, y surge a partir de la propuesta del Poder Ejecutivo Nacional, en relaci\u00f3n con la necesidad de crear una entidad con capacidad operativa de alcance nacional que controle el desempe\u00f1o de los programas sociales implementados ante la emergencia social.<\/p>\n<p style=\"text-align: justify;\">En la actualidad, se encuentra representada la totalidad de las jurisdicciones del pa\u00eds mediante sus Tribunales de Cuentas provinciales y\/o municipales, y anualmente SIGEN en la presentaci\u00f3n del planeamiento anual, propone los programas a auditar pertenecientes a los ministerios adheridos ala RedFederalde Control P\u00fablicos, para el a\u00f1o 2012 son:<\/p>\n<p style=\"text-align: justify;\">Jurisdicci\u00f3n Desarrollo Social<\/p>\n<p style=\"text-align: justify;\">Plan Nacional de Seguridad Alimentaria<br \/>\nPlan Nacional de Desarrollo Local y Econom\u00eda Social \u2013 Manos ala Obra<br \/>\nPlan Nacional Familias \u2013 Asistencia Directa a Organizaciones<\/p>\n<p style=\"text-align: justify;\">Jurisdicci\u00f3n Educaci\u00f3n<\/p>\n<p style=\"text-align: justify;\">Fondo Nacional de Incentivo Docente<br \/>\nGesti\u00f3n Educativa \u2013 Plan de Finalizaci\u00f3n de Estudios Primarios y Secundarios (FINES)<br \/>\nGesti\u00f3n Educativa \u2013 Programa Nacional de Inclusi\u00f3n Educativa (PIIE)<br \/>\nPol\u00edticas Socio Educativas \u2013 Coros y Orquestas<br \/>\nPrograma Nacional de Infraestructura y Equipamiento<br \/>\nPrograma de Mejoramiento dela Educaci\u00f3n Rural(PROMER)<br \/>\nPrograma Nacional parala Educaci\u00f3n T\u00e9cnicoProfesional (INET)<\/p>\n<p style=\"text-align: justify;\">Jurisdicci\u00f3n Planificaci\u00f3n Federal, Inversi\u00f3n P\u00fablica y Servicios<\/p>\n<p style=\"text-align: justify;\">Desarrollo Infraestructura Habitacional Techo Digno<\/p>\n<p style=\"text-align: justify;\">Jurisdicci\u00f3n Salud<\/p>\n<p style=\"text-align: justify;\">Programa Federal de Salud \u2013 PROFE<br \/>\nPrevenci\u00f3n y Control de Enfermedades End\u00e9micas<br \/>\nPrograma de Lucha contra el SIDA y Enfermedades de Transmisi\u00f3n Sexual<br \/>\nPrograma Nacional de Control de Enfermedades Inmunoprevenibles (Inmunizaciones)<\/p>\n<p style=\"text-align: justify;\">Jurisdicci\u00f3n Trabajo, Empleo y Seguridad Social<\/p>\n<p style=\"text-align: justify;\">Acciones de Promoci\u00f3n del Empleo<br \/>\nActividades de Capacitaci\u00f3n y Formaci\u00f3n Profesional<\/p>\n<p style=\"text-align: justify;\">Jurisdicci\u00f3n Agricultura, Ganader\u00eda y Pesca<\/p>\n<p style=\"text-align: justify;\">Programa Social Agropecuario (PSA)<br \/>\nEl sector encargado de las Auditor\u00edas dela Red Federalde Control P\u00fablico del Tribunal de Cuentas planifica anualmente los programas a auditar, teniendo en cuenta los lineamientos propuestos por SIGEN, en la capacitaci\u00f3n sobre planeamiento que se lleva a cabo en noviembre de cada a\u00f1o, aproximadamente. De acuerdo al historial de auditor\u00edas planificadas y realizadas, el Tribunal de Cuentas planifica cuatro (4) auditor\u00edas anuales, teniendo en cuenta su capacidad de recursos humanos e infraestructura.<\/p>\n<p style=\"text-align: justify;\">Por cada auditor\u00eda que se realiza, se inicia un expediente interno. Las auditor\u00edas consisten en:<\/p>\n<p style=\"text-align: justify;\">\u2013 Tareas de campo, que de acuerdo al programa se realizan en los organismos ubicados en distintas localidades y siempre afectados a la ejecuci\u00f3n de los programas, as\u00ed se visitan entre otros: Escuelas Hogares, Hospitales, Municipalidades y Unidades Ejecutoras dependientes de los Ministerios Provinciales.<\/p>\n<p style=\"text-align: justify;\">\u2013 Tareas de oficina: con la informaci\u00f3n obtenida y las evidencias objetivas obtenidas en campo, se confecciona un Informe Preliminar, que es enviado a los auditados a efectos que emitan su opini\u00f3n a las observaciones efectuadas, las que recibidas en tiempo y forma ser\u00e1n evaluadas por el equipo auditor e incluidas en el Informe Definitivo. Este Informe, se eleva por medio del expediente al Tribunal de Cuentas, y es remitido en original a SIGEN y a cada un unidad auditada.<\/p>\n<p style=\"text-align: justify;\">Para este a\u00f1o se han planificado 5 (cinco) auditor\u00edas dela RedFederalde Control Publico a saber:<\/p>\n<p style=\"text-align: justify;\">Ministerio<\/p>\n<p style=\"text-align: justify;\">Programa<\/p>\n<p style=\"text-align: justify;\">Proyecto<\/p>\n<p style=\"text-align: justify;\">Trabajo Empleo y Seguridad Social<\/p>\n<p style=\"text-align: justify;\">Acciones de Promoci\u00f3n del Empleo<\/p>\n<p style=\"text-align: justify;\">\u201cCasas de la Historia y la Cultura del Bicentenario\u201d<br \/>\nSalud<\/p>\n<p style=\"text-align: justify;\">Programa federal de Salud<\/p>\n<p style=\"text-align: justify;\">PROFE<br \/>\nDesarrollo Social<\/p>\n<p style=\"text-align: justify;\">Plan Nacional de Seguridad Alimentaria<\/p>\n<p style=\"text-align: justify;\">Comedores Escolares<br \/>\nEducaci\u00f3n<\/p>\n<p style=\"text-align: justify;\">Mejoramiento de la Educaci\u00f3n Rural<\/p>\n<p style=\"text-align: justify;\">PROMER<br \/>\nPlanificaci\u00f3n Federal, Inversi\u00f3n P\u00fablica y Servicios<\/p>\n<p style=\"text-align: justify;\">Desarrollo Infraestructura habitacional<\/p>\n","protected":false},"excerpt":{"rendered":"<p>En el a\u00f1o 2002, la Sindicatura General de la Naci\u00f3n(SIGEN) impuls\u00f3 el emprendimiento organizacional denominado Red Federal de Control P\u00fablico, &#8230; <a title=\"RED FEDERAL DE CONTROL P\u00daBLICO\" class=\"read-more\" href=\"https:\/\/www.tcuentaslp.gob.ar\/?page_id=1350\">Leer m\u00e1s&#8230;<\/a><\/p>\n","protected":false},"author":1,"featured_media":0,"parent":0,"menu_order":0,"comment_status":"closed","ping_status":"closed","template":"","meta":{"generate_page_header":""},"yoast_head":"<!-- This site is optimized with the Yoast SEO plugin v20.12 - https:\/\/yoast.com\/wordpress\/plugins\/seo\/ -->\n<title>RED FEDERAL DE CONTROL P\u00daBLICO -<\/title>\n<meta name=\"robots\" content=\"index, follow, max-snippet:-1, max-image-preview:large, max-video-preview:-1\" \/>\n<link rel=\"canonical\" href=\"https:\/\/www.tcuentaslp.gob.ar\/?page_id=1350\" \/>\n<meta property=\"og:locale\" content=\"es_ES\" \/>\n<meta property=\"og:type\" content=\"article\" \/>\n<meta property=\"og:title\" content=\"RED FEDERAL DE CONTROL P\u00daBLICO -\" \/>\n<meta property=\"og:description\" content=\"En el a\u00f1o 2002, la Sindicatura General de la Naci\u00f3n(SIGEN) impuls\u00f3 el emprendimiento organizacional denominado Red Federal de Control P\u00fablico, ... Leer m\u00e1s...\" \/>\n<meta property=\"og:url\" content=\"https:\/\/www.tcuentaslp.gob.ar\/?page_id=1350\" \/>\n<meta property=\"article:publisher\" content=\"https:\/\/es-la.facebook.com\/TdeCLaPampa\/\" \/>\n<meta property=\"article:modified_time\" content=\"2018-10-05T13:28:46+00:00\" \/>\n<meta name=\"twitter:card\" content=\"summary_large_image\" \/>\n<meta name=\"twitter:label1\" content=\"Tiempo de lectura\" \/>\n\t<meta name=\"twitter:data1\" content=\"3 minutos\" \/>\n<script type=\"application\/ld+json\" class=\"yoast-schema-graph\">{\"@context\":\"https:\/\/schema.org\",\"@graph\":[{\"@type\":\"WebPage\",\"@id\":\"https:\/\/www.tcuentaslp.gob.ar\/?page_id=1350\",\"url\":\"https:\/\/www.tcuentaslp.gob.ar\/?page_id=1350\",\"name\":\"RED FEDERAL DE CONTROL P\u00daBLICO -\",\"isPartOf\":{\"@id\":\"https:\/\/www.tcuentaslp.gob.ar\/#website\"},\"datePublished\":\"2018-10-05T13:27:36+00:00\",\"dateModified\":\"2018-10-05T13:28:46+00:00\",\"breadcrumb\":{\"@id\":\"https:\/\/www.tcuentaslp.gob.ar\/?page_id=1350#breadcrumb\"},\"inLanguage\":\"es-AR\",\"potentialAction\":[{\"@type\":\"ReadAction\",\"target\":[\"https:\/\/www.tcuentaslp.gob.ar\/?page_id=1350\"]}]},{\"@type\":\"BreadcrumbList\",\"@id\":\"https:\/\/www.tcuentaslp.gob.ar\/?page_id=1350#breadcrumb\",\"itemListElement\":[{\"@type\":\"ListItem\",\"position\":1,\"name\":\"Inicio\",\"item\":\"https:\/\/www.tcuentaslp.gob.ar\/\"},{\"@type\":\"ListItem\",\"position\":2,\"name\":\"RED FEDERAL DE CONTROL P\u00daBLICO\"}]},{\"@type\":\"WebSite\",\"@id\":\"https:\/\/www.tcuentaslp.gob.ar\/#website\",\"url\":\"https:\/\/www.tcuentaslp.gob.ar\/\",\"name\":\"Tribunal de Cuentas de La Pampa\",\"description\":\"\",\"publisher\":{\"@id\":\"https:\/\/www.tcuentaslp.gob.ar\/#organization\"},\"potentialAction\":[{\"@type\":\"SearchAction\",\"target\":{\"@type\":\"EntryPoint\",\"urlTemplate\":\"https:\/\/www.tcuentaslp.gob.ar\/?s={search_term_string}\"},\"query-input\":\"required name=search_term_string\"}],\"inLanguage\":\"es-AR\"},{\"@type\":\"Organization\",\"@id\":\"https:\/\/www.tcuentaslp.gob.ar\/#organization\",\"name\":\"Tribunal de Cuentas de La Pampa\",\"url\":\"https:\/\/www.tcuentaslp.gob.ar\/\",\"logo\":{\"@type\":\"ImageObject\",\"inLanguage\":\"es-AR\",\"@id\":\"https:\/\/www.tcuentaslp.gob.ar\/#\/schema\/logo\/image\/\",\"url\":\"http:\/\/www.tcuentaslp.gob.ar\/wp-content\/uploads\/2017\/10\/logo_tribunal.png\",\"contentUrl\":\"http:\/\/www.tcuentaslp.gob.ar\/wp-content\/uploads\/2017\/10\/logo_tribunal.png\",\"width\":200,\"height\":204,\"caption\":\"Tribunal de Cuentas de La Pampa\"},\"image\":{\"@id\":\"https:\/\/www.tcuentaslp.gob.ar\/#\/schema\/logo\/image\/\"},\"sameAs\":[\"https:\/\/es-la.facebook.com\/TdeCLaPampa\/\"]}]}<\/script>\n<!-- \/ Yoast SEO plugin. -->","yoast_head_json":{"title":"RED FEDERAL DE CONTROL P\u00daBLICO -","robots":{"index":"index","follow":"follow","max-snippet":"max-snippet:-1","max-image-preview":"max-image-preview:large","max-video-preview":"max-video-preview:-1"},"canonical":"https:\/\/www.tcuentaslp.gob.ar\/?page_id=1350","og_locale":"es_ES","og_type":"article","og_title":"RED FEDERAL DE CONTROL P\u00daBLICO -","og_description":"En el a\u00f1o 2002, la Sindicatura General de la Naci\u00f3n(SIGEN) impuls\u00f3 el emprendimiento organizacional denominado Red Federal de Control P\u00fablico, ... Leer m\u00e1s...","og_url":"https:\/\/www.tcuentaslp.gob.ar\/?page_id=1350","article_publisher":"https:\/\/es-la.facebook.com\/TdeCLaPampa\/","article_modified_time":"2018-10-05T13:28:46+00:00","twitter_card":"summary_large_image","twitter_misc":{"Tiempo de lectura":"3 minutos"},"schema":{"@context":"https:\/\/schema.org","@graph":[{"@type":"WebPage","@id":"https:\/\/www.tcuentaslp.gob.ar\/?page_id=1350","url":"https:\/\/www.tcuentaslp.gob.ar\/?page_id=1350","name":"RED FEDERAL DE CONTROL P\u00daBLICO -","isPartOf":{"@id":"https:\/\/www.tcuentaslp.gob.ar\/#website"},"datePublished":"2018-10-05T13:27:36+00:00","dateModified":"2018-10-05T13:28:46+00:00","breadcrumb":{"@id":"https:\/\/www.tcuentaslp.gob.ar\/?page_id=1350#breadcrumb"},"inLanguage":"es-AR","potentialAction":[{"@type":"ReadAction","target":["https:\/\/www.tcuentaslp.gob.ar\/?page_id=1350"]}]},{"@type":"BreadcrumbList","@id":"https:\/\/www.tcuentaslp.gob.ar\/?page_id=1350#breadcrumb","itemListElement":[{"@type":"ListItem","position":1,"name":"Inicio","item":"https:\/\/www.tcuentaslp.gob.ar\/"},{"@type":"ListItem","position":2,"name":"RED FEDERAL DE CONTROL P\u00daBLICO"}]},{"@type":"WebSite","@id":"https:\/\/www.tcuentaslp.gob.ar\/#website","url":"https:\/\/www.tcuentaslp.gob.ar\/","name":"Tribunal de Cuentas de La Pampa","description":"","publisher":{"@id":"https:\/\/www.tcuentaslp.gob.ar\/#organization"},"potentialAction":[{"@type":"SearchAction","target":{"@type":"EntryPoint","urlTemplate":"https:\/\/www.tcuentaslp.gob.ar\/?s={search_term_string}"},"query-input":"required name=search_term_string"}],"inLanguage":"es-AR"},{"@type":"Organization","@id":"https:\/\/www.tcuentaslp.gob.ar\/#organization","name":"Tribunal de Cuentas de La Pampa","url":"https:\/\/www.tcuentaslp.gob.ar\/","logo":{"@type":"ImageObject","inLanguage":"es-AR","@id":"https:\/\/www.tcuentaslp.gob.ar\/#\/schema\/logo\/image\/","url":"http:\/\/www.tcuentaslp.gob.ar\/wp-content\/uploads\/2017\/10\/logo_tribunal.png","contentUrl":"http:\/\/www.tcuentaslp.gob.ar\/wp-content\/uploads\/2017\/10\/logo_tribunal.png","width":200,"height":204,"caption":"Tribunal de Cuentas de La Pampa"},"image":{"@id":"https:\/\/www.tcuentaslp.gob.ar\/#\/schema\/logo\/image\/"},"sameAs":["https:\/\/es-la.facebook.com\/TdeCLaPampa\/"]}]}},"_links":{"self":[{"href":"https:\/\/www.tcuentaslp.gob.ar\/index.php?rest_route=\/wp\/v2\/pages\/1350"}],"collection":[{"href":"https:\/\/www.tcuentaslp.gob.ar\/index.php?rest_route=\/wp\/v2\/pages"}],"about":[{"href":"https:\/\/www.tcuentaslp.gob.ar\/index.php?rest_route=\/wp\/v2\/types\/page"}],"author":[{"embeddable":true,"href":"https:\/\/www.tcuentaslp.gob.ar\/index.php?rest_route=\/wp\/v2\/users\/1"}],"replies":[{"embeddable":true,"href":"https:\/\/www.tcuentaslp.gob.ar\/index.php?rest_route=%2Fwp%2Fv2%2Fcomments&post=1350"}],"version-history":[{"count":1,"href":"https:\/\/www.tcuentaslp.gob.ar\/index.php?rest_route=\/wp\/v2\/pages\/1350\/revisions"}],"predecessor-version":[{"id":1351,"href":"https:\/\/www.tcuentaslp.gob.ar\/index.php?rest_route=\/wp\/v2\/pages\/1350\/revisions\/1351"}],"wp:attachment":[{"href":"https:\/\/www.tcuentaslp.gob.ar\/index.php?rest_route=%2Fwp%2Fv2%2Fmedia&parent=1350"}],"curies":[{"name":"wp","href":"https:\/\/api.w.org\/{rel}","templated":true}]}}