{"id":1363,"date":"2018-10-05T11:33:21","date_gmt":"2018-10-05T14:33:21","guid":{"rendered":"http:\/\/www.tcuentaslp.gob.ar\/?page_id=1363"},"modified":"2023-09-21T08:52:56","modified_gmt":"2023-09-21T11:52:56","slug":"del-estudio-de-las-rendiciones","status":"publish","type":"page","link":"https:\/\/www.tcuentaslp.gob.ar\/?page_id=1363","title":{"rendered":"DEL ESTUDIO DE LAS RENDICIONES"},"content":{"rendered":"<p align=\"justify\">El Relator a cargo del \u00e1rea de Comisiones de Fomento realizar\u00e1 el estudio num\u00e9rico y legal de acuerdo a la normativa vigente disponiendo para ello, de un plazo de 3 meses contados desde la presentaci\u00f3n de la misma (<a href=\"https:\/\/digesto.tcuentaslp.gob.ar\/digesto%20tribunal\/Leyes\/Decreto%20Ley%20513-1969.html\">Art. 14 Decreto Ley N\u00b0 513\/69<\/a>). De dicho an\u00e1lisis puede resultar:<\/p>\n<p align=\"justify\">a) Rendici\u00f3n sin observaciones: En este caso el Relator procede a elaborar el Informe de Relator y se da paso al Jefe de Relatores para que posteriormente se elabore el Informe Definitivo.<\/p>\n<p align=\"justify\">b) Rendici\u00f3n con observaciones: En este caso el Relator procede a elaborar un pedido de antecedentes, en el cual se detallan las deficiencias existentes en la rendici\u00f3n. Este pedido de antecedentes es enviado al Relator Mayor o Jefe de Relatores para su revisi\u00f3n conforme a la <a href=\"https:\/\/digesto.tcuentaslp.gob.ar\/digesto%20tribunal\/Fallos%20internos\/RESOLUCIONES\/Resolucion%2050-2012.html\">Resoluci\u00f3n N\u00ba 50\/2012 del Tribunal de Cuentas<\/a>. Por \u00faltimo, se da traslado a la Comuna, notificando a los responsables a trav\u00e9s del &#8220;Buz\u00f3n de Mensajes&#8221; del Sistema Renditivo de Comunas (<a href=\"https:\/\/digesto.tcuentaslp.gob.ar\/digesto%20tribunal\/Fallos%20internos\/RESOLUCIONES\/Resolucion%20134-2020.html\">Resoluci\u00f3n N\u00b0 134\/2020<\/a> y <a href=\"https:\/\/digesto.tcuentaslp.gob.ar\/digesto%20tribunal\/Fallos%20internos\/RESOLUCIONES\/Resolucion%2082-2023.html\">Resoluci\u00f3n N\u00b0 82\/2023<\/a> del Tribunal de Cuentas), para que sean subsanadas las observaciones formuladas.<\/p>\n<p align=\"justify\"><strong>Los responsables renditivos de las comunas<\/strong> deber\u00e1n responder el pedido de antecedentes en un plazo de quince d\u00edas h\u00e1biles contados a partir de la fecha de notificaci\u00f3n (<a href=\"https:\/\/digesto.tcuentaslp.gob.ar\/digesto%20tribunal\/Fallos%20internos\/RESOLUCIONES\/Resolucion%2082-2023.html\">Resoluci\u00f3n N\u00ba 82\/2023<\/a> del Tribunal de Cuentas y <a href=\"https:\/\/digesto.tcuentaslp.gob.ar\/digesto%20tribunal\/Leyes\/Decreto%20Ley%20513-1969.html\">Art. N\u00ba 14 del Decreto Ley N\u00b0 513\/69<\/a>) contestando cada uno de los puntos del pedido de antecedentes formulado por la Relator\u00eda. Los Relatores evaluaran y valoraran la respuesta y la documentaci\u00f3n aportada por los Responsables. De este valorativo puede suceder:<\/p>\n<p align=\"justify\">1) Que sean subsanadas las observaciones.<br \/>\n2) Que no sean subsanadas la totalidad de las observaciones y el relator considere que deber\u00eda confeccionarse un nuevo pedido de antecedentes.<br \/>\n3) Que no sean subsanadas la totalidad de las observaciones, en cuyo caso el Relator considere que debe formularse cargo y\/o multa y\/o advertencia.<\/p>\n<p align=\"justify\">En los casos 1) y 3) el relator confecciona informes con todo lo actuado -Informe Valorativo e Informe de Relator- Posteriormente la rendici\u00f3n es elevada al Jefe de Relatores para que elabore el Informe Definitivo, el cual es elevado al Vocal de Sala II para la continuaci\u00f3n del tr\u00e1mite, concluyendo con el dictado de Sentencia por parte del Tribunal. (<a href=\"https:\/\/digesto.tcuentaslp.gob.ar\/digesto%20tribunal\/Leyes\/Decreto%20Ley%20513-1969.html\">Art. N\u00ba 29 Decreto Ley N\u00b0 513\/69<\/a>).<\/p>\n<p align=\"justify\">En el caso 2) se reitera el procedimiento del inciso b) (rendici\u00f3n con observaciones).<\/p>\n<p align=\"justify\">En caso de sentencia con cargo, multa y\/o advertencia, la misma se <b>notifica<\/b> a los responsables de la rendici\u00f3n <b>quienes deber\u00e1n dar cumplimiento a la sanci\u00f3n impuesta, o bien podr\u00e1n interponer recurso de revocatoria.<\/b> (<a href=\"https:\/\/digesto.tcuentaslp.gob.ar\/digesto%20tribunal\/Leyes\/Decreto%20Ley%20513-1969.html\">Arts. N\u00ba 31, 32 y 33 del Decreto Ley N\u00b0 513\/69<\/a>).<\/p>\n","protected":false},"excerpt":{"rendered":"<p>El Relator a cargo del \u00e1rea de Comisiones de Fomento realizar\u00e1 el estudio num\u00e9rico y legal de acuerdo a la &#8230; <a title=\"DEL ESTUDIO DE LAS RENDICIONES\" class=\"read-more\" href=\"https:\/\/www.tcuentaslp.gob.ar\/?page_id=1363\">Leer m\u00e1s&#8230;<\/a><\/p>\n","protected":false},"author":1,"featured_media":0,"parent":0,"menu_order":0,"comment_status":"closed","ping_status":"closed","template":"","meta":{"generate_page_header":""},"yoast_head":"<!-- This site is optimized with the Yoast SEO plugin v20.12 - https:\/\/yoast.com\/wordpress\/plugins\/seo\/ -->\n<title>DEL ESTUDIO DE LAS RENDICIONES -<\/title>\n<meta name=\"robots\" content=\"index, follow, max-snippet:-1, max-image-preview:large, max-video-preview:-1\" \/>\n<link rel=\"canonical\" href=\"https:\/\/www.tcuentaslp.gob.ar\/?page_id=1363\" \/>\n<meta property=\"og:locale\" content=\"es_ES\" \/>\n<meta property=\"og:type\" content=\"article\" \/>\n<meta property=\"og:title\" content=\"DEL ESTUDIO DE LAS RENDICIONES -\" \/>\n<meta property=\"og:description\" content=\"El Relator a cargo del \u00e1rea de Comisiones de Fomento realizar\u00e1 el estudio num\u00e9rico y legal de acuerdo a la ... Leer m\u00e1s...\" \/>\n<meta property=\"og:url\" content=\"https:\/\/www.tcuentaslp.gob.ar\/?page_id=1363\" \/>\n<meta property=\"article:publisher\" content=\"https:\/\/es-la.facebook.com\/TdeCLaPampa\/\" \/>\n<meta property=\"article:modified_time\" content=\"2023-09-21T11:52:56+00:00\" \/>\n<meta name=\"twitter:card\" content=\"summary_large_image\" \/>\n<meta name=\"twitter:label1\" content=\"Tiempo de lectura\" \/>\n\t<meta name=\"twitter:data1\" content=\"2 minutos\" \/>\n<script type=\"application\/ld+json\" class=\"yoast-schema-graph\">{\"@context\":\"https:\/\/schema.org\",\"@graph\":[{\"@type\":\"WebPage\",\"@id\":\"https:\/\/www.tcuentaslp.gob.ar\/?page_id=1363\",\"url\":\"https:\/\/www.tcuentaslp.gob.ar\/?page_id=1363\",\"name\":\"DEL ESTUDIO DE LAS RENDICIONES -\",\"isPartOf\":{\"@id\":\"https:\/\/www.tcuentaslp.gob.ar\/#website\"},\"datePublished\":\"2018-10-05T14:33:21+00:00\",\"dateModified\":\"2023-09-21T11:52:56+00:00\",\"breadcrumb\":{\"@id\":\"https:\/\/www.tcuentaslp.gob.ar\/?page_id=1363#breadcrumb\"},\"inLanguage\":\"es-AR\",\"potentialAction\":[{\"@type\":\"ReadAction\",\"target\":[\"https:\/\/www.tcuentaslp.gob.ar\/?page_id=1363\"]}]},{\"@type\":\"BreadcrumbList\",\"@id\":\"https:\/\/www.tcuentaslp.gob.ar\/?page_id=1363#breadcrumb\",\"itemListElement\":[{\"@type\":\"ListItem\",\"position\":1,\"name\":\"Inicio\",\"item\":\"https:\/\/www.tcuentaslp.gob.ar\/\"},{\"@type\":\"ListItem\",\"position\":2,\"name\":\"DEL ESTUDIO DE LAS RENDICIONES\"}]},{\"@type\":\"WebSite\",\"@id\":\"https:\/\/www.tcuentaslp.gob.ar\/#website\",\"url\":\"https:\/\/www.tcuentaslp.gob.ar\/\",\"name\":\"Tribunal de Cuentas de La Pampa\",\"description\":\"\",\"publisher\":{\"@id\":\"https:\/\/www.tcuentaslp.gob.ar\/#organization\"},\"potentialAction\":[{\"@type\":\"SearchAction\",\"target\":{\"@type\":\"EntryPoint\",\"urlTemplate\":\"https:\/\/www.tcuentaslp.gob.ar\/?s={search_term_string}\"},\"query-input\":\"required name=search_term_string\"}],\"inLanguage\":\"es-AR\"},{\"@type\":\"Organization\",\"@id\":\"https:\/\/www.tcuentaslp.gob.ar\/#organization\",\"name\":\"Tribunal de Cuentas de La Pampa\",\"url\":\"https:\/\/www.tcuentaslp.gob.ar\/\",\"logo\":{\"@type\":\"ImageObject\",\"inLanguage\":\"es-AR\",\"@id\":\"https:\/\/www.tcuentaslp.gob.ar\/#\/schema\/logo\/image\/\",\"url\":\"http:\/\/www.tcuentaslp.gob.ar\/wp-content\/uploads\/2017\/10\/logo_tribunal.png\",\"contentUrl\":\"http:\/\/www.tcuentaslp.gob.ar\/wp-content\/uploads\/2017\/10\/logo_tribunal.png\",\"width\":200,\"height\":204,\"caption\":\"Tribunal de Cuentas de La Pampa\"},\"image\":{\"@id\":\"https:\/\/www.tcuentaslp.gob.ar\/#\/schema\/logo\/image\/\"},\"sameAs\":[\"https:\/\/es-la.facebook.com\/TdeCLaPampa\/\"]}]}<\/script>\n<!-- \/ Yoast SEO plugin. -->","yoast_head_json":{"title":"DEL ESTUDIO DE LAS RENDICIONES -","robots":{"index":"index","follow":"follow","max-snippet":"max-snippet:-1","max-image-preview":"max-image-preview:large","max-video-preview":"max-video-preview:-1"},"canonical":"https:\/\/www.tcuentaslp.gob.ar\/?page_id=1363","og_locale":"es_ES","og_type":"article","og_title":"DEL ESTUDIO DE LAS RENDICIONES -","og_description":"El Relator a cargo del \u00e1rea de Comisiones de Fomento realizar\u00e1 el estudio num\u00e9rico y legal de acuerdo a la ... Leer m\u00e1s...","og_url":"https:\/\/www.tcuentaslp.gob.ar\/?page_id=1363","article_publisher":"https:\/\/es-la.facebook.com\/TdeCLaPampa\/","article_modified_time":"2023-09-21T11:52:56+00:00","twitter_card":"summary_large_image","twitter_misc":{"Tiempo de lectura":"2 minutos"},"schema":{"@context":"https:\/\/schema.org","@graph":[{"@type":"WebPage","@id":"https:\/\/www.tcuentaslp.gob.ar\/?page_id=1363","url":"https:\/\/www.tcuentaslp.gob.ar\/?page_id=1363","name":"DEL ESTUDIO DE LAS RENDICIONES -","isPartOf":{"@id":"https:\/\/www.tcuentaslp.gob.ar\/#website"},"datePublished":"2018-10-05T14:33:21+00:00","dateModified":"2023-09-21T11:52:56+00:00","breadcrumb":{"@id":"https:\/\/www.tcuentaslp.gob.ar\/?page_id=1363#breadcrumb"},"inLanguage":"es-AR","potentialAction":[{"@type":"ReadAction","target":["https:\/\/www.tcuentaslp.gob.ar\/?page_id=1363"]}]},{"@type":"BreadcrumbList","@id":"https:\/\/www.tcuentaslp.gob.ar\/?page_id=1363#breadcrumb","itemListElement":[{"@type":"ListItem","position":1,"name":"Inicio","item":"https:\/\/www.tcuentaslp.gob.ar\/"},{"@type":"ListItem","position":2,"name":"DEL ESTUDIO DE LAS RENDICIONES"}]},{"@type":"WebSite","@id":"https:\/\/www.tcuentaslp.gob.ar\/#website","url":"https:\/\/www.tcuentaslp.gob.ar\/","name":"Tribunal de Cuentas de La Pampa","description":"","publisher":{"@id":"https:\/\/www.tcuentaslp.gob.ar\/#organization"},"potentialAction":[{"@type":"SearchAction","target":{"@type":"EntryPoint","urlTemplate":"https:\/\/www.tcuentaslp.gob.ar\/?s={search_term_string}"},"query-input":"required name=search_term_string"}],"inLanguage":"es-AR"},{"@type":"Organization","@id":"https:\/\/www.tcuentaslp.gob.ar\/#organization","name":"Tribunal de Cuentas de La Pampa","url":"https:\/\/www.tcuentaslp.gob.ar\/","logo":{"@type":"ImageObject","inLanguage":"es-AR","@id":"https:\/\/www.tcuentaslp.gob.ar\/#\/schema\/logo\/image\/","url":"http:\/\/www.tcuentaslp.gob.ar\/wp-content\/uploads\/2017\/10\/logo_tribunal.png","contentUrl":"http:\/\/www.tcuentaslp.gob.ar\/wp-content\/uploads\/2017\/10\/logo_tribunal.png","width":200,"height":204,"caption":"Tribunal de Cuentas de La Pampa"},"image":{"@id":"https:\/\/www.tcuentaslp.gob.ar\/#\/schema\/logo\/image\/"},"sameAs":["https:\/\/es-la.facebook.com\/TdeCLaPampa\/"]}]}},"_links":{"self":[{"href":"https:\/\/www.tcuentaslp.gob.ar\/index.php?rest_route=\/wp\/v2\/pages\/1363"}],"collection":[{"href":"https:\/\/www.tcuentaslp.gob.ar\/index.php?rest_route=\/wp\/v2\/pages"}],"about":[{"href":"https:\/\/www.tcuentaslp.gob.ar\/index.php?rest_route=\/wp\/v2\/types\/page"}],"author":[{"embeddable":true,"href":"https:\/\/www.tcuentaslp.gob.ar\/index.php?rest_route=\/wp\/v2\/users\/1"}],"replies":[{"embeddable":true,"href":"https:\/\/www.tcuentaslp.gob.ar\/index.php?rest_route=%2Fwp%2Fv2%2Fcomments&post=1363"}],"version-history":[{"count":2,"href":"https:\/\/www.tcuentaslp.gob.ar\/index.php?rest_route=\/wp\/v2\/pages\/1363\/revisions"}],"predecessor-version":[{"id":4805,"href":"https:\/\/www.tcuentaslp.gob.ar\/index.php?rest_route=\/wp\/v2\/pages\/1363\/revisions\/4805"}],"wp:attachment":[{"href":"https:\/\/www.tcuentaslp.gob.ar\/index.php?rest_route=%2Fwp%2Fv2%2Fmedia&parent=1363"}],"curies":[{"name":"wp","href":"https:\/\/api.w.org\/{rel}","templated":true}]}}