{"id":1396,"date":"2018-10-09T11:22:51","date_gmt":"2018-10-09T14:22:51","guid":{"rendered":"http:\/\/www.tcuentaslp.gob.ar\/?page_id=1396"},"modified":"2018-10-09T11:22:59","modified_gmt":"2018-10-09T14:22:59","slug":"comision-de-servicios","status":"publish","type":"page","link":"https:\/\/www.tcuentaslp.gob.ar\/?page_id=1396","title":{"rendered":"Comisi\u00f3n de Servicios"},"content":{"rendered":"<p style=\"text-align: justify;\">Los Relatores de este \u00e1rea realizan\u00a0 peri\u00f3dicamente un control\u00a0<em>in situ<\/em>\u00a0a las Comisiones de Fomento, a los efectos de cumplir con los objetivos que se detallan a continuaci\u00f3n;<\/p>\n<ul style=\"text-align: justify;\">\n<li>estudio de expedientes que no fueron presentados oportunamente al Tribunal de Cuentas.<\/li>\n<li>depuraci\u00f3n de observaciones surgidas del primer estudio del Expediente sin pedido de antecedentes.<\/li>\n<li>depuraci\u00f3n y valoraci\u00f3n de observaciones no subsanadas en pedidos de antecedentes contestados por parte de los responsables.<\/li>\n<li>control y arqueo de caja.<\/li>\n<li>control de los bienes inventariados de la Comisi\u00f3n de Fomento (altas y bajas).<\/li>\n<li>asesoramiento y capacitaci\u00f3n en todo aspecto renditivo (num\u00e9rico, legal, inform\u00e1tico).<\/li>\n<\/ul>\n<p style=\"text-align: justify;\">Al finalizar, se labra un acta dejando constancia de las actuaciones, firmada en forma conjunta con el Secretario-Tesorero y Presidente, la cual se deber\u00e1 elevar al Jefe de Relatores.<\/p>\n","protected":false},"excerpt":{"rendered":"<p>Los Relatores de este \u00e1rea realizan\u00a0 peri\u00f3dicamente un control\u00a0in situ\u00a0a las Comisiones de Fomento, a los efectos de cumplir con &#8230; <a title=\"Comisi\u00f3n de Servicios\" class=\"read-more\" href=\"https:\/\/www.tcuentaslp.gob.ar\/?page_id=1396\">Leer m\u00e1s&#8230;<\/a><\/p>\n","protected":false},"author":1,"featured_media":0,"parent":0,"menu_order":0,"comment_status":"closed","ping_status":"closed","template":"","meta":{"generate_page_header":""},"yoast_head":"<!-- This site is optimized with the Yoast SEO plugin v20.12 - https:\/\/yoast.com\/wordpress\/plugins\/seo\/ -->\n<title>Comisi\u00f3n de Servicios -<\/title>\n<meta name=\"robots\" content=\"index, follow, max-snippet:-1, max-image-preview:large, max-video-preview:-1\" \/>\n<link rel=\"canonical\" href=\"https:\/\/www.tcuentaslp.gob.ar\/?page_id=1396\" \/>\n<meta property=\"og:locale\" content=\"es_ES\" \/>\n<meta property=\"og:type\" content=\"article\" \/>\n<meta property=\"og:title\" content=\"Comisi\u00f3n de Servicios -\" \/>\n<meta property=\"og:description\" content=\"Los Relatores de este \u00e1rea realizan\u00a0 peri\u00f3dicamente un control\u00a0in situ\u00a0a las Comisiones de Fomento, a los efectos de cumplir con ... Leer m\u00e1s...\" \/>\n<meta property=\"og:url\" content=\"https:\/\/www.tcuentaslp.gob.ar\/?page_id=1396\" \/>\n<meta property=\"article:publisher\" content=\"https:\/\/es-la.facebook.com\/TdeCLaPampa\/\" \/>\n<meta property=\"article:modified_time\" content=\"2018-10-09T14:22:59+00:00\" \/>\n<meta name=\"twitter:card\" content=\"summary_large_image\" \/>\n<meta name=\"twitter:label1\" content=\"Tiempo de lectura\" \/>\n\t<meta name=\"twitter:data1\" content=\"1 minuto\" \/>\n<script type=\"application\/ld+json\" class=\"yoast-schema-graph\">{\"@context\":\"https:\/\/schema.org\",\"@graph\":[{\"@type\":\"WebPage\",\"@id\":\"https:\/\/www.tcuentaslp.gob.ar\/?page_id=1396\",\"url\":\"https:\/\/www.tcuentaslp.gob.ar\/?page_id=1396\",\"name\":\"Comisi\u00f3n de Servicios -\",\"isPartOf\":{\"@id\":\"https:\/\/www.tcuentaslp.gob.ar\/#website\"},\"datePublished\":\"2018-10-09T14:22:51+00:00\",\"dateModified\":\"2018-10-09T14:22:59+00:00\",\"breadcrumb\":{\"@id\":\"https:\/\/www.tcuentaslp.gob.ar\/?page_id=1396#breadcrumb\"},\"inLanguage\":\"es-AR\",\"potentialAction\":[{\"@type\":\"ReadAction\",\"target\":[\"https:\/\/www.tcuentaslp.gob.ar\/?page_id=1396\"]}]},{\"@type\":\"BreadcrumbList\",\"@id\":\"https:\/\/www.tcuentaslp.gob.ar\/?page_id=1396#breadcrumb\",\"itemListElement\":[{\"@type\":\"ListItem\",\"position\":1,\"name\":\"Inicio\",\"item\":\"https:\/\/www.tcuentaslp.gob.ar\/\"},{\"@type\":\"ListItem\",\"position\":2,\"name\":\"Comisi\u00f3n de Servicios\"}]},{\"@type\":\"WebSite\",\"@id\":\"https:\/\/www.tcuentaslp.gob.ar\/#website\",\"url\":\"https:\/\/www.tcuentaslp.gob.ar\/\",\"name\":\"Tribunal de Cuentas de La Pampa\",\"description\":\"\",\"publisher\":{\"@id\":\"https:\/\/www.tcuentaslp.gob.ar\/#organization\"},\"potentialAction\":[{\"@type\":\"SearchAction\",\"target\":{\"@type\":\"EntryPoint\",\"urlTemplate\":\"https:\/\/www.tcuentaslp.gob.ar\/?s={search_term_string}\"},\"query-input\":\"required name=search_term_string\"}],\"inLanguage\":\"es-AR\"},{\"@type\":\"Organization\",\"@id\":\"https:\/\/www.tcuentaslp.gob.ar\/#organization\",\"name\":\"Tribunal de Cuentas de La Pampa\",\"url\":\"https:\/\/www.tcuentaslp.gob.ar\/\",\"logo\":{\"@type\":\"ImageObject\",\"inLanguage\":\"es-AR\",\"@id\":\"https:\/\/www.tcuentaslp.gob.ar\/#\/schema\/logo\/image\/\",\"url\":\"http:\/\/www.tcuentaslp.gob.ar\/wp-content\/uploads\/2017\/10\/logo_tribunal.png\",\"contentUrl\":\"http:\/\/www.tcuentaslp.gob.ar\/wp-content\/uploads\/2017\/10\/logo_tribunal.png\",\"width\":200,\"height\":204,\"caption\":\"Tribunal de Cuentas de La Pampa\"},\"image\":{\"@id\":\"https:\/\/www.tcuentaslp.gob.ar\/#\/schema\/logo\/image\/\"},\"sameAs\":[\"https:\/\/es-la.facebook.com\/TdeCLaPampa\/\"]}]}<\/script>\n<!-- \/ Yoast SEO plugin. -->","yoast_head_json":{"title":"Comisi\u00f3n de Servicios -","robots":{"index":"index","follow":"follow","max-snippet":"max-snippet:-1","max-image-preview":"max-image-preview:large","max-video-preview":"max-video-preview:-1"},"canonical":"https:\/\/www.tcuentaslp.gob.ar\/?page_id=1396","og_locale":"es_ES","og_type":"article","og_title":"Comisi\u00f3n de Servicios -","og_description":"Los Relatores de este \u00e1rea realizan\u00a0 peri\u00f3dicamente un control\u00a0in situ\u00a0a las Comisiones de Fomento, a los efectos de cumplir con ... Leer m\u00e1s...","og_url":"https:\/\/www.tcuentaslp.gob.ar\/?page_id=1396","article_publisher":"https:\/\/es-la.facebook.com\/TdeCLaPampa\/","article_modified_time":"2018-10-09T14:22:59+00:00","twitter_card":"summary_large_image","twitter_misc":{"Tiempo de lectura":"1 minuto"},"schema":{"@context":"https:\/\/schema.org","@graph":[{"@type":"WebPage","@id":"https:\/\/www.tcuentaslp.gob.ar\/?page_id=1396","url":"https:\/\/www.tcuentaslp.gob.ar\/?page_id=1396","name":"Comisi\u00f3n de Servicios -","isPartOf":{"@id":"https:\/\/www.tcuentaslp.gob.ar\/#website"},"datePublished":"2018-10-09T14:22:51+00:00","dateModified":"2018-10-09T14:22:59+00:00","breadcrumb":{"@id":"https:\/\/www.tcuentaslp.gob.ar\/?page_id=1396#breadcrumb"},"inLanguage":"es-AR","potentialAction":[{"@type":"ReadAction","target":["https:\/\/www.tcuentaslp.gob.ar\/?page_id=1396"]}]},{"@type":"BreadcrumbList","@id":"https:\/\/www.tcuentaslp.gob.ar\/?page_id=1396#breadcrumb","itemListElement":[{"@type":"ListItem","position":1,"name":"Inicio","item":"https:\/\/www.tcuentaslp.gob.ar\/"},{"@type":"ListItem","position":2,"name":"Comisi\u00f3n de Servicios"}]},{"@type":"WebSite","@id":"https:\/\/www.tcuentaslp.gob.ar\/#website","url":"https:\/\/www.tcuentaslp.gob.ar\/","name":"Tribunal de Cuentas de La Pampa","description":"","publisher":{"@id":"https:\/\/www.tcuentaslp.gob.ar\/#organization"},"potentialAction":[{"@type":"SearchAction","target":{"@type":"EntryPoint","urlTemplate":"https:\/\/www.tcuentaslp.gob.ar\/?s={search_term_string}"},"query-input":"required name=search_term_string"}],"inLanguage":"es-AR"},{"@type":"Organization","@id":"https:\/\/www.tcuentaslp.gob.ar\/#organization","name":"Tribunal de Cuentas de La Pampa","url":"https:\/\/www.tcuentaslp.gob.ar\/","logo":{"@type":"ImageObject","inLanguage":"es-AR","@id":"https:\/\/www.tcuentaslp.gob.ar\/#\/schema\/logo\/image\/","url":"http:\/\/www.tcuentaslp.gob.ar\/wp-content\/uploads\/2017\/10\/logo_tribunal.png","contentUrl":"http:\/\/www.tcuentaslp.gob.ar\/wp-content\/uploads\/2017\/10\/logo_tribunal.png","width":200,"height":204,"caption":"Tribunal de Cuentas de La Pampa"},"image":{"@id":"https:\/\/www.tcuentaslp.gob.ar\/#\/schema\/logo\/image\/"},"sameAs":["https:\/\/es-la.facebook.com\/TdeCLaPampa\/"]}]}},"_links":{"self":[{"href":"https:\/\/www.tcuentaslp.gob.ar\/index.php?rest_route=\/wp\/v2\/pages\/1396"}],"collection":[{"href":"https:\/\/www.tcuentaslp.gob.ar\/index.php?rest_route=\/wp\/v2\/pages"}],"about":[{"href":"https:\/\/www.tcuentaslp.gob.ar\/index.php?rest_route=\/wp\/v2\/types\/page"}],"author":[{"embeddable":true,"href":"https:\/\/www.tcuentaslp.gob.ar\/index.php?rest_route=\/wp\/v2\/users\/1"}],"replies":[{"embeddable":true,"href":"https:\/\/www.tcuentaslp.gob.ar\/index.php?rest_route=%2Fwp%2Fv2%2Fcomments&post=1396"}],"version-history":[{"count":1,"href":"https:\/\/www.tcuentaslp.gob.ar\/index.php?rest_route=\/wp\/v2\/pages\/1396\/revisions"}],"predecessor-version":[{"id":1397,"href":"https:\/\/www.tcuentaslp.gob.ar\/index.php?rest_route=\/wp\/v2\/pages\/1396\/revisions\/1397"}],"wp:attachment":[{"href":"https:\/\/www.tcuentaslp.gob.ar\/index.php?rest_route=%2Fwp%2Fv2%2Fmedia&parent=1396"}],"curies":[{"name":"wp","href":"https:\/\/api.w.org\/{rel}","templated":true}]}}