{"id":1399,"date":"2018-10-09T11:35:46","date_gmt":"2018-10-09T14:35:46","guid":{"rendered":"http:\/\/www.tcuentaslp.gob.ar\/?page_id=1399"},"modified":"2018-10-09T11:39:46","modified_gmt":"2018-10-09T14:39:46","slug":"compra-de-bienes-y-o-servicios","status":"publish","type":"page","link":"https:\/\/www.tcuentaslp.gob.ar\/?page_id=1399","title":{"rendered":"Compra de Bienes y\/o Servicios"},"content":{"rendered":"<p style=\"text-align: justify;\">Generalidades<\/p>\n<p style=\"text-align: justify;\">\u00a0Los procedimientos mediante los cuales el Estado Provincial puede realizar las contrataciones de bienes y servicios, est\u00e1n establecidos en la Ley N\u00ba 3 de Contabilidad (y sus modificatorias) y su Decreto Reglamentario (Decreto N\u00ba 95\/1954), en la que se establece como regla general la Licitaci\u00f3n P\u00fablica y las excepciones a la misma.<\/p>\n<p style=\"text-align: justify;\">\u00a0Mediante Decreto Acuerdo N\u00ba 470\/1973 (Reglamento de Contrataciones), se establecieron cuales son los tr\u00e1mites ha tener en cuenta para realizar dichas contrataciones.<\/p>\n<p style=\"text-align: justify;\">\u00a0La Ley N\u00b0 3 de Contabilidad establece en su art\u00edculo N\u00b0 33 (redacci\u00f3n dada por el art. 1\u00b0 de la Norma Jur\u00eddica de Facto N\u00b0 930\/79) que: \u201cToda contrataci\u00f3n en que el Estado Provincial sea parte, y en general toda aquella que signifique entrada o salida de fondos, que no est\u00e9 reglada en forma especial, se regir\u00e1 por las disposiciones de la presente ley y se realizar\u00e1 previa licitaci\u00f3n p\u00fablica\u201d.<\/p>\n<p style=\"text-align: justify;\">\u00a0El art\u00edculo N\u00b0 34 enumera los procedimientos de excepci\u00f3n a la licitaci\u00f3n p\u00fablica que son: la licitaci\u00f3n privada y los distintos tipos de contrataci\u00f3n directa.<\/p>\n<p style=\"text-align: justify;\">\u00a0En el Decreto Acuerdo N\u00ba 470\/73, en su art\u00edculo 19, instituye \u201cA los efectos de determinar el procedimiento a seguir para las contrataciones, se considerar\u00e1n los montos m\u00e1ximos de contrataci\u00f3n establecidos en la Ley de Contabilidad y el importe total estimado de las adjudicaciones, incluidas las posibles opciones de pr\u00f3rroga del contrato y toda otra ampliaci\u00f3n establecida en los pliegos.\u201d Estableciendo cuales son requisitos a cumplimentar en la licitaci\u00f3n, P\u00fablica, Privada y en los Concurso de Precios. Estos montos m\u00e1ximos de contrataci\u00f3n son tambi\u00e9n los que se toman a los efectos de establecer la autorizaci\u00f3n previa y la adjudicaci\u00f3n y\/o aprobaci\u00f3n.<\/p>\n<p style=\"text-align: justify;\">\u00a0Por Decreto N\u00b0 425\/2013, se establecieron los montos para los diferentes tramos de las contrataciones mencionadas, como as\u00ed tambi\u00e9n el nivel de autorizaci\u00f3n previa, adjudicaci\u00f3n o aprobaci\u00f3n de la autoridad competente.<\/p>\n<p style=\"text-align: justify;\">\u00a0En el art\u00edculo 4\u00b0 del mencionado decreto se determina que las licitaciones p\u00fablicas y privadas iniciadas por los organismos de la Administraci\u00f3n Central se deber\u00e1n realizar a trav\u00e9s del Departamento de Compras y Suministros de Contadur\u00eda General de la Provincia salvo en los casos que una disposici\u00f3n legal disponga lo contrario.<\/p>\n<p style=\"text-align: justify;\">\u00a0En nuestra Provincia la Ley N\u00ba 2648, autoriza al Gobernador a delegar en el Ministro Coordinador toda funci\u00f3n o asunto de su competencia, incluso aquellas cuya delegaci\u00f3n no se encuentre prevista para el resto de los Ministros. Las decisiones, mediante resoluci\u00f3n, que adopte en funci\u00f3n de estas atribuciones delegadas, ser\u00e1n refrendadas por el Ministro del ramo correspondiente. Dichas funciones fueron delegadas mediante Decreto N\u00ba 58\/2012, modificado por Decreto N\u00ba 1041\/2013, entre las que se encuentran la Licitaci\u00f3n P\u00fablica y Privada, de acuerdo a los tramos de autorizaci\u00f3n y aprobaci\u00f3n.<\/p>\n<p style=\"text-align: justify;\">\u00a0Licitaci\u00f3n P\u00fablica<\/p>\n<p style=\"text-align: justify;\">\u00a0Es un procedimiento de contrataci\u00f3n por el cual, mediante una convocatoria a una cantidad indeterminada de posibles oferentes con capacidad para obligarse, \u00e9stos formulan sus propuestas ajust\u00e1ndolas a un Pliego de Bases y Condiciones, previamente elaborado y aprobado por autoridad competente, y la Administraci\u00f3n elige o acepta la que resulte m\u00e1s conveniente.<\/p>\n<p style=\"text-align: justify;\">\u00a0\u00bfQu\u00e9 debe contener un Expediente de Licitaci\u00f3n P\u00fablica?<\/p>\n<p style=\"text-align: justify;\">\u00a0Requisitos m\u00ednimos:<\/p>\n<p style=\"text-align: justify;\">\u00a01. Justificar motivo para la compra y detalles de los bienes o servicios a adquirir;<\/p>\n<p style=\"text-align: justify;\">2. Afectaci\u00f3n preventiva por el importe de la licitaci\u00f3n;<\/p>\n<p style=\"text-align: justify;\">3. Aprobaci\u00f3n del llamado y del Pliego de Bases y Condiciones por autoridad competente (Decreto y\/o Resoluci\u00f3n);<\/p>\n<p style=\"text-align: justify;\">4. Autorizaci\u00f3n del Se\u00f1or Gobernador en caso de adquisici\u00f3n de bienes de capital que superen el monto establecido en el art\u00edculo 3\u00ba del Decreto N\u00b0 425\/13;<\/p>\n<p style=\"text-align: justify;\">5. Si en la adquisici\u00f3n de bienes de capital se comprometen fondos de ejercicios futuros debe solicitarse factibilidad financiera (art. 20\u00ba-Ley 2315). Deber\u00e1 dejarse constancia en los considerandos y en el articulado del Proyecto de Decreto y\/o Resoluci\u00f3n la comunicaci\u00f3n a la C\u00e1mara de Diputados de acuerdo a lo establecido en art\u00edculo 10 de la Ley N\u00b0 3;<\/p>\n<p style=\"text-align: justify;\">6. Cuando se tramiten adquisiciones donde por las caracter\u00edsticas espec\u00edficas del bien se licite una marca determinada deber\u00e1 darse cumplimiento a lo establecido en el art\u00edculo 14 del Decreto Acuerdo N\u00ba 470\/73 y el Dictamen N\u00ba 34\/92 del Tribunal de Cuentas;<\/p>\n<p style=\"text-align: justify;\">7. Ofertas dentro del plazo de mantenimiento de la misma establecido en el pliego de condiciones particulares (art. 34 del Reglamento de Contrataciones);<\/p>\n<p style=\"text-align: justify;\">8. Constancias de las publicaciones del llamado en diarios y en el Bolet\u00edn Oficial (art\u00edculos 20 y 21 del Reglamento de Contrataciones);<\/p>\n<p style=\"text-align: justify;\">9. Certificados de Libre Deuda Alimentaria;<\/p>\n<p style=\"text-align: justify;\">10. Certificados de Cumplimiento Fiscal;<\/p>\n<p style=\"text-align: justify;\">11. Informe de preadjudicaci\u00f3n redactado en forma clara y fundado en el art. 58 del Reglamento de Contrataciones;<\/p>\n<p style=\"text-align: justify;\">12. Preadjudicaci\u00f3n realizada por autoridad competente, de acuerdo al monto autorizado;<\/p>\n<p style=\"text-align: justify;\">13. Preadjudicaci\u00f3n publicada en tiempo y forma (art N\u00b0 61 del Reglamento de Contrataciones);<\/p>\n<p style=\"text-align: justify;\">14. Las impugnaciones, tanto las presentadas en el momento de la apertura como las posteriores, deber\u00e1n ser resueltas por la autoridad competente, mediante el acto legal que corresponda (resoluci\u00f3n, disposici\u00f3n) y notificadas por medio fehaciente;<\/p>\n<p style=\"text-align: justify;\">15. Intervenci\u00f3n de Organismos Legales pertinentes;<\/p>\n<p style=\"text-align: justify;\">16. Que tomen conocimiento las autoridades que refrendan el acto;<\/p>\n<p style=\"text-align: justify;\">17. La autoridad que dicte el acto ser\u00e1 responsable por el cumplimiento de la vista ordenada en el art\u00edculo 2\u00ba.<\/p>\n<p style=\"text-align: justify;\">LICITACI\u00d3N PRIVADA<\/p>\n<p style=\"text-align: justify;\">Es un procedimiento de contrataci\u00f3n por medio del cual la Administraci\u00f3n invita a los proveedores del ramo a realizar las ofertas de los bienes o servicios adquirir. De acuerdo a lo establecido en art 21\u00b0 del Reglamento de Contrataciones: \u201c \u2026se cursar\u00e1 como m\u00ednimo 5 invitaciones a proveedores del ramo\u2026\u201d a fin de que formulen ofertas con base en un Pliego de Bases y Condiciones previamente elaborado, y de las que la Administraci\u00f3n elige la m\u00e1s conveniente.<\/p>\n<p style=\"text-align: justify;\">\u00bfQu\u00e9 debe contener un Expediente de Licitaci\u00f3n Privada?<\/p>\n<p style=\"text-align: justify;\">Requisitos m\u00ednimos:<\/p>\n<p style=\"text-align: justify;\">1. Justificar motivo para la compra y detalles de los bienes o servicios a adquirir;<\/p>\n<p style=\"text-align: justify;\">2. Que por el monto se encuadre en la licitaci\u00f3n privada (art 1\u00b0 Decreto N\u00b0 425\/2013);<\/p>\n<p style=\"text-align: justify;\">3. Afectaci\u00f3n preventiva por el importe de la licitaci\u00f3n;<\/p>\n<p style=\"text-align: justify;\">4. Visto Bueno del se\u00f1or Gobernador, cuando el monto supera la suma de $869.000,00, tramo B-4 del Anexo I del Decreto N\u00ba 425\/2013.<\/p>\n<p style=\"text-align: justify;\">5. Autorizaci\u00f3n del Sr Gobernador en caso de adquisici\u00f3n de bienes de capital que superen el monto establecido en el art\u00edculo 3\u00ba del Decreto N\u00b0 425\/13;<\/p>\n<p style=\"text-align: justify;\">6. Si en la adquisici\u00f3n de bienes de capital se comprometen fondos de ejercicios futuros debe solicitarse factibilidad financiera (art. 20\u00ba-Ley 2315). Deber\u00e1 dejarse constancia en los considerandos y en el articulado del Proyecto de Decreto y\/o Resoluci\u00f3n la comunicaci\u00f3n a la C\u00e1mara de Diputados de acuerdo a lo establecido en art\u00edculo 10 de la Ley N\u00b0 3;<\/p>\n<p style=\"text-align: justify;\">7. Cuando se tramiten adquisiciones donde por las caracter\u00edsticas espec\u00edficas del bien se solicite una marca determinada deber\u00e1 darse cumplimiento a lo establecido en el art\u00edculo 14 del Decreto Acuerdo N\u00ba 470\/1973 y el Dictamen N\u00ba 34\/92 del Tribunal de Cuentas;<\/p>\n<p style=\"text-align: justify;\">8. Invitaci\u00f3n como m\u00ednimo a cinco (5) proveedores del ramo;<\/p>\n<p style=\"text-align: justify;\">9. Si las invitaciones son formuladas a proveedores sin inscripci\u00f3n en el Registro de Proveedores, ser\u00e1n admitidas las ofertas cuando se den las condiciones establecidas en el art\u00edculo 25 del Reglamento de Contrataciones.<\/p>\n<p style=\"text-align: justify;\">10. Que exista autorizaci\u00f3n de parte del Contador General cuando el proveedor no est\u00e9 inscripto en el Registro de Proveedores de la Provincia;<\/p>\n<p style=\"text-align: justify;\">11. Constancias de las invitaciones cursadas a proveedores, con su correspondiente recepci\u00f3n;<\/p>\n<p style=\"text-align: justify;\">12. Certificados de Libre Deuda Alimentaria;<\/p>\n<p style=\"text-align: justify;\">13. Certificados de Cumplimiento Fiscal;<\/p>\n<p style=\"text-align: justify;\">14. Ofertas dentro del plazo de mantenimiento de la misma, establecido en el pliego de condiciones particulares (art\u00edculo 34 del Reglamento de Contrataciones);<\/p>\n<p style=\"text-align: justify;\">15. Informe de preadjudicaci\u00f3n redactado en forma clara y fundado en el art. 58 del Reglamento de Contrataciones;<\/p>\n<p style=\"text-align: justify;\">16. Preadjudicaci\u00f3n realizada por autoridad competente, de acuerdo al monto (Anexo I Decreto N\u00b0 425\/2013);<\/p>\n<p style=\"text-align: justify;\">17. Preadjudicaci\u00f3n debe ser publicada en tiempo y forma (art N\u00b0 61 del Decreto Acuerdo N\u00b0 470\/73);<\/p>\n<p style=\"text-align: justify;\">18. Las impugnaciones, tanto las presentadas en el momento de la apertura como las posteriores, deber\u00e1n ser resueltas por la autoridad competente, mediante el acto legal que corresponda (resoluci\u00f3n, disposici\u00f3n) y notificadas por medio fehaciente;<\/p>\n<p style=\"text-align: justify;\">19. Intervenci\u00f3n de los Organismos Legales pertinentes.<\/p>\n<p style=\"text-align: justify;\">20. Que tomen conocimiento las autoridades que refrendan el acto;<\/p>\n<p style=\"text-align: justify;\">21. La autoridad que dicte el acto ser\u00e1 responsable por el cumplimiento de la vista ordenada en el art\u00edculo 2\u00ba del Decreto Ley N\u00ba 513\/69.<\/p>\n<p style=\"text-align: justify;\">Cabe aclarar que el Poder Judicial, el Ministerio P\u00fablico y el Poder Legislativo, tienen establecido sus propios montos para los diferentes tramos de las contrataciones mencionadas, como as\u00ed tambi\u00e9n el nivel de autorizaci\u00f3n previa, adjudicaci\u00f3n o aprobaci\u00f3n de la autoridad competente.<\/p>\n<p style=\"text-align: justify;\">Referencias normativas:<\/p>\n<p style=\"text-align: justify;\">1.- Ley N\u00ba 3 de Contabilidad y Organizaci\u00f3n de la Contadur\u00eda General y Tesorer\u00eda General.<\/p>\n<p style=\"text-align: justify;\">2.- Decreto N\u00ba 95\/1954- reglamentario de la Ley N\u00ba 3 de Contabilidad y Organizaci\u00f3n de la Contadur\u00eda General y Tesorer\u00eda General.<\/p>\n<p style=\"text-align: justify;\">3.- Decreto Acuerdo N\u00ba 470\/1973- Reglamento de Contrataciones.<\/p>\n<p style=\"text-align: justify;\">4.- Decreto N\u00ba 425-2013- Estableciendo nuevos montos de contrataci\u00f3n.<\/p>\n<p style=\"text-align: justify;\">5.- Dictamen N\u00ba 34\/1992- TdeC-<\/p>\n<p style=\"text-align: justify;\">6.- Decreto Ley N\u00ba 513\/1969- Ley Org\u00e1nica del Tribunal de Cuentas de la Provincia de La Pampa.<\/p>\n<p style=\"text-align: justify;\">7.-Decreto N\u00ba 58\/2013- autoriza al se\u00f1or Ministro Coordinador de Gabinete a suscribir mediante resoluci\u00f3n funciones ejecutivas.<\/p>\n","protected":false},"excerpt":{"rendered":"<p>Generalidades \u00a0Los procedimientos mediante los cuales el Estado Provincial puede realizar las contrataciones de bienes y servicios, est\u00e1n establecidos en &#8230; <a title=\"Compra de Bienes y\/o Servicios\" class=\"read-more\" href=\"https:\/\/www.tcuentaslp.gob.ar\/?page_id=1399\">Leer m\u00e1s&#8230;<\/a><\/p>\n","protected":false},"author":1,"featured_media":0,"parent":0,"menu_order":0,"comment_status":"closed","ping_status":"closed","template":"","meta":{"generate_page_header":""},"yoast_head":"<!-- This site is optimized with the Yoast SEO plugin v20.12 - https:\/\/yoast.com\/wordpress\/plugins\/seo\/ -->\n<title>Compra de Bienes y\/o Servicios -<\/title>\n<meta name=\"robots\" content=\"index, follow, max-snippet:-1, max-image-preview:large, max-video-preview:-1\" \/>\n<link rel=\"canonical\" href=\"https:\/\/www.tcuentaslp.gob.ar\/?page_id=1399\" \/>\n<meta property=\"og:locale\" content=\"es_ES\" \/>\n<meta property=\"og:type\" content=\"article\" \/>\n<meta property=\"og:title\" content=\"Compra de Bienes y\/o Servicios -\" \/>\n<meta property=\"og:description\" content=\"Generalidades \u00a0Los procedimientos mediante los cuales el Estado Provincial puede realizar las contrataciones de bienes y servicios, est\u00e1n establecidos en ... Leer m\u00e1s...\" \/>\n<meta property=\"og:url\" content=\"https:\/\/www.tcuentaslp.gob.ar\/?page_id=1399\" \/>\n<meta property=\"article:publisher\" content=\"https:\/\/es-la.facebook.com\/TdeCLaPampa\/\" \/>\n<meta property=\"article:modified_time\" content=\"2018-10-09T14:39:46+00:00\" \/>\n<meta name=\"twitter:card\" content=\"summary_large_image\" \/>\n<meta name=\"twitter:label1\" content=\"Tiempo de lectura\" \/>\n\t<meta name=\"twitter:data1\" content=\"8 minutos\" \/>\n<script type=\"application\/ld+json\" class=\"yoast-schema-graph\">{\"@context\":\"https:\/\/schema.org\",\"@graph\":[{\"@type\":\"WebPage\",\"@id\":\"https:\/\/www.tcuentaslp.gob.ar\/?page_id=1399\",\"url\":\"https:\/\/www.tcuentaslp.gob.ar\/?page_id=1399\",\"name\":\"Compra de Bienes y\/o Servicios -\",\"isPartOf\":{\"@id\":\"https:\/\/www.tcuentaslp.gob.ar\/#website\"},\"datePublished\":\"2018-10-09T14:35:46+00:00\",\"dateModified\":\"2018-10-09T14:39:46+00:00\",\"breadcrumb\":{\"@id\":\"https:\/\/www.tcuentaslp.gob.ar\/?page_id=1399#breadcrumb\"},\"inLanguage\":\"es-AR\",\"potentialAction\":[{\"@type\":\"ReadAction\",\"target\":[\"https:\/\/www.tcuentaslp.gob.ar\/?page_id=1399\"]}]},{\"@type\":\"BreadcrumbList\",\"@id\":\"https:\/\/www.tcuentaslp.gob.ar\/?page_id=1399#breadcrumb\",\"itemListElement\":[{\"@type\":\"ListItem\",\"position\":1,\"name\":\"Inicio\",\"item\":\"https:\/\/www.tcuentaslp.gob.ar\/\"},{\"@type\":\"ListItem\",\"position\":2,\"name\":\"Compra de Bienes y\/o Servicios\"}]},{\"@type\":\"WebSite\",\"@id\":\"https:\/\/www.tcuentaslp.gob.ar\/#website\",\"url\":\"https:\/\/www.tcuentaslp.gob.ar\/\",\"name\":\"Tribunal de Cuentas de La Pampa\",\"description\":\"\",\"publisher\":{\"@id\":\"https:\/\/www.tcuentaslp.gob.ar\/#organization\"},\"potentialAction\":[{\"@type\":\"SearchAction\",\"target\":{\"@type\":\"EntryPoint\",\"urlTemplate\":\"https:\/\/www.tcuentaslp.gob.ar\/?s={search_term_string}\"},\"query-input\":\"required name=search_term_string\"}],\"inLanguage\":\"es-AR\"},{\"@type\":\"Organization\",\"@id\":\"https:\/\/www.tcuentaslp.gob.ar\/#organization\",\"name\":\"Tribunal de Cuentas de La Pampa\",\"url\":\"https:\/\/www.tcuentaslp.gob.ar\/\",\"logo\":{\"@type\":\"ImageObject\",\"inLanguage\":\"es-AR\",\"@id\":\"https:\/\/www.tcuentaslp.gob.ar\/#\/schema\/logo\/image\/\",\"url\":\"http:\/\/www.tcuentaslp.gob.ar\/wp-content\/uploads\/2017\/10\/logo_tribunal.png\",\"contentUrl\":\"http:\/\/www.tcuentaslp.gob.ar\/wp-content\/uploads\/2017\/10\/logo_tribunal.png\",\"width\":200,\"height\":204,\"caption\":\"Tribunal de Cuentas de La Pampa\"},\"image\":{\"@id\":\"https:\/\/www.tcuentaslp.gob.ar\/#\/schema\/logo\/image\/\"},\"sameAs\":[\"https:\/\/es-la.facebook.com\/TdeCLaPampa\/\"]}]}<\/script>\n<!-- \/ Yoast SEO plugin. -->","yoast_head_json":{"title":"Compra de Bienes y\/o Servicios -","robots":{"index":"index","follow":"follow","max-snippet":"max-snippet:-1","max-image-preview":"max-image-preview:large","max-video-preview":"max-video-preview:-1"},"canonical":"https:\/\/www.tcuentaslp.gob.ar\/?page_id=1399","og_locale":"es_ES","og_type":"article","og_title":"Compra de Bienes y\/o Servicios -","og_description":"Generalidades \u00a0Los procedimientos mediante los cuales el Estado Provincial puede realizar las contrataciones de bienes y servicios, est\u00e1n establecidos en ... Leer m\u00e1s...","og_url":"https:\/\/www.tcuentaslp.gob.ar\/?page_id=1399","article_publisher":"https:\/\/es-la.facebook.com\/TdeCLaPampa\/","article_modified_time":"2018-10-09T14:39:46+00:00","twitter_card":"summary_large_image","twitter_misc":{"Tiempo de lectura":"8 minutos"},"schema":{"@context":"https:\/\/schema.org","@graph":[{"@type":"WebPage","@id":"https:\/\/www.tcuentaslp.gob.ar\/?page_id=1399","url":"https:\/\/www.tcuentaslp.gob.ar\/?page_id=1399","name":"Compra de Bienes y\/o Servicios -","isPartOf":{"@id":"https:\/\/www.tcuentaslp.gob.ar\/#website"},"datePublished":"2018-10-09T14:35:46+00:00","dateModified":"2018-10-09T14:39:46+00:00","breadcrumb":{"@id":"https:\/\/www.tcuentaslp.gob.ar\/?page_id=1399#breadcrumb"},"inLanguage":"es-AR","potentialAction":[{"@type":"ReadAction","target":["https:\/\/www.tcuentaslp.gob.ar\/?page_id=1399"]}]},{"@type":"BreadcrumbList","@id":"https:\/\/www.tcuentaslp.gob.ar\/?page_id=1399#breadcrumb","itemListElement":[{"@type":"ListItem","position":1,"name":"Inicio","item":"https:\/\/www.tcuentaslp.gob.ar\/"},{"@type":"ListItem","position":2,"name":"Compra de Bienes y\/o Servicios"}]},{"@type":"WebSite","@id":"https:\/\/www.tcuentaslp.gob.ar\/#website","url":"https:\/\/www.tcuentaslp.gob.ar\/","name":"Tribunal de Cuentas de La Pampa","description":"","publisher":{"@id":"https:\/\/www.tcuentaslp.gob.ar\/#organization"},"potentialAction":[{"@type":"SearchAction","target":{"@type":"EntryPoint","urlTemplate":"https:\/\/www.tcuentaslp.gob.ar\/?s={search_term_string}"},"query-input":"required name=search_term_string"}],"inLanguage":"es-AR"},{"@type":"Organization","@id":"https:\/\/www.tcuentaslp.gob.ar\/#organization","name":"Tribunal de Cuentas de La Pampa","url":"https:\/\/www.tcuentaslp.gob.ar\/","logo":{"@type":"ImageObject","inLanguage":"es-AR","@id":"https:\/\/www.tcuentaslp.gob.ar\/#\/schema\/logo\/image\/","url":"http:\/\/www.tcuentaslp.gob.ar\/wp-content\/uploads\/2017\/10\/logo_tribunal.png","contentUrl":"http:\/\/www.tcuentaslp.gob.ar\/wp-content\/uploads\/2017\/10\/logo_tribunal.png","width":200,"height":204,"caption":"Tribunal de Cuentas de La Pampa"},"image":{"@id":"https:\/\/www.tcuentaslp.gob.ar\/#\/schema\/logo\/image\/"},"sameAs":["https:\/\/es-la.facebook.com\/TdeCLaPampa\/"]}]}},"_links":{"self":[{"href":"https:\/\/www.tcuentaslp.gob.ar\/index.php?rest_route=\/wp\/v2\/pages\/1399"}],"collection":[{"href":"https:\/\/www.tcuentaslp.gob.ar\/index.php?rest_route=\/wp\/v2\/pages"}],"about":[{"href":"https:\/\/www.tcuentaslp.gob.ar\/index.php?rest_route=\/wp\/v2\/types\/page"}],"author":[{"embeddable":true,"href":"https:\/\/www.tcuentaslp.gob.ar\/index.php?rest_route=\/wp\/v2\/users\/1"}],"replies":[{"embeddable":true,"href":"https:\/\/www.tcuentaslp.gob.ar\/index.php?rest_route=%2Fwp%2Fv2%2Fcomments&post=1399"}],"version-history":[{"count":1,"href":"https:\/\/www.tcuentaslp.gob.ar\/index.php?rest_route=\/wp\/v2\/pages\/1399\/revisions"}],"predecessor-version":[{"id":1400,"href":"https:\/\/www.tcuentaslp.gob.ar\/index.php?rest_route=\/wp\/v2\/pages\/1399\/revisions\/1400"}],"wp:attachment":[{"href":"https:\/\/www.tcuentaslp.gob.ar\/index.php?rest_route=%2Fwp%2Fv2%2Fmedia&parent=1399"}],"curies":[{"name":"wp","href":"https:\/\/api.w.org\/{rel}","templated":true}]}}