{"id":1414,"date":"2018-10-09T12:22:11","date_gmt":"2018-10-09T15:22:11","guid":{"rendered":"http:\/\/www.tcuentaslp.gob.ar\/?page_id=1414"},"modified":"2018-10-09T12:24:29","modified_gmt":"2018-10-09T15:24:29","slug":"foliatura-de-expedientes","status":"publish","type":"page","link":"https:\/\/www.tcuentaslp.gob.ar\/?page_id=1414","title":{"rendered":"Foliatura de Expedientes"},"content":{"rendered":"<p style=\"text-align: justify;\">Al momento de foliar un expediente se deber\u00e1 tener presente \u00a0lo establecido en: Memor\u00e1ndum N\u00ba <a href=\"http:\/\/digesto.tcuentaslp.gob.ar\/digesto%20tribunal\/Otros%20Organismos\/A.L.G\/Memorandum-ALG-5-1998.html\" target=\"_blank\" rel=\"noopener\">5\/1998 de Asesor\u00eda Letrada de Gobierno<\/a>, art. 19 de <a href=\"http:\/\/digesto.tcuentaslp.gob.ar\/digesto%20tribunal\/Leyes\/NJF%20951.html\" target=\"_blank\" rel=\"noopener\">NJF 951\/79<\/a>, art. 13 y 14 de <a href=\"http:\/\/digesto.tcuentaslp.gob.ar\/digesto%20tribunal\/Decretos\/Decreto%201684-1979.html\" target=\"_blank\" rel=\"noopener\">Decreto Reg. N\u00ba 1684\/79<\/a> y <a href=\"http:\/\/digesto.tcuentaslp.gob.ar\/digesto%20tribunal\/Fallos%20internos\/DICTAMENES%20AL-TdeC\/Dictamen-AL-%2024-2010.html\" target=\"_blank\" rel=\"noopener\">Dictamen N\u00ba 24\/2010 del TdeC<\/a>. Se resume de la siguiente manera:<\/p>\n<p style=\"text-align: justify;\">1- El n\u00famero de folio debe plasmarse sobre el comprobante, en el margen superior derecho.<\/p>\n<p style=\"text-align: justify;\">2- Los expedientes ser\u00e1n compaginados en cuerpos numerados de doscientas cincuenta fojas.<\/p>\n<p style=\"text-align: justify;\">3- Todas las actuaciones deber\u00e1n foliarse por orden correlativo de incorporaci\u00f3n, incluso cuando se integren con m\u00e1s de un cuerpo de expediente. Las copias de notas, informes o disposiciones que se agreguen junto con su original, se foliar\u00e1n tambi\u00e9n por orden correlativo.<\/p>\n<p style=\"text-align: justify;\">4- Caso especial de Foliatura: \u00a0en caso de optar por pegar o abrochar varios tickets o facturas peque\u00f1as a una hoja, (no aplicable a planillas de vi\u00e1ticos) \u00a0deber\u00e1 foliarse solamente la hoja a la que se encuentran adheridos y darle una numeraci\u00f3n a cada comprobante asociada a la hoja principal. En la hoja en blanco se leer\u00e1 la leyenda \u201cSe adjuntan xx cantidad de comprobantes\u201d Firma y sello. (ver ejemplo)<\/p>\n<p style=\"text-align: justify;\">5- Enmiendas en la foliatura: se debe tachar el n\u00famero original, se hace media firma y se coloca la nueva numeraci\u00f3n. En nota al final del expediente se aclara a partir de qu\u00e9 foja se procedi\u00f3 a la refoliatura y debe estar firmada por el Responsable. La mencionada Nota debe ir foliada correlativamente en el expediente. (ver nota modelo)<\/p>\n<p style=\"text-align: justify;\"><a href=\"http:\/\/www.tcuentaslp.gob.ar\/wp-content\/uploads\/2016\/12\/FOLIATURA DE EXPEDIENTES.pdf\" target=\"_blank\" rel=\"noopener\">Foliatura de Expedientes.<\/a><\/p>\n<p style=\"text-align: justify;\">\n","protected":false},"excerpt":{"rendered":"<p>Al momento de foliar un expediente se deber\u00e1 tener presente \u00a0lo establecido en: Memor\u00e1ndum N\u00ba 5\/1998 de Asesor\u00eda Letrada de &#8230; <a title=\"Foliatura de Expedientes\" class=\"read-more\" href=\"https:\/\/www.tcuentaslp.gob.ar\/?page_id=1414\">Leer m\u00e1s&#8230;<\/a><\/p>\n","protected":false},"author":1,"featured_media":0,"parent":0,"menu_order":0,"comment_status":"closed","ping_status":"closed","template":"","meta":{"generate_page_header":""},"yoast_head":"<!-- This site is optimized with the Yoast SEO plugin v20.12 - https:\/\/yoast.com\/wordpress\/plugins\/seo\/ -->\n<title>Foliatura de Expedientes -<\/title>\n<meta name=\"robots\" content=\"index, follow, max-snippet:-1, max-image-preview:large, max-video-preview:-1\" \/>\n<link rel=\"canonical\" href=\"https:\/\/www.tcuentaslp.gob.ar\/?page_id=1414\" \/>\n<meta property=\"og:locale\" content=\"es_ES\" \/>\n<meta property=\"og:type\" content=\"article\" \/>\n<meta property=\"og:title\" content=\"Foliatura de Expedientes -\" \/>\n<meta property=\"og:description\" content=\"Al momento de foliar un expediente se deber\u00e1 tener presente \u00a0lo establecido en: Memor\u00e1ndum N\u00ba 5\/1998 de Asesor\u00eda Letrada de ... Leer m\u00e1s...\" \/>\n<meta property=\"og:url\" content=\"https:\/\/www.tcuentaslp.gob.ar\/?page_id=1414\" \/>\n<meta property=\"article:publisher\" content=\"https:\/\/es-la.facebook.com\/TdeCLaPampa\/\" \/>\n<meta property=\"article:modified_time\" content=\"2018-10-09T15:24:29+00:00\" \/>\n<meta name=\"twitter:card\" content=\"summary_large_image\" \/>\n<meta name=\"twitter:label1\" content=\"Tiempo de lectura\" \/>\n\t<meta name=\"twitter:data1\" content=\"1 minuto\" \/>\n<script type=\"application\/ld+json\" class=\"yoast-schema-graph\">{\"@context\":\"https:\/\/schema.org\",\"@graph\":[{\"@type\":\"WebPage\",\"@id\":\"https:\/\/www.tcuentaslp.gob.ar\/?page_id=1414\",\"url\":\"https:\/\/www.tcuentaslp.gob.ar\/?page_id=1414\",\"name\":\"Foliatura de Expedientes -\",\"isPartOf\":{\"@id\":\"https:\/\/www.tcuentaslp.gob.ar\/#website\"},\"datePublished\":\"2018-10-09T15:22:11+00:00\",\"dateModified\":\"2018-10-09T15:24:29+00:00\",\"breadcrumb\":{\"@id\":\"https:\/\/www.tcuentaslp.gob.ar\/?page_id=1414#breadcrumb\"},\"inLanguage\":\"es-AR\",\"potentialAction\":[{\"@type\":\"ReadAction\",\"target\":[\"https:\/\/www.tcuentaslp.gob.ar\/?page_id=1414\"]}]},{\"@type\":\"BreadcrumbList\",\"@id\":\"https:\/\/www.tcuentaslp.gob.ar\/?page_id=1414#breadcrumb\",\"itemListElement\":[{\"@type\":\"ListItem\",\"position\":1,\"name\":\"Inicio\",\"item\":\"https:\/\/www.tcuentaslp.gob.ar\/\"},{\"@type\":\"ListItem\",\"position\":2,\"name\":\"Foliatura de Expedientes\"}]},{\"@type\":\"WebSite\",\"@id\":\"https:\/\/www.tcuentaslp.gob.ar\/#website\",\"url\":\"https:\/\/www.tcuentaslp.gob.ar\/\",\"name\":\"Tribunal de Cuentas de La Pampa\",\"description\":\"\",\"publisher\":{\"@id\":\"https:\/\/www.tcuentaslp.gob.ar\/#organization\"},\"potentialAction\":[{\"@type\":\"SearchAction\",\"target\":{\"@type\":\"EntryPoint\",\"urlTemplate\":\"https:\/\/www.tcuentaslp.gob.ar\/?s={search_term_string}\"},\"query-input\":\"required name=search_term_string\"}],\"inLanguage\":\"es-AR\"},{\"@type\":\"Organization\",\"@id\":\"https:\/\/www.tcuentaslp.gob.ar\/#organization\",\"name\":\"Tribunal de Cuentas de La Pampa\",\"url\":\"https:\/\/www.tcuentaslp.gob.ar\/\",\"logo\":{\"@type\":\"ImageObject\",\"inLanguage\":\"es-AR\",\"@id\":\"https:\/\/www.tcuentaslp.gob.ar\/#\/schema\/logo\/image\/\",\"url\":\"http:\/\/www.tcuentaslp.gob.ar\/wp-content\/uploads\/2017\/10\/logo_tribunal.png\",\"contentUrl\":\"http:\/\/www.tcuentaslp.gob.ar\/wp-content\/uploads\/2017\/10\/logo_tribunal.png\",\"width\":200,\"height\":204,\"caption\":\"Tribunal de Cuentas de La Pampa\"},\"image\":{\"@id\":\"https:\/\/www.tcuentaslp.gob.ar\/#\/schema\/logo\/image\/\"},\"sameAs\":[\"https:\/\/es-la.facebook.com\/TdeCLaPampa\/\"]}]}<\/script>\n<!-- \/ Yoast SEO plugin. -->","yoast_head_json":{"title":"Foliatura de Expedientes -","robots":{"index":"index","follow":"follow","max-snippet":"max-snippet:-1","max-image-preview":"max-image-preview:large","max-video-preview":"max-video-preview:-1"},"canonical":"https:\/\/www.tcuentaslp.gob.ar\/?page_id=1414","og_locale":"es_ES","og_type":"article","og_title":"Foliatura de Expedientes -","og_description":"Al momento de foliar un expediente se deber\u00e1 tener presente \u00a0lo establecido en: Memor\u00e1ndum N\u00ba 5\/1998 de Asesor\u00eda Letrada de ... Leer m\u00e1s...","og_url":"https:\/\/www.tcuentaslp.gob.ar\/?page_id=1414","article_publisher":"https:\/\/es-la.facebook.com\/TdeCLaPampa\/","article_modified_time":"2018-10-09T15:24:29+00:00","twitter_card":"summary_large_image","twitter_misc":{"Tiempo de lectura":"1 minuto"},"schema":{"@context":"https:\/\/schema.org","@graph":[{"@type":"WebPage","@id":"https:\/\/www.tcuentaslp.gob.ar\/?page_id=1414","url":"https:\/\/www.tcuentaslp.gob.ar\/?page_id=1414","name":"Foliatura de Expedientes -","isPartOf":{"@id":"https:\/\/www.tcuentaslp.gob.ar\/#website"},"datePublished":"2018-10-09T15:22:11+00:00","dateModified":"2018-10-09T15:24:29+00:00","breadcrumb":{"@id":"https:\/\/www.tcuentaslp.gob.ar\/?page_id=1414#breadcrumb"},"inLanguage":"es-AR","potentialAction":[{"@type":"ReadAction","target":["https:\/\/www.tcuentaslp.gob.ar\/?page_id=1414"]}]},{"@type":"BreadcrumbList","@id":"https:\/\/www.tcuentaslp.gob.ar\/?page_id=1414#breadcrumb","itemListElement":[{"@type":"ListItem","position":1,"name":"Inicio","item":"https:\/\/www.tcuentaslp.gob.ar\/"},{"@type":"ListItem","position":2,"name":"Foliatura de Expedientes"}]},{"@type":"WebSite","@id":"https:\/\/www.tcuentaslp.gob.ar\/#website","url":"https:\/\/www.tcuentaslp.gob.ar\/","name":"Tribunal de Cuentas de La Pampa","description":"","publisher":{"@id":"https:\/\/www.tcuentaslp.gob.ar\/#organization"},"potentialAction":[{"@type":"SearchAction","target":{"@type":"EntryPoint","urlTemplate":"https:\/\/www.tcuentaslp.gob.ar\/?s={search_term_string}"},"query-input":"required name=search_term_string"}],"inLanguage":"es-AR"},{"@type":"Organization","@id":"https:\/\/www.tcuentaslp.gob.ar\/#organization","name":"Tribunal de Cuentas de La Pampa","url":"https:\/\/www.tcuentaslp.gob.ar\/","logo":{"@type":"ImageObject","inLanguage":"es-AR","@id":"https:\/\/www.tcuentaslp.gob.ar\/#\/schema\/logo\/image\/","url":"http:\/\/www.tcuentaslp.gob.ar\/wp-content\/uploads\/2017\/10\/logo_tribunal.png","contentUrl":"http:\/\/www.tcuentaslp.gob.ar\/wp-content\/uploads\/2017\/10\/logo_tribunal.png","width":200,"height":204,"caption":"Tribunal de Cuentas de La Pampa"},"image":{"@id":"https:\/\/www.tcuentaslp.gob.ar\/#\/schema\/logo\/image\/"},"sameAs":["https:\/\/es-la.facebook.com\/TdeCLaPampa\/"]}]}},"_links":{"self":[{"href":"https:\/\/www.tcuentaslp.gob.ar\/index.php?rest_route=\/wp\/v2\/pages\/1414"}],"collection":[{"href":"https:\/\/www.tcuentaslp.gob.ar\/index.php?rest_route=\/wp\/v2\/pages"}],"about":[{"href":"https:\/\/www.tcuentaslp.gob.ar\/index.php?rest_route=\/wp\/v2\/types\/page"}],"author":[{"embeddable":true,"href":"https:\/\/www.tcuentaslp.gob.ar\/index.php?rest_route=\/wp\/v2\/users\/1"}],"replies":[{"embeddable":true,"href":"https:\/\/www.tcuentaslp.gob.ar\/index.php?rest_route=%2Fwp%2Fv2%2Fcomments&post=1414"}],"version-history":[{"count":2,"href":"https:\/\/www.tcuentaslp.gob.ar\/index.php?rest_route=\/wp\/v2\/pages\/1414\/revisions"}],"predecessor-version":[{"id":1416,"href":"https:\/\/www.tcuentaslp.gob.ar\/index.php?rest_route=\/wp\/v2\/pages\/1414\/revisions\/1416"}],"wp:attachment":[{"href":"https:\/\/www.tcuentaslp.gob.ar\/index.php?rest_route=%2Fwp%2Fv2%2Fmedia&parent=1414"}],"curies":[{"name":"wp","href":"https:\/\/api.w.org\/{rel}","templated":true}]}}