{"id":1425,"date":"2018-10-09T12:41:01","date_gmt":"2018-10-09T15:41:01","guid":{"rendered":"http:\/\/www.tcuentaslp.gob.ar\/?page_id=1425"},"modified":"2018-10-09T12:41:01","modified_gmt":"2018-10-09T15:41:01","slug":"contenido-de-la-rendicion-mensual-para-los-establecimientos-que-tienen-rendicion-diaria-segun-resolucion-no-103-79-y-modificatorias","status":"publish","type":"page","link":"https:\/\/www.tcuentaslp.gob.ar\/?page_id=1425","title":{"rendered":"Contenido de la Rendici\u00f3n Mensual para los Establecimientos que tienen rendici\u00f3n diaria \u2013 seg\u00fan Resoluci\u00f3n N\u00ba 103\/79 y modificatorias"},"content":{"rendered":"<ul>\n<li style=\"text-align: justify;\">Balance de Cargos y Descargos:\u00a0 presentado mediante Formulario-Anexo A.<\/li>\n<li style=\"text-align: justify;\">Informes Diarios de Cargos y Descargos: los originales de estos formularios-Anexo B conformados por el Tribunal de Cuentas, ordenados por fecha.<\/li>\n<li style=\"text-align: justify;\">Informe Complementario de Cargos y Descargo: si hubiesen observaciones formuladas por el Tribunal de Cuentas se cumplimentar\u00e1 esta informaci\u00f3n en el Formulario- Anexo C agreg\u00e1ndose al cuerpo de rendici\u00f3n el original (el duplicado ser\u00e1 utilizado como recibo de las actuaciones adjuntas).<\/li>\n<li style=\"text-align: justify;\">Conciliaci\u00f3n Bancaria: La misma se presentar\u00e1 conforme al Formulario-Anexo D.<\/li>\n<li style=\"text-align: justify;\">Res\u00famenes Bancarios y copia de Libro Banco.<\/li>\n<li style=\"text-align: justify;\">Formulario- Anexo E en el cual se consignar\u00e1n los cheques emitidos y no entregados.<\/li>\n<li style=\"text-align: justify;\">Formulario- Anexo F en el cual se consignar\u00e1n los anticipos pagados pendientes de rendici\u00f3n deduci\u00e9ndose de cada uno de ellos los dep\u00f3sitos o devoluciones contabilizados.<\/li>\n<li style=\"text-align: justify;\">Formulario &#8211; Anexo G para cumplimentar este Anexo se tomar\u00e1n los importes informados en el &#8220;Res\u00famen de Inversi\u00f3n por Partida Principal&#8221; contenido en los Anexos B y C que se adjunten a la Rendici\u00f3n. Del Anexo B, se tomar\u00e1n los importes &#8220;Rendido&#8221; de cada partida deduci\u00e9ndose, cuando corresponda, los importes &#8220;Observado&#8221;.<\/li>\n<\/ul>\n","protected":false},"excerpt":{"rendered":"<p>Balance de Cargos y Descargos:\u00a0 presentado mediante Formulario-Anexo A. Informes Diarios de Cargos y Descargos: los originales de estos formularios-Anexo &#8230; <a title=\"Contenido de la Rendici\u00f3n Mensual para los Establecimientos que tienen rendici\u00f3n diaria \u2013 seg\u00fan Resoluci\u00f3n N\u00ba 103\/79 y modificatorias\" class=\"read-more\" href=\"https:\/\/www.tcuentaslp.gob.ar\/?page_id=1425\">Leer m\u00e1s&#8230;<\/a><\/p>\n","protected":false},"author":1,"featured_media":0,"parent":0,"menu_order":0,"comment_status":"closed","ping_status":"closed","template":"","meta":{"generate_page_header":""},"yoast_head":"<!-- This site is optimized with the Yoast SEO plugin v20.12 - https:\/\/yoast.com\/wordpress\/plugins\/seo\/ -->\n<title>Contenido de la Rendici\u00f3n Mensual para los Establecimientos que tienen rendici\u00f3n diaria \u2013 seg\u00fan Resoluci\u00f3n N\u00ba 103\/79 y modificatorias -<\/title>\n<meta name=\"robots\" content=\"index, follow, max-snippet:-1, max-image-preview:large, max-video-preview:-1\" \/>\n<link rel=\"canonical\" href=\"https:\/\/www.tcuentaslp.gob.ar\/?page_id=1425\" \/>\n<meta property=\"og:locale\" content=\"es_ES\" \/>\n<meta property=\"og:type\" content=\"article\" \/>\n<meta property=\"og:title\" content=\"Contenido de la Rendici\u00f3n Mensual para los Establecimientos que tienen rendici\u00f3n diaria \u2013 seg\u00fan Resoluci\u00f3n N\u00ba 103\/79 y modificatorias -\" \/>\n<meta property=\"og:description\" content=\"Balance de Cargos y Descargos:\u00a0 presentado mediante Formulario-Anexo A. Informes Diarios de Cargos y Descargos: los originales de estos formularios-Anexo ... Leer m\u00e1s...\" \/>\n<meta property=\"og:url\" content=\"https:\/\/www.tcuentaslp.gob.ar\/?page_id=1425\" \/>\n<meta property=\"article:publisher\" content=\"https:\/\/es-la.facebook.com\/TdeCLaPampa\/\" \/>\n<meta name=\"twitter:card\" content=\"summary_large_image\" \/>\n<meta name=\"twitter:label1\" content=\"Tiempo de lectura\" \/>\n\t<meta name=\"twitter:data1\" content=\"1 minuto\" \/>\n<script type=\"application\/ld+json\" class=\"yoast-schema-graph\">{\"@context\":\"https:\/\/schema.org\",\"@graph\":[{\"@type\":\"WebPage\",\"@id\":\"https:\/\/www.tcuentaslp.gob.ar\/?page_id=1425\",\"url\":\"https:\/\/www.tcuentaslp.gob.ar\/?page_id=1425\",\"name\":\"Contenido de la Rendici\u00f3n Mensual para los Establecimientos que tienen rendici\u00f3n diaria \u2013 seg\u00fan Resoluci\u00f3n N\u00ba 103\/79 y modificatorias -\",\"isPartOf\":{\"@id\":\"https:\/\/www.tcuentaslp.gob.ar\/#website\"},\"datePublished\":\"2018-10-09T15:41:01+00:00\",\"dateModified\":\"2018-10-09T15:41:01+00:00\",\"breadcrumb\":{\"@id\":\"https:\/\/www.tcuentaslp.gob.ar\/?page_id=1425#breadcrumb\"},\"inLanguage\":\"es-AR\",\"potentialAction\":[{\"@type\":\"ReadAction\",\"target\":[\"https:\/\/www.tcuentaslp.gob.ar\/?page_id=1425\"]}]},{\"@type\":\"BreadcrumbList\",\"@id\":\"https:\/\/www.tcuentaslp.gob.ar\/?page_id=1425#breadcrumb\",\"itemListElement\":[{\"@type\":\"ListItem\",\"position\":1,\"name\":\"Inicio\",\"item\":\"https:\/\/www.tcuentaslp.gob.ar\/\"},{\"@type\":\"ListItem\",\"position\":2,\"name\":\"Contenido de la Rendici\u00f3n Mensual para los Establecimientos que tienen rendici\u00f3n diaria \u2013 seg\u00fan Resoluci\u00f3n N\u00ba 103\/79 y modificatorias\"}]},{\"@type\":\"WebSite\",\"@id\":\"https:\/\/www.tcuentaslp.gob.ar\/#website\",\"url\":\"https:\/\/www.tcuentaslp.gob.ar\/\",\"name\":\"Tribunal de Cuentas de La Pampa\",\"description\":\"\",\"publisher\":{\"@id\":\"https:\/\/www.tcuentaslp.gob.ar\/#organization\"},\"potentialAction\":[{\"@type\":\"SearchAction\",\"target\":{\"@type\":\"EntryPoint\",\"urlTemplate\":\"https:\/\/www.tcuentaslp.gob.ar\/?s={search_term_string}\"},\"query-input\":\"required name=search_term_string\"}],\"inLanguage\":\"es-AR\"},{\"@type\":\"Organization\",\"@id\":\"https:\/\/www.tcuentaslp.gob.ar\/#organization\",\"name\":\"Tribunal de Cuentas de La Pampa\",\"url\":\"https:\/\/www.tcuentaslp.gob.ar\/\",\"logo\":{\"@type\":\"ImageObject\",\"inLanguage\":\"es-AR\",\"@id\":\"https:\/\/www.tcuentaslp.gob.ar\/#\/schema\/logo\/image\/\",\"url\":\"http:\/\/www.tcuentaslp.gob.ar\/wp-content\/uploads\/2017\/10\/logo_tribunal.png\",\"contentUrl\":\"http:\/\/www.tcuentaslp.gob.ar\/wp-content\/uploads\/2017\/10\/logo_tribunal.png\",\"width\":200,\"height\":204,\"caption\":\"Tribunal de Cuentas de La Pampa\"},\"image\":{\"@id\":\"https:\/\/www.tcuentaslp.gob.ar\/#\/schema\/logo\/image\/\"},\"sameAs\":[\"https:\/\/es-la.facebook.com\/TdeCLaPampa\/\"]}]}<\/script>\n<!-- \/ Yoast SEO plugin. -->","yoast_head_json":{"title":"Contenido de la Rendici\u00f3n Mensual para los Establecimientos que tienen rendici\u00f3n diaria \u2013 seg\u00fan Resoluci\u00f3n N\u00ba 103\/79 y modificatorias -","robots":{"index":"index","follow":"follow","max-snippet":"max-snippet:-1","max-image-preview":"max-image-preview:large","max-video-preview":"max-video-preview:-1"},"canonical":"https:\/\/www.tcuentaslp.gob.ar\/?page_id=1425","og_locale":"es_ES","og_type":"article","og_title":"Contenido de la Rendici\u00f3n Mensual para los Establecimientos que tienen rendici\u00f3n diaria \u2013 seg\u00fan Resoluci\u00f3n N\u00ba 103\/79 y modificatorias -","og_description":"Balance de Cargos y Descargos:\u00a0 presentado mediante Formulario-Anexo A. Informes Diarios de Cargos y Descargos: los originales de estos formularios-Anexo ... Leer m\u00e1s...","og_url":"https:\/\/www.tcuentaslp.gob.ar\/?page_id=1425","article_publisher":"https:\/\/es-la.facebook.com\/TdeCLaPampa\/","twitter_card":"summary_large_image","twitter_misc":{"Tiempo de lectura":"1 minuto"},"schema":{"@context":"https:\/\/schema.org","@graph":[{"@type":"WebPage","@id":"https:\/\/www.tcuentaslp.gob.ar\/?page_id=1425","url":"https:\/\/www.tcuentaslp.gob.ar\/?page_id=1425","name":"Contenido de la Rendici\u00f3n Mensual para los Establecimientos que tienen rendici\u00f3n diaria \u2013 seg\u00fan Resoluci\u00f3n N\u00ba 103\/79 y modificatorias -","isPartOf":{"@id":"https:\/\/www.tcuentaslp.gob.ar\/#website"},"datePublished":"2018-10-09T15:41:01+00:00","dateModified":"2018-10-09T15:41:01+00:00","breadcrumb":{"@id":"https:\/\/www.tcuentaslp.gob.ar\/?page_id=1425#breadcrumb"},"inLanguage":"es-AR","potentialAction":[{"@type":"ReadAction","target":["https:\/\/www.tcuentaslp.gob.ar\/?page_id=1425"]}]},{"@type":"BreadcrumbList","@id":"https:\/\/www.tcuentaslp.gob.ar\/?page_id=1425#breadcrumb","itemListElement":[{"@type":"ListItem","position":1,"name":"Inicio","item":"https:\/\/www.tcuentaslp.gob.ar\/"},{"@type":"ListItem","position":2,"name":"Contenido de la Rendici\u00f3n Mensual para los Establecimientos que tienen rendici\u00f3n diaria \u2013 seg\u00fan Resoluci\u00f3n N\u00ba 103\/79 y modificatorias"}]},{"@type":"WebSite","@id":"https:\/\/www.tcuentaslp.gob.ar\/#website","url":"https:\/\/www.tcuentaslp.gob.ar\/","name":"Tribunal de Cuentas de La Pampa","description":"","publisher":{"@id":"https:\/\/www.tcuentaslp.gob.ar\/#organization"},"potentialAction":[{"@type":"SearchAction","target":{"@type":"EntryPoint","urlTemplate":"https:\/\/www.tcuentaslp.gob.ar\/?s={search_term_string}"},"query-input":"required name=search_term_string"}],"inLanguage":"es-AR"},{"@type":"Organization","@id":"https:\/\/www.tcuentaslp.gob.ar\/#organization","name":"Tribunal de Cuentas de La Pampa","url":"https:\/\/www.tcuentaslp.gob.ar\/","logo":{"@type":"ImageObject","inLanguage":"es-AR","@id":"https:\/\/www.tcuentaslp.gob.ar\/#\/schema\/logo\/image\/","url":"http:\/\/www.tcuentaslp.gob.ar\/wp-content\/uploads\/2017\/10\/logo_tribunal.png","contentUrl":"http:\/\/www.tcuentaslp.gob.ar\/wp-content\/uploads\/2017\/10\/logo_tribunal.png","width":200,"height":204,"caption":"Tribunal de Cuentas de La Pampa"},"image":{"@id":"https:\/\/www.tcuentaslp.gob.ar\/#\/schema\/logo\/image\/"},"sameAs":["https:\/\/es-la.facebook.com\/TdeCLaPampa\/"]}]}},"_links":{"self":[{"href":"https:\/\/www.tcuentaslp.gob.ar\/index.php?rest_route=\/wp\/v2\/pages\/1425"}],"collection":[{"href":"https:\/\/www.tcuentaslp.gob.ar\/index.php?rest_route=\/wp\/v2\/pages"}],"about":[{"href":"https:\/\/www.tcuentaslp.gob.ar\/index.php?rest_route=\/wp\/v2\/types\/page"}],"author":[{"embeddable":true,"href":"https:\/\/www.tcuentaslp.gob.ar\/index.php?rest_route=\/wp\/v2\/users\/1"}],"replies":[{"embeddable":true,"href":"https:\/\/www.tcuentaslp.gob.ar\/index.php?rest_route=%2Fwp%2Fv2%2Fcomments&post=1425"}],"version-history":[{"count":1,"href":"https:\/\/www.tcuentaslp.gob.ar\/index.php?rest_route=\/wp\/v2\/pages\/1425\/revisions"}],"predecessor-version":[{"id":1426,"href":"https:\/\/www.tcuentaslp.gob.ar\/index.php?rest_route=\/wp\/v2\/pages\/1425\/revisions\/1426"}],"wp:attachment":[{"href":"https:\/\/www.tcuentaslp.gob.ar\/index.php?rest_route=%2Fwp%2Fv2%2Fmedia&parent=1425"}],"curies":[{"name":"wp","href":"https:\/\/api.w.org\/{rel}","templated":true}]}}