{"id":1428,"date":"2018-10-09T12:44:17","date_gmt":"2018-10-09T15:44:17","guid":{"rendered":"http:\/\/www.tcuentaslp.gob.ar\/?page_id=1428"},"modified":"2018-10-09T12:44:47","modified_gmt":"2018-10-09T15:44:47","slug":"contenido-de-la-rendicion-diaria-para-los-establecimientos-que-rinden-diariamente-segun-resolucion-no-103-79-y-modificatorias","status":"publish","type":"page","link":"https:\/\/www.tcuentaslp.gob.ar\/?page_id=1428","title":{"rendered":"Contenido de la Rendici\u00f3n Diaria para los Establecimientos que rinden diariamente &#8211; seg\u00fan Resoluci\u00f3n N\u00ba 103\/79 y modificatorias"},"content":{"rendered":"<ul>\n<li style=\"text-align: justify;\">Formulario- Anexo B \u201cInforme Diario de Cargos y Descargos\u201d: se presentar\u00e1 uno por cada d\u00eda h\u00e1bil. Al mismo deber\u00e1n agregarse todas las actuaciones administrativas con todos los comprobantes y documentaci\u00f3n necesaria que respalden las erogaciones realizadas por los Responsables. En caso de no tener descargos, cargos o devoluciones a formular, deber\u00e1 asimismo presentarse el formulario, consignando la expresi\u00f3n SIN MOVIMIENTO.<\/li>\n<\/ul>\n<ul>\n<li style=\"text-align: justify;\">Formulario- Anexo H: en el mismo se informan todos los <strong>cheques emitidos &#8211; entregados o no a sus beneficiarios &#8211;<\/strong> y las <strong>transferencias de fondos<\/strong> que por motivos debidamente justificados no pudieran ser descargados con car\u00e1cter de invertido en el Anexo B.<\/li>\n<\/ul>\n","protected":false},"excerpt":{"rendered":"<p>Formulario- Anexo B \u201cInforme Diario de Cargos y Descargos\u201d: se presentar\u00e1 uno por cada d\u00eda h\u00e1bil. Al mismo deber\u00e1n agregarse &#8230; <a title=\"Contenido de la Rendici\u00f3n Diaria para los Establecimientos que rinden diariamente &#8211; seg\u00fan Resoluci\u00f3n N\u00ba 103\/79 y modificatorias\" class=\"read-more\" href=\"https:\/\/www.tcuentaslp.gob.ar\/?page_id=1428\">Leer m\u00e1s&#8230;<\/a><\/p>\n","protected":false},"author":1,"featured_media":0,"parent":0,"menu_order":0,"comment_status":"closed","ping_status":"closed","template":"","meta":{"generate_page_header":""},"yoast_head":"<!-- This site is optimized with the Yoast SEO plugin v20.12 - https:\/\/yoast.com\/wordpress\/plugins\/seo\/ -->\n<title>Contenido de la Rendici\u00f3n Diaria para los Establecimientos que rinden diariamente - seg\u00fan Resoluci\u00f3n N\u00ba 103\/79 y modificatorias -<\/title>\n<meta name=\"robots\" content=\"index, follow, max-snippet:-1, max-image-preview:large, max-video-preview:-1\" \/>\n<link rel=\"canonical\" href=\"https:\/\/www.tcuentaslp.gob.ar\/?page_id=1428\" \/>\n<meta property=\"og:locale\" content=\"es_ES\" \/>\n<meta property=\"og:type\" content=\"article\" \/>\n<meta property=\"og:title\" content=\"Contenido de la Rendici\u00f3n Diaria para los Establecimientos que rinden diariamente - seg\u00fan Resoluci\u00f3n N\u00ba 103\/79 y modificatorias -\" \/>\n<meta property=\"og:description\" content=\"Formulario- Anexo B \u201cInforme Diario de Cargos y Descargos\u201d: se presentar\u00e1 uno por cada d\u00eda h\u00e1bil. Al mismo deber\u00e1n agregarse ... Leer m\u00e1s...\" \/>\n<meta property=\"og:url\" content=\"https:\/\/www.tcuentaslp.gob.ar\/?page_id=1428\" \/>\n<meta property=\"article:publisher\" content=\"https:\/\/es-la.facebook.com\/TdeCLaPampa\/\" \/>\n<meta property=\"article:modified_time\" content=\"2018-10-09T15:44:47+00:00\" \/>\n<meta name=\"twitter:card\" content=\"summary_large_image\" \/>\n<meta name=\"twitter:label1\" content=\"Tiempo de lectura\" \/>\n\t<meta name=\"twitter:data1\" content=\"1 minuto\" \/>\n<script type=\"application\/ld+json\" class=\"yoast-schema-graph\">{\"@context\":\"https:\/\/schema.org\",\"@graph\":[{\"@type\":\"WebPage\",\"@id\":\"https:\/\/www.tcuentaslp.gob.ar\/?page_id=1428\",\"url\":\"https:\/\/www.tcuentaslp.gob.ar\/?page_id=1428\",\"name\":\"Contenido de la Rendici\u00f3n Diaria para los Establecimientos que rinden diariamente - seg\u00fan Resoluci\u00f3n N\u00ba 103\/79 y modificatorias -\",\"isPartOf\":{\"@id\":\"https:\/\/www.tcuentaslp.gob.ar\/#website\"},\"datePublished\":\"2018-10-09T15:44:17+00:00\",\"dateModified\":\"2018-10-09T15:44:47+00:00\",\"breadcrumb\":{\"@id\":\"https:\/\/www.tcuentaslp.gob.ar\/?page_id=1428#breadcrumb\"},\"inLanguage\":\"es-AR\",\"potentialAction\":[{\"@type\":\"ReadAction\",\"target\":[\"https:\/\/www.tcuentaslp.gob.ar\/?page_id=1428\"]}]},{\"@type\":\"BreadcrumbList\",\"@id\":\"https:\/\/www.tcuentaslp.gob.ar\/?page_id=1428#breadcrumb\",\"itemListElement\":[{\"@type\":\"ListItem\",\"position\":1,\"name\":\"Inicio\",\"item\":\"https:\/\/www.tcuentaslp.gob.ar\/\"},{\"@type\":\"ListItem\",\"position\":2,\"name\":\"Contenido de la Rendici\u00f3n Diaria para los Establecimientos que rinden diariamente &#8211; seg\u00fan Resoluci\u00f3n N\u00ba 103\/79 y modificatorias\"}]},{\"@type\":\"WebSite\",\"@id\":\"https:\/\/www.tcuentaslp.gob.ar\/#website\",\"url\":\"https:\/\/www.tcuentaslp.gob.ar\/\",\"name\":\"Tribunal de Cuentas de La Pampa\",\"description\":\"\",\"publisher\":{\"@id\":\"https:\/\/www.tcuentaslp.gob.ar\/#organization\"},\"potentialAction\":[{\"@type\":\"SearchAction\",\"target\":{\"@type\":\"EntryPoint\",\"urlTemplate\":\"https:\/\/www.tcuentaslp.gob.ar\/?s={search_term_string}\"},\"query-input\":\"required name=search_term_string\"}],\"inLanguage\":\"es-AR\"},{\"@type\":\"Organization\",\"@id\":\"https:\/\/www.tcuentaslp.gob.ar\/#organization\",\"name\":\"Tribunal de Cuentas de La Pampa\",\"url\":\"https:\/\/www.tcuentaslp.gob.ar\/\",\"logo\":{\"@type\":\"ImageObject\",\"inLanguage\":\"es-AR\",\"@id\":\"https:\/\/www.tcuentaslp.gob.ar\/#\/schema\/logo\/image\/\",\"url\":\"http:\/\/www.tcuentaslp.gob.ar\/wp-content\/uploads\/2017\/10\/logo_tribunal.png\",\"contentUrl\":\"http:\/\/www.tcuentaslp.gob.ar\/wp-content\/uploads\/2017\/10\/logo_tribunal.png\",\"width\":200,\"height\":204,\"caption\":\"Tribunal de Cuentas de La Pampa\"},\"image\":{\"@id\":\"https:\/\/www.tcuentaslp.gob.ar\/#\/schema\/logo\/image\/\"},\"sameAs\":[\"https:\/\/es-la.facebook.com\/TdeCLaPampa\/\"]}]}<\/script>\n<!-- \/ Yoast SEO plugin. -->","yoast_head_json":{"title":"Contenido de la Rendici\u00f3n Diaria para los Establecimientos que rinden diariamente - seg\u00fan Resoluci\u00f3n N\u00ba 103\/79 y modificatorias -","robots":{"index":"index","follow":"follow","max-snippet":"max-snippet:-1","max-image-preview":"max-image-preview:large","max-video-preview":"max-video-preview:-1"},"canonical":"https:\/\/www.tcuentaslp.gob.ar\/?page_id=1428","og_locale":"es_ES","og_type":"article","og_title":"Contenido de la Rendici\u00f3n Diaria para los Establecimientos que rinden diariamente - seg\u00fan Resoluci\u00f3n N\u00ba 103\/79 y modificatorias -","og_description":"Formulario- Anexo B \u201cInforme Diario de Cargos y Descargos\u201d: se presentar\u00e1 uno por cada d\u00eda h\u00e1bil. Al mismo deber\u00e1n agregarse ... Leer m\u00e1s...","og_url":"https:\/\/www.tcuentaslp.gob.ar\/?page_id=1428","article_publisher":"https:\/\/es-la.facebook.com\/TdeCLaPampa\/","article_modified_time":"2018-10-09T15:44:47+00:00","twitter_card":"summary_large_image","twitter_misc":{"Tiempo de lectura":"1 minuto"},"schema":{"@context":"https:\/\/schema.org","@graph":[{"@type":"WebPage","@id":"https:\/\/www.tcuentaslp.gob.ar\/?page_id=1428","url":"https:\/\/www.tcuentaslp.gob.ar\/?page_id=1428","name":"Contenido de la Rendici\u00f3n Diaria para los Establecimientos que rinden diariamente - seg\u00fan Resoluci\u00f3n N\u00ba 103\/79 y modificatorias -","isPartOf":{"@id":"https:\/\/www.tcuentaslp.gob.ar\/#website"},"datePublished":"2018-10-09T15:44:17+00:00","dateModified":"2018-10-09T15:44:47+00:00","breadcrumb":{"@id":"https:\/\/www.tcuentaslp.gob.ar\/?page_id=1428#breadcrumb"},"inLanguage":"es-AR","potentialAction":[{"@type":"ReadAction","target":["https:\/\/www.tcuentaslp.gob.ar\/?page_id=1428"]}]},{"@type":"BreadcrumbList","@id":"https:\/\/www.tcuentaslp.gob.ar\/?page_id=1428#breadcrumb","itemListElement":[{"@type":"ListItem","position":1,"name":"Inicio","item":"https:\/\/www.tcuentaslp.gob.ar\/"},{"@type":"ListItem","position":2,"name":"Contenido de la Rendici\u00f3n Diaria para los Establecimientos que rinden diariamente &#8211; seg\u00fan Resoluci\u00f3n N\u00ba 103\/79 y modificatorias"}]},{"@type":"WebSite","@id":"https:\/\/www.tcuentaslp.gob.ar\/#website","url":"https:\/\/www.tcuentaslp.gob.ar\/","name":"Tribunal de Cuentas de La Pampa","description":"","publisher":{"@id":"https:\/\/www.tcuentaslp.gob.ar\/#organization"},"potentialAction":[{"@type":"SearchAction","target":{"@type":"EntryPoint","urlTemplate":"https:\/\/www.tcuentaslp.gob.ar\/?s={search_term_string}"},"query-input":"required name=search_term_string"}],"inLanguage":"es-AR"},{"@type":"Organization","@id":"https:\/\/www.tcuentaslp.gob.ar\/#organization","name":"Tribunal de Cuentas de La Pampa","url":"https:\/\/www.tcuentaslp.gob.ar\/","logo":{"@type":"ImageObject","inLanguage":"es-AR","@id":"https:\/\/www.tcuentaslp.gob.ar\/#\/schema\/logo\/image\/","url":"http:\/\/www.tcuentaslp.gob.ar\/wp-content\/uploads\/2017\/10\/logo_tribunal.png","contentUrl":"http:\/\/www.tcuentaslp.gob.ar\/wp-content\/uploads\/2017\/10\/logo_tribunal.png","width":200,"height":204,"caption":"Tribunal de Cuentas de La Pampa"},"image":{"@id":"https:\/\/www.tcuentaslp.gob.ar\/#\/schema\/logo\/image\/"},"sameAs":["https:\/\/es-la.facebook.com\/TdeCLaPampa\/"]}]}},"_links":{"self":[{"href":"https:\/\/www.tcuentaslp.gob.ar\/index.php?rest_route=\/wp\/v2\/pages\/1428"}],"collection":[{"href":"https:\/\/www.tcuentaslp.gob.ar\/index.php?rest_route=\/wp\/v2\/pages"}],"about":[{"href":"https:\/\/www.tcuentaslp.gob.ar\/index.php?rest_route=\/wp\/v2\/types\/page"}],"author":[{"embeddable":true,"href":"https:\/\/www.tcuentaslp.gob.ar\/index.php?rest_route=\/wp\/v2\/users\/1"}],"replies":[{"embeddable":true,"href":"https:\/\/www.tcuentaslp.gob.ar\/index.php?rest_route=%2Fwp%2Fv2%2Fcomments&post=1428"}],"version-history":[{"count":1,"href":"https:\/\/www.tcuentaslp.gob.ar\/index.php?rest_route=\/wp\/v2\/pages\/1428\/revisions"}],"predecessor-version":[{"id":1429,"href":"https:\/\/www.tcuentaslp.gob.ar\/index.php?rest_route=\/wp\/v2\/pages\/1428\/revisions\/1429"}],"wp:attachment":[{"href":"https:\/\/www.tcuentaslp.gob.ar\/index.php?rest_route=%2Fwp%2Fv2%2Fmedia&parent=1428"}],"curies":[{"name":"wp","href":"https:\/\/api.w.org\/{rel}","templated":true}]}}