{"id":1457,"date":"2018-10-10T10:46:40","date_gmt":"2018-10-10T13:46:40","guid":{"rendered":"http:\/\/www.tcuentaslp.gob.ar\/?page_id=1457"},"modified":"2021-09-27T10:34:25","modified_gmt":"2021-09-27T13:34:25","slug":"ingreso-de-personal-no-permanente-ley-no-643","status":"publish","type":"page","link":"https:\/\/www.tcuentaslp.gob.ar\/?page_id=1457","title":{"rendered":"Ingreso de Personal no Permanente \u2013 Ley N\u00ba 643"},"content":{"rendered":"<table border=\"0\" width=\"432\" cellspacing=\"0\" cellpadding=\"4\"><colgroup> <col width=\"402\" \/> <\/colgroup>\n<tbody>\n<tr>\n<td valign=\"TOP\" width=\"402\"><em><strong><a href=\"https:\/\/www.tcuentaslp.gob.ar\/?page_id=1461\">Legislaci\u00f3n Aplicable: Ley N\u00ba 643. Art\u00edculos relacionados<\/a><\/strong><\/em><\/td>\n<\/tr>\n<tr>\n<td style=\"text-align: justify;\" valign=\"TOP\" width=\"402\"><span style=\"font-family: Times New Roman;\"><span style=\"font-size: small;\">A los efectos de realizar el control de legalidad establecido por el art\u00edculo 2\u00ba del Decreto Ley N\u00ba 513\/69, en las actuaciones administrativas donde se tramite el ingreso de personal contratado en el \u00e1mbito de la Ley N\u00ba 643, se deber\u00e1 tener en cuenta que los expedientes deben cumplimentar (como requisitos m\u00ednimos) lo siguiente:<\/span><\/span><\/td>\n<\/tr>\n<tr>\n<td style=\"padding-left: 30px; text-align: justify;\" valign=\"TOP\" width=\"402\"><em><strong><a href=\"https:\/\/www.tcuentaslp.gob.ar\/?page_id=1474\">Requisitos generales para todas las Ramas<\/a><\/strong><\/em><\/td>\n<\/tr>\n<tr>\n<td style=\"padding-left: 30px; text-align: justify;\" valign=\"TOP\" width=\"402\"><em><strong><a href=\"https:\/\/www.tcuentaslp.gob.ar\/?page_id=1477\">Requisitos especiales para la Rama Servicios Generales<\/a><\/strong><\/em><\/td>\n<\/tr>\n<tr>\n<td style=\"padding-left: 30px; text-align: justify;\" valign=\"TOP\" width=\"402\"><em><strong>Requisitos especiales para la Rama Mantenimiento y Producci\u00f3n<\/strong><\/em><\/td>\n<\/tr>\n<tr>\n<td style=\"padding-left: 30px;\" valign=\"TOP\" width=\"402\"><em><strong><a href=\"https:\/\/www.tcuentaslp.gob.ar\/?page_id=1484\">Requisitos especiales para la Rama Administrativa<\/a><\/strong><\/em><\/td>\n<\/tr>\n<tr>\n<td style=\"padding-left: 30px;\" valign=\"TOP\" width=\"402\" height=\"15\"><em><strong><a href=\"https:\/\/www.tcuentaslp.gob.ar\/?page_id=1487\">Requisitos especiales para menores de 18 a\u00f1os<\/a> <\/strong><\/em><\/td>\n<\/tr>\n<\/tbody>\n<\/table>\n\n\n<p><\/p>\n","protected":false},"excerpt":{"rendered":"<p>Legislaci\u00f3n Aplicable: Ley N\u00ba 643. Art\u00edculos relacionados A los efectos de realizar el control de legalidad establecido por el art\u00edculo &#8230; <a title=\"Ingreso de Personal no Permanente \u2013 Ley N\u00ba 643\" class=\"read-more\" href=\"https:\/\/www.tcuentaslp.gob.ar\/?page_id=1457\">Leer m\u00e1s&#8230;<\/a><\/p>\n","protected":false},"author":1,"featured_media":0,"parent":0,"menu_order":0,"comment_status":"closed","ping_status":"closed","template":"","meta":{"generate_page_header":""},"yoast_head":"<!-- This site is optimized with the Yoast SEO plugin v20.12 - https:\/\/yoast.com\/wordpress\/plugins\/seo\/ -->\n<title>Ingreso de Personal no Permanente \u2013 Ley N\u00ba 643 -<\/title>\n<meta name=\"robots\" content=\"index, follow, max-snippet:-1, max-image-preview:large, max-video-preview:-1\" \/>\n<link rel=\"canonical\" href=\"https:\/\/www.tcuentaslp.gob.ar\/?page_id=1457\" \/>\n<meta property=\"og:locale\" content=\"es_ES\" \/>\n<meta property=\"og:type\" content=\"article\" \/>\n<meta property=\"og:title\" content=\"Ingreso de Personal no Permanente \u2013 Ley N\u00ba 643 -\" \/>\n<meta property=\"og:description\" content=\"Legislaci\u00f3n Aplicable: Ley N\u00ba 643. Art\u00edculos relacionados A los efectos de realizar el control de legalidad establecido por el art\u00edculo ... Leer m\u00e1s...\" \/>\n<meta property=\"og:url\" content=\"https:\/\/www.tcuentaslp.gob.ar\/?page_id=1457\" \/>\n<meta property=\"article:publisher\" content=\"https:\/\/es-la.facebook.com\/TdeCLaPampa\/\" \/>\n<meta property=\"article:modified_time\" content=\"2021-09-27T13:34:25+00:00\" \/>\n<meta name=\"twitter:card\" content=\"summary_large_image\" \/>\n<meta name=\"twitter:label1\" content=\"Tiempo de lectura\" \/>\n\t<meta name=\"twitter:data1\" content=\"1 minuto\" \/>\n<script type=\"application\/ld+json\" class=\"yoast-schema-graph\">{\"@context\":\"https:\/\/schema.org\",\"@graph\":[{\"@type\":\"WebPage\",\"@id\":\"https:\/\/www.tcuentaslp.gob.ar\/?page_id=1457\",\"url\":\"https:\/\/www.tcuentaslp.gob.ar\/?page_id=1457\",\"name\":\"Ingreso de Personal no Permanente \u2013 Ley N\u00ba 643 -\",\"isPartOf\":{\"@id\":\"https:\/\/www.tcuentaslp.gob.ar\/#website\"},\"datePublished\":\"2018-10-10T13:46:40+00:00\",\"dateModified\":\"2021-09-27T13:34:25+00:00\",\"breadcrumb\":{\"@id\":\"https:\/\/www.tcuentaslp.gob.ar\/?page_id=1457#breadcrumb\"},\"inLanguage\":\"es-AR\",\"potentialAction\":[{\"@type\":\"ReadAction\",\"target\":[\"https:\/\/www.tcuentaslp.gob.ar\/?page_id=1457\"]}]},{\"@type\":\"BreadcrumbList\",\"@id\":\"https:\/\/www.tcuentaslp.gob.ar\/?page_id=1457#breadcrumb\",\"itemListElement\":[{\"@type\":\"ListItem\",\"position\":1,\"name\":\"Inicio\",\"item\":\"https:\/\/www.tcuentaslp.gob.ar\/\"},{\"@type\":\"ListItem\",\"position\":2,\"name\":\"Ingreso de Personal no Permanente \u2013 Ley N\u00ba 643\"}]},{\"@type\":\"WebSite\",\"@id\":\"https:\/\/www.tcuentaslp.gob.ar\/#website\",\"url\":\"https:\/\/www.tcuentaslp.gob.ar\/\",\"name\":\"Tribunal de Cuentas de La Pampa\",\"description\":\"\",\"publisher\":{\"@id\":\"https:\/\/www.tcuentaslp.gob.ar\/#organization\"},\"potentialAction\":[{\"@type\":\"SearchAction\",\"target\":{\"@type\":\"EntryPoint\",\"urlTemplate\":\"https:\/\/www.tcuentaslp.gob.ar\/?s={search_term_string}\"},\"query-input\":\"required name=search_term_string\"}],\"inLanguage\":\"es-AR\"},{\"@type\":\"Organization\",\"@id\":\"https:\/\/www.tcuentaslp.gob.ar\/#organization\",\"name\":\"Tribunal de Cuentas de La Pampa\",\"url\":\"https:\/\/www.tcuentaslp.gob.ar\/\",\"logo\":{\"@type\":\"ImageObject\",\"inLanguage\":\"es-AR\",\"@id\":\"https:\/\/www.tcuentaslp.gob.ar\/#\/schema\/logo\/image\/\",\"url\":\"http:\/\/www.tcuentaslp.gob.ar\/wp-content\/uploads\/2017\/10\/logo_tribunal.png\",\"contentUrl\":\"http:\/\/www.tcuentaslp.gob.ar\/wp-content\/uploads\/2017\/10\/logo_tribunal.png\",\"width\":200,\"height\":204,\"caption\":\"Tribunal de Cuentas de La Pampa\"},\"image\":{\"@id\":\"https:\/\/www.tcuentaslp.gob.ar\/#\/schema\/logo\/image\/\"},\"sameAs\":[\"https:\/\/es-la.facebook.com\/TdeCLaPampa\/\"]}]}<\/script>\n<!-- \/ Yoast SEO plugin. -->","yoast_head_json":{"title":"Ingreso de Personal no Permanente \u2013 Ley N\u00ba 643 -","robots":{"index":"index","follow":"follow","max-snippet":"max-snippet:-1","max-image-preview":"max-image-preview:large","max-video-preview":"max-video-preview:-1"},"canonical":"https:\/\/www.tcuentaslp.gob.ar\/?page_id=1457","og_locale":"es_ES","og_type":"article","og_title":"Ingreso de Personal no Permanente \u2013 Ley N\u00ba 643 -","og_description":"Legislaci\u00f3n Aplicable: Ley N\u00ba 643. Art\u00edculos relacionados A los efectos de realizar el control de legalidad establecido por el art\u00edculo ... Leer m\u00e1s...","og_url":"https:\/\/www.tcuentaslp.gob.ar\/?page_id=1457","article_publisher":"https:\/\/es-la.facebook.com\/TdeCLaPampa\/","article_modified_time":"2021-09-27T13:34:25+00:00","twitter_card":"summary_large_image","twitter_misc":{"Tiempo de lectura":"1 minuto"},"schema":{"@context":"https:\/\/schema.org","@graph":[{"@type":"WebPage","@id":"https:\/\/www.tcuentaslp.gob.ar\/?page_id=1457","url":"https:\/\/www.tcuentaslp.gob.ar\/?page_id=1457","name":"Ingreso de Personal no Permanente \u2013 Ley N\u00ba 643 -","isPartOf":{"@id":"https:\/\/www.tcuentaslp.gob.ar\/#website"},"datePublished":"2018-10-10T13:46:40+00:00","dateModified":"2021-09-27T13:34:25+00:00","breadcrumb":{"@id":"https:\/\/www.tcuentaslp.gob.ar\/?page_id=1457#breadcrumb"},"inLanguage":"es-AR","potentialAction":[{"@type":"ReadAction","target":["https:\/\/www.tcuentaslp.gob.ar\/?page_id=1457"]}]},{"@type":"BreadcrumbList","@id":"https:\/\/www.tcuentaslp.gob.ar\/?page_id=1457#breadcrumb","itemListElement":[{"@type":"ListItem","position":1,"name":"Inicio","item":"https:\/\/www.tcuentaslp.gob.ar\/"},{"@type":"ListItem","position":2,"name":"Ingreso de Personal no Permanente \u2013 Ley N\u00ba 643"}]},{"@type":"WebSite","@id":"https:\/\/www.tcuentaslp.gob.ar\/#website","url":"https:\/\/www.tcuentaslp.gob.ar\/","name":"Tribunal de Cuentas de La Pampa","description":"","publisher":{"@id":"https:\/\/www.tcuentaslp.gob.ar\/#organization"},"potentialAction":[{"@type":"SearchAction","target":{"@type":"EntryPoint","urlTemplate":"https:\/\/www.tcuentaslp.gob.ar\/?s={search_term_string}"},"query-input":"required name=search_term_string"}],"inLanguage":"es-AR"},{"@type":"Organization","@id":"https:\/\/www.tcuentaslp.gob.ar\/#organization","name":"Tribunal de Cuentas de La Pampa","url":"https:\/\/www.tcuentaslp.gob.ar\/","logo":{"@type":"ImageObject","inLanguage":"es-AR","@id":"https:\/\/www.tcuentaslp.gob.ar\/#\/schema\/logo\/image\/","url":"http:\/\/www.tcuentaslp.gob.ar\/wp-content\/uploads\/2017\/10\/logo_tribunal.png","contentUrl":"http:\/\/www.tcuentaslp.gob.ar\/wp-content\/uploads\/2017\/10\/logo_tribunal.png","width":200,"height":204,"caption":"Tribunal de Cuentas de La Pampa"},"image":{"@id":"https:\/\/www.tcuentaslp.gob.ar\/#\/schema\/logo\/image\/"},"sameAs":["https:\/\/es-la.facebook.com\/TdeCLaPampa\/"]}]}},"_links":{"self":[{"href":"https:\/\/www.tcuentaslp.gob.ar\/index.php?rest_route=\/wp\/v2\/pages\/1457"}],"collection":[{"href":"https:\/\/www.tcuentaslp.gob.ar\/index.php?rest_route=\/wp\/v2\/pages"}],"about":[{"href":"https:\/\/www.tcuentaslp.gob.ar\/index.php?rest_route=\/wp\/v2\/types\/page"}],"author":[{"embeddable":true,"href":"https:\/\/www.tcuentaslp.gob.ar\/index.php?rest_route=\/wp\/v2\/users\/1"}],"replies":[{"embeddable":true,"href":"https:\/\/www.tcuentaslp.gob.ar\/index.php?rest_route=%2Fwp%2Fv2%2Fcomments&post=1457"}],"version-history":[{"count":9,"href":"https:\/\/www.tcuentaslp.gob.ar\/index.php?rest_route=\/wp\/v2\/pages\/1457\/revisions"}],"predecessor-version":[{"id":4133,"href":"https:\/\/www.tcuentaslp.gob.ar\/index.php?rest_route=\/wp\/v2\/pages\/1457\/revisions\/4133"}],"wp:attachment":[{"href":"https:\/\/www.tcuentaslp.gob.ar\/index.php?rest_route=%2Fwp%2Fv2%2Fmedia&parent=1457"}],"curies":[{"name":"wp","href":"https:\/\/api.w.org\/{rel}","templated":true}]}}