{"id":1474,"date":"2018-10-11T10:08:14","date_gmt":"2018-10-11T13:08:14","guid":{"rendered":"http:\/\/www.tcuentaslp.gob.ar\/?page_id=1474"},"modified":"2018-10-11T10:08:35","modified_gmt":"2018-10-11T13:08:35","slug":"requisitos-generales-para-todas-las-ramas","status":"publish","type":"page","link":"https:\/\/www.tcuentaslp.gob.ar\/?page_id=1474","title":{"rendered":"Requisitos generales para todas las Ramas"},"content":{"rendered":"<p style=\"text-align: justify;\">1. Nota del Funcionario que inicia la contrataci\u00f3n justificando la necesidad de contar con personal no permanente;<\/p>\n<p style=\"text-align: justify;\">2. Que la persona a contratar ingrese por la \u00faltima categor\u00eda de la rama a la que pertenecer\u00e1;<\/p>\n<p style=\"text-align: justify;\">3. Que el contrato tenga un per\u00edodo de vigencia razonable (fecha que media entre el inicio de la ejecuci\u00f3n del servicio y de su finalizaci\u00f3n);<\/p>\n<p style=\"text-align: justify;\">4.\u00a0 Que exista la reserva de la vacante certificada por la Direcci\u00f3n de Presupuesto del Ministerio de Econom\u00eda, Hacienda y Finanzas (Ley N\u00ba 1572);<\/p>\n<p style=\"text-align: justify;\">5. Afectaci\u00f3n preventiva de los fondos que insumir\u00e1 el contrato;<\/p>\n<p style=\"text-align: justify;\">6. Autorizaci\u00f3n del Sr. Gobernador;<\/p>\n<p style=\"text-align: justify;\">7. Datos del ingresante y\/o condiciones que debe reunir:<\/p>\n<ul style=\"text-align: justify;\">\n<li>Idoneidad para el cargo;<\/li>\n<li>Nacionalidad Argentina;<\/li>\n<li>Condiciones de buena conducta (Certificado de antecedentes policiales);<\/li>\n<li>Aptitud psicof\u00edsica favorable (Informe del servicio m\u00e9dico oficial);<\/li>\n<li>Mayor de 18 a\u00f1os.<\/li>\n<li>Certificado donde conste haber aprobado el \u00faltimo grado o ciclo de ense\u00f1anza primaria en establecimientos del estado o reconocidos por este ( En caso de EGB certificado de culminaci\u00f3n del 3\u00ba ciclo EGB &#8211; 9\u00ba a\u00f1o -);<\/li>\n<li>Certificado de Deudores Alimentario (Ley N\u00ba 2201);<\/li>\n<li>Fotocopias de DNI;<\/li>\n<li>Constituir domicilio especial dentro del ejido en cual prestar\u00e1 servicios;<\/li>\n<li>Manifestaci\u00f3n en car\u00e1cter de Declaraci\u00f3n Jurada que no posee empleo\/s p\u00fablicos y que no ha hecho uso del beneficio de retiro voluntario dentro de un lapso menor a 10 a\u00f1os desde que se efectiviz\u00f3 el mismo;<\/li>\n<\/ul>\n<p style=\"text-align: justify;\">8. Proyecto de Decreto;<\/p>\n<p style=\"text-align: justify;\">9. Proyecto de Contrato;<\/p>\n<p style=\"text-align: justify;\">10. Conformidad del Ministro refrendante del decreto.<\/p>\n","protected":false},"excerpt":{"rendered":"<p>1. Nota del Funcionario que inicia la contrataci\u00f3n justificando la necesidad de contar con personal no permanente; 2. Que la &#8230; <a title=\"Requisitos generales para todas las Ramas\" class=\"read-more\" href=\"https:\/\/www.tcuentaslp.gob.ar\/?page_id=1474\">Leer m\u00e1s&#8230;<\/a><\/p>\n","protected":false},"author":1,"featured_media":0,"parent":0,"menu_order":0,"comment_status":"closed","ping_status":"closed","template":"","meta":{"generate_page_header":""},"yoast_head":"<!-- This site is optimized with the Yoast SEO plugin v20.12 - https:\/\/yoast.com\/wordpress\/plugins\/seo\/ -->\n<title>Requisitos generales para todas las Ramas -<\/title>\n<meta name=\"robots\" content=\"index, follow, max-snippet:-1, max-image-preview:large, max-video-preview:-1\" \/>\n<link rel=\"canonical\" href=\"https:\/\/www.tcuentaslp.gob.ar\/?page_id=1474\" \/>\n<meta property=\"og:locale\" content=\"es_ES\" \/>\n<meta property=\"og:type\" content=\"article\" \/>\n<meta property=\"og:title\" content=\"Requisitos generales para todas las Ramas -\" \/>\n<meta property=\"og:description\" content=\"1. Nota del Funcionario que inicia la contrataci\u00f3n justificando la necesidad de contar con personal no permanente; 2. Que la ... Leer m\u00e1s...\" \/>\n<meta property=\"og:url\" content=\"https:\/\/www.tcuentaslp.gob.ar\/?page_id=1474\" \/>\n<meta property=\"article:publisher\" content=\"https:\/\/es-la.facebook.com\/TdeCLaPampa\/\" \/>\n<meta property=\"article:modified_time\" content=\"2018-10-11T13:08:35+00:00\" \/>\n<meta name=\"twitter:card\" content=\"summary_large_image\" \/>\n<meta name=\"twitter:label1\" content=\"Tiempo de lectura\" \/>\n\t<meta name=\"twitter:data1\" content=\"1 minuto\" \/>\n<script type=\"application\/ld+json\" class=\"yoast-schema-graph\">{\"@context\":\"https:\/\/schema.org\",\"@graph\":[{\"@type\":\"WebPage\",\"@id\":\"https:\/\/www.tcuentaslp.gob.ar\/?page_id=1474\",\"url\":\"https:\/\/www.tcuentaslp.gob.ar\/?page_id=1474\",\"name\":\"Requisitos generales para todas las Ramas -\",\"isPartOf\":{\"@id\":\"https:\/\/www.tcuentaslp.gob.ar\/#website\"},\"datePublished\":\"2018-10-11T13:08:14+00:00\",\"dateModified\":\"2018-10-11T13:08:35+00:00\",\"breadcrumb\":{\"@id\":\"https:\/\/www.tcuentaslp.gob.ar\/?page_id=1474#breadcrumb\"},\"inLanguage\":\"es-AR\",\"potentialAction\":[{\"@type\":\"ReadAction\",\"target\":[\"https:\/\/www.tcuentaslp.gob.ar\/?page_id=1474\"]}]},{\"@type\":\"BreadcrumbList\",\"@id\":\"https:\/\/www.tcuentaslp.gob.ar\/?page_id=1474#breadcrumb\",\"itemListElement\":[{\"@type\":\"ListItem\",\"position\":1,\"name\":\"Inicio\",\"item\":\"https:\/\/www.tcuentaslp.gob.ar\/\"},{\"@type\":\"ListItem\",\"position\":2,\"name\":\"Requisitos generales para todas las Ramas\"}]},{\"@type\":\"WebSite\",\"@id\":\"https:\/\/www.tcuentaslp.gob.ar\/#website\",\"url\":\"https:\/\/www.tcuentaslp.gob.ar\/\",\"name\":\"Tribunal de Cuentas de La Pampa\",\"description\":\"\",\"publisher\":{\"@id\":\"https:\/\/www.tcuentaslp.gob.ar\/#organization\"},\"potentialAction\":[{\"@type\":\"SearchAction\",\"target\":{\"@type\":\"EntryPoint\",\"urlTemplate\":\"https:\/\/www.tcuentaslp.gob.ar\/?s={search_term_string}\"},\"query-input\":\"required name=search_term_string\"}],\"inLanguage\":\"es-AR\"},{\"@type\":\"Organization\",\"@id\":\"https:\/\/www.tcuentaslp.gob.ar\/#organization\",\"name\":\"Tribunal de Cuentas de La Pampa\",\"url\":\"https:\/\/www.tcuentaslp.gob.ar\/\",\"logo\":{\"@type\":\"ImageObject\",\"inLanguage\":\"es-AR\",\"@id\":\"https:\/\/www.tcuentaslp.gob.ar\/#\/schema\/logo\/image\/\",\"url\":\"http:\/\/www.tcuentaslp.gob.ar\/wp-content\/uploads\/2017\/10\/logo_tribunal.png\",\"contentUrl\":\"http:\/\/www.tcuentaslp.gob.ar\/wp-content\/uploads\/2017\/10\/logo_tribunal.png\",\"width\":200,\"height\":204,\"caption\":\"Tribunal de Cuentas de La Pampa\"},\"image\":{\"@id\":\"https:\/\/www.tcuentaslp.gob.ar\/#\/schema\/logo\/image\/\"},\"sameAs\":[\"https:\/\/es-la.facebook.com\/TdeCLaPampa\/\"]}]}<\/script>\n<!-- \/ Yoast SEO plugin. -->","yoast_head_json":{"title":"Requisitos generales para todas las Ramas -","robots":{"index":"index","follow":"follow","max-snippet":"max-snippet:-1","max-image-preview":"max-image-preview:large","max-video-preview":"max-video-preview:-1"},"canonical":"https:\/\/www.tcuentaslp.gob.ar\/?page_id=1474","og_locale":"es_ES","og_type":"article","og_title":"Requisitos generales para todas las Ramas -","og_description":"1. Nota del Funcionario que inicia la contrataci\u00f3n justificando la necesidad de contar con personal no permanente; 2. Que la ... Leer m\u00e1s...","og_url":"https:\/\/www.tcuentaslp.gob.ar\/?page_id=1474","article_publisher":"https:\/\/es-la.facebook.com\/TdeCLaPampa\/","article_modified_time":"2018-10-11T13:08:35+00:00","twitter_card":"summary_large_image","twitter_misc":{"Tiempo de lectura":"1 minuto"},"schema":{"@context":"https:\/\/schema.org","@graph":[{"@type":"WebPage","@id":"https:\/\/www.tcuentaslp.gob.ar\/?page_id=1474","url":"https:\/\/www.tcuentaslp.gob.ar\/?page_id=1474","name":"Requisitos generales para todas las Ramas -","isPartOf":{"@id":"https:\/\/www.tcuentaslp.gob.ar\/#website"},"datePublished":"2018-10-11T13:08:14+00:00","dateModified":"2018-10-11T13:08:35+00:00","breadcrumb":{"@id":"https:\/\/www.tcuentaslp.gob.ar\/?page_id=1474#breadcrumb"},"inLanguage":"es-AR","potentialAction":[{"@type":"ReadAction","target":["https:\/\/www.tcuentaslp.gob.ar\/?page_id=1474"]}]},{"@type":"BreadcrumbList","@id":"https:\/\/www.tcuentaslp.gob.ar\/?page_id=1474#breadcrumb","itemListElement":[{"@type":"ListItem","position":1,"name":"Inicio","item":"https:\/\/www.tcuentaslp.gob.ar\/"},{"@type":"ListItem","position":2,"name":"Requisitos generales para todas las Ramas"}]},{"@type":"WebSite","@id":"https:\/\/www.tcuentaslp.gob.ar\/#website","url":"https:\/\/www.tcuentaslp.gob.ar\/","name":"Tribunal de Cuentas de La Pampa","description":"","publisher":{"@id":"https:\/\/www.tcuentaslp.gob.ar\/#organization"},"potentialAction":[{"@type":"SearchAction","target":{"@type":"EntryPoint","urlTemplate":"https:\/\/www.tcuentaslp.gob.ar\/?s={search_term_string}"},"query-input":"required name=search_term_string"}],"inLanguage":"es-AR"},{"@type":"Organization","@id":"https:\/\/www.tcuentaslp.gob.ar\/#organization","name":"Tribunal de Cuentas de La Pampa","url":"https:\/\/www.tcuentaslp.gob.ar\/","logo":{"@type":"ImageObject","inLanguage":"es-AR","@id":"https:\/\/www.tcuentaslp.gob.ar\/#\/schema\/logo\/image\/","url":"http:\/\/www.tcuentaslp.gob.ar\/wp-content\/uploads\/2017\/10\/logo_tribunal.png","contentUrl":"http:\/\/www.tcuentaslp.gob.ar\/wp-content\/uploads\/2017\/10\/logo_tribunal.png","width":200,"height":204,"caption":"Tribunal de Cuentas de La Pampa"},"image":{"@id":"https:\/\/www.tcuentaslp.gob.ar\/#\/schema\/logo\/image\/"},"sameAs":["https:\/\/es-la.facebook.com\/TdeCLaPampa\/"]}]}},"_links":{"self":[{"href":"https:\/\/www.tcuentaslp.gob.ar\/index.php?rest_route=\/wp\/v2\/pages\/1474"}],"collection":[{"href":"https:\/\/www.tcuentaslp.gob.ar\/index.php?rest_route=\/wp\/v2\/pages"}],"about":[{"href":"https:\/\/www.tcuentaslp.gob.ar\/index.php?rest_route=\/wp\/v2\/types\/page"}],"author":[{"embeddable":true,"href":"https:\/\/www.tcuentaslp.gob.ar\/index.php?rest_route=\/wp\/v2\/users\/1"}],"replies":[{"embeddable":true,"href":"https:\/\/www.tcuentaslp.gob.ar\/index.php?rest_route=%2Fwp%2Fv2%2Fcomments&post=1474"}],"version-history":[{"count":1,"href":"https:\/\/www.tcuentaslp.gob.ar\/index.php?rest_route=\/wp\/v2\/pages\/1474\/revisions"}],"predecessor-version":[{"id":1475,"href":"https:\/\/www.tcuentaslp.gob.ar\/index.php?rest_route=\/wp\/v2\/pages\/1474\/revisions\/1475"}],"wp:attachment":[{"href":"https:\/\/www.tcuentaslp.gob.ar\/index.php?rest_route=%2Fwp%2Fv2%2Fmedia&parent=1474"}],"curies":[{"name":"wp","href":"https:\/\/api.w.org\/{rel}","templated":true}]}}