{"id":1514,"date":"2018-10-16T09:04:29","date_gmt":"2018-10-16T12:04:29","guid":{"rendered":"http:\/\/www.tcuentaslp.gob.ar\/?page_id=1514"},"modified":"2018-10-16T09:04:29","modified_gmt":"2018-10-16T12:04:29","slug":"viatico-y-gastos-de-movilidad","status":"publish","type":"page","link":"https:\/\/www.tcuentaslp.gob.ar\/?page_id=1514","title":{"rendered":"Vi\u00e1tico y Gastos de Movilidad"},"content":{"rendered":"<p><!-- p { margin-bottom: 0.21cm; } --><span style=\"font-size: medium;\"><\/span><\/p>\n<p style=\"text-align: justify;\">De  acuerdo a lo establecido en la  Ley N\u00ba 643 (Estatuto Para Los Agentes de  la Administraci\u00f3n P\u00fablica Provincial dependiente de los Poderes  Ejecutivo y Legislativo), Cap\u00edtulo IV Art\u00edculo N\u00ba 98, 99 y Decreto N\u00ba  158\/92 unificando la reglamentaci\u00f3n de Regimenes\u00a0 de Vi\u00e1ticos y  Movilidad Provincial, se establece \u201c que los funcionarios y empleados de  la Administraci\u00f3n Provincial dependientes del Poder Ejecutivo  (Administraci\u00f3n Central y Organismos Descentralizados) y de los  Organismos de la Constituci\u00f3n, cualquiera fuere su jerarqu\u00eda, funci\u00f3n,  denominaci\u00f3n o categor\u00eda, en la forma y condiciones que establece el  Decreto, percibir\u00e1n asignaciones que se liquidar\u00e1n mediante la  denominaci\u00f3n de \u201cVi\u00e1ticos, Gastos de Movilidad y Pasajes\u201d de acuerdo a  los siguientes conceptos:<\/p>\n<p style=\"text-align: justify;\"><strong> I) VI\u00c1TICO:<\/strong> Es la asignaci\u00f3n diaria fija que se acuerda a los agentes y  funcionarios del Estado, con exclusi\u00f3n de los pasajes, \u00f3rdenes de cargas  y dem\u00e1s, para atender los gastos de alojamiento, manutenci\u00f3n y conexos  que le ocasione el desempe\u00f1o de una comisi\u00f3n de servicio distante m\u00e1s de  10 km. del lugar de trabajo, entendi\u00e9ndose como tal el lugar en que  preste efectivamente y en forma permanente el servicio, y fuera del  horario habitual de trabajo.<\/p>\n<p style=\"text-align: justify;\"><strong>II) GASTOS DE MOVILIDAD:<\/strong> Es la repetici\u00f3n de los gastos que el personal haya tenido que realizar  en cumplimiento de Comisiones de Servicio, como as\u00ed mismo todos los  gastos justificados de naturaleza extraordinaria y que hagan al cometido  del servicio p\u00fablico que origin\u00f3 la Comisi\u00f3n, excepto los que se  encuentren comprendidos en el punto anterior.\ufeff<\/p>\n","protected":false},"excerpt":{"rendered":"<p>De acuerdo a lo establecido en la Ley N\u00ba 643 (Estatuto Para Los Agentes de la Administraci\u00f3n P\u00fablica Provincial dependiente &#8230; <a title=\"Vi\u00e1tico y Gastos de Movilidad\" class=\"read-more\" href=\"https:\/\/www.tcuentaslp.gob.ar\/?page_id=1514\">Leer m\u00e1s&#8230;<\/a><\/p>\n","protected":false},"author":1,"featured_media":0,"parent":0,"menu_order":0,"comment_status":"closed","ping_status":"closed","template":"","meta":{"generate_page_header":""},"yoast_head":"<!-- This site is optimized with the Yoast SEO plugin v20.12 - https:\/\/yoast.com\/wordpress\/plugins\/seo\/ -->\n<title>Vi\u00e1tico y Gastos de Movilidad -<\/title>\n<meta name=\"robots\" content=\"index, follow, max-snippet:-1, max-image-preview:large, max-video-preview:-1\" \/>\n<link rel=\"canonical\" href=\"https:\/\/www.tcuentaslp.gob.ar\/?page_id=1514\" \/>\n<meta property=\"og:locale\" content=\"es_ES\" \/>\n<meta property=\"og:type\" content=\"article\" \/>\n<meta property=\"og:title\" content=\"Vi\u00e1tico y Gastos de Movilidad -\" \/>\n<meta property=\"og:description\" content=\"De acuerdo a lo establecido en la Ley N\u00ba 643 (Estatuto Para Los Agentes de la Administraci\u00f3n P\u00fablica Provincial dependiente ... Leer m\u00e1s...\" \/>\n<meta property=\"og:url\" content=\"https:\/\/www.tcuentaslp.gob.ar\/?page_id=1514\" \/>\n<meta property=\"article:publisher\" content=\"https:\/\/es-la.facebook.com\/TdeCLaPampa\/\" \/>\n<meta name=\"twitter:card\" content=\"summary_large_image\" \/>\n<meta name=\"twitter:label1\" content=\"Tiempo de lectura\" \/>\n\t<meta name=\"twitter:data1\" content=\"1 minuto\" \/>\n<script type=\"application\/ld+json\" class=\"yoast-schema-graph\">{\"@context\":\"https:\/\/schema.org\",\"@graph\":[{\"@type\":\"WebPage\",\"@id\":\"https:\/\/www.tcuentaslp.gob.ar\/?page_id=1514\",\"url\":\"https:\/\/www.tcuentaslp.gob.ar\/?page_id=1514\",\"name\":\"Vi\u00e1tico y Gastos de Movilidad -\",\"isPartOf\":{\"@id\":\"https:\/\/www.tcuentaslp.gob.ar\/#website\"},\"datePublished\":\"2018-10-16T12:04:29+00:00\",\"dateModified\":\"2018-10-16T12:04:29+00:00\",\"breadcrumb\":{\"@id\":\"https:\/\/www.tcuentaslp.gob.ar\/?page_id=1514#breadcrumb\"},\"inLanguage\":\"es-AR\",\"potentialAction\":[{\"@type\":\"ReadAction\",\"target\":[\"https:\/\/www.tcuentaslp.gob.ar\/?page_id=1514\"]}]},{\"@type\":\"BreadcrumbList\",\"@id\":\"https:\/\/www.tcuentaslp.gob.ar\/?page_id=1514#breadcrumb\",\"itemListElement\":[{\"@type\":\"ListItem\",\"position\":1,\"name\":\"Inicio\",\"item\":\"https:\/\/www.tcuentaslp.gob.ar\/\"},{\"@type\":\"ListItem\",\"position\":2,\"name\":\"Vi\u00e1tico y Gastos de Movilidad\"}]},{\"@type\":\"WebSite\",\"@id\":\"https:\/\/www.tcuentaslp.gob.ar\/#website\",\"url\":\"https:\/\/www.tcuentaslp.gob.ar\/\",\"name\":\"Tribunal de Cuentas de La Pampa\",\"description\":\"\",\"publisher\":{\"@id\":\"https:\/\/www.tcuentaslp.gob.ar\/#organization\"},\"potentialAction\":[{\"@type\":\"SearchAction\",\"target\":{\"@type\":\"EntryPoint\",\"urlTemplate\":\"https:\/\/www.tcuentaslp.gob.ar\/?s={search_term_string}\"},\"query-input\":\"required name=search_term_string\"}],\"inLanguage\":\"es-AR\"},{\"@type\":\"Organization\",\"@id\":\"https:\/\/www.tcuentaslp.gob.ar\/#organization\",\"name\":\"Tribunal de Cuentas de La Pampa\",\"url\":\"https:\/\/www.tcuentaslp.gob.ar\/\",\"logo\":{\"@type\":\"ImageObject\",\"inLanguage\":\"es-AR\",\"@id\":\"https:\/\/www.tcuentaslp.gob.ar\/#\/schema\/logo\/image\/\",\"url\":\"http:\/\/www.tcuentaslp.gob.ar\/wp-content\/uploads\/2017\/10\/logo_tribunal.png\",\"contentUrl\":\"http:\/\/www.tcuentaslp.gob.ar\/wp-content\/uploads\/2017\/10\/logo_tribunal.png\",\"width\":200,\"height\":204,\"caption\":\"Tribunal de Cuentas de La Pampa\"},\"image\":{\"@id\":\"https:\/\/www.tcuentaslp.gob.ar\/#\/schema\/logo\/image\/\"},\"sameAs\":[\"https:\/\/es-la.facebook.com\/TdeCLaPampa\/\"]}]}<\/script>\n<!-- \/ Yoast SEO plugin. -->","yoast_head_json":{"title":"Vi\u00e1tico y Gastos de Movilidad -","robots":{"index":"index","follow":"follow","max-snippet":"max-snippet:-1","max-image-preview":"max-image-preview:large","max-video-preview":"max-video-preview:-1"},"canonical":"https:\/\/www.tcuentaslp.gob.ar\/?page_id=1514","og_locale":"es_ES","og_type":"article","og_title":"Vi\u00e1tico y Gastos de Movilidad -","og_description":"De acuerdo a lo establecido en la Ley N\u00ba 643 (Estatuto Para Los Agentes de la Administraci\u00f3n P\u00fablica Provincial dependiente ... Leer m\u00e1s...","og_url":"https:\/\/www.tcuentaslp.gob.ar\/?page_id=1514","article_publisher":"https:\/\/es-la.facebook.com\/TdeCLaPampa\/","twitter_card":"summary_large_image","twitter_misc":{"Tiempo de lectura":"1 minuto"},"schema":{"@context":"https:\/\/schema.org","@graph":[{"@type":"WebPage","@id":"https:\/\/www.tcuentaslp.gob.ar\/?page_id=1514","url":"https:\/\/www.tcuentaslp.gob.ar\/?page_id=1514","name":"Vi\u00e1tico y Gastos de Movilidad -","isPartOf":{"@id":"https:\/\/www.tcuentaslp.gob.ar\/#website"},"datePublished":"2018-10-16T12:04:29+00:00","dateModified":"2018-10-16T12:04:29+00:00","breadcrumb":{"@id":"https:\/\/www.tcuentaslp.gob.ar\/?page_id=1514#breadcrumb"},"inLanguage":"es-AR","potentialAction":[{"@type":"ReadAction","target":["https:\/\/www.tcuentaslp.gob.ar\/?page_id=1514"]}]},{"@type":"BreadcrumbList","@id":"https:\/\/www.tcuentaslp.gob.ar\/?page_id=1514#breadcrumb","itemListElement":[{"@type":"ListItem","position":1,"name":"Inicio","item":"https:\/\/www.tcuentaslp.gob.ar\/"},{"@type":"ListItem","position":2,"name":"Vi\u00e1tico y Gastos de Movilidad"}]},{"@type":"WebSite","@id":"https:\/\/www.tcuentaslp.gob.ar\/#website","url":"https:\/\/www.tcuentaslp.gob.ar\/","name":"Tribunal de Cuentas de La Pampa","description":"","publisher":{"@id":"https:\/\/www.tcuentaslp.gob.ar\/#organization"},"potentialAction":[{"@type":"SearchAction","target":{"@type":"EntryPoint","urlTemplate":"https:\/\/www.tcuentaslp.gob.ar\/?s={search_term_string}"},"query-input":"required name=search_term_string"}],"inLanguage":"es-AR"},{"@type":"Organization","@id":"https:\/\/www.tcuentaslp.gob.ar\/#organization","name":"Tribunal de Cuentas de La Pampa","url":"https:\/\/www.tcuentaslp.gob.ar\/","logo":{"@type":"ImageObject","inLanguage":"es-AR","@id":"https:\/\/www.tcuentaslp.gob.ar\/#\/schema\/logo\/image\/","url":"http:\/\/www.tcuentaslp.gob.ar\/wp-content\/uploads\/2017\/10\/logo_tribunal.png","contentUrl":"http:\/\/www.tcuentaslp.gob.ar\/wp-content\/uploads\/2017\/10\/logo_tribunal.png","width":200,"height":204,"caption":"Tribunal de Cuentas de La Pampa"},"image":{"@id":"https:\/\/www.tcuentaslp.gob.ar\/#\/schema\/logo\/image\/"},"sameAs":["https:\/\/es-la.facebook.com\/TdeCLaPampa\/"]}]}},"_links":{"self":[{"href":"https:\/\/www.tcuentaslp.gob.ar\/index.php?rest_route=\/wp\/v2\/pages\/1514"}],"collection":[{"href":"https:\/\/www.tcuentaslp.gob.ar\/index.php?rest_route=\/wp\/v2\/pages"}],"about":[{"href":"https:\/\/www.tcuentaslp.gob.ar\/index.php?rest_route=\/wp\/v2\/types\/page"}],"author":[{"embeddable":true,"href":"https:\/\/www.tcuentaslp.gob.ar\/index.php?rest_route=\/wp\/v2\/users\/1"}],"replies":[{"embeddable":true,"href":"https:\/\/www.tcuentaslp.gob.ar\/index.php?rest_route=%2Fwp%2Fv2%2Fcomments&post=1514"}],"version-history":[{"count":1,"href":"https:\/\/www.tcuentaslp.gob.ar\/index.php?rest_route=\/wp\/v2\/pages\/1514\/revisions"}],"predecessor-version":[{"id":1515,"href":"https:\/\/www.tcuentaslp.gob.ar\/index.php?rest_route=\/wp\/v2\/pages\/1514\/revisions\/1515"}],"wp:attachment":[{"href":"https:\/\/www.tcuentaslp.gob.ar\/index.php?rest_route=%2Fwp%2Fv2%2Fmedia&parent=1514"}],"curies":[{"name":"wp","href":"https:\/\/api.w.org\/{rel}","templated":true}]}}