{"id":1517,"date":"2018-10-16T09:09:08","date_gmt":"2018-10-16T12:09:08","guid":{"rendered":"http:\/\/www.tcuentaslp.gob.ar\/?page_id=1517"},"modified":"2018-10-16T09:09:08","modified_gmt":"2018-10-16T12:09:08","slug":"computo-de-viaticos-dentro-y-fuera-de-la-provincia-anexo","status":"publish","type":"page","link":"https:\/\/www.tcuentaslp.gob.ar\/?page_id=1517","title":{"rendered":"C\u00f3mputo de Vi\u00e1ticos dentro y fuera de la Provincia (Anexo)"},"content":{"rendered":"<table border=\"0\" width=\"646\" height=\"479\">\n<tbody>\n<tr>\n<td style=\"text-align: left;\" width=\"175\" valign=\"bottom\"><strong>SALIDA<\/strong><\/td>\n<td style=\"text-align: left;\" width=\"288\" valign=\"bottom\"><strong>REGRESO<\/strong><\/td>\n<td style=\"text-align: left;\" width=\"151\" valign=\"bottom\"><strong>C\u00d3MPUTO<\/strong><\/td>\n<td style=\"text-align: center;\" width=\"140\" valign=\"bottom\"><strong>PORCENTAJE<\/strong><\/td>\n<\/tr>\n<tr>\n<td width=\"175\" valign=\"bottom\"><\/td>\n<td width=\"288\" valign=\"bottom\"><\/td>\n<td width=\"151\" valign=\"bottom\"><\/td>\n<td width=\"140\" valign=\"bottom\"><\/td>\n<\/tr>\n<tr>\n<td width=\"175\" valign=\"bottom\">Antes de 12hs<\/td>\n<td width=\"288\" valign=\"bottom\">Antes de 20hs<\/td>\n<td width=\"151\" valign=\"bottom\">Medio d\u00eda<\/td>\n<td style=\"text-align: center;\" width=\"140\" valign=\"bottom\">30%<\/td>\n<\/tr>\n<tr>\n<td width=\"175\" valign=\"bottom\">Antes de 12hs<\/td>\n<td width=\"288\" valign=\"bottom\">Despu\u00e9s de 20hs<\/td>\n<td width=\"151\" valign=\"bottom\">Un d\u00eda<\/td>\n<td style=\"text-align: center;\" width=\"140\" valign=\"bottom\">30%<\/td>\n<\/tr>\n<tr>\n<td width=\"175\" valign=\"bottom\">Despu\u00e9s de 12hs<\/td>\n<td width=\"288\" valign=\"bottom\">Antes de 20hs<\/td>\n<td width=\"151\" valign=\"bottom\">Medio d\u00eda<\/td>\n<td style=\"text-align: center;\" width=\"140\" valign=\"bottom\">30%<\/td>\n<\/tr>\n<tr>\n<td width=\"175\" valign=\"bottom\">Despu\u00e9s de 12hs<\/td>\n<td width=\"288\" valign=\"bottom\">Despu\u00e9s de 20hs<\/td>\n<td width=\"151\" valign=\"bottom\">Medio d\u00eda<\/td>\n<td style=\"text-align: center;\" width=\"140\" valign=\"bottom\">30%<\/td>\n<\/tr>\n<tr>\n<td width=\"175\" valign=\"bottom\">Antes de 12hs<\/td>\n<td width=\"288\" valign=\"bottom\">Despu\u00e9s de 8hs del d\u00eda sig.<\/td>\n<td width=\"151\" valign=\"bottom\">Un d\u00eda<\/td>\n<td style=\"text-align: center;\" width=\"140\" valign=\"bottom\">70%<\/td>\n<\/tr>\n<tr>\n<td width=\"175\" valign=\"bottom\">Despu\u00e9s de 12hs<\/td>\n<td width=\"288\" valign=\"bottom\">Despu\u00e9s de 8hs del d\u00eda sig.<\/td>\n<td width=\"151\" valign=\"bottom\">Medio d\u00eda<\/td>\n<td style=\"text-align: center;\" width=\"140\" valign=\"bottom\">70%<\/td>\n<\/tr>\n<tr>\n<td width=\"175\" valign=\"bottom\">Antes de 12hs<\/td>\n<td width=\"288\" valign=\"bottom\">Despu\u00e9s de 12hs del d\u00eda sig.<\/td>\n<td width=\"151\" valign=\"bottom\">Un d\u00eda y medio<\/td>\n<td style=\"text-align: center;\" width=\"140\" valign=\"bottom\">70%<\/td>\n<\/tr>\n<tr>\n<td width=\"175\" valign=\"bottom\"><\/td>\n<td width=\"288\" valign=\"bottom\"><\/td>\n<td width=\"151\" valign=\"bottom\"><\/td>\n<td width=\"140\" valign=\"bottom\"><\/td>\n<\/tr>\n<tr>\n<td colspan=\"4\" width=\"755\" valign=\"bottom\"><em><strong>Si la comisi\u00f3n se realiza dentro   del horario de trabajo, no corresponde vi\u00e1tico.<\/strong><\/em><\/td>\n<\/tr>\n<tr>\n<td colspan=\"2\" width=\"463\" valign=\"bottom\"><em><strong>Montos: de acuerdo a normativas   vigentes.<\/strong><\/em><\/td>\n<td width=\"151\" valign=\"bottom\"><\/td>\n<td width=\"140\" valign=\"bottom\"><\/td>\n<\/tr>\n<tr>\n<td width=\"175\" valign=\"bottom\"><\/td>\n<td width=\"288\" valign=\"bottom\"><\/td>\n<td width=\"151\" valign=\"bottom\"><\/td>\n<td width=\"140\" valign=\"bottom\"><\/td>\n<\/tr>\n<tr>\n<td width=\"175\" valign=\"bottom\"><\/td>\n<td width=\"288\" valign=\"bottom\"><\/td>\n<td width=\"151\" valign=\"bottom\"><\/td>\n<td width=\"140\" valign=\"bottom\"><\/td>\n<\/tr>\n<tr>\n<td colspan=\"2\" width=\"463\" valign=\"bottom\">Provisi\u00f3n gratuita de alojamiento   o comida<\/td>\n<td style=\"text-align: center;\" width=\"151\" valign=\"bottom\">70%<\/td>\n<td width=\"140\" valign=\"bottom\"><\/td>\n<\/tr>\n<tr>\n<td width=\"175\" valign=\"bottom\"><\/td>\n<td width=\"288\" valign=\"bottom\"><\/td>\n<td width=\"151\" valign=\"bottom\"><\/td>\n<td width=\"140\" valign=\"bottom\"><\/td>\n<\/tr>\n<tr>\n<td colspan=\"2\" width=\"463\" valign=\"bottom\">Provisi\u00f3n gratuita de alojamiento   y comida<\/td>\n<td style=\"text-align: center;\" width=\"151\" valign=\"bottom\">20%<\/td>\n<td width=\"140\" valign=\"bottom\"><\/td>\n<\/tr>\n<tr>\n<td width=\"175\" valign=\"bottom\"><\/td>\n<td width=\"288\" valign=\"bottom\"><\/td>\n<td width=\"151\" valign=\"bottom\"><\/td>\n<td width=\"140\" valign=\"bottom\"><\/td>\n<\/tr>\n<tr>\n<td width=\"175\" valign=\"bottom\"><\/td>\n<td width=\"288\" valign=\"bottom\"><\/td>\n<td width=\"151\" valign=\"bottom\"><\/td>\n<td width=\"140\" valign=\"bottom\"><\/td>\n<\/tr>\n<tr>\n<td width=\"175\" valign=\"bottom\"><\/td>\n<td width=\"288\" valign=\"bottom\"><\/td>\n<td width=\"151\" valign=\"bottom\"><\/td>\n<td width=\"140\" valign=\"bottom\"><\/td>\n<\/tr>\n<tr>\n<td colspan=\"3\" width=\"615\" valign=\"bottom\"><strong><span style=\"text-decoration: underline;\">COMPUTO DE VI\u00c1TICOS FUERA DE LA   PROVINCIA<\/span><\/strong><\/td>\n<td width=\"140\" valign=\"bottom\"><strong> <\/strong><\/td>\n<\/tr>\n<tr>\n<td width=\"175\" valign=\"bottom\"><\/td>\n<td width=\"288\" valign=\"bottom\"><\/td>\n<td width=\"151\" valign=\"bottom\"><\/td>\n<td width=\"140\" valign=\"bottom\"><\/td>\n<\/tr>\n<tr>\n<td width=\"175\" valign=\"bottom\"><\/td>\n<td width=\"288\" valign=\"bottom\"><\/td>\n<td width=\"151\" valign=\"bottom\"><\/td>\n<td width=\"140\" valign=\"bottom\"><\/td>\n<\/tr>\n<tr>\n<td colspan=\"3\" width=\"615\" valign=\"bottom\">Se liquida de acuerdo al Decreto   N\u00ba 158\/92, art\u00edculo 5\u00ba.<\/td>\n<td width=\"140\" valign=\"bottom\"><\/td>\n<\/tr>\n<tr>\n<td colspan=\"3\" width=\"615\" valign=\"bottom\">Montos al 100% de acuerdo a   normativas vigentes.<\/td>\n<td width=\"140\" valign=\"bottom\"><\/td>\n<\/tr>\n<\/tbody>\n<\/table>\n<p>\ufeff<\/p>\n","protected":false},"excerpt":{"rendered":"<p>SALIDA REGRESO C\u00d3MPUTO PORCENTAJE Antes de 12hs Antes de 20hs Medio d\u00eda 30% Antes de 12hs Despu\u00e9s de 20hs Un &#8230; <a title=\"C\u00f3mputo de Vi\u00e1ticos dentro y fuera de la Provincia (Anexo)\" class=\"read-more\" href=\"https:\/\/www.tcuentaslp.gob.ar\/?page_id=1517\">Leer m\u00e1s&#8230;<\/a><\/p>\n","protected":false},"author":1,"featured_media":0,"parent":0,"menu_order":0,"comment_status":"closed","ping_status":"closed","template":"","meta":{"generate_page_header":""},"yoast_head":"<!-- This site is optimized with the Yoast SEO plugin v20.12 - https:\/\/yoast.com\/wordpress\/plugins\/seo\/ -->\n<title>C\u00f3mputo de Vi\u00e1ticos dentro y fuera de la Provincia (Anexo) -<\/title>\n<meta name=\"robots\" content=\"index, follow, max-snippet:-1, max-image-preview:large, max-video-preview:-1\" \/>\n<link rel=\"canonical\" href=\"https:\/\/www.tcuentaslp.gob.ar\/?page_id=1517\" \/>\n<meta property=\"og:locale\" content=\"es_ES\" \/>\n<meta property=\"og:type\" content=\"article\" \/>\n<meta property=\"og:title\" content=\"C\u00f3mputo de Vi\u00e1ticos dentro y fuera de la Provincia (Anexo) -\" \/>\n<meta property=\"og:description\" content=\"SALIDA REGRESO C\u00d3MPUTO PORCENTAJE Antes de 12hs Antes de 20hs Medio d\u00eda 30% Antes de 12hs Despu\u00e9s de 20hs Un ... Leer m\u00e1s...\" \/>\n<meta property=\"og:url\" content=\"https:\/\/www.tcuentaslp.gob.ar\/?page_id=1517\" \/>\n<meta property=\"article:publisher\" content=\"https:\/\/es-la.facebook.com\/TdeCLaPampa\/\" \/>\n<meta name=\"twitter:card\" content=\"summary_large_image\" \/>\n<meta name=\"twitter:label1\" content=\"Tiempo de lectura\" \/>\n\t<meta name=\"twitter:data1\" content=\"1 minuto\" \/>\n<script type=\"application\/ld+json\" class=\"yoast-schema-graph\">{\"@context\":\"https:\/\/schema.org\",\"@graph\":[{\"@type\":\"WebPage\",\"@id\":\"https:\/\/www.tcuentaslp.gob.ar\/?page_id=1517\",\"url\":\"https:\/\/www.tcuentaslp.gob.ar\/?page_id=1517\",\"name\":\"C\u00f3mputo de Vi\u00e1ticos dentro y fuera de la Provincia (Anexo) -\",\"isPartOf\":{\"@id\":\"https:\/\/www.tcuentaslp.gob.ar\/#website\"},\"datePublished\":\"2018-10-16T12:09:08+00:00\",\"dateModified\":\"2018-10-16T12:09:08+00:00\",\"breadcrumb\":{\"@id\":\"https:\/\/www.tcuentaslp.gob.ar\/?page_id=1517#breadcrumb\"},\"inLanguage\":\"es-AR\",\"potentialAction\":[{\"@type\":\"ReadAction\",\"target\":[\"https:\/\/www.tcuentaslp.gob.ar\/?page_id=1517\"]}]},{\"@type\":\"BreadcrumbList\",\"@id\":\"https:\/\/www.tcuentaslp.gob.ar\/?page_id=1517#breadcrumb\",\"itemListElement\":[{\"@type\":\"ListItem\",\"position\":1,\"name\":\"Inicio\",\"item\":\"https:\/\/www.tcuentaslp.gob.ar\/\"},{\"@type\":\"ListItem\",\"position\":2,\"name\":\"C\u00f3mputo de Vi\u00e1ticos dentro y fuera de la Provincia (Anexo)\"}]},{\"@type\":\"WebSite\",\"@id\":\"https:\/\/www.tcuentaslp.gob.ar\/#website\",\"url\":\"https:\/\/www.tcuentaslp.gob.ar\/\",\"name\":\"Tribunal de Cuentas de La Pampa\",\"description\":\"\",\"publisher\":{\"@id\":\"https:\/\/www.tcuentaslp.gob.ar\/#organization\"},\"potentialAction\":[{\"@type\":\"SearchAction\",\"target\":{\"@type\":\"EntryPoint\",\"urlTemplate\":\"https:\/\/www.tcuentaslp.gob.ar\/?s={search_term_string}\"},\"query-input\":\"required name=search_term_string\"}],\"inLanguage\":\"es-AR\"},{\"@type\":\"Organization\",\"@id\":\"https:\/\/www.tcuentaslp.gob.ar\/#organization\",\"name\":\"Tribunal de Cuentas de La Pampa\",\"url\":\"https:\/\/www.tcuentaslp.gob.ar\/\",\"logo\":{\"@type\":\"ImageObject\",\"inLanguage\":\"es-AR\",\"@id\":\"https:\/\/www.tcuentaslp.gob.ar\/#\/schema\/logo\/image\/\",\"url\":\"http:\/\/www.tcuentaslp.gob.ar\/wp-content\/uploads\/2017\/10\/logo_tribunal.png\",\"contentUrl\":\"http:\/\/www.tcuentaslp.gob.ar\/wp-content\/uploads\/2017\/10\/logo_tribunal.png\",\"width\":200,\"height\":204,\"caption\":\"Tribunal de Cuentas de La Pampa\"},\"image\":{\"@id\":\"https:\/\/www.tcuentaslp.gob.ar\/#\/schema\/logo\/image\/\"},\"sameAs\":[\"https:\/\/es-la.facebook.com\/TdeCLaPampa\/\"]}]}<\/script>\n<!-- \/ Yoast SEO plugin. -->","yoast_head_json":{"title":"C\u00f3mputo de Vi\u00e1ticos dentro y fuera de la Provincia (Anexo) -","robots":{"index":"index","follow":"follow","max-snippet":"max-snippet:-1","max-image-preview":"max-image-preview:large","max-video-preview":"max-video-preview:-1"},"canonical":"https:\/\/www.tcuentaslp.gob.ar\/?page_id=1517","og_locale":"es_ES","og_type":"article","og_title":"C\u00f3mputo de Vi\u00e1ticos dentro y fuera de la Provincia (Anexo) -","og_description":"SALIDA REGRESO C\u00d3MPUTO PORCENTAJE Antes de 12hs Antes de 20hs Medio d\u00eda 30% Antes de 12hs Despu\u00e9s de 20hs Un ... Leer m\u00e1s...","og_url":"https:\/\/www.tcuentaslp.gob.ar\/?page_id=1517","article_publisher":"https:\/\/es-la.facebook.com\/TdeCLaPampa\/","twitter_card":"summary_large_image","twitter_misc":{"Tiempo de lectura":"1 minuto"},"schema":{"@context":"https:\/\/schema.org","@graph":[{"@type":"WebPage","@id":"https:\/\/www.tcuentaslp.gob.ar\/?page_id=1517","url":"https:\/\/www.tcuentaslp.gob.ar\/?page_id=1517","name":"C\u00f3mputo de Vi\u00e1ticos dentro y fuera de la Provincia (Anexo) -","isPartOf":{"@id":"https:\/\/www.tcuentaslp.gob.ar\/#website"},"datePublished":"2018-10-16T12:09:08+00:00","dateModified":"2018-10-16T12:09:08+00:00","breadcrumb":{"@id":"https:\/\/www.tcuentaslp.gob.ar\/?page_id=1517#breadcrumb"},"inLanguage":"es-AR","potentialAction":[{"@type":"ReadAction","target":["https:\/\/www.tcuentaslp.gob.ar\/?page_id=1517"]}]},{"@type":"BreadcrumbList","@id":"https:\/\/www.tcuentaslp.gob.ar\/?page_id=1517#breadcrumb","itemListElement":[{"@type":"ListItem","position":1,"name":"Inicio","item":"https:\/\/www.tcuentaslp.gob.ar\/"},{"@type":"ListItem","position":2,"name":"C\u00f3mputo de Vi\u00e1ticos dentro y fuera de la Provincia (Anexo)"}]},{"@type":"WebSite","@id":"https:\/\/www.tcuentaslp.gob.ar\/#website","url":"https:\/\/www.tcuentaslp.gob.ar\/","name":"Tribunal de Cuentas de La Pampa","description":"","publisher":{"@id":"https:\/\/www.tcuentaslp.gob.ar\/#organization"},"potentialAction":[{"@type":"SearchAction","target":{"@type":"EntryPoint","urlTemplate":"https:\/\/www.tcuentaslp.gob.ar\/?s={search_term_string}"},"query-input":"required name=search_term_string"}],"inLanguage":"es-AR"},{"@type":"Organization","@id":"https:\/\/www.tcuentaslp.gob.ar\/#organization","name":"Tribunal de Cuentas de La Pampa","url":"https:\/\/www.tcuentaslp.gob.ar\/","logo":{"@type":"ImageObject","inLanguage":"es-AR","@id":"https:\/\/www.tcuentaslp.gob.ar\/#\/schema\/logo\/image\/","url":"http:\/\/www.tcuentaslp.gob.ar\/wp-content\/uploads\/2017\/10\/logo_tribunal.png","contentUrl":"http:\/\/www.tcuentaslp.gob.ar\/wp-content\/uploads\/2017\/10\/logo_tribunal.png","width":200,"height":204,"caption":"Tribunal de Cuentas de La Pampa"},"image":{"@id":"https:\/\/www.tcuentaslp.gob.ar\/#\/schema\/logo\/image\/"},"sameAs":["https:\/\/es-la.facebook.com\/TdeCLaPampa\/"]}]}},"_links":{"self":[{"href":"https:\/\/www.tcuentaslp.gob.ar\/index.php?rest_route=\/wp\/v2\/pages\/1517"}],"collection":[{"href":"https:\/\/www.tcuentaslp.gob.ar\/index.php?rest_route=\/wp\/v2\/pages"}],"about":[{"href":"https:\/\/www.tcuentaslp.gob.ar\/index.php?rest_route=\/wp\/v2\/types\/page"}],"author":[{"embeddable":true,"href":"https:\/\/www.tcuentaslp.gob.ar\/index.php?rest_route=\/wp\/v2\/users\/1"}],"replies":[{"embeddable":true,"href":"https:\/\/www.tcuentaslp.gob.ar\/index.php?rest_route=%2Fwp%2Fv2%2Fcomments&post=1517"}],"version-history":[{"count":1,"href":"https:\/\/www.tcuentaslp.gob.ar\/index.php?rest_route=\/wp\/v2\/pages\/1517\/revisions"}],"predecessor-version":[{"id":1518,"href":"https:\/\/www.tcuentaslp.gob.ar\/index.php?rest_route=\/wp\/v2\/pages\/1517\/revisions\/1518"}],"wp:attachment":[{"href":"https:\/\/www.tcuentaslp.gob.ar\/index.php?rest_route=%2Fwp%2Fv2%2Fmedia&parent=1517"}],"curies":[{"name":"wp","href":"https:\/\/api.w.org\/{rel}","templated":true}]}}