{"id":1556,"date":"2018-10-16T10:36:51","date_gmt":"2018-10-16T13:36:51","guid":{"rendered":"http:\/\/www.tcuentaslp.gob.ar\/?page_id=1556"},"modified":"2018-10-16T10:39:55","modified_gmt":"2018-10-16T13:39:55","slug":"otorgamiento-y-rendicion","status":"publish","type":"page","link":"https:\/\/www.tcuentaslp.gob.ar\/?page_id=1556","title":{"rendered":"Otorgamiento y Rendici\u00f3n"},"content":{"rendered":"<p style=\"text-align: justify;\"><span style=\"color: #000000;\"><span style=\"font-family: Verdana,sans-serif;\">La <a href=\"http:\/\/digesto.tcuentaslp.gob.ar\/digesto%20tribunal\/Otros%20Organismos\/Camara%20de%20Diputados\/Disposicion-CD-85-2010.html\" target=\"_blank\" rel=\"noopener\">Disposici\u00f3n 85\/2010<\/a><\/span><\/span><strong>\u00a0<\/strong><span style=\"color: #000000;\"><span style=\"font-family: Verdana,sans-serif;\">emanada de la C\u00e1mara de Diputados de la Provincia de La Pampa establece que las instituciones privadas sin fines de lucro, que persigan el bien p\u00fablico y desarrollen actividades culturales, gremiales, sanitarias, deportivas, religiosas, educativas, o sean de econom\u00eda social, que requieran asistencia financiera para cumplir con su fin o misi\u00f3n, deber\u00e1n rendir cuenta documentada de la inversi\u00f3n de los fondos recibidos en el Tribunal de Cuentas, quien dentro de sus facultades, como Organismo de Contralor, establecer\u00e1 las formalidades necesarias para tal cometido.<\/span><\/span><\/p>\n<p style=\"text-align: justify;\"><span style=\"color: #000000;\"><span style=\"font-family: Verdana,sans-serif;\">Asimismo y por igual m\u00e9todo se informar\u00e1 a las Municipalidades y Comisiones de Fomento que deber\u00e1n incorporar los fondos percibidos en sus respectivos presupuestos cumplimentando su obligaci\u00f3n de rendir los mismos conforme a la Ley Org\u00e1nica de Municipalidades y Comisiones de Fomento.<\/span><\/span><\/p>\n<h4 style=\"text-align: justify;\"><span style=\"color: #000000;\"><span style=\"font-family: Verdana,sans-serif;\"><span style=\"text-decoration: underline;\">Rendici\u00f3n<\/span><\/span><\/span><\/h4>\n<p style=\"text-align: justify;\"><span style=\"color: #000000;\"><span style=\"font-family: Verdana,sans-serif;\">El estudio de los subsidios otorgados por el Poder Legislativo se realiza en<strong> dos instancias:<\/strong><\/span><\/span><\/p>\n<p style=\"text-align: justify; padding-left: 30px;\"><span style=\"color: #000000;\"><span style=\"font-family: Verdana,sans-serif;\">1- En la primera, se controla la transferencia del monto al Legislador, que es realizado por el Departamento Contable, avalado con firma del Secretario de la C\u00e1mara del Poder Legislativo.<\/span><\/span><\/p>\n<p style=\"text-align: justify; padding-left: 30px;\"><span style=\"color: #000000;\"><span style=\"font-family: Verdana,sans-serif;\">2- En la segunda, se controla la inversi\u00f3n del subsidio (rendici\u00f3n de gastos) realizada por la Entidad Beneficiaria, de acuerdo a <strong><a href=\"http:\/\/digesto.tcuentaslp.gob.ar\/digesto%20tribunal\/Fallos%20internos\/RESOLUCIONES\/Resolucion%2093-2010.html\" target=\"_blank\">Resoluci\u00f3n N\u00ba 93\/10 &#8211; TdeC<\/a>.<\/strong><\/span><\/span><\/p>\n","protected":false},"excerpt":{"rendered":"<p>La Disposici\u00f3n 85\/2010\u00a0emanada de la C\u00e1mara de Diputados de la Provincia de La Pampa establece que las instituciones privadas sin &#8230; <a title=\"Otorgamiento y Rendici\u00f3n\" class=\"read-more\" href=\"https:\/\/www.tcuentaslp.gob.ar\/?page_id=1556\">Leer m\u00e1s&#8230;<\/a><\/p>\n","protected":false},"author":1,"featured_media":0,"parent":0,"menu_order":0,"comment_status":"closed","ping_status":"closed","template":"","meta":{"generate_page_header":""},"yoast_head":"<!-- This site is optimized with the Yoast SEO plugin v20.12 - https:\/\/yoast.com\/wordpress\/plugins\/seo\/ -->\n<title>Otorgamiento y Rendici\u00f3n -<\/title>\n<meta name=\"robots\" content=\"index, follow, max-snippet:-1, max-image-preview:large, max-video-preview:-1\" \/>\n<link rel=\"canonical\" href=\"https:\/\/www.tcuentaslp.gob.ar\/?page_id=1556\" \/>\n<meta property=\"og:locale\" content=\"es_ES\" \/>\n<meta property=\"og:type\" content=\"article\" \/>\n<meta property=\"og:title\" content=\"Otorgamiento y Rendici\u00f3n -\" \/>\n<meta property=\"og:description\" content=\"La Disposici\u00f3n 85\/2010\u00a0emanada de la C\u00e1mara de Diputados de la Provincia de La Pampa establece que las instituciones privadas sin ... Leer m\u00e1s...\" \/>\n<meta property=\"og:url\" content=\"https:\/\/www.tcuentaslp.gob.ar\/?page_id=1556\" \/>\n<meta property=\"article:publisher\" content=\"https:\/\/es-la.facebook.com\/TdeCLaPampa\/\" \/>\n<meta property=\"article:modified_time\" content=\"2018-10-16T13:39:55+00:00\" \/>\n<meta name=\"twitter:card\" content=\"summary_large_image\" \/>\n<meta name=\"twitter:label1\" content=\"Tiempo de lectura\" \/>\n\t<meta name=\"twitter:data1\" content=\"1 minuto\" \/>\n<script type=\"application\/ld+json\" class=\"yoast-schema-graph\">{\"@context\":\"https:\/\/schema.org\",\"@graph\":[{\"@type\":\"WebPage\",\"@id\":\"https:\/\/www.tcuentaslp.gob.ar\/?page_id=1556\",\"url\":\"https:\/\/www.tcuentaslp.gob.ar\/?page_id=1556\",\"name\":\"Otorgamiento y Rendici\u00f3n -\",\"isPartOf\":{\"@id\":\"https:\/\/www.tcuentaslp.gob.ar\/#website\"},\"datePublished\":\"2018-10-16T13:36:51+00:00\",\"dateModified\":\"2018-10-16T13:39:55+00:00\",\"breadcrumb\":{\"@id\":\"https:\/\/www.tcuentaslp.gob.ar\/?page_id=1556#breadcrumb\"},\"inLanguage\":\"es-AR\",\"potentialAction\":[{\"@type\":\"ReadAction\",\"target\":[\"https:\/\/www.tcuentaslp.gob.ar\/?page_id=1556\"]}]},{\"@type\":\"BreadcrumbList\",\"@id\":\"https:\/\/www.tcuentaslp.gob.ar\/?page_id=1556#breadcrumb\",\"itemListElement\":[{\"@type\":\"ListItem\",\"position\":1,\"name\":\"Inicio\",\"item\":\"https:\/\/www.tcuentaslp.gob.ar\/\"},{\"@type\":\"ListItem\",\"position\":2,\"name\":\"Otorgamiento y Rendici\u00f3n\"}]},{\"@type\":\"WebSite\",\"@id\":\"https:\/\/www.tcuentaslp.gob.ar\/#website\",\"url\":\"https:\/\/www.tcuentaslp.gob.ar\/\",\"name\":\"Tribunal de Cuentas de La Pampa\",\"description\":\"\",\"publisher\":{\"@id\":\"https:\/\/www.tcuentaslp.gob.ar\/#organization\"},\"potentialAction\":[{\"@type\":\"SearchAction\",\"target\":{\"@type\":\"EntryPoint\",\"urlTemplate\":\"https:\/\/www.tcuentaslp.gob.ar\/?s={search_term_string}\"},\"query-input\":\"required name=search_term_string\"}],\"inLanguage\":\"es-AR\"},{\"@type\":\"Organization\",\"@id\":\"https:\/\/www.tcuentaslp.gob.ar\/#organization\",\"name\":\"Tribunal de Cuentas de La Pampa\",\"url\":\"https:\/\/www.tcuentaslp.gob.ar\/\",\"logo\":{\"@type\":\"ImageObject\",\"inLanguage\":\"es-AR\",\"@id\":\"https:\/\/www.tcuentaslp.gob.ar\/#\/schema\/logo\/image\/\",\"url\":\"http:\/\/www.tcuentaslp.gob.ar\/wp-content\/uploads\/2017\/10\/logo_tribunal.png\",\"contentUrl\":\"http:\/\/www.tcuentaslp.gob.ar\/wp-content\/uploads\/2017\/10\/logo_tribunal.png\",\"width\":200,\"height\":204,\"caption\":\"Tribunal de Cuentas de La Pampa\"},\"image\":{\"@id\":\"https:\/\/www.tcuentaslp.gob.ar\/#\/schema\/logo\/image\/\"},\"sameAs\":[\"https:\/\/es-la.facebook.com\/TdeCLaPampa\/\"]}]}<\/script>\n<!-- \/ Yoast SEO plugin. -->","yoast_head_json":{"title":"Otorgamiento y Rendici\u00f3n -","robots":{"index":"index","follow":"follow","max-snippet":"max-snippet:-1","max-image-preview":"max-image-preview:large","max-video-preview":"max-video-preview:-1"},"canonical":"https:\/\/www.tcuentaslp.gob.ar\/?page_id=1556","og_locale":"es_ES","og_type":"article","og_title":"Otorgamiento y Rendici\u00f3n -","og_description":"La Disposici\u00f3n 85\/2010\u00a0emanada de la C\u00e1mara de Diputados de la Provincia de La Pampa establece que las instituciones privadas sin ... Leer m\u00e1s...","og_url":"https:\/\/www.tcuentaslp.gob.ar\/?page_id=1556","article_publisher":"https:\/\/es-la.facebook.com\/TdeCLaPampa\/","article_modified_time":"2018-10-16T13:39:55+00:00","twitter_card":"summary_large_image","twitter_misc":{"Tiempo de lectura":"1 minuto"},"schema":{"@context":"https:\/\/schema.org","@graph":[{"@type":"WebPage","@id":"https:\/\/www.tcuentaslp.gob.ar\/?page_id=1556","url":"https:\/\/www.tcuentaslp.gob.ar\/?page_id=1556","name":"Otorgamiento y Rendici\u00f3n -","isPartOf":{"@id":"https:\/\/www.tcuentaslp.gob.ar\/#website"},"datePublished":"2018-10-16T13:36:51+00:00","dateModified":"2018-10-16T13:39:55+00:00","breadcrumb":{"@id":"https:\/\/www.tcuentaslp.gob.ar\/?page_id=1556#breadcrumb"},"inLanguage":"es-AR","potentialAction":[{"@type":"ReadAction","target":["https:\/\/www.tcuentaslp.gob.ar\/?page_id=1556"]}]},{"@type":"BreadcrumbList","@id":"https:\/\/www.tcuentaslp.gob.ar\/?page_id=1556#breadcrumb","itemListElement":[{"@type":"ListItem","position":1,"name":"Inicio","item":"https:\/\/www.tcuentaslp.gob.ar\/"},{"@type":"ListItem","position":2,"name":"Otorgamiento y Rendici\u00f3n"}]},{"@type":"WebSite","@id":"https:\/\/www.tcuentaslp.gob.ar\/#website","url":"https:\/\/www.tcuentaslp.gob.ar\/","name":"Tribunal de Cuentas de La Pampa","description":"","publisher":{"@id":"https:\/\/www.tcuentaslp.gob.ar\/#organization"},"potentialAction":[{"@type":"SearchAction","target":{"@type":"EntryPoint","urlTemplate":"https:\/\/www.tcuentaslp.gob.ar\/?s={search_term_string}"},"query-input":"required name=search_term_string"}],"inLanguage":"es-AR"},{"@type":"Organization","@id":"https:\/\/www.tcuentaslp.gob.ar\/#organization","name":"Tribunal de Cuentas de La Pampa","url":"https:\/\/www.tcuentaslp.gob.ar\/","logo":{"@type":"ImageObject","inLanguage":"es-AR","@id":"https:\/\/www.tcuentaslp.gob.ar\/#\/schema\/logo\/image\/","url":"http:\/\/www.tcuentaslp.gob.ar\/wp-content\/uploads\/2017\/10\/logo_tribunal.png","contentUrl":"http:\/\/www.tcuentaslp.gob.ar\/wp-content\/uploads\/2017\/10\/logo_tribunal.png","width":200,"height":204,"caption":"Tribunal de Cuentas de La Pampa"},"image":{"@id":"https:\/\/www.tcuentaslp.gob.ar\/#\/schema\/logo\/image\/"},"sameAs":["https:\/\/es-la.facebook.com\/TdeCLaPampa\/"]}]}},"_links":{"self":[{"href":"https:\/\/www.tcuentaslp.gob.ar\/index.php?rest_route=\/wp\/v2\/pages\/1556"}],"collection":[{"href":"https:\/\/www.tcuentaslp.gob.ar\/index.php?rest_route=\/wp\/v2\/pages"}],"about":[{"href":"https:\/\/www.tcuentaslp.gob.ar\/index.php?rest_route=\/wp\/v2\/types\/page"}],"author":[{"embeddable":true,"href":"https:\/\/www.tcuentaslp.gob.ar\/index.php?rest_route=\/wp\/v2\/users\/1"}],"replies":[{"embeddable":true,"href":"https:\/\/www.tcuentaslp.gob.ar\/index.php?rest_route=%2Fwp%2Fv2%2Fcomments&post=1556"}],"version-history":[{"count":3,"href":"https:\/\/www.tcuentaslp.gob.ar\/index.php?rest_route=\/wp\/v2\/pages\/1556\/revisions"}],"predecessor-version":[{"id":1560,"href":"https:\/\/www.tcuentaslp.gob.ar\/index.php?rest_route=\/wp\/v2\/pages\/1556\/revisions\/1560"}],"wp:attachment":[{"href":"https:\/\/www.tcuentaslp.gob.ar\/index.php?rest_route=%2Fwp%2Fv2%2Fmedia&parent=1556"}],"curies":[{"name":"wp","href":"https:\/\/api.w.org\/{rel}","templated":true}]}}