{"id":1561,"date":"2018-10-16T10:41:58","date_gmt":"2018-10-16T13:41:58","guid":{"rendered":"http:\/\/www.tcuentaslp.gob.ar\/?page_id=1561"},"modified":"2018-10-16T10:45:37","modified_gmt":"2018-10-16T13:45:37","slug":"sugerencia-de-modelo-de-presentacion","status":"publish","type":"page","link":"https:\/\/www.tcuentaslp.gob.ar\/?page_id=1561","title":{"rendered":"Sugerencia de Modelo de Presentaci\u00f3n"},"content":{"rendered":"<p style=\"text-align: justify;\">CAR\u00c1TULA<\/p>\n<p style=\"text-align: justify;\">La misma debe indicar el Nombre de la Instituci\u00f3n que rinde el Subsidio, el Per\u00edodo que abarca y la Cantidad de Fojas que contiene dicha rendici\u00f3n.<\/p>\n<p style=\"text-align: justify;\">CUADRO O NOTA RESUMEN:<\/p>\n<p style=\"text-align: justify;\">Debe indicar en orden cronol\u00f3gico la fecha en que se recibi\u00f3 el subsidio, el diputado que\u00a0 lo otorg\u00f3 y cu\u00e1l fue su destino, que puede ser afrontar gastos o\u00a0 ser entregado a personas f\u00edsicas cuando est\u00e9 permitido. Para mayor claridad de los Cuentadantes, se sugiere como modelo el Cuadro Adjunto.<\/p>\n<p style=\"text-align: justify;\">ARMADO DE LA RENDICI\u00d3N<\/p>\n<p style=\"text-align: justify;\">Se debe anexar por cada subsidio recibido de la C\u00e1mara de Diputados, en forma cronol\u00f3gica:<\/p>\n<p style=\"text-align: justify;\">1- Nota de Solicitud de Subsidio explicando su destino, que cuente con firma de recepci\u00f3n de la propia C\u00e1mara o del Legislador otorgante o su representante.<\/p>\n<p style=\"text-align: justify;\">2- Recibo Oficial (original) de Otorgamiento de Subsidio, con todos sus datos completos y firmado por el representante del organismo recepcionante y por el legislador.<\/p>\n<p style=\"text-align: justify;\">3- Comprobantes que respaldan el destino del subsidio recepcionado, los cuales deben coincidir con el mencionado en la nota de solicitud.<\/p>\n<p style=\"text-align: justify;\">4- Adem\u00e1s pueden ser incorporadas notas que los responsables de las Instituciones crean conveniente para colaborar en el entendimiento de la rendici\u00f3n.<\/p>\n<p style=\"text-align: justify;\">5- Copia Certificada del Estatuto de la Instituci\u00f3n que presenta la rendici\u00f3n.<\/p>\n<p style=\"text-align: justify;\">Aclaraci\u00f3n: Toda esta documentaci\u00f3n debe estar foliada (numerada) en forma ascendente.<\/p>\n<p style=\"text-align: justify;\">NOTA DE ELEVACI\u00d3N:<\/p>\n<p style=\"text-align: justify;\">Se deber\u00e1 presentar Nota de Elevaci\u00f3n de la Rendici\u00f3n por duplicado. Una de ellas debe ser recepcionada por el responsable de Mesa de Entradas y Salidas del Tribunal de Cuentas en la que conste sello y firma del mismo y ser entregada a la Instituci\u00f3n como constancia de presentaci\u00f3n de rendici\u00f3n. La otra nota debe ser anexada al final del cuerpo de rendici\u00f3n. Sugerencia Nota de Elevaci\u00f3n<\/p>\n<p style=\"text-align: justify;\">\n","protected":false},"excerpt":{"rendered":"<p>CAR\u00c1TULA La misma debe indicar el Nombre de la Instituci\u00f3n que rinde el Subsidio, el Per\u00edodo que abarca y la &#8230; <a title=\"Sugerencia de Modelo de Presentaci\u00f3n\" class=\"read-more\" href=\"https:\/\/www.tcuentaslp.gob.ar\/?page_id=1561\">Leer m\u00e1s&#8230;<\/a><\/p>\n","protected":false},"author":1,"featured_media":0,"parent":0,"menu_order":0,"comment_status":"closed","ping_status":"closed","template":"","meta":{"generate_page_header":""},"yoast_head":"<!-- This site is optimized with the Yoast SEO plugin v20.12 - https:\/\/yoast.com\/wordpress\/plugins\/seo\/ -->\n<title>Sugerencia de Modelo de Presentaci\u00f3n -<\/title>\n<meta name=\"robots\" content=\"index, follow, max-snippet:-1, max-image-preview:large, max-video-preview:-1\" \/>\n<link rel=\"canonical\" href=\"https:\/\/www.tcuentaslp.gob.ar\/?page_id=1561\" \/>\n<meta property=\"og:locale\" content=\"es_ES\" \/>\n<meta property=\"og:type\" content=\"article\" \/>\n<meta property=\"og:title\" content=\"Sugerencia de Modelo de Presentaci\u00f3n -\" \/>\n<meta property=\"og:description\" content=\"CAR\u00c1TULA La misma debe indicar el Nombre de la Instituci\u00f3n que rinde el Subsidio, el Per\u00edodo que abarca y la ... Leer m\u00e1s...\" \/>\n<meta property=\"og:url\" content=\"https:\/\/www.tcuentaslp.gob.ar\/?page_id=1561\" \/>\n<meta property=\"article:publisher\" content=\"https:\/\/es-la.facebook.com\/TdeCLaPampa\/\" \/>\n<meta property=\"article:modified_time\" content=\"2018-10-16T13:45:37+00:00\" \/>\n<meta name=\"twitter:card\" content=\"summary_large_image\" \/>\n<meta name=\"twitter:label1\" content=\"Tiempo de lectura\" \/>\n\t<meta name=\"twitter:data1\" content=\"2 minutos\" \/>\n<script type=\"application\/ld+json\" class=\"yoast-schema-graph\">{\"@context\":\"https:\/\/schema.org\",\"@graph\":[{\"@type\":\"WebPage\",\"@id\":\"https:\/\/www.tcuentaslp.gob.ar\/?page_id=1561\",\"url\":\"https:\/\/www.tcuentaslp.gob.ar\/?page_id=1561\",\"name\":\"Sugerencia de Modelo de Presentaci\u00f3n -\",\"isPartOf\":{\"@id\":\"https:\/\/www.tcuentaslp.gob.ar\/#website\"},\"datePublished\":\"2018-10-16T13:41:58+00:00\",\"dateModified\":\"2018-10-16T13:45:37+00:00\",\"breadcrumb\":{\"@id\":\"https:\/\/www.tcuentaslp.gob.ar\/?page_id=1561#breadcrumb\"},\"inLanguage\":\"es-AR\",\"potentialAction\":[{\"@type\":\"ReadAction\",\"target\":[\"https:\/\/www.tcuentaslp.gob.ar\/?page_id=1561\"]}]},{\"@type\":\"BreadcrumbList\",\"@id\":\"https:\/\/www.tcuentaslp.gob.ar\/?page_id=1561#breadcrumb\",\"itemListElement\":[{\"@type\":\"ListItem\",\"position\":1,\"name\":\"Inicio\",\"item\":\"https:\/\/www.tcuentaslp.gob.ar\/\"},{\"@type\":\"ListItem\",\"position\":2,\"name\":\"Sugerencia de Modelo de Presentaci\u00f3n\"}]},{\"@type\":\"WebSite\",\"@id\":\"https:\/\/www.tcuentaslp.gob.ar\/#website\",\"url\":\"https:\/\/www.tcuentaslp.gob.ar\/\",\"name\":\"Tribunal de Cuentas de La Pampa\",\"description\":\"\",\"publisher\":{\"@id\":\"https:\/\/www.tcuentaslp.gob.ar\/#organization\"},\"potentialAction\":[{\"@type\":\"SearchAction\",\"target\":{\"@type\":\"EntryPoint\",\"urlTemplate\":\"https:\/\/www.tcuentaslp.gob.ar\/?s={search_term_string}\"},\"query-input\":\"required name=search_term_string\"}],\"inLanguage\":\"es-AR\"},{\"@type\":\"Organization\",\"@id\":\"https:\/\/www.tcuentaslp.gob.ar\/#organization\",\"name\":\"Tribunal de Cuentas de La Pampa\",\"url\":\"https:\/\/www.tcuentaslp.gob.ar\/\",\"logo\":{\"@type\":\"ImageObject\",\"inLanguage\":\"es-AR\",\"@id\":\"https:\/\/www.tcuentaslp.gob.ar\/#\/schema\/logo\/image\/\",\"url\":\"http:\/\/www.tcuentaslp.gob.ar\/wp-content\/uploads\/2017\/10\/logo_tribunal.png\",\"contentUrl\":\"http:\/\/www.tcuentaslp.gob.ar\/wp-content\/uploads\/2017\/10\/logo_tribunal.png\",\"width\":200,\"height\":204,\"caption\":\"Tribunal de Cuentas de La Pampa\"},\"image\":{\"@id\":\"https:\/\/www.tcuentaslp.gob.ar\/#\/schema\/logo\/image\/\"},\"sameAs\":[\"https:\/\/es-la.facebook.com\/TdeCLaPampa\/\"]}]}<\/script>\n<!-- \/ Yoast SEO plugin. -->","yoast_head_json":{"title":"Sugerencia de Modelo de Presentaci\u00f3n -","robots":{"index":"index","follow":"follow","max-snippet":"max-snippet:-1","max-image-preview":"max-image-preview:large","max-video-preview":"max-video-preview:-1"},"canonical":"https:\/\/www.tcuentaslp.gob.ar\/?page_id=1561","og_locale":"es_ES","og_type":"article","og_title":"Sugerencia de Modelo de Presentaci\u00f3n -","og_description":"CAR\u00c1TULA La misma debe indicar el Nombre de la Instituci\u00f3n que rinde el Subsidio, el Per\u00edodo que abarca y la ... Leer m\u00e1s...","og_url":"https:\/\/www.tcuentaslp.gob.ar\/?page_id=1561","article_publisher":"https:\/\/es-la.facebook.com\/TdeCLaPampa\/","article_modified_time":"2018-10-16T13:45:37+00:00","twitter_card":"summary_large_image","twitter_misc":{"Tiempo de lectura":"2 minutos"},"schema":{"@context":"https:\/\/schema.org","@graph":[{"@type":"WebPage","@id":"https:\/\/www.tcuentaslp.gob.ar\/?page_id=1561","url":"https:\/\/www.tcuentaslp.gob.ar\/?page_id=1561","name":"Sugerencia de Modelo de Presentaci\u00f3n -","isPartOf":{"@id":"https:\/\/www.tcuentaslp.gob.ar\/#website"},"datePublished":"2018-10-16T13:41:58+00:00","dateModified":"2018-10-16T13:45:37+00:00","breadcrumb":{"@id":"https:\/\/www.tcuentaslp.gob.ar\/?page_id=1561#breadcrumb"},"inLanguage":"es-AR","potentialAction":[{"@type":"ReadAction","target":["https:\/\/www.tcuentaslp.gob.ar\/?page_id=1561"]}]},{"@type":"BreadcrumbList","@id":"https:\/\/www.tcuentaslp.gob.ar\/?page_id=1561#breadcrumb","itemListElement":[{"@type":"ListItem","position":1,"name":"Inicio","item":"https:\/\/www.tcuentaslp.gob.ar\/"},{"@type":"ListItem","position":2,"name":"Sugerencia de Modelo de Presentaci\u00f3n"}]},{"@type":"WebSite","@id":"https:\/\/www.tcuentaslp.gob.ar\/#website","url":"https:\/\/www.tcuentaslp.gob.ar\/","name":"Tribunal de Cuentas de La Pampa","description":"","publisher":{"@id":"https:\/\/www.tcuentaslp.gob.ar\/#organization"},"potentialAction":[{"@type":"SearchAction","target":{"@type":"EntryPoint","urlTemplate":"https:\/\/www.tcuentaslp.gob.ar\/?s={search_term_string}"},"query-input":"required name=search_term_string"}],"inLanguage":"es-AR"},{"@type":"Organization","@id":"https:\/\/www.tcuentaslp.gob.ar\/#organization","name":"Tribunal de Cuentas de La Pampa","url":"https:\/\/www.tcuentaslp.gob.ar\/","logo":{"@type":"ImageObject","inLanguage":"es-AR","@id":"https:\/\/www.tcuentaslp.gob.ar\/#\/schema\/logo\/image\/","url":"http:\/\/www.tcuentaslp.gob.ar\/wp-content\/uploads\/2017\/10\/logo_tribunal.png","contentUrl":"http:\/\/www.tcuentaslp.gob.ar\/wp-content\/uploads\/2017\/10\/logo_tribunal.png","width":200,"height":204,"caption":"Tribunal de Cuentas de La Pampa"},"image":{"@id":"https:\/\/www.tcuentaslp.gob.ar\/#\/schema\/logo\/image\/"},"sameAs":["https:\/\/es-la.facebook.com\/TdeCLaPampa\/"]}]}},"_links":{"self":[{"href":"https:\/\/www.tcuentaslp.gob.ar\/index.php?rest_route=\/wp\/v2\/pages\/1561"}],"collection":[{"href":"https:\/\/www.tcuentaslp.gob.ar\/index.php?rest_route=\/wp\/v2\/pages"}],"about":[{"href":"https:\/\/www.tcuentaslp.gob.ar\/index.php?rest_route=\/wp\/v2\/types\/page"}],"author":[{"embeddable":true,"href":"https:\/\/www.tcuentaslp.gob.ar\/index.php?rest_route=\/wp\/v2\/users\/1"}],"replies":[{"embeddable":true,"href":"https:\/\/www.tcuentaslp.gob.ar\/index.php?rest_route=%2Fwp%2Fv2%2Fcomments&post=1561"}],"version-history":[{"count":4,"href":"https:\/\/www.tcuentaslp.gob.ar\/index.php?rest_route=\/wp\/v2\/pages\/1561\/revisions"}],"predecessor-version":[{"id":1565,"href":"https:\/\/www.tcuentaslp.gob.ar\/index.php?rest_route=\/wp\/v2\/pages\/1561\/revisions\/1565"}],"wp:attachment":[{"href":"https:\/\/www.tcuentaslp.gob.ar\/index.php?rest_route=%2Fwp%2Fv2%2Fmedia&parent=1561"}],"curies":[{"name":"wp","href":"https:\/\/api.w.org\/{rel}","templated":true}]}}