{"id":1913,"date":"2018-10-29T10:56:45","date_gmt":"2018-10-29T13:56:45","guid":{"rendered":"http:\/\/www.tcuentaslp.gob.ar\/?page_id=1913"},"modified":"2018-10-29T10:56:45","modified_gmt":"2018-10-29T13:56:45","slug":"licencias-no-gozadas-en-el-marco-de-la-ley-no-643-parte-2","status":"publish","type":"page","link":"https:\/\/www.tcuentaslp.gob.ar\/?page_id=1913","title":{"rendered":"Licencias no gozadas en el marco de la Ley n\u00ba 643 &#8211; Parte 2."},"content":{"rendered":"<p style=\"text-align:justify\">El derecho a\u00a0la percepci\u00f3n de los haberes correspondientes al per\u00edodo de Licencia para Descanso Anual no usufructuadas se encuentra legislado en el art\u00edculo 117 \u00a0y 122 de la Ley 643 y\u00a0en el Decreto Reglamentario N\u00ba 2270\/92.<br \/>En el marco del art\u00edculo 117\u00ba:\u00a0<\/p>\n<p style=\"text-align:justify\"><strong>\u00bfQui\u00e9n otorga la licencia para descanso anual?<\/strong><\/p>\n<p style=\"text-align:justify\">La Licencia para Descanso Anual ser\u00e1 otorgada por el jefe de la repartici\u00f3n donde el agente presta servicio.<\/p>\n<p style=\"text-align:justify\"><strong>\u00bfCu\u00e1ndo debe solicitarse la licencia para descanso anual?<\/strong><\/p>\n<p style=\"text-align:justify\">La solicitud respectiva deber\u00e1 formularse 90 d\u00edas antes de la fecha propuesta para la iniciaci\u00f3n.\u00a0<\/p>\n<p style=\"text-align:justify\"><strong>\u00bfQu\u00e9 debe hacer el organismo donde presta servicio el agente?<\/strong><\/p>\n<p style=\"text-align:justify\">Previa comprobaci\u00f3n de la antig\u00fcedad acreditada, se le notificar\u00e1 la resoluci\u00f3n que se adopte, con 30 d\u00edas de anticipaci\u00f3n al comienzo de la licencia.<\/p>\n<p style=\"text-align:justify\"><strong>\u00bfPuede el organismo donde presta servicios postergar las licencias anuales?<\/strong><\/p>\n<p style=\"text-align:justify\">Por resoluci\u00f3n ministerial o\u00a0de autoridad competente, por razones de servicio debidamente fundadas, podr\u00e1 ser postergada dentro del mismo a\u00f1o o\u00a0transferida al siguiente.\u00a0<\/p>\n<p style=\"text-align:justify\"><strong>\u00bfQu\u00e9 otro tipo de licencias se pueden transferir?<\/strong><\/p>\n<p style=\"text-align:justify\">Se transferir\u00e1n al a\u00f1o siguiente las licencias que el agente no hubiera podido utilizar por encontrarse en uso de las licencias previstas en los art\u00edculos:<\/p>\n<p style=\"text-align:justify\"> 127 incisos a): Licencia por enfermedad corto tratamiento.<br \/> 127 incisos b): Licencia por enfermedad largo tratamiento hasta 2\u00a0a\u00f1os.<br \/> 127 incisos c): Licencia por enfermedad largo tratamiento hasta 3\u00a0a\u00f1os.<br \/> 133: Licencia por maternidad<br \/>Ley 1349: Licencia especial para tratamiento de hijo discapacitado. <br \/>Decreto N\u00ba 2270\/1992<\/p>\n<p style=\"text-align:justify\"><strong>\u00bfCu\u00e1ndo se debe hacer uso y\u00a0goce de la Licencia para descanso anual?<\/strong><\/p>\n<p style=\"text-align:justify\">Esto esta previsto en el Decreto N\u00ba 2270\/1992 ,\u00a0reglamentario del art\u00edculo 116 de la Ley 643, que establece:<br \/>los agentes de la Administraci\u00f3n P\u00fablica Provincial, deber\u00e1n hacer uso y\u00a0goce de la licencia anual, en forma obligatoria durante el bimestre enero y\u00a0febrero y\u00a0durante el per\u00edodo de receso escolar invernal.<\/p>\n<p style=\"text-align:justify\"><strong>\u00bfPueden ser compensadas en dinero?<\/strong><\/p>\n<p style=\"text-align:justify\">El decreto en el mismo art\u00edculo 116 establece:<br \/>Su uso y\u00a0goce es de car\u00e1cter obligatorio y\u00a0no ser\u00e1n compensadas en forma dineraria .<\/p>\n<p style=\"text-align:justify\"><strong>\u00bfExisten excepciones?<\/strong><\/p>\n<p style=\"text-align:justify\">En el mismo art\u00edculo 116 se establece:<br \/>salvo los supuestos contemplados en el art\u00edculo 122 de la Ley N\u00ba 643.<\/p>\n<p style=\"text-align:justify\"><strong>\u00bfCu\u00e1les son esos supuestos?<\/strong><\/p>\n<p style=\"text-align:justify\">El art\u00edculo 122 establece que el derecho a\u00a0las licencias previstas en este Estatuto se extingue con la cesaci\u00f3n definitiva del agente en el servicio.<br \/>Tendr\u00e1n derecho a\u00a0la percepci\u00f3n, en forma proporcional, de los haberes correspondientes al per\u00edodo de Licencia para Descanso Anual por el a\u00f1o calendario en que se produzca la baja, el propio agente o\u00a0sus derecho habientes<br \/>Igualmente tendr\u00e1 derecho a\u00a0la percepci\u00f3n de haberes por las licencias para descanso anual y\u00a0francos compensatorios, pendientes de utilizaci\u00f3n.<\/p>\n<p style=\"text-align:justify\"><strong>\u00bfCu\u00e1ndo no se reconocer\u00e1 las licencias no gozadas?<\/strong><\/p>\n<p style=\"text-align:justify\">El art\u00edculo 117 del Decreto reglamentario establece que:\u00a0<br \/>No se admitir\u00e1n ni reconocer\u00e1n licencias anuales postergadas por razones de servicio que no se hubieran solicitado en t\u00e9rmino y\u00a0no re\u00fanan las formalidades establecidas por la Ley.<\/p>\n<p style=\"text-align:justify\"><strong>\u00bfPor cu\u00e1nto tiempo se pueden postergar las licencias?<\/strong><\/p>\n<p style=\"text-align:justify\">Solamente y\u00a0sin excepciones podr\u00e1 postergarse la licencia anual por razones de servicio \u00fanicamente por el per\u00edodo de un (1) a\u00f1o.<br \/>La Resoluci\u00f3n que deniegue o\u00a0postergue la licencia anual podr\u00e1 ser recurrida por la v\u00eda administrativa correspondiente. (art. 117 del Decreto 2270\/92)\u00a0<\/p>\n<p style=\"text-align:justify\"><strong>\u00bfQu\u00e9 per\u00edodo es obligatorio tomarse?<\/strong><\/p>\n<p style=\"text-align:justify\">El uso y\u00a0goce de la licencia para descanso anual deber\u00e1 utilizarse el ochenta por ciento (80%), durante el bimestre enero-febrero y\u00a0su saldo deber\u00e1 utilizarse en el receso invernal. (art\u00edculo 118 del Decreto Reglamentario).\n<\/p>\n<p style=\"text-align:justify\">\n","protected":false},"excerpt":{"rendered":"<p>El derecho a\u00a0la percepci\u00f3n de los haberes correspondientes al per\u00edodo de Licencia para Descanso Anual no usufructuadas se encuentra legislado &#8230; <a title=\"Licencias no gozadas en el marco de la Ley n\u00ba 643 &#8211; Parte 2.\" class=\"read-more\" href=\"https:\/\/www.tcuentaslp.gob.ar\/?page_id=1913\">Leer m\u00e1s&#8230;<\/a><\/p>\n","protected":false},"author":1,"featured_media":0,"parent":0,"menu_order":0,"comment_status":"closed","ping_status":"closed","template":"","meta":{"generate_page_header":""},"yoast_head":"<!-- This site is optimized with the Yoast SEO plugin v20.12 - https:\/\/yoast.com\/wordpress\/plugins\/seo\/ -->\n<title>Licencias no gozadas en el marco de la Ley n\u00ba 643 - Parte 2. -<\/title>\n<meta name=\"robots\" content=\"index, follow, max-snippet:-1, max-image-preview:large, max-video-preview:-1\" \/>\n<link rel=\"canonical\" href=\"https:\/\/www.tcuentaslp.gob.ar\/?page_id=1913\" \/>\n<meta property=\"og:locale\" content=\"es_ES\" \/>\n<meta property=\"og:type\" content=\"article\" \/>\n<meta property=\"og:title\" content=\"Licencias no gozadas en el marco de la Ley n\u00ba 643 - Parte 2. -\" \/>\n<meta property=\"og:description\" content=\"El derecho a\u00a0la percepci\u00f3n de los haberes correspondientes al per\u00edodo de Licencia para Descanso Anual no usufructuadas se encuentra legislado ... Leer m\u00e1s...\" \/>\n<meta property=\"og:url\" content=\"https:\/\/www.tcuentaslp.gob.ar\/?page_id=1913\" \/>\n<meta property=\"article:publisher\" content=\"https:\/\/es-la.facebook.com\/TdeCLaPampa\/\" \/>\n<meta name=\"twitter:card\" content=\"summary_large_image\" \/>\n<meta name=\"twitter:label1\" content=\"Tiempo de lectura\" \/>\n\t<meta name=\"twitter:data1\" content=\"3 minutos\" \/>\n<script type=\"application\/ld+json\" class=\"yoast-schema-graph\">{\"@context\":\"https:\/\/schema.org\",\"@graph\":[{\"@type\":\"WebPage\",\"@id\":\"https:\/\/www.tcuentaslp.gob.ar\/?page_id=1913\",\"url\":\"https:\/\/www.tcuentaslp.gob.ar\/?page_id=1913\",\"name\":\"Licencias no gozadas en el marco de la Ley n\u00ba 643 - Parte 2. -\",\"isPartOf\":{\"@id\":\"https:\/\/www.tcuentaslp.gob.ar\/#website\"},\"datePublished\":\"2018-10-29T13:56:45+00:00\",\"dateModified\":\"2018-10-29T13:56:45+00:00\",\"breadcrumb\":{\"@id\":\"https:\/\/www.tcuentaslp.gob.ar\/?page_id=1913#breadcrumb\"},\"inLanguage\":\"es-AR\",\"potentialAction\":[{\"@type\":\"ReadAction\",\"target\":[\"https:\/\/www.tcuentaslp.gob.ar\/?page_id=1913\"]}]},{\"@type\":\"BreadcrumbList\",\"@id\":\"https:\/\/www.tcuentaslp.gob.ar\/?page_id=1913#breadcrumb\",\"itemListElement\":[{\"@type\":\"ListItem\",\"position\":1,\"name\":\"Inicio\",\"item\":\"https:\/\/www.tcuentaslp.gob.ar\/\"},{\"@type\":\"ListItem\",\"position\":2,\"name\":\"Licencias no gozadas en el marco de la Ley n\u00ba 643 &#8211; Parte 2.\"}]},{\"@type\":\"WebSite\",\"@id\":\"https:\/\/www.tcuentaslp.gob.ar\/#website\",\"url\":\"https:\/\/www.tcuentaslp.gob.ar\/\",\"name\":\"Tribunal de Cuentas de La Pampa\",\"description\":\"\",\"publisher\":{\"@id\":\"https:\/\/www.tcuentaslp.gob.ar\/#organization\"},\"potentialAction\":[{\"@type\":\"SearchAction\",\"target\":{\"@type\":\"EntryPoint\",\"urlTemplate\":\"https:\/\/www.tcuentaslp.gob.ar\/?s={search_term_string}\"},\"query-input\":\"required name=search_term_string\"}],\"inLanguage\":\"es-AR\"},{\"@type\":\"Organization\",\"@id\":\"https:\/\/www.tcuentaslp.gob.ar\/#organization\",\"name\":\"Tribunal de Cuentas de La Pampa\",\"url\":\"https:\/\/www.tcuentaslp.gob.ar\/\",\"logo\":{\"@type\":\"ImageObject\",\"inLanguage\":\"es-AR\",\"@id\":\"https:\/\/www.tcuentaslp.gob.ar\/#\/schema\/logo\/image\/\",\"url\":\"http:\/\/www.tcuentaslp.gob.ar\/wp-content\/uploads\/2017\/10\/logo_tribunal.png\",\"contentUrl\":\"http:\/\/www.tcuentaslp.gob.ar\/wp-content\/uploads\/2017\/10\/logo_tribunal.png\",\"width\":200,\"height\":204,\"caption\":\"Tribunal de Cuentas de La Pampa\"},\"image\":{\"@id\":\"https:\/\/www.tcuentaslp.gob.ar\/#\/schema\/logo\/image\/\"},\"sameAs\":[\"https:\/\/es-la.facebook.com\/TdeCLaPampa\/\"]}]}<\/script>\n<!-- \/ Yoast SEO plugin. -->","yoast_head_json":{"title":"Licencias no gozadas en el marco de la Ley n\u00ba 643 - Parte 2. -","robots":{"index":"index","follow":"follow","max-snippet":"max-snippet:-1","max-image-preview":"max-image-preview:large","max-video-preview":"max-video-preview:-1"},"canonical":"https:\/\/www.tcuentaslp.gob.ar\/?page_id=1913","og_locale":"es_ES","og_type":"article","og_title":"Licencias no gozadas en el marco de la Ley n\u00ba 643 - Parte 2. -","og_description":"El derecho a\u00a0la percepci\u00f3n de los haberes correspondientes al per\u00edodo de Licencia para Descanso Anual no usufructuadas se encuentra legislado ... Leer m\u00e1s...","og_url":"https:\/\/www.tcuentaslp.gob.ar\/?page_id=1913","article_publisher":"https:\/\/es-la.facebook.com\/TdeCLaPampa\/","twitter_card":"summary_large_image","twitter_misc":{"Tiempo de lectura":"3 minutos"},"schema":{"@context":"https:\/\/schema.org","@graph":[{"@type":"WebPage","@id":"https:\/\/www.tcuentaslp.gob.ar\/?page_id=1913","url":"https:\/\/www.tcuentaslp.gob.ar\/?page_id=1913","name":"Licencias no gozadas en el marco de la Ley n\u00ba 643 - Parte 2. -","isPartOf":{"@id":"https:\/\/www.tcuentaslp.gob.ar\/#website"},"datePublished":"2018-10-29T13:56:45+00:00","dateModified":"2018-10-29T13:56:45+00:00","breadcrumb":{"@id":"https:\/\/www.tcuentaslp.gob.ar\/?page_id=1913#breadcrumb"},"inLanguage":"es-AR","potentialAction":[{"@type":"ReadAction","target":["https:\/\/www.tcuentaslp.gob.ar\/?page_id=1913"]}]},{"@type":"BreadcrumbList","@id":"https:\/\/www.tcuentaslp.gob.ar\/?page_id=1913#breadcrumb","itemListElement":[{"@type":"ListItem","position":1,"name":"Inicio","item":"https:\/\/www.tcuentaslp.gob.ar\/"},{"@type":"ListItem","position":2,"name":"Licencias no gozadas en el marco de la Ley n\u00ba 643 &#8211; Parte 2."}]},{"@type":"WebSite","@id":"https:\/\/www.tcuentaslp.gob.ar\/#website","url":"https:\/\/www.tcuentaslp.gob.ar\/","name":"Tribunal de Cuentas de La Pampa","description":"","publisher":{"@id":"https:\/\/www.tcuentaslp.gob.ar\/#organization"},"potentialAction":[{"@type":"SearchAction","target":{"@type":"EntryPoint","urlTemplate":"https:\/\/www.tcuentaslp.gob.ar\/?s={search_term_string}"},"query-input":"required name=search_term_string"}],"inLanguage":"es-AR"},{"@type":"Organization","@id":"https:\/\/www.tcuentaslp.gob.ar\/#organization","name":"Tribunal de Cuentas de La Pampa","url":"https:\/\/www.tcuentaslp.gob.ar\/","logo":{"@type":"ImageObject","inLanguage":"es-AR","@id":"https:\/\/www.tcuentaslp.gob.ar\/#\/schema\/logo\/image\/","url":"http:\/\/www.tcuentaslp.gob.ar\/wp-content\/uploads\/2017\/10\/logo_tribunal.png","contentUrl":"http:\/\/www.tcuentaslp.gob.ar\/wp-content\/uploads\/2017\/10\/logo_tribunal.png","width":200,"height":204,"caption":"Tribunal de Cuentas de La Pampa"},"image":{"@id":"https:\/\/www.tcuentaslp.gob.ar\/#\/schema\/logo\/image\/"},"sameAs":["https:\/\/es-la.facebook.com\/TdeCLaPampa\/"]}]}},"_links":{"self":[{"href":"https:\/\/www.tcuentaslp.gob.ar\/index.php?rest_route=\/wp\/v2\/pages\/1913"}],"collection":[{"href":"https:\/\/www.tcuentaslp.gob.ar\/index.php?rest_route=\/wp\/v2\/pages"}],"about":[{"href":"https:\/\/www.tcuentaslp.gob.ar\/index.php?rest_route=\/wp\/v2\/types\/page"}],"author":[{"embeddable":true,"href":"https:\/\/www.tcuentaslp.gob.ar\/index.php?rest_route=\/wp\/v2\/users\/1"}],"replies":[{"embeddable":true,"href":"https:\/\/www.tcuentaslp.gob.ar\/index.php?rest_route=%2Fwp%2Fv2%2Fcomments&post=1913"}],"version-history":[{"count":1,"href":"https:\/\/www.tcuentaslp.gob.ar\/index.php?rest_route=\/wp\/v2\/pages\/1913\/revisions"}],"predecessor-version":[{"id":1914,"href":"https:\/\/www.tcuentaslp.gob.ar\/index.php?rest_route=\/wp\/v2\/pages\/1913\/revisions\/1914"}],"wp:attachment":[{"href":"https:\/\/www.tcuentaslp.gob.ar\/index.php?rest_route=%2Fwp%2Fv2%2Fmedia&parent=1913"}],"curies":[{"name":"wp","href":"https:\/\/api.w.org\/{rel}","templated":true}]}}