{"id":1955,"date":"2018-10-30T08:53:44","date_gmt":"2018-10-30T11:53:44","guid":{"rendered":"http:\/\/www.tcuentaslp.gob.ar\/?page_id=1955"},"modified":"2018-10-30T08:53:44","modified_gmt":"2018-10-30T11:53:44","slug":"ventajas-de-libre-office","status":"publish","type":"page","link":"https:\/\/www.tcuentaslp.gob.ar\/?page_id=1955","title":{"rendered":"Ventajas de Libre Office."},"content":{"rendered":"<p style=\"text-align: justify;\">La  instalaci\u00f3n del software<strong> LibreOffice<\/strong> tiene una serie de ventajas que hacen muy viable su utilizaci\u00f3n:<\/p>\n<p style=\"text-align: justify;\"><strong>* De c\u00f3digo abierto:<\/strong> Puede distribuir, copiar y modificar el software tanto como desee, en concordancia con las Licencias de C\u00f3digo Abierto de LibreOffice.<\/p>\n<p style=\"text-align: justify;\"><strong>* No hay pago de licencias:<\/strong> es libre para cualquiera que desee utilizarlo y distribuirlo. Muchas caracter\u00edsticas que est\u00e1n disponibles con costos extras en otras suites, son gratuitas con LibreOffice.<\/p>\n<p style=\"text-align: justify;\"><strong>* Multiplataforma:<\/strong> LibreOffice se ejecuta en varias arquitecturas de hardware y en m\u00faltiples sistemas operativos, tales como Microsoft Windows, Linux, Mac OS X y Sun Solaris.<\/p>\n<p style=\"text-align: justify;\"><strong>* Soporte extensivo de idiomas:<\/strong> La interfaz de usuario est\u00e1 disponible en m\u00e1s de 40 idiomas y el proyecto proporciona diccionarios ortogr\u00e1ficos, de divisi\u00f3n de palabras y de sin\u00f3nimos en m\u00e1s de 70 idiomas y dialectos.<\/p>\n<p style=\"text-align: justify;\"><strong>* Interfaz de usuario coherente:<\/strong> Todos los componentes tienen una apariencia similar, haci\u00e9ndolos f\u00e1ciles de utilizar y manejar.<\/p>\n<p style=\"text-align: justify;\"><strong>* Compatibilidad de archivos:<\/strong> Adem\u00e1s del formato nativo de OpenDocument, LibreOffice incluye funcionalidades de exportaci\u00f3n a PDF y Flash, as\u00ed como soporte para abrir y guardar archivos en muchos formatos comunes incluyendo Microsoft Office, HTML, XML, WordPerfect y Lotus 1-2-3. Una funcionalidad nueva de LibreOffice (utilizando una extensi\u00f3n) es la posibilidad de importar y editar algunos archivos PDF.<\/p>\n<p style=\"text-align: justify;\">LibreOffice  requiere uno de los siguientes sistemas operativos:<\/p>\n<p><strong>. Microsoft Windows<\/strong><br \/>\n<strong>. GNU\/Linux<\/strong><br \/>\n<strong>. Mac OS X<\/strong><\/p>\n<p style=\"text-align: justify;\">Por algunas de estas ventajas sobre el software actual, varios organismos p\u00fablicos est\u00e1n comenzando a implementar <strong>LibreOffice<\/strong>, incluido el Tribunal de Cuentas de nuestra provincia.<\/p>\n<p style=\"text-align: justify;\">A ese fin el Tribunal de Cuentas, como se expresara en ediciones anteriores, durante el ejercicio 2016 dictar\u00e1 las capacitaciones pertinentes a todo su personal y redactar\u00e1 la normativa y procedimientos que estime pertinentes.<\/p>\n","protected":false},"excerpt":{"rendered":"<p>La instalaci\u00f3n del software LibreOffice tiene una serie de ventajas que hacen muy viable su utilizaci\u00f3n: * De c\u00f3digo abierto: &#8230; <a title=\"Ventajas de Libre Office.\" class=\"read-more\" href=\"https:\/\/www.tcuentaslp.gob.ar\/?page_id=1955\">Leer m\u00e1s&#8230;<\/a><\/p>\n","protected":false},"author":1,"featured_media":0,"parent":0,"menu_order":0,"comment_status":"closed","ping_status":"closed","template":"","meta":{"generate_page_header":""},"yoast_head":"<!-- This site is optimized with the Yoast SEO plugin v20.12 - https:\/\/yoast.com\/wordpress\/plugins\/seo\/ -->\n<title>Ventajas de Libre Office. -<\/title>\n<meta name=\"robots\" content=\"index, follow, max-snippet:-1, max-image-preview:large, max-video-preview:-1\" \/>\n<link rel=\"canonical\" href=\"https:\/\/www.tcuentaslp.gob.ar\/?page_id=1955\" \/>\n<meta property=\"og:locale\" content=\"es_ES\" \/>\n<meta property=\"og:type\" content=\"article\" \/>\n<meta property=\"og:title\" content=\"Ventajas de Libre Office. -\" \/>\n<meta property=\"og:description\" content=\"La instalaci\u00f3n del software LibreOffice tiene una serie de ventajas que hacen muy viable su utilizaci\u00f3n: * De c\u00f3digo abierto: ... Leer m\u00e1s...\" \/>\n<meta property=\"og:url\" content=\"https:\/\/www.tcuentaslp.gob.ar\/?page_id=1955\" \/>\n<meta property=\"article:publisher\" content=\"https:\/\/es-la.facebook.com\/TdeCLaPampa\/\" \/>\n<meta name=\"twitter:card\" content=\"summary_large_image\" \/>\n<meta name=\"twitter:label1\" content=\"Tiempo de lectura\" \/>\n\t<meta name=\"twitter:data1\" content=\"1 minuto\" \/>\n<script type=\"application\/ld+json\" class=\"yoast-schema-graph\">{\"@context\":\"https:\/\/schema.org\",\"@graph\":[{\"@type\":\"WebPage\",\"@id\":\"https:\/\/www.tcuentaslp.gob.ar\/?page_id=1955\",\"url\":\"https:\/\/www.tcuentaslp.gob.ar\/?page_id=1955\",\"name\":\"Ventajas de Libre Office. -\",\"isPartOf\":{\"@id\":\"https:\/\/www.tcuentaslp.gob.ar\/#website\"},\"datePublished\":\"2018-10-30T11:53:44+00:00\",\"dateModified\":\"2018-10-30T11:53:44+00:00\",\"breadcrumb\":{\"@id\":\"https:\/\/www.tcuentaslp.gob.ar\/?page_id=1955#breadcrumb\"},\"inLanguage\":\"es-AR\",\"potentialAction\":[{\"@type\":\"ReadAction\",\"target\":[\"https:\/\/www.tcuentaslp.gob.ar\/?page_id=1955\"]}]},{\"@type\":\"BreadcrumbList\",\"@id\":\"https:\/\/www.tcuentaslp.gob.ar\/?page_id=1955#breadcrumb\",\"itemListElement\":[{\"@type\":\"ListItem\",\"position\":1,\"name\":\"Inicio\",\"item\":\"https:\/\/www.tcuentaslp.gob.ar\/\"},{\"@type\":\"ListItem\",\"position\":2,\"name\":\"Ventajas de Libre Office.\"}]},{\"@type\":\"WebSite\",\"@id\":\"https:\/\/www.tcuentaslp.gob.ar\/#website\",\"url\":\"https:\/\/www.tcuentaslp.gob.ar\/\",\"name\":\"Tribunal de Cuentas de La Pampa\",\"description\":\"\",\"publisher\":{\"@id\":\"https:\/\/www.tcuentaslp.gob.ar\/#organization\"},\"potentialAction\":[{\"@type\":\"SearchAction\",\"target\":{\"@type\":\"EntryPoint\",\"urlTemplate\":\"https:\/\/www.tcuentaslp.gob.ar\/?s={search_term_string}\"},\"query-input\":\"required name=search_term_string\"}],\"inLanguage\":\"es-AR\"},{\"@type\":\"Organization\",\"@id\":\"https:\/\/www.tcuentaslp.gob.ar\/#organization\",\"name\":\"Tribunal de Cuentas de La Pampa\",\"url\":\"https:\/\/www.tcuentaslp.gob.ar\/\",\"logo\":{\"@type\":\"ImageObject\",\"inLanguage\":\"es-AR\",\"@id\":\"https:\/\/www.tcuentaslp.gob.ar\/#\/schema\/logo\/image\/\",\"url\":\"http:\/\/www.tcuentaslp.gob.ar\/wp-content\/uploads\/2017\/10\/logo_tribunal.png\",\"contentUrl\":\"http:\/\/www.tcuentaslp.gob.ar\/wp-content\/uploads\/2017\/10\/logo_tribunal.png\",\"width\":200,\"height\":204,\"caption\":\"Tribunal de Cuentas de La Pampa\"},\"image\":{\"@id\":\"https:\/\/www.tcuentaslp.gob.ar\/#\/schema\/logo\/image\/\"},\"sameAs\":[\"https:\/\/es-la.facebook.com\/TdeCLaPampa\/\"]}]}<\/script>\n<!-- \/ Yoast SEO plugin. -->","yoast_head_json":{"title":"Ventajas de Libre Office. -","robots":{"index":"index","follow":"follow","max-snippet":"max-snippet:-1","max-image-preview":"max-image-preview:large","max-video-preview":"max-video-preview:-1"},"canonical":"https:\/\/www.tcuentaslp.gob.ar\/?page_id=1955","og_locale":"es_ES","og_type":"article","og_title":"Ventajas de Libre Office. -","og_description":"La instalaci\u00f3n del software LibreOffice tiene una serie de ventajas que hacen muy viable su utilizaci\u00f3n: * De c\u00f3digo abierto: ... Leer m\u00e1s...","og_url":"https:\/\/www.tcuentaslp.gob.ar\/?page_id=1955","article_publisher":"https:\/\/es-la.facebook.com\/TdeCLaPampa\/","twitter_card":"summary_large_image","twitter_misc":{"Tiempo de lectura":"1 minuto"},"schema":{"@context":"https:\/\/schema.org","@graph":[{"@type":"WebPage","@id":"https:\/\/www.tcuentaslp.gob.ar\/?page_id=1955","url":"https:\/\/www.tcuentaslp.gob.ar\/?page_id=1955","name":"Ventajas de Libre Office. -","isPartOf":{"@id":"https:\/\/www.tcuentaslp.gob.ar\/#website"},"datePublished":"2018-10-30T11:53:44+00:00","dateModified":"2018-10-30T11:53:44+00:00","breadcrumb":{"@id":"https:\/\/www.tcuentaslp.gob.ar\/?page_id=1955#breadcrumb"},"inLanguage":"es-AR","potentialAction":[{"@type":"ReadAction","target":["https:\/\/www.tcuentaslp.gob.ar\/?page_id=1955"]}]},{"@type":"BreadcrumbList","@id":"https:\/\/www.tcuentaslp.gob.ar\/?page_id=1955#breadcrumb","itemListElement":[{"@type":"ListItem","position":1,"name":"Inicio","item":"https:\/\/www.tcuentaslp.gob.ar\/"},{"@type":"ListItem","position":2,"name":"Ventajas de Libre Office."}]},{"@type":"WebSite","@id":"https:\/\/www.tcuentaslp.gob.ar\/#website","url":"https:\/\/www.tcuentaslp.gob.ar\/","name":"Tribunal de Cuentas de La Pampa","description":"","publisher":{"@id":"https:\/\/www.tcuentaslp.gob.ar\/#organization"},"potentialAction":[{"@type":"SearchAction","target":{"@type":"EntryPoint","urlTemplate":"https:\/\/www.tcuentaslp.gob.ar\/?s={search_term_string}"},"query-input":"required name=search_term_string"}],"inLanguage":"es-AR"},{"@type":"Organization","@id":"https:\/\/www.tcuentaslp.gob.ar\/#organization","name":"Tribunal de Cuentas de La Pampa","url":"https:\/\/www.tcuentaslp.gob.ar\/","logo":{"@type":"ImageObject","inLanguage":"es-AR","@id":"https:\/\/www.tcuentaslp.gob.ar\/#\/schema\/logo\/image\/","url":"http:\/\/www.tcuentaslp.gob.ar\/wp-content\/uploads\/2017\/10\/logo_tribunal.png","contentUrl":"http:\/\/www.tcuentaslp.gob.ar\/wp-content\/uploads\/2017\/10\/logo_tribunal.png","width":200,"height":204,"caption":"Tribunal de Cuentas de La Pampa"},"image":{"@id":"https:\/\/www.tcuentaslp.gob.ar\/#\/schema\/logo\/image\/"},"sameAs":["https:\/\/es-la.facebook.com\/TdeCLaPampa\/"]}]}},"_links":{"self":[{"href":"https:\/\/www.tcuentaslp.gob.ar\/index.php?rest_route=\/wp\/v2\/pages\/1955"}],"collection":[{"href":"https:\/\/www.tcuentaslp.gob.ar\/index.php?rest_route=\/wp\/v2\/pages"}],"about":[{"href":"https:\/\/www.tcuentaslp.gob.ar\/index.php?rest_route=\/wp\/v2\/types\/page"}],"author":[{"embeddable":true,"href":"https:\/\/www.tcuentaslp.gob.ar\/index.php?rest_route=\/wp\/v2\/users\/1"}],"replies":[{"embeddable":true,"href":"https:\/\/www.tcuentaslp.gob.ar\/index.php?rest_route=%2Fwp%2Fv2%2Fcomments&post=1955"}],"version-history":[{"count":1,"href":"https:\/\/www.tcuentaslp.gob.ar\/index.php?rest_route=\/wp\/v2\/pages\/1955\/revisions"}],"predecessor-version":[{"id":1956,"href":"https:\/\/www.tcuentaslp.gob.ar\/index.php?rest_route=\/wp\/v2\/pages\/1955\/revisions\/1956"}],"wp:attachment":[{"href":"https:\/\/www.tcuentaslp.gob.ar\/index.php?rest_route=%2Fwp%2Fv2%2Fmedia&parent=1955"}],"curies":[{"name":"wp","href":"https:\/\/api.w.org\/{rel}","templated":true}]}}