{"id":1961,"date":"2018-10-30T08:57:10","date_gmt":"2018-10-30T11:57:10","guid":{"rendered":"http:\/\/www.tcuentaslp.gob.ar\/?page_id=1961"},"modified":"2018-10-30T08:57:10","modified_gmt":"2018-10-30T11:57:10","slug":"normas-de-calidad-auditoria-interna","status":"publish","type":"page","link":"https:\/\/www.tcuentaslp.gob.ar\/?page_id=1961","title":{"rendered":"NORMAS DE CALIDAD &#8211; AUDITORIA INTERNA."},"content":{"rendered":"<p style=\"text-align: justify;\">Cuando se trata de demostrar que el ente evaluado (instituci\u00f3n, empresa, industria) cumple con una norma, aparece la posibilidad de utilizar una t\u00e9cnica conocida y probada: la auditor\u00eda.<\/p>\n<p style=\"text-align: justify;\">Hay muchos aspectos de la organizaci\u00f3n que no pueden ser controlados por medio de un sistema de informaci\u00f3n rutinario y permanente por distintos motivos. En algunos casos porque los datos no pueden ser cuantificados, o porque su recopilaci\u00f3n puede resultar costosa; en otros porque lo que se trata de determinar es justamente si el sistema de informaci\u00f3n se desempe\u00f1a correctamente. <\/p>\n<p style=\"text-align: justify;\">Claramente, en este orden de ideas vemos que la calidad tambi\u00e9n puede ser objeto de una auditor\u00eda. En una auditor\u00eda de calidad se tratar\u00e1 de corroborar la informaci\u00f3n obrante sobre el cumplimiento de las especificaciones.<\/p>\n<p style=\"text-align: justify;\">Las normas ISO enfatizan la importancia de las auditor\u00eda de calidad. Existen asimismo en la familia, las normas 9000, 9001 y 9004 que se refieren espec\u00edficamente a ellas.<\/p>\n<p style=\"text-align: justify;\">Fundamentalmente con las auditor\u00edas internas se demuestra si una actividad, un proceso, un producto o un sistema, es capaz de cumplir con los requisitos especificados en el Sistema de Gesti\u00f3n de Calidad, que pueden ser legales, reglamentarios o establecidos por la propia organizaci\u00f3n.<\/p>\n<p style=\"text-align: justify;\">La auditor\u00eda interna son tareas tales como evaluar, examinar, analizar o interpretar una o m\u00e1s caracter\u00edsticas de una actividad, un proceso, producto o servicio y cotejar los resultados con los requisitos especificados, con el fin de determinar si se obtiene la conformidad para cada una de esas caracter\u00edsticas.<\/p>\n<p style=\"text-align: justify;\">Las auditor\u00edas internas son llevadas a cabo por personal independiente,  que no tiene responsabilidad directa en los sectores por auditar, capacitado en las habilidades de auditar y que tenga comprensi\u00f3n del \u00e1rea que est\u00e1 auditando.<\/p>\n<p style=\"text-align: justify;\">Adem\u00e1s es fundamental indicar que uno de los objetivos de la calidad es evaluar la necesidad de mejoramiento o de acci\u00f3n correctiva.<\/p>\n<p style=\"text-align: justify;\">Seg\u00fan las Normas ISO 9001 y 9004 se \u201cdeben establecer, mantener y documentar procedimientos para planificar e implementar auditor\u00edas internas que permitan verificar si las actividades relativas a la calidad y sus resultados, cumplen las disposiciones planificadas y para evaluar la efectividad del sistema\u201d.<\/p>\n<p style=\"text-align: justify;\">Los resultados de las auditor\u00edas deben registrarse y forman parte de los datos utilizados en las actividades de revisi\u00f3n por la direcci\u00f3n.<\/p>\n<p style=\"text-align: justify;\">El Tribunal de Cuentas de la Provincia de La Pampa ha establecido dos auditor\u00edas internas anuales \u2013 se realizan normalmente en los meses de marzo y agosto de cada a\u00f1o \u2013 las cuales son debidamente normatizadas por la Resoluci\u00f3n respectiva,  en la cual se fijan: sectores a auditar, fecha de auditor\u00eda, responsables de auditor\u00eda y puntos de la norma a auditar.<\/p>\n<p style=\"text-align: justify;\">Existe un cuerpo de auditores capacitados, los cuales son liderados por el Encargado del cuerpo respectivo.<\/p>\n<p style=\"text-align: justify;\">Por el procedimiento documentado PSC 8.2.2 se estableci\u00f3 un procedimiento documentado en el cual se indican los criterios, m\u00e9todos y responsabilidades para la ejecuci\u00f3n de las Auditor\u00edas Internas a realizar en el Tribunal, tendientes a verificar la implementaci\u00f3n, mantenimiento y  crecimiento del Sistema de Gesti\u00f3n de Calidad.<\/p>\n","protected":false},"excerpt":{"rendered":"<p>Cuando se trata de demostrar que el ente evaluado (instituci\u00f3n, empresa, industria) cumple con una norma, aparece la posibilidad de &#8230; <a title=\"NORMAS DE CALIDAD &#8211; AUDITORIA INTERNA.\" class=\"read-more\" href=\"https:\/\/www.tcuentaslp.gob.ar\/?page_id=1961\">Leer m\u00e1s&#8230;<\/a><\/p>\n","protected":false},"author":1,"featured_media":0,"parent":0,"menu_order":0,"comment_status":"closed","ping_status":"closed","template":"","meta":{"generate_page_header":""},"yoast_head":"<!-- This site is optimized with the Yoast SEO plugin v20.12 - https:\/\/yoast.com\/wordpress\/plugins\/seo\/ -->\n<title>NORMAS DE CALIDAD - AUDITORIA INTERNA. -<\/title>\n<meta name=\"robots\" content=\"index, follow, max-snippet:-1, max-image-preview:large, max-video-preview:-1\" \/>\n<link rel=\"canonical\" href=\"https:\/\/www.tcuentaslp.gob.ar\/?page_id=1961\" \/>\n<meta property=\"og:locale\" content=\"es_ES\" \/>\n<meta property=\"og:type\" content=\"article\" \/>\n<meta property=\"og:title\" content=\"NORMAS DE CALIDAD - AUDITORIA INTERNA. -\" \/>\n<meta property=\"og:description\" content=\"Cuando se trata de demostrar que el ente evaluado (instituci\u00f3n, empresa, industria) cumple con una norma, aparece la posibilidad de ... Leer m\u00e1s...\" \/>\n<meta property=\"og:url\" content=\"https:\/\/www.tcuentaslp.gob.ar\/?page_id=1961\" \/>\n<meta property=\"article:publisher\" content=\"https:\/\/es-la.facebook.com\/TdeCLaPampa\/\" \/>\n<meta name=\"twitter:card\" content=\"summary_large_image\" \/>\n<meta name=\"twitter:label1\" content=\"Tiempo de lectura\" \/>\n\t<meta name=\"twitter:data1\" content=\"3 minutos\" \/>\n<script type=\"application\/ld+json\" class=\"yoast-schema-graph\">{\"@context\":\"https:\/\/schema.org\",\"@graph\":[{\"@type\":\"WebPage\",\"@id\":\"https:\/\/www.tcuentaslp.gob.ar\/?page_id=1961\",\"url\":\"https:\/\/www.tcuentaslp.gob.ar\/?page_id=1961\",\"name\":\"NORMAS DE CALIDAD - AUDITORIA INTERNA. -\",\"isPartOf\":{\"@id\":\"https:\/\/www.tcuentaslp.gob.ar\/#website\"},\"datePublished\":\"2018-10-30T11:57:10+00:00\",\"dateModified\":\"2018-10-30T11:57:10+00:00\",\"breadcrumb\":{\"@id\":\"https:\/\/www.tcuentaslp.gob.ar\/?page_id=1961#breadcrumb\"},\"inLanguage\":\"es-AR\",\"potentialAction\":[{\"@type\":\"ReadAction\",\"target\":[\"https:\/\/www.tcuentaslp.gob.ar\/?page_id=1961\"]}]},{\"@type\":\"BreadcrumbList\",\"@id\":\"https:\/\/www.tcuentaslp.gob.ar\/?page_id=1961#breadcrumb\",\"itemListElement\":[{\"@type\":\"ListItem\",\"position\":1,\"name\":\"Inicio\",\"item\":\"https:\/\/www.tcuentaslp.gob.ar\/\"},{\"@type\":\"ListItem\",\"position\":2,\"name\":\"NORMAS DE CALIDAD &#8211; AUDITORIA INTERNA.\"}]},{\"@type\":\"WebSite\",\"@id\":\"https:\/\/www.tcuentaslp.gob.ar\/#website\",\"url\":\"https:\/\/www.tcuentaslp.gob.ar\/\",\"name\":\"Tribunal de Cuentas de La Pampa\",\"description\":\"\",\"publisher\":{\"@id\":\"https:\/\/www.tcuentaslp.gob.ar\/#organization\"},\"potentialAction\":[{\"@type\":\"SearchAction\",\"target\":{\"@type\":\"EntryPoint\",\"urlTemplate\":\"https:\/\/www.tcuentaslp.gob.ar\/?s={search_term_string}\"},\"query-input\":\"required name=search_term_string\"}],\"inLanguage\":\"es-AR\"},{\"@type\":\"Organization\",\"@id\":\"https:\/\/www.tcuentaslp.gob.ar\/#organization\",\"name\":\"Tribunal de Cuentas de La Pampa\",\"url\":\"https:\/\/www.tcuentaslp.gob.ar\/\",\"logo\":{\"@type\":\"ImageObject\",\"inLanguage\":\"es-AR\",\"@id\":\"https:\/\/www.tcuentaslp.gob.ar\/#\/schema\/logo\/image\/\",\"url\":\"http:\/\/www.tcuentaslp.gob.ar\/wp-content\/uploads\/2017\/10\/logo_tribunal.png\",\"contentUrl\":\"http:\/\/www.tcuentaslp.gob.ar\/wp-content\/uploads\/2017\/10\/logo_tribunal.png\",\"width\":200,\"height\":204,\"caption\":\"Tribunal de Cuentas de La Pampa\"},\"image\":{\"@id\":\"https:\/\/www.tcuentaslp.gob.ar\/#\/schema\/logo\/image\/\"},\"sameAs\":[\"https:\/\/es-la.facebook.com\/TdeCLaPampa\/\"]}]}<\/script>\n<!-- \/ Yoast SEO plugin. -->","yoast_head_json":{"title":"NORMAS DE CALIDAD - AUDITORIA INTERNA. -","robots":{"index":"index","follow":"follow","max-snippet":"max-snippet:-1","max-image-preview":"max-image-preview:large","max-video-preview":"max-video-preview:-1"},"canonical":"https:\/\/www.tcuentaslp.gob.ar\/?page_id=1961","og_locale":"es_ES","og_type":"article","og_title":"NORMAS DE CALIDAD - AUDITORIA INTERNA. -","og_description":"Cuando se trata de demostrar que el ente evaluado (instituci\u00f3n, empresa, industria) cumple con una norma, aparece la posibilidad de ... Leer m\u00e1s...","og_url":"https:\/\/www.tcuentaslp.gob.ar\/?page_id=1961","article_publisher":"https:\/\/es-la.facebook.com\/TdeCLaPampa\/","twitter_card":"summary_large_image","twitter_misc":{"Tiempo de lectura":"3 minutos"},"schema":{"@context":"https:\/\/schema.org","@graph":[{"@type":"WebPage","@id":"https:\/\/www.tcuentaslp.gob.ar\/?page_id=1961","url":"https:\/\/www.tcuentaslp.gob.ar\/?page_id=1961","name":"NORMAS DE CALIDAD - AUDITORIA INTERNA. -","isPartOf":{"@id":"https:\/\/www.tcuentaslp.gob.ar\/#website"},"datePublished":"2018-10-30T11:57:10+00:00","dateModified":"2018-10-30T11:57:10+00:00","breadcrumb":{"@id":"https:\/\/www.tcuentaslp.gob.ar\/?page_id=1961#breadcrumb"},"inLanguage":"es-AR","potentialAction":[{"@type":"ReadAction","target":["https:\/\/www.tcuentaslp.gob.ar\/?page_id=1961"]}]},{"@type":"BreadcrumbList","@id":"https:\/\/www.tcuentaslp.gob.ar\/?page_id=1961#breadcrumb","itemListElement":[{"@type":"ListItem","position":1,"name":"Inicio","item":"https:\/\/www.tcuentaslp.gob.ar\/"},{"@type":"ListItem","position":2,"name":"NORMAS DE CALIDAD &#8211; AUDITORIA INTERNA."}]},{"@type":"WebSite","@id":"https:\/\/www.tcuentaslp.gob.ar\/#website","url":"https:\/\/www.tcuentaslp.gob.ar\/","name":"Tribunal de Cuentas de La Pampa","description":"","publisher":{"@id":"https:\/\/www.tcuentaslp.gob.ar\/#organization"},"potentialAction":[{"@type":"SearchAction","target":{"@type":"EntryPoint","urlTemplate":"https:\/\/www.tcuentaslp.gob.ar\/?s={search_term_string}"},"query-input":"required name=search_term_string"}],"inLanguage":"es-AR"},{"@type":"Organization","@id":"https:\/\/www.tcuentaslp.gob.ar\/#organization","name":"Tribunal de Cuentas de La Pampa","url":"https:\/\/www.tcuentaslp.gob.ar\/","logo":{"@type":"ImageObject","inLanguage":"es-AR","@id":"https:\/\/www.tcuentaslp.gob.ar\/#\/schema\/logo\/image\/","url":"http:\/\/www.tcuentaslp.gob.ar\/wp-content\/uploads\/2017\/10\/logo_tribunal.png","contentUrl":"http:\/\/www.tcuentaslp.gob.ar\/wp-content\/uploads\/2017\/10\/logo_tribunal.png","width":200,"height":204,"caption":"Tribunal de Cuentas de La Pampa"},"image":{"@id":"https:\/\/www.tcuentaslp.gob.ar\/#\/schema\/logo\/image\/"},"sameAs":["https:\/\/es-la.facebook.com\/TdeCLaPampa\/"]}]}},"_links":{"self":[{"href":"https:\/\/www.tcuentaslp.gob.ar\/index.php?rest_route=\/wp\/v2\/pages\/1961"}],"collection":[{"href":"https:\/\/www.tcuentaslp.gob.ar\/index.php?rest_route=\/wp\/v2\/pages"}],"about":[{"href":"https:\/\/www.tcuentaslp.gob.ar\/index.php?rest_route=\/wp\/v2\/types\/page"}],"author":[{"embeddable":true,"href":"https:\/\/www.tcuentaslp.gob.ar\/index.php?rest_route=\/wp\/v2\/users\/1"}],"replies":[{"embeddable":true,"href":"https:\/\/www.tcuentaslp.gob.ar\/index.php?rest_route=%2Fwp%2Fv2%2Fcomments&post=1961"}],"version-history":[{"count":1,"href":"https:\/\/www.tcuentaslp.gob.ar\/index.php?rest_route=\/wp\/v2\/pages\/1961\/revisions"}],"predecessor-version":[{"id":1962,"href":"https:\/\/www.tcuentaslp.gob.ar\/index.php?rest_route=\/wp\/v2\/pages\/1961\/revisions\/1962"}],"wp:attachment":[{"href":"https:\/\/www.tcuentaslp.gob.ar\/index.php?rest_route=%2Fwp%2Fv2%2Fmedia&parent=1961"}],"curies":[{"name":"wp","href":"https:\/\/api.w.org\/{rel}","templated":true}]}}