{"id":2132,"date":"2018-11-07T10:43:48","date_gmt":"2018-11-07T13:43:48","guid":{"rendered":"http:\/\/www.tcuentaslp.gob.ar\/?page_id=2132"},"modified":"2018-11-07T10:43:48","modified_gmt":"2018-11-07T13:43:48","slug":"normas-de-calidad-gestion-de-los-recursos","status":"publish","type":"page","link":"https:\/\/www.tcuentaslp.gob.ar\/?page_id=2132","title":{"rendered":"NORMAS DE CALIDAD: GESTION DE LOS RECURSOS."},"content":{"rendered":"<p style=\"text-align: justify;\">En toda organizaci\u00f3n se debe determinar y proporcionar los recursos necesarios para:<\/p>\n<p style=\"text-align: justify;\">a) Implementar y mantener el sistema de gesti\u00f3n de la calidad y mejorar continuamente su eficacia.<\/p>\n<p style=\"text-align: justify;\">b) Aumentar la satisfacci\u00f3n de los clientes, tanto internos como externos, mediante el cumplimiento de todos los requisitos.<\/p>\n<p style=\"text-align: justify;\">Los recursos incluyen no s\u00f3lo el personal necesario, sino tambi\u00e9n las finanzas, las instalaciones y los equipos.<\/p>\n<p style=\"text-align: justify;\">El personal que realiza trabajos que afectan la conformidad con los requisitos del servicio debe ser competente en base a la educaci\u00f3n, formaci\u00f3n, habilidades y experiencias apropiadas.<\/p>\n<p style=\"text-align: justify;\">A su vez, la organizaci\u00f3n determina, proporciona y mantiene la infraestructura necesaria para lograr la pretendida conformidad final, incluso determina y gestiona el ambiente de trabajo necesario.<\/p>\n<p style=\"text-align: justify;\">A ese fin el Tribunal de Cuentas de nuestra provincia en forma permanente brega por:<\/p>\n<p style=\"text-align: justify;\">&#8211; Una capacitaci\u00f3n sostenida en temas atinentes a la gesti\u00f3n propia de la instituci\u00f3n, tales como: Auditor\u00edas Internas, Facturaci\u00f3n, Derecho Administrativo.<\/p>\n<p style=\"text-align: justify;\">&#8211; Capacitaciones en temas que hacen al apoyo constante como Redacci\u00f3n y Ortograf\u00eda, Trabajo en Equipo y Relaciones Inter-personales.<\/p>\n<p style=\"text-align: justify;\">&#8211; Dictado de talleres en todos los puntos atinentes a Normas de Calidad.<\/p>\n<p style=\"text-align: justify;\">&#8211; Puesta en funcionamiento de programas relacionados a todos los procesos del personal y trazabilidad de expedientes.<\/p>\n<p style=\"text-align: justify;\">&#8211; Adquisiciones de equipamientos inform\u00e1ticos para el mejoramiento del control en cuanto a su eficacia.<\/p>\n<p style=\"text-align: justify;\">&#8211; Lanzamiento de la p\u00e1gina Web del Tribunal, con lo cual se tiende a mantener informado al cuentadante en relaci\u00f3n a todas las tareas de la entidad y comunicar los plazos de diversas presentaciones hacia el organismo.<\/p>\n<p style=\"text-align: justify;\">\u00a0De este modo, con las acciones descriptas anteriormente, que cotidianamente se llevan adelante, el organismo ha alcanzado una adecuada satisfacci\u00f3n respecto a las necesidades que plantean los clientes internos y externos, visualizando ello en las encuestas que se efect\u00faan como en los indicadores de gesti\u00f3n obtenidos.<\/p>\n<p style=\"text-align: justify;\">\n","protected":false},"excerpt":{"rendered":"<p>En toda organizaci\u00f3n se debe determinar y proporcionar los recursos necesarios para: a) Implementar y mantener el sistema de gesti\u00f3n &#8230; <a title=\"NORMAS DE CALIDAD: GESTION DE LOS RECURSOS.\" class=\"read-more\" href=\"https:\/\/www.tcuentaslp.gob.ar\/?page_id=2132\">Leer m\u00e1s&#8230;<\/a><\/p>\n","protected":false},"author":1,"featured_media":0,"parent":0,"menu_order":0,"comment_status":"closed","ping_status":"closed","template":"","meta":{"generate_page_header":""},"yoast_head":"<!-- This site is optimized with the Yoast SEO plugin v20.12 - https:\/\/yoast.com\/wordpress\/plugins\/seo\/ -->\n<title>NORMAS DE CALIDAD: GESTION DE LOS RECURSOS. -<\/title>\n<meta name=\"robots\" content=\"index, follow, max-snippet:-1, max-image-preview:large, max-video-preview:-1\" \/>\n<link rel=\"canonical\" href=\"https:\/\/www.tcuentaslp.gob.ar\/?page_id=2132\" \/>\n<meta property=\"og:locale\" content=\"es_ES\" \/>\n<meta property=\"og:type\" content=\"article\" \/>\n<meta property=\"og:title\" content=\"NORMAS DE CALIDAD: GESTION DE LOS RECURSOS. -\" \/>\n<meta property=\"og:description\" content=\"En toda organizaci\u00f3n se debe determinar y proporcionar los recursos necesarios para: a) Implementar y mantener el sistema de gesti\u00f3n ... Leer m\u00e1s...\" \/>\n<meta property=\"og:url\" content=\"https:\/\/www.tcuentaslp.gob.ar\/?page_id=2132\" \/>\n<meta property=\"article:publisher\" content=\"https:\/\/es-la.facebook.com\/TdeCLaPampa\/\" \/>\n<meta name=\"twitter:card\" content=\"summary_large_image\" \/>\n<meta name=\"twitter:label1\" content=\"Tiempo de lectura\" \/>\n\t<meta name=\"twitter:data1\" content=\"2 minutos\" \/>\n<script type=\"application\/ld+json\" class=\"yoast-schema-graph\">{\"@context\":\"https:\/\/schema.org\",\"@graph\":[{\"@type\":\"WebPage\",\"@id\":\"https:\/\/www.tcuentaslp.gob.ar\/?page_id=2132\",\"url\":\"https:\/\/www.tcuentaslp.gob.ar\/?page_id=2132\",\"name\":\"NORMAS DE CALIDAD: GESTION DE LOS RECURSOS. -\",\"isPartOf\":{\"@id\":\"https:\/\/www.tcuentaslp.gob.ar\/#website\"},\"datePublished\":\"2018-11-07T13:43:48+00:00\",\"dateModified\":\"2018-11-07T13:43:48+00:00\",\"breadcrumb\":{\"@id\":\"https:\/\/www.tcuentaslp.gob.ar\/?page_id=2132#breadcrumb\"},\"inLanguage\":\"es-AR\",\"potentialAction\":[{\"@type\":\"ReadAction\",\"target\":[\"https:\/\/www.tcuentaslp.gob.ar\/?page_id=2132\"]}]},{\"@type\":\"BreadcrumbList\",\"@id\":\"https:\/\/www.tcuentaslp.gob.ar\/?page_id=2132#breadcrumb\",\"itemListElement\":[{\"@type\":\"ListItem\",\"position\":1,\"name\":\"Inicio\",\"item\":\"https:\/\/www.tcuentaslp.gob.ar\/\"},{\"@type\":\"ListItem\",\"position\":2,\"name\":\"NORMAS DE CALIDAD: GESTION DE LOS RECURSOS.\"}]},{\"@type\":\"WebSite\",\"@id\":\"https:\/\/www.tcuentaslp.gob.ar\/#website\",\"url\":\"https:\/\/www.tcuentaslp.gob.ar\/\",\"name\":\"Tribunal de Cuentas de La Pampa\",\"description\":\"\",\"publisher\":{\"@id\":\"https:\/\/www.tcuentaslp.gob.ar\/#organization\"},\"potentialAction\":[{\"@type\":\"SearchAction\",\"target\":{\"@type\":\"EntryPoint\",\"urlTemplate\":\"https:\/\/www.tcuentaslp.gob.ar\/?s={search_term_string}\"},\"query-input\":\"required name=search_term_string\"}],\"inLanguage\":\"es-AR\"},{\"@type\":\"Organization\",\"@id\":\"https:\/\/www.tcuentaslp.gob.ar\/#organization\",\"name\":\"Tribunal de Cuentas de La Pampa\",\"url\":\"https:\/\/www.tcuentaslp.gob.ar\/\",\"logo\":{\"@type\":\"ImageObject\",\"inLanguage\":\"es-AR\",\"@id\":\"https:\/\/www.tcuentaslp.gob.ar\/#\/schema\/logo\/image\/\",\"url\":\"http:\/\/www.tcuentaslp.gob.ar\/wp-content\/uploads\/2017\/10\/logo_tribunal.png\",\"contentUrl\":\"http:\/\/www.tcuentaslp.gob.ar\/wp-content\/uploads\/2017\/10\/logo_tribunal.png\",\"width\":200,\"height\":204,\"caption\":\"Tribunal de Cuentas de La Pampa\"},\"image\":{\"@id\":\"https:\/\/www.tcuentaslp.gob.ar\/#\/schema\/logo\/image\/\"},\"sameAs\":[\"https:\/\/es-la.facebook.com\/TdeCLaPampa\/\"]}]}<\/script>\n<!-- \/ Yoast SEO plugin. -->","yoast_head_json":{"title":"NORMAS DE CALIDAD: GESTION DE LOS RECURSOS. -","robots":{"index":"index","follow":"follow","max-snippet":"max-snippet:-1","max-image-preview":"max-image-preview:large","max-video-preview":"max-video-preview:-1"},"canonical":"https:\/\/www.tcuentaslp.gob.ar\/?page_id=2132","og_locale":"es_ES","og_type":"article","og_title":"NORMAS DE CALIDAD: GESTION DE LOS RECURSOS. -","og_description":"En toda organizaci\u00f3n se debe determinar y proporcionar los recursos necesarios para: a) Implementar y mantener el sistema de gesti\u00f3n ... Leer m\u00e1s...","og_url":"https:\/\/www.tcuentaslp.gob.ar\/?page_id=2132","article_publisher":"https:\/\/es-la.facebook.com\/TdeCLaPampa\/","twitter_card":"summary_large_image","twitter_misc":{"Tiempo de lectura":"2 minutos"},"schema":{"@context":"https:\/\/schema.org","@graph":[{"@type":"WebPage","@id":"https:\/\/www.tcuentaslp.gob.ar\/?page_id=2132","url":"https:\/\/www.tcuentaslp.gob.ar\/?page_id=2132","name":"NORMAS DE CALIDAD: GESTION DE LOS RECURSOS. -","isPartOf":{"@id":"https:\/\/www.tcuentaslp.gob.ar\/#website"},"datePublished":"2018-11-07T13:43:48+00:00","dateModified":"2018-11-07T13:43:48+00:00","breadcrumb":{"@id":"https:\/\/www.tcuentaslp.gob.ar\/?page_id=2132#breadcrumb"},"inLanguage":"es-AR","potentialAction":[{"@type":"ReadAction","target":["https:\/\/www.tcuentaslp.gob.ar\/?page_id=2132"]}]},{"@type":"BreadcrumbList","@id":"https:\/\/www.tcuentaslp.gob.ar\/?page_id=2132#breadcrumb","itemListElement":[{"@type":"ListItem","position":1,"name":"Inicio","item":"https:\/\/www.tcuentaslp.gob.ar\/"},{"@type":"ListItem","position":2,"name":"NORMAS DE CALIDAD: GESTION DE LOS RECURSOS."}]},{"@type":"WebSite","@id":"https:\/\/www.tcuentaslp.gob.ar\/#website","url":"https:\/\/www.tcuentaslp.gob.ar\/","name":"Tribunal de Cuentas de La Pampa","description":"","publisher":{"@id":"https:\/\/www.tcuentaslp.gob.ar\/#organization"},"potentialAction":[{"@type":"SearchAction","target":{"@type":"EntryPoint","urlTemplate":"https:\/\/www.tcuentaslp.gob.ar\/?s={search_term_string}"},"query-input":"required name=search_term_string"}],"inLanguage":"es-AR"},{"@type":"Organization","@id":"https:\/\/www.tcuentaslp.gob.ar\/#organization","name":"Tribunal de Cuentas de La Pampa","url":"https:\/\/www.tcuentaslp.gob.ar\/","logo":{"@type":"ImageObject","inLanguage":"es-AR","@id":"https:\/\/www.tcuentaslp.gob.ar\/#\/schema\/logo\/image\/","url":"http:\/\/www.tcuentaslp.gob.ar\/wp-content\/uploads\/2017\/10\/logo_tribunal.png","contentUrl":"http:\/\/www.tcuentaslp.gob.ar\/wp-content\/uploads\/2017\/10\/logo_tribunal.png","width":200,"height":204,"caption":"Tribunal de Cuentas de La Pampa"},"image":{"@id":"https:\/\/www.tcuentaslp.gob.ar\/#\/schema\/logo\/image\/"},"sameAs":["https:\/\/es-la.facebook.com\/TdeCLaPampa\/"]}]}},"_links":{"self":[{"href":"https:\/\/www.tcuentaslp.gob.ar\/index.php?rest_route=\/wp\/v2\/pages\/2132"}],"collection":[{"href":"https:\/\/www.tcuentaslp.gob.ar\/index.php?rest_route=\/wp\/v2\/pages"}],"about":[{"href":"https:\/\/www.tcuentaslp.gob.ar\/index.php?rest_route=\/wp\/v2\/types\/page"}],"author":[{"embeddable":true,"href":"https:\/\/www.tcuentaslp.gob.ar\/index.php?rest_route=\/wp\/v2\/users\/1"}],"replies":[{"embeddable":true,"href":"https:\/\/www.tcuentaslp.gob.ar\/index.php?rest_route=%2Fwp%2Fv2%2Fcomments&post=2132"}],"version-history":[{"count":1,"href":"https:\/\/www.tcuentaslp.gob.ar\/index.php?rest_route=\/wp\/v2\/pages\/2132\/revisions"}],"predecessor-version":[{"id":2133,"href":"https:\/\/www.tcuentaslp.gob.ar\/index.php?rest_route=\/wp\/v2\/pages\/2132\/revisions\/2133"}],"wp:attachment":[{"href":"https:\/\/www.tcuentaslp.gob.ar\/index.php?rest_route=%2Fwp%2Fv2%2Fmedia&parent=2132"}],"curies":[{"name":"wp","href":"https:\/\/api.w.org\/{rel}","templated":true}]}}