{"id":2271,"date":"2018-11-08T11:40:06","date_gmt":"2018-11-08T14:40:06","guid":{"rendered":"http:\/\/www.tcuentaslp.gob.ar\/?page_id=2271"},"modified":"2018-11-08T11:40:06","modified_gmt":"2018-11-08T14:40:06","slug":"subsidios-del-poder-legislativo-3","status":"publish","type":"page","link":"https:\/\/www.tcuentaslp.gob.ar\/?page_id=2271","title":{"rendered":"Subsidios del Poder Legislativo."},"content":{"rendered":"<p style=\"text-align: justify;\">El Tribunal de Cuentas, como \u00f3rgano de control externo, y de acuerdo a lo establecido en nuestra Constituci\u00f3n Provincial \u2013art\u00edculo 103- y de su Ley Org\u00e1nica \u2013Decreto Ley 513\/69, art\u00edculo 1\u00ba inc. d)-, ha dictado la Resoluci\u00f3n 93\/10 reglamentando la formalidad con la que deben rendirse los fondos recibidos por las instituciones privadas que perciban subsidios del Poder Legislativo.<\/p>\n<p style=\"text-align: justify;\">\u00a0Cada Instituci\u00f3n que reciba subsidios del Poder Legislativo, deber\u00e1 rendir en forma cuatrimestral los mismos. Al momento de presentar la documentaci\u00f3n, se deber\u00e1 tener en cuenta:<\/p>\n<p style=\"text-align: justify;\">\u00a01) Nota de Solicitud de Subsidio explicando su destino, que cuente con firma de recepci\u00f3n y fecha de la Mesa de Entradas de la C\u00e1mara de Diputados, o del Legislador otorgante o de su secretario.<\/p>\n<p style=\"text-align: justify;\">2) Recibo Oficial (original) de Otorgamiento de Subsidio, con todos sus datos completos, con firma y aclaraci\u00f3n del responsable de la Instituci\u00f3n Beneficiaria y del Legislador.<\/p>\n<p style=\"text-align: justify;\">3) Comprobantes que respaldan el destino del subsidio recepcionado, los cuales deben coincidir con el mencionado en la nota de solicitud.<\/p>\n<p style=\"text-align: justify;\">4) Pueden ser anexadas notas que los responsables de las Instituciones Beneficiarias crean conveniente para la justificaci\u00f3n de la inversi\u00f3n de los fondos.<\/p>\n<p style=\"text-align: justify;\">5) Debe agregarse copia del Estatuto de la Instituci\u00f3n Beneficiaria que presenta la rendici\u00f3n, certificada por autoridad competente.<\/p>\n<p style=\"text-align: justify;\">6) Toda documentaci\u00f3n debe estar foliada \u2013 numerado \u2013 en forma ascendente.<\/p>\n<p style=\"text-align: justify;\">\u00a0Se recuerda que aquellos subsidios que las instituciones reciban de Municipalidades y Comisiones de Fomento, su rendici\u00f3n corresponder\u00e1 efectuarse ante los Concejos Deliberantes.<\/p>\n<p style=\"text-align: justify;\">\u00a0Pedidos de Antecedentes<\/p>\n<p style=\"text-align: justify;\">\u00a0Seg\u00fan la Resoluci\u00f3n 65\/2006 del Tribunal de Cuentas, modificada por Resoluci\u00f3n N\u00ba 50\/12, cuando del estudio de las rendiciones de cuentas por parte de los Relatores surjan observaciones a formular, \u00e9stos elaborar\u00e1n un informe enumerado con precisi\u00f3n de la norma legal vulnerada y, en su caso, los comprobantes omitidos o que a su entender resultan ineficaces, detallando adem\u00e1s en forma sint\u00e9tica las causas que motivan y fundamentan su opini\u00f3n y respaldan su observaci\u00f3n.<\/p>\n<p style=\"text-align: justify;\">\u00a0Paso seguido la misma pasa a consideraci\u00f3n del Relator Mayor o del Jefe o Subjefe de la Divisi\u00f3n, seg\u00fan corresponda.<\/p>\n<p style=\"text-align: justify;\">\u00a0A posteriori debe darse vista a los responsables &#8211; por el t\u00e9rmino de 15 (quince) d\u00edas h\u00e1biles conforme al art\u00edculo 14 del Decreto-Ley 513\/69 -.<\/p>\n<p style=\"text-align: justify;\">\u00a0Por medio de la Mesa de Entrada de este Organismo, se remiten las actuaciones a la instituci\u00f3n. Los responsables deber\u00e1n contestar en forma escrita todos y cada uno de los puntos observados, suscribiendo la nota respectiva y adjuntando la misma al final de la rendici\u00f3n, junto con la documentaci\u00f3n respaldatoria que crea conveniente, debidamente foliada.<\/p>\n<p style=\"text-align: justify;\">\u00a0En el caso de no recibirse respuesta dentro del plazo de los 15 d\u00edas h\u00e1biles o que la documentaci\u00f3n no resulte v\u00e1lida para dar por superadas las observaciones formuladas, se formular\u00e1 cargo a los responsables por el monto de los comprobantes faltantes o que resulten ineficaces.<\/p>\n<p style=\"text-align: justify;\">\u00a0Recurso de Reconsideraci\u00f3n<\/p>\n<p style=\"text-align: justify;\">\u00a0El recurso de reconsideraci\u00f3n, es tambi\u00e9n llamado de reposici\u00f3n o revocatoria, esta \u00faltima es la denominaci\u00f3n que utiliza la Ley Org\u00e1nica del Tribunal de Cuentas N\u00ba 513\/6 y es el \u00fanico recurso previsto como herramientas para cuestionar sus decisiones.<\/p>\n<p style=\"text-align: justify;\">\u00a0Tiene como caracter\u00edstica esencial que se presenta ante el mismo \u00f3rgano que dict\u00f3 el acto administrativo cuestionado, siendo tambi\u00e9n esta misma instancia quien debe resolverlo.<\/p>\n<p style=\"text-align: justify;\">\u00a0El cap\u00edtulo VI de la norma legal lo referencia en el siguiente articulado:<\/p>\n<p style=\"text-align: justify;\">\u00a0Art\u00edculo 31\u00ba.- Las sentencias que impongan multas o formulen cargos ser\u00e1n revisibles por v\u00eda de revocatoria, que los interesados podr\u00e1n interponer ante el Tribunal, por \u00fanica vez, dentro de los diez (10) d\u00edas de haberse notificado.<\/p>\n<p style=\"text-align: justify;\">\u00a0Art\u00edculo 32\u00b0.- El recurso deber\u00e1 fundarse al ser interpuesto. En la misma oportunidad el interesado podr\u00e1 peticionar la integraci\u00f3n del Tribunal con los sustitutos de quienes dictaron el fallo recurrido. La revocatoria deber\u00e1 ser resuelta dentro de los tres (3) meses de constituido el Tribunal.<\/p>\n<p style=\"text-align: justify;\">\u00a0Todo lo expuesto se plantea cuando las instituciones que reciben subsidios otorgados por la C\u00e1mara de Diputados no presentan la rendici\u00f3n de los mismos en tiempo y forma ante el Tribunal de Cuentas.<\/p>\n<p style=\"text-align: justify;\">\u00a0Por ello el organismo, seg\u00fan dispone la Constituci\u00f3n Provincial en su art\u00edculo 103, &#8211; le corresponde a este Tribunal fiscalizar la percepci\u00f3n e inversi\u00f3n de las rentas p\u00fablicas provinciales y las cuentas de las instituciones privadas que reciban subsidios de la Provincia, referidas a la inversi\u00f3n de los mismos -, dicta una sentencia en la cual establece un cargo por el valor no rendido en el per\u00edodo considerado, con m\u00e1s los intereses que correspondan desde la fecha de su cobro hasta la de su efectiva devoluci\u00f3n, calculados seg\u00fan la Tasa Mix del Banco de La Pampa.<\/p>\n<p style=\"text-align: justify;\">\n","protected":false},"excerpt":{"rendered":"<p>El Tribunal de Cuentas, como \u00f3rgano de control externo, y de acuerdo a lo establecido en nuestra Constituci\u00f3n Provincial \u2013art\u00edculo &#8230; <a title=\"Subsidios del Poder Legislativo.\" class=\"read-more\" href=\"https:\/\/www.tcuentaslp.gob.ar\/?page_id=2271\">Leer m\u00e1s&#8230;<\/a><\/p>\n","protected":false},"author":1,"featured_media":0,"parent":0,"menu_order":0,"comment_status":"closed","ping_status":"closed","template":"","meta":{"generate_page_header":""},"yoast_head":"<!-- This site is optimized with the Yoast SEO plugin v20.12 - https:\/\/yoast.com\/wordpress\/plugins\/seo\/ -->\n<title>Subsidios del Poder Legislativo. -<\/title>\n<meta name=\"robots\" content=\"index, follow, max-snippet:-1, max-image-preview:large, max-video-preview:-1\" \/>\n<link rel=\"canonical\" href=\"https:\/\/www.tcuentaslp.gob.ar\/?page_id=2271\" \/>\n<meta property=\"og:locale\" content=\"es_ES\" \/>\n<meta property=\"og:type\" content=\"article\" \/>\n<meta property=\"og:title\" content=\"Subsidios del Poder Legislativo. -\" \/>\n<meta property=\"og:description\" content=\"El Tribunal de Cuentas, como \u00f3rgano de control externo, y de acuerdo a lo establecido en nuestra Constituci\u00f3n Provincial \u2013art\u00edculo ... Leer m\u00e1s...\" \/>\n<meta property=\"og:url\" content=\"https:\/\/www.tcuentaslp.gob.ar\/?page_id=2271\" \/>\n<meta property=\"article:publisher\" content=\"https:\/\/es-la.facebook.com\/TdeCLaPampa\/\" \/>\n<meta name=\"twitter:card\" content=\"summary_large_image\" \/>\n<meta name=\"twitter:label1\" content=\"Tiempo de lectura\" \/>\n\t<meta name=\"twitter:data1\" content=\"4 minutos\" \/>\n<script type=\"application\/ld+json\" class=\"yoast-schema-graph\">{\"@context\":\"https:\/\/schema.org\",\"@graph\":[{\"@type\":\"WebPage\",\"@id\":\"https:\/\/www.tcuentaslp.gob.ar\/?page_id=2271\",\"url\":\"https:\/\/www.tcuentaslp.gob.ar\/?page_id=2271\",\"name\":\"Subsidios del Poder Legislativo. -\",\"isPartOf\":{\"@id\":\"https:\/\/www.tcuentaslp.gob.ar\/#website\"},\"datePublished\":\"2018-11-08T14:40:06+00:00\",\"dateModified\":\"2018-11-08T14:40:06+00:00\",\"breadcrumb\":{\"@id\":\"https:\/\/www.tcuentaslp.gob.ar\/?page_id=2271#breadcrumb\"},\"inLanguage\":\"es-AR\",\"potentialAction\":[{\"@type\":\"ReadAction\",\"target\":[\"https:\/\/www.tcuentaslp.gob.ar\/?page_id=2271\"]}]},{\"@type\":\"BreadcrumbList\",\"@id\":\"https:\/\/www.tcuentaslp.gob.ar\/?page_id=2271#breadcrumb\",\"itemListElement\":[{\"@type\":\"ListItem\",\"position\":1,\"name\":\"Inicio\",\"item\":\"https:\/\/www.tcuentaslp.gob.ar\/\"},{\"@type\":\"ListItem\",\"position\":2,\"name\":\"Subsidios del Poder Legislativo.\"}]},{\"@type\":\"WebSite\",\"@id\":\"https:\/\/www.tcuentaslp.gob.ar\/#website\",\"url\":\"https:\/\/www.tcuentaslp.gob.ar\/\",\"name\":\"Tribunal de Cuentas de La Pampa\",\"description\":\"\",\"publisher\":{\"@id\":\"https:\/\/www.tcuentaslp.gob.ar\/#organization\"},\"potentialAction\":[{\"@type\":\"SearchAction\",\"target\":{\"@type\":\"EntryPoint\",\"urlTemplate\":\"https:\/\/www.tcuentaslp.gob.ar\/?s={search_term_string}\"},\"query-input\":\"required name=search_term_string\"}],\"inLanguage\":\"es-AR\"},{\"@type\":\"Organization\",\"@id\":\"https:\/\/www.tcuentaslp.gob.ar\/#organization\",\"name\":\"Tribunal de Cuentas de La Pampa\",\"url\":\"https:\/\/www.tcuentaslp.gob.ar\/\",\"logo\":{\"@type\":\"ImageObject\",\"inLanguage\":\"es-AR\",\"@id\":\"https:\/\/www.tcuentaslp.gob.ar\/#\/schema\/logo\/image\/\",\"url\":\"http:\/\/www.tcuentaslp.gob.ar\/wp-content\/uploads\/2017\/10\/logo_tribunal.png\",\"contentUrl\":\"http:\/\/www.tcuentaslp.gob.ar\/wp-content\/uploads\/2017\/10\/logo_tribunal.png\",\"width\":200,\"height\":204,\"caption\":\"Tribunal de Cuentas de La Pampa\"},\"image\":{\"@id\":\"https:\/\/www.tcuentaslp.gob.ar\/#\/schema\/logo\/image\/\"},\"sameAs\":[\"https:\/\/es-la.facebook.com\/TdeCLaPampa\/\"]}]}<\/script>\n<!-- \/ Yoast SEO plugin. -->","yoast_head_json":{"title":"Subsidios del Poder Legislativo. -","robots":{"index":"index","follow":"follow","max-snippet":"max-snippet:-1","max-image-preview":"max-image-preview:large","max-video-preview":"max-video-preview:-1"},"canonical":"https:\/\/www.tcuentaslp.gob.ar\/?page_id=2271","og_locale":"es_ES","og_type":"article","og_title":"Subsidios del Poder Legislativo. -","og_description":"El Tribunal de Cuentas, como \u00f3rgano de control externo, y de acuerdo a lo establecido en nuestra Constituci\u00f3n Provincial \u2013art\u00edculo ... Leer m\u00e1s...","og_url":"https:\/\/www.tcuentaslp.gob.ar\/?page_id=2271","article_publisher":"https:\/\/es-la.facebook.com\/TdeCLaPampa\/","twitter_card":"summary_large_image","twitter_misc":{"Tiempo de lectura":"4 minutos"},"schema":{"@context":"https:\/\/schema.org","@graph":[{"@type":"WebPage","@id":"https:\/\/www.tcuentaslp.gob.ar\/?page_id=2271","url":"https:\/\/www.tcuentaslp.gob.ar\/?page_id=2271","name":"Subsidios del Poder Legislativo. -","isPartOf":{"@id":"https:\/\/www.tcuentaslp.gob.ar\/#website"},"datePublished":"2018-11-08T14:40:06+00:00","dateModified":"2018-11-08T14:40:06+00:00","breadcrumb":{"@id":"https:\/\/www.tcuentaslp.gob.ar\/?page_id=2271#breadcrumb"},"inLanguage":"es-AR","potentialAction":[{"@type":"ReadAction","target":["https:\/\/www.tcuentaslp.gob.ar\/?page_id=2271"]}]},{"@type":"BreadcrumbList","@id":"https:\/\/www.tcuentaslp.gob.ar\/?page_id=2271#breadcrumb","itemListElement":[{"@type":"ListItem","position":1,"name":"Inicio","item":"https:\/\/www.tcuentaslp.gob.ar\/"},{"@type":"ListItem","position":2,"name":"Subsidios del Poder Legislativo."}]},{"@type":"WebSite","@id":"https:\/\/www.tcuentaslp.gob.ar\/#website","url":"https:\/\/www.tcuentaslp.gob.ar\/","name":"Tribunal de Cuentas de La Pampa","description":"","publisher":{"@id":"https:\/\/www.tcuentaslp.gob.ar\/#organization"},"potentialAction":[{"@type":"SearchAction","target":{"@type":"EntryPoint","urlTemplate":"https:\/\/www.tcuentaslp.gob.ar\/?s={search_term_string}"},"query-input":"required name=search_term_string"}],"inLanguage":"es-AR"},{"@type":"Organization","@id":"https:\/\/www.tcuentaslp.gob.ar\/#organization","name":"Tribunal de Cuentas de La Pampa","url":"https:\/\/www.tcuentaslp.gob.ar\/","logo":{"@type":"ImageObject","inLanguage":"es-AR","@id":"https:\/\/www.tcuentaslp.gob.ar\/#\/schema\/logo\/image\/","url":"http:\/\/www.tcuentaslp.gob.ar\/wp-content\/uploads\/2017\/10\/logo_tribunal.png","contentUrl":"http:\/\/www.tcuentaslp.gob.ar\/wp-content\/uploads\/2017\/10\/logo_tribunal.png","width":200,"height":204,"caption":"Tribunal de Cuentas de La Pampa"},"image":{"@id":"https:\/\/www.tcuentaslp.gob.ar\/#\/schema\/logo\/image\/"},"sameAs":["https:\/\/es-la.facebook.com\/TdeCLaPampa\/"]}]}},"_links":{"self":[{"href":"https:\/\/www.tcuentaslp.gob.ar\/index.php?rest_route=\/wp\/v2\/pages\/2271"}],"collection":[{"href":"https:\/\/www.tcuentaslp.gob.ar\/index.php?rest_route=\/wp\/v2\/pages"}],"about":[{"href":"https:\/\/www.tcuentaslp.gob.ar\/index.php?rest_route=\/wp\/v2\/types\/page"}],"author":[{"embeddable":true,"href":"https:\/\/www.tcuentaslp.gob.ar\/index.php?rest_route=\/wp\/v2\/users\/1"}],"replies":[{"embeddable":true,"href":"https:\/\/www.tcuentaslp.gob.ar\/index.php?rest_route=%2Fwp%2Fv2%2Fcomments&post=2271"}],"version-history":[{"count":1,"href":"https:\/\/www.tcuentaslp.gob.ar\/index.php?rest_route=\/wp\/v2\/pages\/2271\/revisions"}],"predecessor-version":[{"id":2272,"href":"https:\/\/www.tcuentaslp.gob.ar\/index.php?rest_route=\/wp\/v2\/pages\/2271\/revisions\/2272"}],"wp:attachment":[{"href":"https:\/\/www.tcuentaslp.gob.ar\/index.php?rest_route=%2Fwp%2Fv2%2Fmedia&parent=2271"}],"curies":[{"name":"wp","href":"https:\/\/api.w.org\/{rel}","templated":true}]}}