{"id":2507,"date":"2018-11-15T14:45:24","date_gmt":"2018-11-15T17:45:24","guid":{"rendered":"http:\/\/www.tcuentaslp.gob.ar\/?page_id=2507"},"modified":"2018-11-15T14:47:37","modified_gmt":"2018-11-15T17:47:37","slug":"sistema-de-gestion-de-expedientes-2","status":"publish","type":"page","link":"https:\/\/www.tcuentaslp.gob.ar\/?page_id=2507","title":{"rendered":"Sistema de Gestion de Expedientes."},"content":{"rendered":"<p style=\"text-align: justify;\">\u00a0En el a\u00f1o 2006, el \u00c1rea de Sistemas del Tribunal de Cuentas de la Provincia de La Pampa comenz\u00f3 a desarrollar el Sistema de Gesti\u00f3n de Expedientes, bas\u00e1ndose en las Normas IRAM-ISO 9001:2000.<\/p>\n<p style=\"text-align: justify;\">Considerando que cada agente cuenta con equipamiento inform\u00e1tico para la realizaci\u00f3n de las tareas, desde el \u00c1rea de Sistemas se decidi\u00f3 desarrollar un Sistema en lenguaje de programaci\u00f3n PHP con Bases de Datos MySQL y servidor Web Apache. Este lenguaje, junto a una Base de Datos MySQL, permiti\u00f3 al Tribunal de Cuentas poseer un sistema m\u00e1s seguro y confiable, con automatizaci\u00f3n de procesos e independencia del Software de Base, sistema WEB de administraci\u00f3n simple y segura de Bases y Tablas, y costo de licencia cero (desarrollo del mismo con Software Libre).<\/p>\n<p style=\"text-align: justify;\">El mencionado sistema comenz\u00f3 a utilizarse a partir del mes de enero del a\u00f1o 2007. Hasta ese momento, funcionaba un Sistema de Expedientes realizado en FoxPro 2.6 para DOS, el cual se hallaba obsoleto atento a las necesidades a cubrir.<\/p>\n<p>Las \u00c1reas que iniciaron con el nuevo sistema fueron:<\/p>\n<ul>\n<li>\u00a0Mesa de Entradas.<\/li>\n<li>\u00a0Divisi\u00f3n Primera.<\/li>\n<li>\u00a0Divisi\u00f3n Segunda.<\/li>\n<li>\u00a0Secretar\u00eda y Despacho.<\/li>\n<\/ul>\n<p style=\"text-align: justify;\">Los Expedientes que ingresaron al TdeC a partir de enero del 2007, se caratularon y estudiaron utilizando el nuevo Sistema. El anterior solo qued\u00f3 para realizar consultas en Expedientes ingresados con fecha anterior al a\u00f1o 2007.<\/p>\n<p>Seguidamente, se sumaron los m\u00f3dulos para las restantes \u00c1reas del Tribunal:<\/p>\n<ul>\n<li>\u00a0Habilitaci\u00f3n.<\/li>\n<li>\u00a0Contralor\u00eda Fiscal.<\/li>\n<li>\u00a0Auditor\u00eda.<\/li>\n<li>\u00a0Control Patrimonial.<\/li>\n<li>\u00a0Asesor\u00eda Legal.<\/li>\n<li>\u00a0Sistemas.<\/li>\n<\/ul>\n<p>M\u00f3dulos incorporados al Sistema:<\/p>\n<ul>\n<li>\u00a0Sistema de Rendici\u00f3n de Subsidios del Poder Ejecutivo.<\/li>\n<li>\u00a0Sistema de Rendici\u00f3n de Subsidios del Poder Legislativo (se rinde directamente desde el Poder Legislativo, a trav\u00e9s de la red de Fibra \u00d3ptica).<\/a><\/li>\n<\/ul>\n<p>Funciones m\u00e1s relevantes:<\/p>\n<ul>\n<li>\u00a0Caratulaci\u00f3n de Expedientes.<\/li>\n<li>\u00a0Informe de Relator.<\/li>\n<li>\u00a0Informe Definitivo.<\/li>\n<li>\u00a0Pedido de Antecedentes.<\/li>\n<li>\u00a0Sentencia.<\/li>\n<li>\u00a0C\u00e1lculo y listado de Cuenta de Inversi\u00f3n.<\/li>\n<li>\u00a0Vencimientos e Intimaciones.<\/li>\n<li>\u00a0Rendiciones Diarias de Entes descentralizados.<\/li>\n<li>\u00a0Omisi\u00f3n de Vista (Tratamiento e informes).<\/li>\n<li>\u00a0Generaci\u00f3n de Comprobante de Pase.<\/li>\n<li>\u00a0Consulta de Situaci\u00f3n del Expediente.<\/li>\n<\/ul>\n","protected":false},"excerpt":{"rendered":"<p>\u00a0En el a\u00f1o 2006, el \u00c1rea de Sistemas del Tribunal de Cuentas de la Provincia de La Pampa comenz\u00f3 a &#8230; <a title=\"Sistema de Gestion de Expedientes.\" class=\"read-more\" href=\"https:\/\/www.tcuentaslp.gob.ar\/?page_id=2507\">Leer m\u00e1s&#8230;<\/a><\/p>\n","protected":false},"author":1,"featured_media":0,"parent":0,"menu_order":0,"comment_status":"closed","ping_status":"closed","template":"","meta":{"generate_page_header":""},"yoast_head":"<!-- This site is optimized with the Yoast SEO plugin v20.12 - https:\/\/yoast.com\/wordpress\/plugins\/seo\/ -->\n<title>Sistema de Gestion de Expedientes. -<\/title>\n<meta name=\"robots\" content=\"index, follow, max-snippet:-1, max-image-preview:large, max-video-preview:-1\" \/>\n<link rel=\"canonical\" href=\"https:\/\/www.tcuentaslp.gob.ar\/?page_id=2507\" \/>\n<meta property=\"og:locale\" content=\"es_ES\" \/>\n<meta property=\"og:type\" content=\"article\" \/>\n<meta property=\"og:title\" content=\"Sistema de Gestion de Expedientes. -\" \/>\n<meta property=\"og:description\" content=\"\u00a0En el a\u00f1o 2006, el \u00c1rea de Sistemas del Tribunal de Cuentas de la Provincia de La Pampa comenz\u00f3 a ... Leer m\u00e1s...\" \/>\n<meta property=\"og:url\" content=\"https:\/\/www.tcuentaslp.gob.ar\/?page_id=2507\" \/>\n<meta property=\"article:publisher\" content=\"https:\/\/es-la.facebook.com\/TdeCLaPampa\/\" \/>\n<meta property=\"article:modified_time\" content=\"2018-11-15T17:47:37+00:00\" \/>\n<meta name=\"twitter:card\" content=\"summary_large_image\" \/>\n<meta name=\"twitter:label1\" content=\"Tiempo de lectura\" \/>\n\t<meta name=\"twitter:data1\" content=\"2 minutos\" \/>\n<script type=\"application\/ld+json\" class=\"yoast-schema-graph\">{\"@context\":\"https:\/\/schema.org\",\"@graph\":[{\"@type\":\"WebPage\",\"@id\":\"https:\/\/www.tcuentaslp.gob.ar\/?page_id=2507\",\"url\":\"https:\/\/www.tcuentaslp.gob.ar\/?page_id=2507\",\"name\":\"Sistema de Gestion de Expedientes. -\",\"isPartOf\":{\"@id\":\"https:\/\/www.tcuentaslp.gob.ar\/#website\"},\"datePublished\":\"2018-11-15T17:45:24+00:00\",\"dateModified\":\"2018-11-15T17:47:37+00:00\",\"breadcrumb\":{\"@id\":\"https:\/\/www.tcuentaslp.gob.ar\/?page_id=2507#breadcrumb\"},\"inLanguage\":\"es-AR\",\"potentialAction\":[{\"@type\":\"ReadAction\",\"target\":[\"https:\/\/www.tcuentaslp.gob.ar\/?page_id=2507\"]}]},{\"@type\":\"BreadcrumbList\",\"@id\":\"https:\/\/www.tcuentaslp.gob.ar\/?page_id=2507#breadcrumb\",\"itemListElement\":[{\"@type\":\"ListItem\",\"position\":1,\"name\":\"Inicio\",\"item\":\"https:\/\/www.tcuentaslp.gob.ar\/\"},{\"@type\":\"ListItem\",\"position\":2,\"name\":\"Sistema de Gestion de Expedientes.\"}]},{\"@type\":\"WebSite\",\"@id\":\"https:\/\/www.tcuentaslp.gob.ar\/#website\",\"url\":\"https:\/\/www.tcuentaslp.gob.ar\/\",\"name\":\"Tribunal de Cuentas de La Pampa\",\"description\":\"\",\"publisher\":{\"@id\":\"https:\/\/www.tcuentaslp.gob.ar\/#organization\"},\"potentialAction\":[{\"@type\":\"SearchAction\",\"target\":{\"@type\":\"EntryPoint\",\"urlTemplate\":\"https:\/\/www.tcuentaslp.gob.ar\/?s={search_term_string}\"},\"query-input\":\"required name=search_term_string\"}],\"inLanguage\":\"es-AR\"},{\"@type\":\"Organization\",\"@id\":\"https:\/\/www.tcuentaslp.gob.ar\/#organization\",\"name\":\"Tribunal de Cuentas de La Pampa\",\"url\":\"https:\/\/www.tcuentaslp.gob.ar\/\",\"logo\":{\"@type\":\"ImageObject\",\"inLanguage\":\"es-AR\",\"@id\":\"https:\/\/www.tcuentaslp.gob.ar\/#\/schema\/logo\/image\/\",\"url\":\"http:\/\/www.tcuentaslp.gob.ar\/wp-content\/uploads\/2017\/10\/logo_tribunal.png\",\"contentUrl\":\"http:\/\/www.tcuentaslp.gob.ar\/wp-content\/uploads\/2017\/10\/logo_tribunal.png\",\"width\":200,\"height\":204,\"caption\":\"Tribunal de Cuentas de La Pampa\"},\"image\":{\"@id\":\"https:\/\/www.tcuentaslp.gob.ar\/#\/schema\/logo\/image\/\"},\"sameAs\":[\"https:\/\/es-la.facebook.com\/TdeCLaPampa\/\"]}]}<\/script>\n<!-- \/ Yoast SEO plugin. -->","yoast_head_json":{"title":"Sistema de Gestion de Expedientes. -","robots":{"index":"index","follow":"follow","max-snippet":"max-snippet:-1","max-image-preview":"max-image-preview:large","max-video-preview":"max-video-preview:-1"},"canonical":"https:\/\/www.tcuentaslp.gob.ar\/?page_id=2507","og_locale":"es_ES","og_type":"article","og_title":"Sistema de Gestion de Expedientes. -","og_description":"\u00a0En el a\u00f1o 2006, el \u00c1rea de Sistemas del Tribunal de Cuentas de la Provincia de La Pampa comenz\u00f3 a ... Leer m\u00e1s...","og_url":"https:\/\/www.tcuentaslp.gob.ar\/?page_id=2507","article_publisher":"https:\/\/es-la.facebook.com\/TdeCLaPampa\/","article_modified_time":"2018-11-15T17:47:37+00:00","twitter_card":"summary_large_image","twitter_misc":{"Tiempo de lectura":"2 minutos"},"schema":{"@context":"https:\/\/schema.org","@graph":[{"@type":"WebPage","@id":"https:\/\/www.tcuentaslp.gob.ar\/?page_id=2507","url":"https:\/\/www.tcuentaslp.gob.ar\/?page_id=2507","name":"Sistema de Gestion de Expedientes. -","isPartOf":{"@id":"https:\/\/www.tcuentaslp.gob.ar\/#website"},"datePublished":"2018-11-15T17:45:24+00:00","dateModified":"2018-11-15T17:47:37+00:00","breadcrumb":{"@id":"https:\/\/www.tcuentaslp.gob.ar\/?page_id=2507#breadcrumb"},"inLanguage":"es-AR","potentialAction":[{"@type":"ReadAction","target":["https:\/\/www.tcuentaslp.gob.ar\/?page_id=2507"]}]},{"@type":"BreadcrumbList","@id":"https:\/\/www.tcuentaslp.gob.ar\/?page_id=2507#breadcrumb","itemListElement":[{"@type":"ListItem","position":1,"name":"Inicio","item":"https:\/\/www.tcuentaslp.gob.ar\/"},{"@type":"ListItem","position":2,"name":"Sistema de Gestion de Expedientes."}]},{"@type":"WebSite","@id":"https:\/\/www.tcuentaslp.gob.ar\/#website","url":"https:\/\/www.tcuentaslp.gob.ar\/","name":"Tribunal de Cuentas de La Pampa","description":"","publisher":{"@id":"https:\/\/www.tcuentaslp.gob.ar\/#organization"},"potentialAction":[{"@type":"SearchAction","target":{"@type":"EntryPoint","urlTemplate":"https:\/\/www.tcuentaslp.gob.ar\/?s={search_term_string}"},"query-input":"required name=search_term_string"}],"inLanguage":"es-AR"},{"@type":"Organization","@id":"https:\/\/www.tcuentaslp.gob.ar\/#organization","name":"Tribunal de Cuentas de La Pampa","url":"https:\/\/www.tcuentaslp.gob.ar\/","logo":{"@type":"ImageObject","inLanguage":"es-AR","@id":"https:\/\/www.tcuentaslp.gob.ar\/#\/schema\/logo\/image\/","url":"http:\/\/www.tcuentaslp.gob.ar\/wp-content\/uploads\/2017\/10\/logo_tribunal.png","contentUrl":"http:\/\/www.tcuentaslp.gob.ar\/wp-content\/uploads\/2017\/10\/logo_tribunal.png","width":200,"height":204,"caption":"Tribunal de Cuentas de La Pampa"},"image":{"@id":"https:\/\/www.tcuentaslp.gob.ar\/#\/schema\/logo\/image\/"},"sameAs":["https:\/\/es-la.facebook.com\/TdeCLaPampa\/"]}]}},"_links":{"self":[{"href":"https:\/\/www.tcuentaslp.gob.ar\/index.php?rest_route=\/wp\/v2\/pages\/2507"}],"collection":[{"href":"https:\/\/www.tcuentaslp.gob.ar\/index.php?rest_route=\/wp\/v2\/pages"}],"about":[{"href":"https:\/\/www.tcuentaslp.gob.ar\/index.php?rest_route=\/wp\/v2\/types\/page"}],"author":[{"embeddable":true,"href":"https:\/\/www.tcuentaslp.gob.ar\/index.php?rest_route=\/wp\/v2\/users\/1"}],"replies":[{"embeddable":true,"href":"https:\/\/www.tcuentaslp.gob.ar\/index.php?rest_route=%2Fwp%2Fv2%2Fcomments&post=2507"}],"version-history":[{"count":2,"href":"https:\/\/www.tcuentaslp.gob.ar\/index.php?rest_route=\/wp\/v2\/pages\/2507\/revisions"}],"predecessor-version":[{"id":2510,"href":"https:\/\/www.tcuentaslp.gob.ar\/index.php?rest_route=\/wp\/v2\/pages\/2507\/revisions\/2510"}],"wp:attachment":[{"href":"https:\/\/www.tcuentaslp.gob.ar\/index.php?rest_route=%2Fwp%2Fv2%2Fmedia&parent=2507"}],"curies":[{"name":"wp","href":"https:\/\/api.w.org\/{rel}","templated":true}]}}