{"id":2511,"date":"2018-11-15T14:49:19","date_gmt":"2018-11-15T17:49:19","guid":{"rendered":"http:\/\/www.tcuentaslp.gob.ar\/?page_id=2511"},"modified":"2018-11-15T15:43:15","modified_gmt":"2018-11-15T18:43:15","slug":"sistemas-renditivos-3","status":"publish","type":"page","link":"https:\/\/www.tcuentaslp.gob.ar\/?page_id=2511","title":{"rendered":"Sistemas Renditivos."},"content":{"rendered":"<p style=\"text-align: justify;\">El <a href=\"http:\/\/digesto.tcuentaslp.gob.ar\/digesto%20tribunal\/Leyes\/Decreto%20Ley%20513-1969.html\" target=\"_blank\" rel=\"noopener\">Decreto Ley N\u00ba 513\/69<\/a> \u2013 Org\u00e1nica del Tribunal de Cuentas \u2013 establece en su art\u00edculo N\u00ba 11, segundo y tercer p\u00e1rrafos, que:<\/p>\n<p style=\"text-align: justify;\">\u201cLa Contadur\u00eda General y los servicios contables-habilitaciones, rendir\u00e1n mensualmente las cuentas de la Administraci\u00f3n Provincial, rendiciones que presentar\u00e1n al Tribunal dentro de los treinta (30) d\u00edas del vencimiento de cada periodo.<\/p>\n<p style=\"text-align: justify;\">Las rendiciones de las comunas ser\u00e1n anuales y estar\u00e1n a cargo de los Contadores o Secretario-Tesorero, quienes las presentar\u00e1n al Tribunal dentro de los cuatro (4) me\u00adses siguientes a cada ejercicio. El Tribunal dispondr\u00e1 la rendici\u00f3n mensual, dentro del plazo indicado en el p\u00e1rrafo anterior, en los casos de municipalidades <em>intervenidas<\/em> cuyas operaciones, por su monto y n\u00famero, justifiquen la me\u00addida.\u201d<\/p>\n<p style=\"text-align: justify;\">As\u00ed mismo, dicho art\u00edculo establece que: \u201cLa Administraci\u00f3n P\u00fablica Provincial, las municipalidades intervenidas, las Comisiones de Fomento y las entidades privadas cuando se establezca la obligaci\u00f3n, rendir\u00e1n cuenta universal y documentada comprobable, de su gesti\u00f3n financiero-patrimonial, con ajuste a las normas reglamenta\u00adrias en la materia y a las formalidades que indica el Tribunal.\u201d<\/p>\n<p style=\"text-align: justify;\">En uso de esta facultad reglamentaria el Tribunal de Cuentas ha emitido la <a href=\"http:\/\/digesto.tcuentaslp.gob.ar\/digesto%20tribunal\/Fallos%20internos\/RESOLUCIONES\/Resolucion%20103-1979.html\" target=\"_blank\" rel=\"noopener\">Resoluci\u00f3n N\u00ba 103\/79<\/a>, que establece:<\/p>\n<p style=\"text-align: justify;\">\u201cA diferencia del sistema tradicional, en el que las cuentas se rinden haciendo una \u00fanica presentaci\u00f3n mensual, el sistema de rendici\u00f3n \u201cdiaria\u201d se implementa mediante la presentaci\u00f3n de:<\/p>\n<p>I) Informes diarios de cargos y descargos y de los respectivos comprobantes.<\/p>\n<p>II) Rendici\u00f3n mensual, con informe complementario de cargos y descargos y las actuaciones comprobatorias, balance de cargos y descargos, conciliaciones, e informaciones complementarias.\u201d<\/p>\n<ul>\n<li><strong>Rendici\u00f3n Diaria:<\/strong> Se confeccionar\u00e1 un Informe Diario de Cargos y Descargos por cada d\u00eda h\u00e1bil. Si no hubiera cargos, inversiones o devoluciones igualmente se presentar\u00e1 el correspondiente formulario, consignando en la parte de descargo la expresi\u00f3n \u201csin movimiento\u201d y, en cuanto a los cargos, el total acumulado a la fecha reflejar\u00e1 igual importe al de acumulado seg\u00fan Informe Diario anterior.<\/li>\n<\/ul>\n<p style=\"text-align: justify;\">El Anexo H deber\u00e1 ser presentado en forma diaria -a\u00fan cuando no hubiere pagos pendientes de rendici\u00f3n en cuyo caso se mencionar\u00e1 tal circunstancia- inform\u00e1ndose en el mismo y en primer t\u00e9rmino los valores de d\u00edas anteriores que contin\u00faan con motivos fundados para no ser rendidos. Cesada la causal justificativa de su inclusi\u00f3n en el Anexo H, dichos pagos y\/o transferencias deber\u00e1n ser incluidos indefectiblemente como invertido en el Anexo B de la primera rendici\u00f3n diaria que se presente.<\/p>\n<p style=\"text-align: justify;\">Por <a href=\"http:\/\/digesto.tcuentaslp.gob.ar\/digesto%20tribunal\/Fallos%20internos\/RESOLUCIONES\/Resolucion%2020-2006.html\" target=\"_blank\" rel=\"noopener\">Resoluci\u00f3n N\u00ba 20\/06<\/a>, se incorpora el Anexo \u201cI\u201d, debiendo informarse en el mismo todos los ingresos y\/o dep\u00f3sitos pendientes de rendici\u00f3n que, por motivos debidamente justificados, no pudieran ser incluidos en el Anexo \u201cB\u201d.<\/p>\n<p style=\"text-align: justify;\">La obligatoriedad de presentaci\u00f3n del Anexo \u201cI\u201d corresponde para las\u00a0 rendiciones diarias de Tesorer\u00eda General de la Provincia de La Pampa y los responsables de los servicios contables-habilitaciones de los Poderes P\u00fablicos Provinciales y organismos aut\u00e1rquicos y\/o descentralizados que\u00a0 rindan cuentas recaudadoras de ingresos.<\/p>\n<p style=\"text-align: justify;\">Excepcionalmente -y a solicitud de los responsables- cuando se trate de cuentas con movimientos habituales en s\u00f3lo algunos d\u00edas de cada per\u00edodo mensual, el Vocal de la Sala interviniente podr\u00e1 autorizar la no presentaci\u00f3n de los referidos Informes Diarios por las fechas en que no se registren movimientos. En estos casos, los Responsables deber\u00e1n certificar tal circunstancia en oportunidad de la presentaci\u00f3n de los Informes Diarios\u00a0 posteriores que registren movimientos o en el Informe Diario\u00a0 correspondiente\u00a0 al\u00a0 \u00faltimo\u00a0 d\u00eda\u00a0 h\u00e1bil\u00a0 de\u00a0 cada per\u00edodo mensual, que siempre deber\u00e1 presentarse, aun cuando por esa fecha no correspondiere informar ning\u00fan tipo de movimiento.<\/p>\n<p style=\"text-align: justify;\">Por <a href=\"http:\/\/digesto.tcuentaslp.gob.ar\/digesto%20tribunal\/Fallos%20internos\/RESOLUCIONES\/Resolucion%2020-2004.html\"target=\"_blank\" rel=\"noopener\" >Resoluci\u00f3n 20\/04<\/a>, el Tribunal de Cuentas dispuso que las rendiciones diarias de los responsables de los servicios contables-habilitaciones de los Poderes P\u00fablicos Provinciales y organismos aut\u00e1rquicos y\/o descentralizados deber\u00e1n ser presentadas dentro de las cuarenta y ocho horas h\u00e1biles del respectivo d\u00eda en que se efectuaron los pagos. Asimismo, se establece que diariamente todos los cheques emitidos &#8211; entregados o no a sus beneficiarios &#8211; y las transferencias de fondos que por motivos debidamente justificados no pudieran ser descargados con car\u00e1cter de invertido, deber\u00e1n informarse como \u201cAnticipos Pendientes de Rendici\u00f3n\u201d en un anexo separado para tal fin. La informaci\u00f3n contenida en dicho anexo y que corresponda al \u00faltimo d\u00eda h\u00e1bil del mes, deber\u00e1 trasladarse a la Rendici\u00f3n Mensual.<\/p>\n<ul>\n<li><strong>Rendici\u00f3n Mensual:<\/strong>La Contadur\u00eda General y los Servicios contables-habilitaciones rendir\u00e1n cuenta de su gesti\u00f3n financiera-patrimonial ante el Tribunal de Cuentas, dentro de los treinta (30) d\u00edas h\u00e1biles del vencimiento de cada per\u00edodo, la rendici\u00f3n de cuentas se integrar\u00e1 con:\n<ul>\n<li>Anexo A: Balance de Cargos y Descargos.<\/li>\n<li>Anexo B: Informes Diarios de Cargos y Descargos.<\/li>\n<li>Anexo C: Informe Complementario de Cargos y Descargos.<\/li>\n<li>Anexo D: Conciliaci\u00f3n Bancaria.<\/li>\n<li>Anexo E: Informaci\u00f3n del Saldo Pendiente de Rendici\u00f3n &#8211; Cheques Emitidos Entregados y No Cobrados.<\/li>\n<li>Anexo F: Anticipos Pendientes de Rendici\u00f3n.<\/li>\n<li>Anexo G: Resumen Mensual de Inversi\u00f3n, clasificado por Partida Principal.<\/li>\n<\/ul>\n<\/li>\n<\/ul>\n<p>&nbsp;<\/p>\n<h4>Rendiciones de cierre de ejercicio \u2013 Saldos pendientes de rendici\u00f3n.<\/h4>\n<p>Por <a href=\"http:\/\/digesto.tcuentaslp.gob.ar\/digesto%20tribunal\/Fallos%20internos\/RESOLUCIONES\/Resolucion%2050-1980.html\" target=\"_blank\" rel=\"noopener\">Resoluci\u00f3n 50\/1980<\/a> el Tribunal de Cuentas ha establecido que:<\/p>\n<p style=\"text-align: justify;\">\u201cEn las rendiciones de cuentas correspondientes al cierre de ejercicio, no se admitir\u00e1n saldos pendientes de rendici\u00f3n.<\/p>\n<p style=\"text-align: justify;\">Los servicios contables-habilitaciones que presentan sus rendiciones de acuerdo a las normas aprobadas por Resoluci\u00f3n N\u00ba 103\/79 \u2013TC\u2013 Sistema de Rendici\u00f3n Diaria-, podr\u00e1n informar sus descargos correspondientes al \u00faltimo d\u00eda del ejercicio en una o m\u00e1s entregas de Informes Diarios de Cargos y Descargos (Anexo B) hasta el \u00faltimo d\u00eda h\u00e1bil del mes siguiente al cierre de ejercicio. Los conceptos que no fueran incluidos en los informes diarios, deber\u00e1n agregarse al informe complementario de cargos y descargos (Anexo C) acompa\u00f1ando la respectiva documentaci\u00f3n en oportunidad de presentar la rendici\u00f3n del mes.<\/p>\n<p style=\"text-align: justify;\">En las rendiciones de cuentas de Deuda Flotante no se admitir\u00e1 que integren el saldo a rendir, anticipos pendientes de rendici\u00f3n.\u201d<\/p>\n<h4>\u00a0Excepciones<\/h4>\n<p style=\"text-align: justify;\">A solicitud de los responsables de la rendici\u00f3n de cuentas o a propuesta del Tribunal, y cuando existan razones que lo justifiquen, se podr\u00e1 autorizar la presentaci\u00f3n de rendiciones que incluyan periodos de una extensi\u00f3n mayor a un mes.<\/p>\n","protected":false},"excerpt":{"rendered":"<p>El Decreto Ley N\u00ba 513\/69 \u2013 Org\u00e1nica del Tribunal de Cuentas \u2013 establece en su art\u00edculo N\u00ba 11, segundo y &#8230; <a title=\"Sistemas Renditivos.\" class=\"read-more\" href=\"https:\/\/www.tcuentaslp.gob.ar\/?page_id=2511\">Leer m\u00e1s&#8230;<\/a><\/p>\n","protected":false},"author":1,"featured_media":0,"parent":0,"menu_order":0,"comment_status":"closed","ping_status":"closed","template":"","meta":{"generate_page_header":""},"yoast_head":"<!-- This site is optimized with the Yoast SEO plugin v20.12 - https:\/\/yoast.com\/wordpress\/plugins\/seo\/ -->\n<title>Sistemas Renditivos. -<\/title>\n<meta name=\"robots\" content=\"index, follow, max-snippet:-1, max-image-preview:large, max-video-preview:-1\" \/>\n<link rel=\"canonical\" href=\"https:\/\/www.tcuentaslp.gob.ar\/?page_id=2511\" \/>\n<meta property=\"og:locale\" content=\"es_ES\" \/>\n<meta property=\"og:type\" content=\"article\" \/>\n<meta property=\"og:title\" content=\"Sistemas Renditivos. -\" \/>\n<meta property=\"og:description\" content=\"El Decreto Ley N\u00ba 513\/69 \u2013 Org\u00e1nica del Tribunal de Cuentas \u2013 establece en su art\u00edculo N\u00ba 11, segundo y ... Leer m\u00e1s...\" \/>\n<meta property=\"og:url\" content=\"https:\/\/www.tcuentaslp.gob.ar\/?page_id=2511\" \/>\n<meta property=\"article:publisher\" content=\"https:\/\/es-la.facebook.com\/TdeCLaPampa\/\" \/>\n<meta property=\"article:modified_time\" content=\"2018-11-15T18:43:15+00:00\" \/>\n<meta name=\"twitter:card\" content=\"summary_large_image\" \/>\n<meta name=\"twitter:label1\" content=\"Tiempo de lectura\" \/>\n\t<meta name=\"twitter:data1\" content=\"5 minutos\" \/>\n<script type=\"application\/ld+json\" class=\"yoast-schema-graph\">{\"@context\":\"https:\/\/schema.org\",\"@graph\":[{\"@type\":\"WebPage\",\"@id\":\"https:\/\/www.tcuentaslp.gob.ar\/?page_id=2511\",\"url\":\"https:\/\/www.tcuentaslp.gob.ar\/?page_id=2511\",\"name\":\"Sistemas Renditivos. -\",\"isPartOf\":{\"@id\":\"https:\/\/www.tcuentaslp.gob.ar\/#website\"},\"datePublished\":\"2018-11-15T17:49:19+00:00\",\"dateModified\":\"2018-11-15T18:43:15+00:00\",\"breadcrumb\":{\"@id\":\"https:\/\/www.tcuentaslp.gob.ar\/?page_id=2511#breadcrumb\"},\"inLanguage\":\"es-AR\",\"potentialAction\":[{\"@type\":\"ReadAction\",\"target\":[\"https:\/\/www.tcuentaslp.gob.ar\/?page_id=2511\"]}]},{\"@type\":\"BreadcrumbList\",\"@id\":\"https:\/\/www.tcuentaslp.gob.ar\/?page_id=2511#breadcrumb\",\"itemListElement\":[{\"@type\":\"ListItem\",\"position\":1,\"name\":\"Inicio\",\"item\":\"https:\/\/www.tcuentaslp.gob.ar\/\"},{\"@type\":\"ListItem\",\"position\":2,\"name\":\"Sistemas Renditivos.\"}]},{\"@type\":\"WebSite\",\"@id\":\"https:\/\/www.tcuentaslp.gob.ar\/#website\",\"url\":\"https:\/\/www.tcuentaslp.gob.ar\/\",\"name\":\"Tribunal de Cuentas de La Pampa\",\"description\":\"\",\"publisher\":{\"@id\":\"https:\/\/www.tcuentaslp.gob.ar\/#organization\"},\"potentialAction\":[{\"@type\":\"SearchAction\",\"target\":{\"@type\":\"EntryPoint\",\"urlTemplate\":\"https:\/\/www.tcuentaslp.gob.ar\/?s={search_term_string}\"},\"query-input\":\"required name=search_term_string\"}],\"inLanguage\":\"es-AR\"},{\"@type\":\"Organization\",\"@id\":\"https:\/\/www.tcuentaslp.gob.ar\/#organization\",\"name\":\"Tribunal de Cuentas de La Pampa\",\"url\":\"https:\/\/www.tcuentaslp.gob.ar\/\",\"logo\":{\"@type\":\"ImageObject\",\"inLanguage\":\"es-AR\",\"@id\":\"https:\/\/www.tcuentaslp.gob.ar\/#\/schema\/logo\/image\/\",\"url\":\"http:\/\/www.tcuentaslp.gob.ar\/wp-content\/uploads\/2017\/10\/logo_tribunal.png\",\"contentUrl\":\"http:\/\/www.tcuentaslp.gob.ar\/wp-content\/uploads\/2017\/10\/logo_tribunal.png\",\"width\":200,\"height\":204,\"caption\":\"Tribunal de Cuentas de La Pampa\"},\"image\":{\"@id\":\"https:\/\/www.tcuentaslp.gob.ar\/#\/schema\/logo\/image\/\"},\"sameAs\":[\"https:\/\/es-la.facebook.com\/TdeCLaPampa\/\"]}]}<\/script>\n<!-- \/ Yoast SEO plugin. -->","yoast_head_json":{"title":"Sistemas Renditivos. -","robots":{"index":"index","follow":"follow","max-snippet":"max-snippet:-1","max-image-preview":"max-image-preview:large","max-video-preview":"max-video-preview:-1"},"canonical":"https:\/\/www.tcuentaslp.gob.ar\/?page_id=2511","og_locale":"es_ES","og_type":"article","og_title":"Sistemas Renditivos. -","og_description":"El Decreto Ley N\u00ba 513\/69 \u2013 Org\u00e1nica del Tribunal de Cuentas \u2013 establece en su art\u00edculo N\u00ba 11, segundo y ... Leer m\u00e1s...","og_url":"https:\/\/www.tcuentaslp.gob.ar\/?page_id=2511","article_publisher":"https:\/\/es-la.facebook.com\/TdeCLaPampa\/","article_modified_time":"2018-11-15T18:43:15+00:00","twitter_card":"summary_large_image","twitter_misc":{"Tiempo de lectura":"5 minutos"},"schema":{"@context":"https:\/\/schema.org","@graph":[{"@type":"WebPage","@id":"https:\/\/www.tcuentaslp.gob.ar\/?page_id=2511","url":"https:\/\/www.tcuentaslp.gob.ar\/?page_id=2511","name":"Sistemas Renditivos. -","isPartOf":{"@id":"https:\/\/www.tcuentaslp.gob.ar\/#website"},"datePublished":"2018-11-15T17:49:19+00:00","dateModified":"2018-11-15T18:43:15+00:00","breadcrumb":{"@id":"https:\/\/www.tcuentaslp.gob.ar\/?page_id=2511#breadcrumb"},"inLanguage":"es-AR","potentialAction":[{"@type":"ReadAction","target":["https:\/\/www.tcuentaslp.gob.ar\/?page_id=2511"]}]},{"@type":"BreadcrumbList","@id":"https:\/\/www.tcuentaslp.gob.ar\/?page_id=2511#breadcrumb","itemListElement":[{"@type":"ListItem","position":1,"name":"Inicio","item":"https:\/\/www.tcuentaslp.gob.ar\/"},{"@type":"ListItem","position":2,"name":"Sistemas Renditivos."}]},{"@type":"WebSite","@id":"https:\/\/www.tcuentaslp.gob.ar\/#website","url":"https:\/\/www.tcuentaslp.gob.ar\/","name":"Tribunal de Cuentas de La Pampa","description":"","publisher":{"@id":"https:\/\/www.tcuentaslp.gob.ar\/#organization"},"potentialAction":[{"@type":"SearchAction","target":{"@type":"EntryPoint","urlTemplate":"https:\/\/www.tcuentaslp.gob.ar\/?s={search_term_string}"},"query-input":"required name=search_term_string"}],"inLanguage":"es-AR"},{"@type":"Organization","@id":"https:\/\/www.tcuentaslp.gob.ar\/#organization","name":"Tribunal de Cuentas de La Pampa","url":"https:\/\/www.tcuentaslp.gob.ar\/","logo":{"@type":"ImageObject","inLanguage":"es-AR","@id":"https:\/\/www.tcuentaslp.gob.ar\/#\/schema\/logo\/image\/","url":"http:\/\/www.tcuentaslp.gob.ar\/wp-content\/uploads\/2017\/10\/logo_tribunal.png","contentUrl":"http:\/\/www.tcuentaslp.gob.ar\/wp-content\/uploads\/2017\/10\/logo_tribunal.png","width":200,"height":204,"caption":"Tribunal de Cuentas de La Pampa"},"image":{"@id":"https:\/\/www.tcuentaslp.gob.ar\/#\/schema\/logo\/image\/"},"sameAs":["https:\/\/es-la.facebook.com\/TdeCLaPampa\/"]}]}},"_links":{"self":[{"href":"https:\/\/www.tcuentaslp.gob.ar\/index.php?rest_route=\/wp\/v2\/pages\/2511"}],"collection":[{"href":"https:\/\/www.tcuentaslp.gob.ar\/index.php?rest_route=\/wp\/v2\/pages"}],"about":[{"href":"https:\/\/www.tcuentaslp.gob.ar\/index.php?rest_route=\/wp\/v2\/types\/page"}],"author":[{"embeddable":true,"href":"https:\/\/www.tcuentaslp.gob.ar\/index.php?rest_route=\/wp\/v2\/users\/1"}],"replies":[{"embeddable":true,"href":"https:\/\/www.tcuentaslp.gob.ar\/index.php?rest_route=%2Fwp%2Fv2%2Fcomments&post=2511"}],"version-history":[{"count":8,"href":"https:\/\/www.tcuentaslp.gob.ar\/index.php?rest_route=\/wp\/v2\/pages\/2511\/revisions"}],"predecessor-version":[{"id":2520,"href":"https:\/\/www.tcuentaslp.gob.ar\/index.php?rest_route=\/wp\/v2\/pages\/2511\/revisions\/2520"}],"wp:attachment":[{"href":"https:\/\/www.tcuentaslp.gob.ar\/index.php?rest_route=%2Fwp%2Fv2%2Fmedia&parent=2511"}],"curies":[{"name":"wp","href":"https:\/\/api.w.org\/{rel}","templated":true}]}}