{"id":3273,"date":"2019-04-01T10:53:23","date_gmt":"2019-04-01T13:53:23","guid":{"rendered":"http:\/\/www.tcuentaslp.gob.ar\/?page_id=3273"},"modified":"2019-04-01T10:53:25","modified_gmt":"2019-04-01T13:53:25","slug":"problemas-frecuentes-y-soluciones-acordadas-2","status":"publish","type":"page","link":"https:\/\/www.tcuentaslp.gob.ar\/?page_id=3273","title":{"rendered":"Problemas Frecuentes y Soluciones Acordadas"},"content":{"rendered":"<p style=\"text-align: justify;\"><strong>\u00bfC\u00f3mo se procede cuando en una Comisi\u00f3n de Servicios no se rinden comprobantes de gastos?<\/strong><\/p>\n<p style=\"text-align: justify;\"><strong> <\/strong><\/p>\n<p style=\"text-align: justify;\">La soluci\u00f3n acordada es adjuntar la constancia que permita acreditar la presencia de los agentes en el lugar. Por ejemplo: certificaci\u00f3n policial, remito de recepci\u00f3n de mercader\u00eda, certificados de asistencia a cursos, etc.<\/p>\n<p style=\"text-align: justify;\"><strong>\u00bfQu\u00e9 sucede cuando la Comisi\u00f3n de Servicios se realiza con la expresi\u00f3n \u201cMotivos Oficiales\u201d?<\/strong><\/p>\n<p style=\"text-align: justify;\"><strong><em> <\/em><\/strong><\/p>\n<p style=\"text-align: justify;\">Se entiende que todo Vi\u00e1tico es por motivos oficiales, no se aceptan expresiones generales (\u201cmotivos oficiales\u201d), por ende se deber\u00e1 cumplimentar con lo detallado en el punto 4 de Solicitud de Autorizaci\u00f3n.<\/p>\n<p style=\"text-align: justify;\"><strong>\u00bfQu\u00e9 se necesita cuando en una Comisi\u00f3n de Servicios se incluyen terceros transportados?<\/strong><\/p>\n<p style=\"text-align: justify;\">Se debe adjuntar a la rendici\u00f3n del Vi\u00e1tico una nota, por separado, donde figure nombre, apellido y n\u00famero de documento de cada uno de los terceros transportados,&nbsp; e indique los motivos que justifiquen el traslado. La mencionada nota debe ser original y estar firmada por funcionario competente a cargo de la repartici\u00f3n que autoriza la comisi\u00f3n.<\/p>\n<p style=\"text-align: justify;\"><strong>\u00bfQu\u00e9 se exige en la rendici\u00f3n de \u201cGastos Extraordinarios\u201d?<\/strong><\/p>\n<p>Cuando en una comisi\u00f3n de servicios se rindan \u201cgastos de movilidad\u201d con car\u00e1cter de extraordinario, se exige que la autoridad competente adjunte una nota que los justifique.<\/p>\n<p>Se entiende por \u201cgastos de naturaleza extraordinaria\u201d aquellos que no sean habituales, sino at\u00edpicos o imprevistos, pero que est\u00e9n vinculados a la comisi\u00f3n (por ejemplo: rotura de veh\u00edculo).<\/p>\n","protected":false},"excerpt":{"rendered":"<p>\u00bfC\u00f3mo se procede cuando en una Comisi\u00f3n de Servicios no se rinden comprobantes de gastos? La soluci\u00f3n acordada es adjuntar &#8230; <a title=\"Problemas Frecuentes y Soluciones Acordadas\" class=\"read-more\" href=\"https:\/\/www.tcuentaslp.gob.ar\/?page_id=3273\">Leer m\u00e1s&#8230;<\/a><\/p>\n","protected":false},"author":1,"featured_media":0,"parent":0,"menu_order":0,"comment_status":"closed","ping_status":"closed","template":"","meta":{"generate_page_header":""},"yoast_head":"<!-- This site is optimized with the Yoast SEO plugin v20.12 - https:\/\/yoast.com\/wordpress\/plugins\/seo\/ -->\n<title>Problemas Frecuentes y Soluciones Acordadas -<\/title>\n<meta name=\"robots\" content=\"index, follow, max-snippet:-1, max-image-preview:large, max-video-preview:-1\" \/>\n<link rel=\"canonical\" href=\"https:\/\/www.tcuentaslp.gob.ar\/?page_id=3273\" \/>\n<meta property=\"og:locale\" content=\"es_ES\" \/>\n<meta property=\"og:type\" content=\"article\" \/>\n<meta property=\"og:title\" content=\"Problemas Frecuentes y Soluciones Acordadas -\" \/>\n<meta property=\"og:description\" content=\"\u00bfC\u00f3mo se procede cuando en una Comisi\u00f3n de Servicios no se rinden comprobantes de gastos? La soluci\u00f3n acordada es adjuntar ... Leer m\u00e1s...\" \/>\n<meta property=\"og:url\" content=\"https:\/\/www.tcuentaslp.gob.ar\/?page_id=3273\" \/>\n<meta property=\"article:publisher\" content=\"https:\/\/es-la.facebook.com\/TdeCLaPampa\/\" \/>\n<meta property=\"article:modified_time\" content=\"2019-04-01T13:53:25+00:00\" \/>\n<meta name=\"twitter:card\" content=\"summary_large_image\" \/>\n<meta name=\"twitter:label1\" content=\"Tiempo de lectura\" \/>\n\t<meta name=\"twitter:data1\" content=\"1 minuto\" \/>\n<script type=\"application\/ld+json\" class=\"yoast-schema-graph\">{\"@context\":\"https:\/\/schema.org\",\"@graph\":[{\"@type\":\"WebPage\",\"@id\":\"https:\/\/www.tcuentaslp.gob.ar\/?page_id=3273\",\"url\":\"https:\/\/www.tcuentaslp.gob.ar\/?page_id=3273\",\"name\":\"Problemas Frecuentes y Soluciones Acordadas -\",\"isPartOf\":{\"@id\":\"https:\/\/www.tcuentaslp.gob.ar\/#website\"},\"datePublished\":\"2019-04-01T13:53:23+00:00\",\"dateModified\":\"2019-04-01T13:53:25+00:00\",\"breadcrumb\":{\"@id\":\"https:\/\/www.tcuentaslp.gob.ar\/?page_id=3273#breadcrumb\"},\"inLanguage\":\"es-AR\",\"potentialAction\":[{\"@type\":\"ReadAction\",\"target\":[\"https:\/\/www.tcuentaslp.gob.ar\/?page_id=3273\"]}]},{\"@type\":\"BreadcrumbList\",\"@id\":\"https:\/\/www.tcuentaslp.gob.ar\/?page_id=3273#breadcrumb\",\"itemListElement\":[{\"@type\":\"ListItem\",\"position\":1,\"name\":\"Inicio\",\"item\":\"https:\/\/www.tcuentaslp.gob.ar\/\"},{\"@type\":\"ListItem\",\"position\":2,\"name\":\"Problemas Frecuentes y Soluciones Acordadas\"}]},{\"@type\":\"WebSite\",\"@id\":\"https:\/\/www.tcuentaslp.gob.ar\/#website\",\"url\":\"https:\/\/www.tcuentaslp.gob.ar\/\",\"name\":\"Tribunal de Cuentas de La Pampa\",\"description\":\"\",\"publisher\":{\"@id\":\"https:\/\/www.tcuentaslp.gob.ar\/#organization\"},\"potentialAction\":[{\"@type\":\"SearchAction\",\"target\":{\"@type\":\"EntryPoint\",\"urlTemplate\":\"https:\/\/www.tcuentaslp.gob.ar\/?s={search_term_string}\"},\"query-input\":\"required name=search_term_string\"}],\"inLanguage\":\"es-AR\"},{\"@type\":\"Organization\",\"@id\":\"https:\/\/www.tcuentaslp.gob.ar\/#organization\",\"name\":\"Tribunal de Cuentas de La Pampa\",\"url\":\"https:\/\/www.tcuentaslp.gob.ar\/\",\"logo\":{\"@type\":\"ImageObject\",\"inLanguage\":\"es-AR\",\"@id\":\"https:\/\/www.tcuentaslp.gob.ar\/#\/schema\/logo\/image\/\",\"url\":\"http:\/\/www.tcuentaslp.gob.ar\/wp-content\/uploads\/2017\/10\/logo_tribunal.png\",\"contentUrl\":\"http:\/\/www.tcuentaslp.gob.ar\/wp-content\/uploads\/2017\/10\/logo_tribunal.png\",\"width\":200,\"height\":204,\"caption\":\"Tribunal de Cuentas de La Pampa\"},\"image\":{\"@id\":\"https:\/\/www.tcuentaslp.gob.ar\/#\/schema\/logo\/image\/\"},\"sameAs\":[\"https:\/\/es-la.facebook.com\/TdeCLaPampa\/\"]}]}<\/script>\n<!-- \/ Yoast SEO plugin. -->","yoast_head_json":{"title":"Problemas Frecuentes y Soluciones Acordadas -","robots":{"index":"index","follow":"follow","max-snippet":"max-snippet:-1","max-image-preview":"max-image-preview:large","max-video-preview":"max-video-preview:-1"},"canonical":"https:\/\/www.tcuentaslp.gob.ar\/?page_id=3273","og_locale":"es_ES","og_type":"article","og_title":"Problemas Frecuentes y Soluciones Acordadas -","og_description":"\u00bfC\u00f3mo se procede cuando en una Comisi\u00f3n de Servicios no se rinden comprobantes de gastos? La soluci\u00f3n acordada es adjuntar ... Leer m\u00e1s...","og_url":"https:\/\/www.tcuentaslp.gob.ar\/?page_id=3273","article_publisher":"https:\/\/es-la.facebook.com\/TdeCLaPampa\/","article_modified_time":"2019-04-01T13:53:25+00:00","twitter_card":"summary_large_image","twitter_misc":{"Tiempo de lectura":"1 minuto"},"schema":{"@context":"https:\/\/schema.org","@graph":[{"@type":"WebPage","@id":"https:\/\/www.tcuentaslp.gob.ar\/?page_id=3273","url":"https:\/\/www.tcuentaslp.gob.ar\/?page_id=3273","name":"Problemas Frecuentes y Soluciones Acordadas -","isPartOf":{"@id":"https:\/\/www.tcuentaslp.gob.ar\/#website"},"datePublished":"2019-04-01T13:53:23+00:00","dateModified":"2019-04-01T13:53:25+00:00","breadcrumb":{"@id":"https:\/\/www.tcuentaslp.gob.ar\/?page_id=3273#breadcrumb"},"inLanguage":"es-AR","potentialAction":[{"@type":"ReadAction","target":["https:\/\/www.tcuentaslp.gob.ar\/?page_id=3273"]}]},{"@type":"BreadcrumbList","@id":"https:\/\/www.tcuentaslp.gob.ar\/?page_id=3273#breadcrumb","itemListElement":[{"@type":"ListItem","position":1,"name":"Inicio","item":"https:\/\/www.tcuentaslp.gob.ar\/"},{"@type":"ListItem","position":2,"name":"Problemas Frecuentes y Soluciones Acordadas"}]},{"@type":"WebSite","@id":"https:\/\/www.tcuentaslp.gob.ar\/#website","url":"https:\/\/www.tcuentaslp.gob.ar\/","name":"Tribunal de Cuentas de La Pampa","description":"","publisher":{"@id":"https:\/\/www.tcuentaslp.gob.ar\/#organization"},"potentialAction":[{"@type":"SearchAction","target":{"@type":"EntryPoint","urlTemplate":"https:\/\/www.tcuentaslp.gob.ar\/?s={search_term_string}"},"query-input":"required name=search_term_string"}],"inLanguage":"es-AR"},{"@type":"Organization","@id":"https:\/\/www.tcuentaslp.gob.ar\/#organization","name":"Tribunal de Cuentas de La Pampa","url":"https:\/\/www.tcuentaslp.gob.ar\/","logo":{"@type":"ImageObject","inLanguage":"es-AR","@id":"https:\/\/www.tcuentaslp.gob.ar\/#\/schema\/logo\/image\/","url":"http:\/\/www.tcuentaslp.gob.ar\/wp-content\/uploads\/2017\/10\/logo_tribunal.png","contentUrl":"http:\/\/www.tcuentaslp.gob.ar\/wp-content\/uploads\/2017\/10\/logo_tribunal.png","width":200,"height":204,"caption":"Tribunal de Cuentas de La Pampa"},"image":{"@id":"https:\/\/www.tcuentaslp.gob.ar\/#\/schema\/logo\/image\/"},"sameAs":["https:\/\/es-la.facebook.com\/TdeCLaPampa\/"]}]}},"_links":{"self":[{"href":"https:\/\/www.tcuentaslp.gob.ar\/index.php?rest_route=\/wp\/v2\/pages\/3273"}],"collection":[{"href":"https:\/\/www.tcuentaslp.gob.ar\/index.php?rest_route=\/wp\/v2\/pages"}],"about":[{"href":"https:\/\/www.tcuentaslp.gob.ar\/index.php?rest_route=\/wp\/v2\/types\/page"}],"author":[{"embeddable":true,"href":"https:\/\/www.tcuentaslp.gob.ar\/index.php?rest_route=\/wp\/v2\/users\/1"}],"replies":[{"embeddable":true,"href":"https:\/\/www.tcuentaslp.gob.ar\/index.php?rest_route=%2Fwp%2Fv2%2Fcomments&post=3273"}],"version-history":[{"count":1,"href":"https:\/\/www.tcuentaslp.gob.ar\/index.php?rest_route=\/wp\/v2\/pages\/3273\/revisions"}],"predecessor-version":[{"id":3274,"href":"https:\/\/www.tcuentaslp.gob.ar\/index.php?rest_route=\/wp\/v2\/pages\/3273\/revisions\/3274"}],"wp:attachment":[{"href":"https:\/\/www.tcuentaslp.gob.ar\/index.php?rest_route=%2Fwp%2Fv2%2Fmedia&parent=3273"}],"curies":[{"name":"wp","href":"https:\/\/api.w.org\/{rel}","templated":true}]}}