{"id":3286,"date":"2019-04-01T11:46:15","date_gmt":"2019-04-01T14:46:15","guid":{"rendered":"http:\/\/www.tcuentaslp.gob.ar\/?page_id=3286"},"modified":"2019-04-01T11:46:16","modified_gmt":"2019-04-01T14:46:16","slug":"rendicion-de-comprobantes","status":"publish","type":"page","link":"https:\/\/www.tcuentaslp.gob.ar\/?page_id=3286","title":{"rendered":"Rendici\u00f3n de Comprobantes"},"content":{"rendered":"\n<p><strong>\u00bfDebe presentarse una Rendici\u00f3n por cada subsidio recibido por la entidad?<\/strong><\/p>\n\n\n\n<p>Se debe presentar una Rendici\u00f3n por cada Subsidio. La Resoluci\u00f3n N\u00ba 2\/10 (TdC.) no permite incluir m\u00e1s de una Resoluci\u00f3n o Decreto de otorgamiento por Expediente.<\/p>\n\n\n\n<p>Cuando en una Resoluci\u00f3n \/ Decreto se otorguen subsidios a m\u00e1s de una entidad beneficiaria, la rendici\u00f3n deber\u00e1 ser realizada en tantos Cuerpos Complementarios como entidades beneficiarias se incluyan en la Resoluci\u00f3n \/ Decreto.<\/p>\n\n\n\n<p><strong>\u00bfCu\u00e1nto tiempo hay para presentar la rendici\u00f3n de los subsidios recibidos?<\/strong><\/p>\n\n\n\n<p>Cada rendici\u00f3n se presentar\u00e1 de acuerdo a los plazos que se establezcan en la Resoluci\u00f3n o en el Decreto de otorgamiento.<\/p>\n\n\n\n<p><strong>\u00bfEn qu\u00e9 lugar debe presentarse la Rendici\u00f3n?<\/strong><\/p>\n\n\n\n<p>La rendici\u00f3n de cuentas del Subsidio confeccionada de acuerdo a los procedimientos y formalidades de Inversi\u00f3n de Subsidios deber\u00e1 presentarse ante el organismo que otorg\u00f3 el mismo.<\/p>\n\n\n\n<p><strong>La documentaci\u00f3n que forma parte de la Rendici\u00f3n de cuentas \u00bfdebe estar numerada (foliada)?<\/strong><\/p>\n\n\n\n<p>Toda la documentaci\u00f3n que forma parte de la Rendici\u00f3n a presentar debe estar numerada y ordenada en forma ascendente.<\/p>\n\n\n\n<p><strong>Si La realizaci\u00f3n de eventos comunitarios organizados por la Instituci\u00f3n genera gastos \u00bflos mismos pueden ser abonados por el dinero proveniente del Subsidio?<br><\/strong><\/p>\n\n\n\n<p>Se puede, siempre que las facturas est\u00e9n a nombre de la Instituci\u00f3n y de acuerdo al objeto del pedido del Subsidio y al objeto de la propia Instituci\u00f3n. Como ejemplo podemos mencionar iluminaci\u00f3n, sonido, locutor, sal\u00f3n.<\/p>\n\n\n\n<p><strong>Los Balances anuales que la Instituci\u00f3n deba presentar en Personas Jur\u00eddicas, que llevan firma de un Contador P\u00fablico Matriculado y aval del Consejo Profesional de Ciencias Econ\u00f3micas \u00bfse pueden tomar&nbsp; los gastos de sellado y honorarios profesionales como gastos de funcionamiento?<\/strong><\/p>\n\n\n\n<p>Los Balances deben ser presentados en Superintendencia de Personas Jur\u00eddicas y Registro P\u00fablico de Comercio. En caso de contar con la firma del Contador P\u00fablico y aval del Consejo Profesional de Ciencias Econ\u00f3micas, los gastos que se originen para ello podr\u00e1n afrontarse con los fondos recibidos mediante Subsidios.<\/p>\n\n\n\n<p><strong>Los gastos vinculados a registro de marca o patentes de proyectos realizados por la Instituci\u00f3n, \u00bfpueden afrontarse con montos provenientes de Subsidios?<\/strong><\/p>\n\n\n\n<p>Los gastos necesarios para el registro de marcas o patentes de tales proyectos si podr\u00e1n ser abonados con el dinero recibido como Subsidio.<\/p>\n\n\n\n<p><strong>La fecha de los comprobantes que respalden los pagos efectuados mediante los Subsidios recibidos, \u00bfpuede ser anterior y\/o posterior al per\u00edodo en que se rinde el mismo?<\/strong><\/p>\n\n\n\n<p>La fecha de confecci\u00f3n de los comprobantes ser\u00e1 dentro del periodo establecido en la resoluci\u00f3n de otorgamiento del Subsidio. En caso de rendir con comprobantes anteriores al Subsidio otorgado deber\u00e1 enviar nota aclaratoria fundamentando dicha acci\u00f3n y solicitar la aceptaci\u00f3n de la rendici\u00f3n.<\/p>\n","protected":false},"excerpt":{"rendered":"<p>\u00bfDebe presentarse una Rendici\u00f3n por cada subsidio recibido por la entidad? Se debe presentar una Rendici\u00f3n por cada Subsidio. La &#8230; <a title=\"Rendici\u00f3n de Comprobantes\" class=\"read-more\" href=\"https:\/\/www.tcuentaslp.gob.ar\/?page_id=3286\">Leer m\u00e1s&#8230;<\/a><\/p>\n","protected":false},"author":1,"featured_media":0,"parent":0,"menu_order":0,"comment_status":"closed","ping_status":"closed","template":"","meta":{"generate_page_header":""},"yoast_head":"<!-- This site is optimized with the Yoast SEO plugin v20.12 - https:\/\/yoast.com\/wordpress\/plugins\/seo\/ -->\n<title>Rendici\u00f3n de Comprobantes -<\/title>\n<meta name=\"robots\" content=\"index, follow, max-snippet:-1, max-image-preview:large, max-video-preview:-1\" \/>\n<link rel=\"canonical\" href=\"https:\/\/www.tcuentaslp.gob.ar\/?page_id=3286\" \/>\n<meta property=\"og:locale\" content=\"es_ES\" \/>\n<meta property=\"og:type\" content=\"article\" \/>\n<meta property=\"og:title\" content=\"Rendici\u00f3n de Comprobantes -\" \/>\n<meta property=\"og:description\" content=\"\u00bfDebe presentarse una Rendici\u00f3n por cada subsidio recibido por la entidad? Se debe presentar una Rendici\u00f3n por cada Subsidio. La ... Leer m\u00e1s...\" \/>\n<meta property=\"og:url\" content=\"https:\/\/www.tcuentaslp.gob.ar\/?page_id=3286\" \/>\n<meta property=\"article:publisher\" content=\"https:\/\/es-la.facebook.com\/TdeCLaPampa\/\" \/>\n<meta property=\"article:modified_time\" content=\"2019-04-01T14:46:16+00:00\" \/>\n<meta name=\"twitter:card\" content=\"summary_large_image\" \/>\n<meta name=\"twitter:label1\" content=\"Tiempo de lectura\" \/>\n\t<meta name=\"twitter:data1\" content=\"2 minutos\" \/>\n<script type=\"application\/ld+json\" class=\"yoast-schema-graph\">{\"@context\":\"https:\/\/schema.org\",\"@graph\":[{\"@type\":\"WebPage\",\"@id\":\"https:\/\/www.tcuentaslp.gob.ar\/?page_id=3286\",\"url\":\"https:\/\/www.tcuentaslp.gob.ar\/?page_id=3286\",\"name\":\"Rendici\u00f3n de Comprobantes -\",\"isPartOf\":{\"@id\":\"https:\/\/www.tcuentaslp.gob.ar\/#website\"},\"datePublished\":\"2019-04-01T14:46:15+00:00\",\"dateModified\":\"2019-04-01T14:46:16+00:00\",\"breadcrumb\":{\"@id\":\"https:\/\/www.tcuentaslp.gob.ar\/?page_id=3286#breadcrumb\"},\"inLanguage\":\"es-AR\",\"potentialAction\":[{\"@type\":\"ReadAction\",\"target\":[\"https:\/\/www.tcuentaslp.gob.ar\/?page_id=3286\"]}]},{\"@type\":\"BreadcrumbList\",\"@id\":\"https:\/\/www.tcuentaslp.gob.ar\/?page_id=3286#breadcrumb\",\"itemListElement\":[{\"@type\":\"ListItem\",\"position\":1,\"name\":\"Inicio\",\"item\":\"https:\/\/www.tcuentaslp.gob.ar\/\"},{\"@type\":\"ListItem\",\"position\":2,\"name\":\"Rendici\u00f3n de Comprobantes\"}]},{\"@type\":\"WebSite\",\"@id\":\"https:\/\/www.tcuentaslp.gob.ar\/#website\",\"url\":\"https:\/\/www.tcuentaslp.gob.ar\/\",\"name\":\"Tribunal de Cuentas de La Pampa\",\"description\":\"\",\"publisher\":{\"@id\":\"https:\/\/www.tcuentaslp.gob.ar\/#organization\"},\"potentialAction\":[{\"@type\":\"SearchAction\",\"target\":{\"@type\":\"EntryPoint\",\"urlTemplate\":\"https:\/\/www.tcuentaslp.gob.ar\/?s={search_term_string}\"},\"query-input\":\"required name=search_term_string\"}],\"inLanguage\":\"es-AR\"},{\"@type\":\"Organization\",\"@id\":\"https:\/\/www.tcuentaslp.gob.ar\/#organization\",\"name\":\"Tribunal de Cuentas de La Pampa\",\"url\":\"https:\/\/www.tcuentaslp.gob.ar\/\",\"logo\":{\"@type\":\"ImageObject\",\"inLanguage\":\"es-AR\",\"@id\":\"https:\/\/www.tcuentaslp.gob.ar\/#\/schema\/logo\/image\/\",\"url\":\"http:\/\/www.tcuentaslp.gob.ar\/wp-content\/uploads\/2017\/10\/logo_tribunal.png\",\"contentUrl\":\"http:\/\/www.tcuentaslp.gob.ar\/wp-content\/uploads\/2017\/10\/logo_tribunal.png\",\"width\":200,\"height\":204,\"caption\":\"Tribunal de Cuentas de La Pampa\"},\"image\":{\"@id\":\"https:\/\/www.tcuentaslp.gob.ar\/#\/schema\/logo\/image\/\"},\"sameAs\":[\"https:\/\/es-la.facebook.com\/TdeCLaPampa\/\"]}]}<\/script>\n<!-- \/ Yoast SEO plugin. -->","yoast_head_json":{"title":"Rendici\u00f3n de Comprobantes -","robots":{"index":"index","follow":"follow","max-snippet":"max-snippet:-1","max-image-preview":"max-image-preview:large","max-video-preview":"max-video-preview:-1"},"canonical":"https:\/\/www.tcuentaslp.gob.ar\/?page_id=3286","og_locale":"es_ES","og_type":"article","og_title":"Rendici\u00f3n de Comprobantes -","og_description":"\u00bfDebe presentarse una Rendici\u00f3n por cada subsidio recibido por la entidad? Se debe presentar una Rendici\u00f3n por cada Subsidio. La ... Leer m\u00e1s...","og_url":"https:\/\/www.tcuentaslp.gob.ar\/?page_id=3286","article_publisher":"https:\/\/es-la.facebook.com\/TdeCLaPampa\/","article_modified_time":"2019-04-01T14:46:16+00:00","twitter_card":"summary_large_image","twitter_misc":{"Tiempo de lectura":"2 minutos"},"schema":{"@context":"https:\/\/schema.org","@graph":[{"@type":"WebPage","@id":"https:\/\/www.tcuentaslp.gob.ar\/?page_id=3286","url":"https:\/\/www.tcuentaslp.gob.ar\/?page_id=3286","name":"Rendici\u00f3n de Comprobantes -","isPartOf":{"@id":"https:\/\/www.tcuentaslp.gob.ar\/#website"},"datePublished":"2019-04-01T14:46:15+00:00","dateModified":"2019-04-01T14:46:16+00:00","breadcrumb":{"@id":"https:\/\/www.tcuentaslp.gob.ar\/?page_id=3286#breadcrumb"},"inLanguage":"es-AR","potentialAction":[{"@type":"ReadAction","target":["https:\/\/www.tcuentaslp.gob.ar\/?page_id=3286"]}]},{"@type":"BreadcrumbList","@id":"https:\/\/www.tcuentaslp.gob.ar\/?page_id=3286#breadcrumb","itemListElement":[{"@type":"ListItem","position":1,"name":"Inicio","item":"https:\/\/www.tcuentaslp.gob.ar\/"},{"@type":"ListItem","position":2,"name":"Rendici\u00f3n de Comprobantes"}]},{"@type":"WebSite","@id":"https:\/\/www.tcuentaslp.gob.ar\/#website","url":"https:\/\/www.tcuentaslp.gob.ar\/","name":"Tribunal de Cuentas de La Pampa","description":"","publisher":{"@id":"https:\/\/www.tcuentaslp.gob.ar\/#organization"},"potentialAction":[{"@type":"SearchAction","target":{"@type":"EntryPoint","urlTemplate":"https:\/\/www.tcuentaslp.gob.ar\/?s={search_term_string}"},"query-input":"required name=search_term_string"}],"inLanguage":"es-AR"},{"@type":"Organization","@id":"https:\/\/www.tcuentaslp.gob.ar\/#organization","name":"Tribunal de Cuentas de La Pampa","url":"https:\/\/www.tcuentaslp.gob.ar\/","logo":{"@type":"ImageObject","inLanguage":"es-AR","@id":"https:\/\/www.tcuentaslp.gob.ar\/#\/schema\/logo\/image\/","url":"http:\/\/www.tcuentaslp.gob.ar\/wp-content\/uploads\/2017\/10\/logo_tribunal.png","contentUrl":"http:\/\/www.tcuentaslp.gob.ar\/wp-content\/uploads\/2017\/10\/logo_tribunal.png","width":200,"height":204,"caption":"Tribunal de Cuentas de La Pampa"},"image":{"@id":"https:\/\/www.tcuentaslp.gob.ar\/#\/schema\/logo\/image\/"},"sameAs":["https:\/\/es-la.facebook.com\/TdeCLaPampa\/"]}]}},"_links":{"self":[{"href":"https:\/\/www.tcuentaslp.gob.ar\/index.php?rest_route=\/wp\/v2\/pages\/3286"}],"collection":[{"href":"https:\/\/www.tcuentaslp.gob.ar\/index.php?rest_route=\/wp\/v2\/pages"}],"about":[{"href":"https:\/\/www.tcuentaslp.gob.ar\/index.php?rest_route=\/wp\/v2\/types\/page"}],"author":[{"embeddable":true,"href":"https:\/\/www.tcuentaslp.gob.ar\/index.php?rest_route=\/wp\/v2\/users\/1"}],"replies":[{"embeddable":true,"href":"https:\/\/www.tcuentaslp.gob.ar\/index.php?rest_route=%2Fwp%2Fv2%2Fcomments&post=3286"}],"version-history":[{"count":1,"href":"https:\/\/www.tcuentaslp.gob.ar\/index.php?rest_route=\/wp\/v2\/pages\/3286\/revisions"}],"predecessor-version":[{"id":3287,"href":"https:\/\/www.tcuentaslp.gob.ar\/index.php?rest_route=\/wp\/v2\/pages\/3286\/revisions\/3287"}],"wp:attachment":[{"href":"https:\/\/www.tcuentaslp.gob.ar\/index.php?rest_route=%2Fwp%2Fv2%2Fmedia&parent=3286"}],"curies":[{"name":"wp","href":"https:\/\/api.w.org\/{rel}","templated":true}]}}