{"id":426,"date":"2017-10-09T12:23:49","date_gmt":"2017-10-09T15:23:49","guid":{"rendered":"http:\/\/www.tcuentaslp.gob.ar\/?page_id=426"},"modified":"2024-01-05T15:18:12","modified_gmt":"2024-01-05T18:18:12","slug":"dr-francisco-garcia","status":"publish","type":"page","link":"https:\/\/www.tcuentaslp.gob.ar\/?page_id=426","title":{"rendered":"CPN. Valeria Lis NOWAK"},"content":{"rendered":"<p><!-- @page { margin: 2cm } P { margin-bottom: 0cm; color: #000000; line-height: 150%; text-align: justify } P.western { font-family: \"Arial\", sans-serif; font-size: 12pt } P.cjk { font-size: 12pt } H1 { margin-top: 0cm; margin-bottom: 0cm; text-align: justify } H1.western { font-family: \"Arial\", sans-serif; font-size: 12pt; so-language: es-ES; font-weight: normal } H1.cjk { font-family: \"DejaVu Sans Condensed\"; font-size: 12pt; font-weight: normal } H1.ctl { font-family: \"Tahoma\"; font-size: 12pt; font-weight: normal } H3 { margin-top: 0cm; margin-bottom: 0cm; text-align: justify } H3.western { font-family: \"Arial\", sans-serif; font-size: 12pt } H3.cjk { font-family: \"DejaVu Sans Condensed\"; font-size: 12pt } H3.ctl { font-family: \"Tahoma\"; font-size: 12pt; font-weight: normal } --><\/p>\n<p><strong><img decoding=\"async\" loading=\"lazy\" class=\"size-medium wp-image-4912 alignleft\" src=\"https:\/\/www.tcuentaslp.gob.ar\/wp-content\/uploads\/2024\/01\/nowak-chica-208x300.jpg\" alt=\"\" width=\"208\" height=\"300\" srcset=\"https:\/\/www.tcuentaslp.gob.ar\/wp-content\/uploads\/2024\/01\/nowak-chica-208x300.jpg 208w, https:\/\/www.tcuentaslp.gob.ar\/wp-content\/uploads\/2024\/01\/nowak-chica.jpg 467w\" sizes=\"(max-width: 208px) 100vw, 208px\" \/> \u00a0 <\/strong><\/p>\n<p><strong>ESTUDIOS CURSADOS<\/strong><\/p>\n<p>Universidad Nacional de La Pampa<\/p>\n<p>Facultad de Ciencias Econ\u00f3micas y Jur\u00eddicas<\/p>\n<p>T\u00edtulo de grado: Contadora P\u00fablica Nacional \u2013 Egresada A\u00f1o 2002<\/p>\n<p><strong>CAPACITACIONES<\/strong><\/p>\n<ul>\n<li>Computaci\u00f3n: conocimiento de manejo de PC<\/li>\n<li>Curso \u201cIMPUESTO A LAS GANANCIAS, GANANCIA M\u00cdNIMA PRESUNTA, BIENES PERSONALES\u201d a cargo del Dr. OSVALDO BALAN , organizado por el CPCELP. Marzo de 2004.<\/li>\n<li>Curso \u201cPR\u00c1CTICA LABORAL\u201d a cargo de la Dra. C.P.N. ALEJANDRA A.FERN\u00c1NDEZ y del Dr. C.P.N. JORGE PANIAGUA, organizado por el CPCELP. Septiembre de 2006.<\/li>\n<li>Curso \u201cESTADOS CONTABLES PARA PyMES\u201d a cargo de la Dra. ANA MAR\u00cdA PETTI, organizado por el CPCELP. Octubre de 2007.<\/li>\n<li>Curso \u201cTRATAMIENTO RELACIONADO CON EL IVA APLICADO A DISTINTAS ACTIVIDADES\u201d a cargo del Dr. ALBERTO COTO, organizado por el CPCELP. Noviembre de 2007.<\/li>\n<li>Curso \u201cACTUALIZACION LABORAL\u201d a cargo del Dr. JOS\u00c9 LUIS SIRENA, organizado por el CPCELP. Noviembre de 2007.<\/li>\n<li>Curso \u201cIMPUESTOS A LAS GANANCIAS-PERSONAS F\u00cdSICAS\u201d a cargo del Dr. JORGE CHANUAR, organizado por el CPCELP. Marzo de 2008.<\/li>\n<li>Curso \u201cTRATAMIENTO ESPECIAL DE IMPUESTO A LAS GANANCIAS\u201d, a cargo del Dr. ALBERTO COTO, organizado por el CPCELP. Abril de 2008.<\/li>\n<li>Curso \u201cCONTABILIDAD PRESUPUESTARIA Y CONTABILIDAD GUBERNAMENTAL\u201d a cargo de la C.P.N. M\u00d3NICA GONZ\u00c1LEZ , organizado por el CPCELP. Septiembre de 2008.<\/li>\n<li>Curso \u201cGESTI\u00d3N ADMINISTRATIVO-CONTABLE EN LA ADMINISTRACI\u00d3N P\u00daBLICA PROVINCIAL CURSO-TALLER DE CAPACITACI\u00d3N DE PERSONAL DE DESPACHO DE DIRECCIONES\u201d a cargo de la C.P.N. LILIANA BEATRIZ GARC\u00cdA, organizado por la CONTADUR\u00cdA GENERAL DE LA PROVINCIA DE LA PAMPA. Agosto-Diciembre de 2010. (Resoluci\u00f3n N\u00b0 148\/11).<\/li>\n<li>\u201cIV CONGRESO INTERNACIONAL DE DERECHO DISCIPLINARIO Y II JORNADAS PROVINCIALES DE ADMINISTRACI\u00d3N P\u00daBLICA Y CONTROL\u201d organizada en forma conjunta entre el Centro de Estudios sobre Gesti\u00f3n P\u00fablica y Responsabilidad y el Tribunal de Cuentas de la provincia de La Pampa-.<\/li>\n<li>Curso de Posgrado \u201cLA ADMINISTRACI\u00d3N P\u00daBLICA COMO CONTRATISTA: PRINCIPIOS Y NORMAS QUE LA REGULAN\u201d bajo la direcci\u00f3n de los docentes CARLOS ENRIQUE MAMBERTI y CARLOS MARCELO LAMOGLIA, organizado por la FACULTAD DE CIENCIAS ECON\u00d3MICAS Y JUR\u00cdDICAS DE LA UNIVERSIDAD NACIONAL DE LA PAMPA. Septiembre-Noviembre de 2012. (Resoluci\u00f3n N\u00b0164\/12 del C.D.)<\/li>\n<\/ul>\n<p><strong>ACTIVIDAD DOCENTE<\/strong><\/p>\n<p>Cargo: Ayudante de Primera.<\/p>\n<p>C\u00e1tedra: Administraci\u00f3n Financiera.<\/p>\n<p>Carrera: Contador P\u00fablico Nacional.<\/p>\n<p>Facultad de Ciencias Econ\u00f3micas y Jur\u00eddicas &#8211; UNLPAM<\/p>\n<p>Per\u00edodo: Marzo 2003 \u2013 Marzo 2007<\/p>\n<p><strong>ACTIVIDAD PROFESIONAL INDEPENDIENTE<\/strong><\/p>\n<ul>\n<li>TORRES \u2013 FACCIPIERI Y Asociados, Estudio Contable, Santa Rosa \u2013 La Pampa, Per\u00edodo: Mayo 1.992 \u2013 Mayo 2.005<\/li>\n<li>ESTUDIO CONTABLE, Santa Rosa \u2013 La Pampa, Per\u00edodo: desde junio 2005 a la fecha<\/li>\n<li>AGUAS DEL COLORADO SAPEM, Santa Rosa-La Pampa, Per\u00edodo: Junio 2006 a Octubre 2008, CPN \u201cDEPARTAMENTO DE PERSONAL\/\u00c1REA RECURSOS HUMANOS\u201d<\/li>\n<\/ul>\n<p><strong>ADMINISTRACI\u00d3N P\u00daBLICA PROVINCIAL<\/strong><\/p>\n<ul>\n<li style=\"text-align: justify;\">Secretaria Privada del MINISTRO DE OBRAS y SERVICIOS P\u00dcBLICOS, designaci\u00f3n efectuada por DECRETO N\u00b0 2449\/2008 de fecha 12 de Septiembre de 2008. Cargo ejercido hasta el 10 de Diciembre de 2011, cumpliendo funciones de Jefatura de despacho y asesoramiento administrativo contable en las distintas tramitaciones en que el Ministerio tiene intervenci\u00f3n.<\/li>\n<li style=\"text-align: justify;\">Secretaria Privada del MINISTRO DE OBRAS y SERVICIOS P\u00dcBLICOS, designaci\u00f3n efectuada por DECRETO N\u00b0 141\/2011 de fecha 10 de Diciembre de 2011. Cargo ejercido hasta el 23 de Febrero de 2015, cumpliendo funciones de Jefatura de despacho y asesoramiento administrativo contable en las distintas tramitaciones en que el Ministerio tiene intervenci\u00f3n.<\/li>\n<\/ul>\n<ul>\n<li>Gerencia Administrativo-Contable de la ADMINISTRACI\u00d3N PROVINCIAL DEL AGUA, designaci\u00f3n efectuada por DECRETO N\u00b0 51\/2015 de fecha 24 de Febrero de 2015. Cargo ejercido hasta el 30 de Septiembre de 2015.<\/li>\n<li>Departamento Administrativo-Contable de la ADMINISTRACI\u00d3N PROVINCIAL DEL AGUA, desde el 01 de Octubre de 2015, designaci\u00f3n efectuada por DECRETO N\u00b0 570\/2015, cumpliendo funciones administrativo-contables y funciones de Jefatura de Divisi\u00f3n. Cargo ejercido hasta el 29 de Diciembre de 2019.<\/li>\n<li>Secretaria Privada del SECRETARIO GENERAL DE LA GOBERNACI\u00d3N, designaci\u00f3n efectuada por DECRETO N\u00b0 667\/2019 de fecha 30 de Diciembre de 2019. Cargo ejercido hasta el 13 de Agosto de 2020, cumpliendo funciones de asesoramiento administrativo contable en las distintas tramitaciones en que la Secretaria tiene intervenci\u00f3n.<\/li>\n<li>Subsecretaria de Gesti\u00f3n P\u00fablica de la SECRETARIA GENERAL DE LA GOBERNACI\u00d3N, designaci\u00f3n efectuada por DECRETO N\u00b0 1998\/2020 de fecha 14 de Agosto de 2020. Cargo ejercido hasta el 26 de Diciembre de 2023, cumpliendo funciones de asesoramiento administrativo contable en las distintas tramitaciones en que la Secretar\u00eda tiene intervenci\u00f3n.<\/li>\n<li>Vocal del TRIBUNAL DE CUENTAS DE LA PROVINCIA, designaci\u00f3n efectuada por DECRETO N\u00b0 6478\/2023 de fecha 27 de Diciembre de 2023. Cargo ejercido en la actualidad.<\/li>\n<\/ul>\n","protected":false},"excerpt":{"rendered":"<p>\u00a0 ESTUDIOS CURSADOS Universidad Nacional de La Pampa Facultad de Ciencias Econ\u00f3micas y Jur\u00eddicas T\u00edtulo de grado: Contadora P\u00fablica Nacional &#8230; <a title=\"CPN. Valeria Lis NOWAK\" class=\"read-more\" href=\"https:\/\/www.tcuentaslp.gob.ar\/?page_id=426\">Leer m\u00e1s&#8230;<\/a><\/p>\n","protected":false},"author":1,"featured_media":0,"parent":0,"menu_order":0,"comment_status":"closed","ping_status":"closed","template":"","meta":{"generate_page_header":""},"yoast_head":"<!-- This site is optimized with the Yoast SEO plugin v20.12 - https:\/\/yoast.com\/wordpress\/plugins\/seo\/ -->\n<title>CPN. Valeria Lis NOWAK -<\/title>\n<meta name=\"robots\" content=\"index, follow, max-snippet:-1, max-image-preview:large, max-video-preview:-1\" \/>\n<link rel=\"canonical\" href=\"https:\/\/www.tcuentaslp.gob.ar\/?page_id=426\" \/>\n<meta property=\"og:locale\" content=\"es_ES\" \/>\n<meta property=\"og:type\" content=\"article\" \/>\n<meta property=\"og:title\" content=\"CPN. Valeria Lis NOWAK -\" \/>\n<meta property=\"og:description\" content=\"\u00a0 ESTUDIOS CURSADOS Universidad Nacional de La Pampa Facultad de Ciencias Econ\u00f3micas y Jur\u00eddicas T\u00edtulo de grado: Contadora P\u00fablica Nacional ... Leer m\u00e1s...\" \/>\n<meta property=\"og:url\" content=\"https:\/\/www.tcuentaslp.gob.ar\/?page_id=426\" \/>\n<meta property=\"article:publisher\" content=\"https:\/\/es-la.facebook.com\/TdeCLaPampa\/\" \/>\n<meta property=\"article:modified_time\" content=\"2024-01-05T18:18:12+00:00\" \/>\n<meta property=\"og:image\" content=\"https:\/\/www.tcuentaslp.gob.ar\/wp-content\/uploads\/2024\/01\/nowak-chica-208x300.jpg\" \/>\n<meta name=\"twitter:card\" content=\"summary_large_image\" \/>\n<meta name=\"twitter:label1\" content=\"Tiempo de lectura\" \/>\n\t<meta name=\"twitter:data1\" content=\"4 minutos\" \/>\n<script type=\"application\/ld+json\" class=\"yoast-schema-graph\">{\"@context\":\"https:\/\/schema.org\",\"@graph\":[{\"@type\":\"WebPage\",\"@id\":\"https:\/\/www.tcuentaslp.gob.ar\/?page_id=426\",\"url\":\"https:\/\/www.tcuentaslp.gob.ar\/?page_id=426\",\"name\":\"CPN. Valeria Lis NOWAK -\",\"isPartOf\":{\"@id\":\"https:\/\/www.tcuentaslp.gob.ar\/#website\"},\"datePublished\":\"2017-10-09T15:23:49+00:00\",\"dateModified\":\"2024-01-05T18:18:12+00:00\",\"breadcrumb\":{\"@id\":\"https:\/\/www.tcuentaslp.gob.ar\/?page_id=426#breadcrumb\"},\"inLanguage\":\"es-AR\",\"potentialAction\":[{\"@type\":\"ReadAction\",\"target\":[\"https:\/\/www.tcuentaslp.gob.ar\/?page_id=426\"]}]},{\"@type\":\"BreadcrumbList\",\"@id\":\"https:\/\/www.tcuentaslp.gob.ar\/?page_id=426#breadcrumb\",\"itemListElement\":[{\"@type\":\"ListItem\",\"position\":1,\"name\":\"Inicio\",\"item\":\"https:\/\/www.tcuentaslp.gob.ar\/\"},{\"@type\":\"ListItem\",\"position\":2,\"name\":\"CPN. Valeria Lis NOWAK\"}]},{\"@type\":\"WebSite\",\"@id\":\"https:\/\/www.tcuentaslp.gob.ar\/#website\",\"url\":\"https:\/\/www.tcuentaslp.gob.ar\/\",\"name\":\"Tribunal de Cuentas de La Pampa\",\"description\":\"\",\"publisher\":{\"@id\":\"https:\/\/www.tcuentaslp.gob.ar\/#organization\"},\"potentialAction\":[{\"@type\":\"SearchAction\",\"target\":{\"@type\":\"EntryPoint\",\"urlTemplate\":\"https:\/\/www.tcuentaslp.gob.ar\/?s={search_term_string}\"},\"query-input\":\"required name=search_term_string\"}],\"inLanguage\":\"es-AR\"},{\"@type\":\"Organization\",\"@id\":\"https:\/\/www.tcuentaslp.gob.ar\/#organization\",\"name\":\"Tribunal de Cuentas de La Pampa\",\"url\":\"https:\/\/www.tcuentaslp.gob.ar\/\",\"logo\":{\"@type\":\"ImageObject\",\"inLanguage\":\"es-AR\",\"@id\":\"https:\/\/www.tcuentaslp.gob.ar\/#\/schema\/logo\/image\/\",\"url\":\"http:\/\/www.tcuentaslp.gob.ar\/wp-content\/uploads\/2017\/10\/logo_tribunal.png\",\"contentUrl\":\"http:\/\/www.tcuentaslp.gob.ar\/wp-content\/uploads\/2017\/10\/logo_tribunal.png\",\"width\":200,\"height\":204,\"caption\":\"Tribunal de Cuentas de La Pampa\"},\"image\":{\"@id\":\"https:\/\/www.tcuentaslp.gob.ar\/#\/schema\/logo\/image\/\"},\"sameAs\":[\"https:\/\/es-la.facebook.com\/TdeCLaPampa\/\"]}]}<\/script>\n<!-- \/ Yoast SEO plugin. -->","yoast_head_json":{"title":"CPN. Valeria Lis NOWAK -","robots":{"index":"index","follow":"follow","max-snippet":"max-snippet:-1","max-image-preview":"max-image-preview:large","max-video-preview":"max-video-preview:-1"},"canonical":"https:\/\/www.tcuentaslp.gob.ar\/?page_id=426","og_locale":"es_ES","og_type":"article","og_title":"CPN. Valeria Lis NOWAK -","og_description":"\u00a0 ESTUDIOS CURSADOS Universidad Nacional de La Pampa Facultad de Ciencias Econ\u00f3micas y Jur\u00eddicas T\u00edtulo de grado: Contadora P\u00fablica Nacional ... Leer m\u00e1s...","og_url":"https:\/\/www.tcuentaslp.gob.ar\/?page_id=426","article_publisher":"https:\/\/es-la.facebook.com\/TdeCLaPampa\/","article_modified_time":"2024-01-05T18:18:12+00:00","og_image":[{"url":"https:\/\/www.tcuentaslp.gob.ar\/wp-content\/uploads\/2024\/01\/nowak-chica-208x300.jpg"}],"twitter_card":"summary_large_image","twitter_misc":{"Tiempo de lectura":"4 minutos"},"schema":{"@context":"https:\/\/schema.org","@graph":[{"@type":"WebPage","@id":"https:\/\/www.tcuentaslp.gob.ar\/?page_id=426","url":"https:\/\/www.tcuentaslp.gob.ar\/?page_id=426","name":"CPN. Valeria Lis NOWAK -","isPartOf":{"@id":"https:\/\/www.tcuentaslp.gob.ar\/#website"},"datePublished":"2017-10-09T15:23:49+00:00","dateModified":"2024-01-05T18:18:12+00:00","breadcrumb":{"@id":"https:\/\/www.tcuentaslp.gob.ar\/?page_id=426#breadcrumb"},"inLanguage":"es-AR","potentialAction":[{"@type":"ReadAction","target":["https:\/\/www.tcuentaslp.gob.ar\/?page_id=426"]}]},{"@type":"BreadcrumbList","@id":"https:\/\/www.tcuentaslp.gob.ar\/?page_id=426#breadcrumb","itemListElement":[{"@type":"ListItem","position":1,"name":"Inicio","item":"https:\/\/www.tcuentaslp.gob.ar\/"},{"@type":"ListItem","position":2,"name":"CPN. Valeria Lis NOWAK"}]},{"@type":"WebSite","@id":"https:\/\/www.tcuentaslp.gob.ar\/#website","url":"https:\/\/www.tcuentaslp.gob.ar\/","name":"Tribunal de Cuentas de La Pampa","description":"","publisher":{"@id":"https:\/\/www.tcuentaslp.gob.ar\/#organization"},"potentialAction":[{"@type":"SearchAction","target":{"@type":"EntryPoint","urlTemplate":"https:\/\/www.tcuentaslp.gob.ar\/?s={search_term_string}"},"query-input":"required name=search_term_string"}],"inLanguage":"es-AR"},{"@type":"Organization","@id":"https:\/\/www.tcuentaslp.gob.ar\/#organization","name":"Tribunal de Cuentas de La Pampa","url":"https:\/\/www.tcuentaslp.gob.ar\/","logo":{"@type":"ImageObject","inLanguage":"es-AR","@id":"https:\/\/www.tcuentaslp.gob.ar\/#\/schema\/logo\/image\/","url":"http:\/\/www.tcuentaslp.gob.ar\/wp-content\/uploads\/2017\/10\/logo_tribunal.png","contentUrl":"http:\/\/www.tcuentaslp.gob.ar\/wp-content\/uploads\/2017\/10\/logo_tribunal.png","width":200,"height":204,"caption":"Tribunal de Cuentas de La Pampa"},"image":{"@id":"https:\/\/www.tcuentaslp.gob.ar\/#\/schema\/logo\/image\/"},"sameAs":["https:\/\/es-la.facebook.com\/TdeCLaPampa\/"]}]}},"_links":{"self":[{"href":"https:\/\/www.tcuentaslp.gob.ar\/index.php?rest_route=\/wp\/v2\/pages\/426"}],"collection":[{"href":"https:\/\/www.tcuentaslp.gob.ar\/index.php?rest_route=\/wp\/v2\/pages"}],"about":[{"href":"https:\/\/www.tcuentaslp.gob.ar\/index.php?rest_route=\/wp\/v2\/types\/page"}],"author":[{"embeddable":true,"href":"https:\/\/www.tcuentaslp.gob.ar\/index.php?rest_route=\/wp\/v2\/users\/1"}],"replies":[{"embeddable":true,"href":"https:\/\/www.tcuentaslp.gob.ar\/index.php?rest_route=%2Fwp%2Fv2%2Fcomments&post=426"}],"version-history":[{"count":10,"href":"https:\/\/www.tcuentaslp.gob.ar\/index.php?rest_route=\/wp\/v2\/pages\/426\/revisions"}],"predecessor-version":[{"id":4918,"href":"https:\/\/www.tcuentaslp.gob.ar\/index.php?rest_route=\/wp\/v2\/pages\/426\/revisions\/4918"}],"wp:attachment":[{"href":"https:\/\/www.tcuentaslp.gob.ar\/index.php?rest_route=%2Fwp%2Fv2%2Fmedia&parent=426"}],"curies":[{"name":"wp","href":"https:\/\/api.w.org\/{rel}","templated":true}]}}