{"id":481,"date":"2017-10-17T10:06:52","date_gmt":"2017-10-17T13:06:52","guid":{"rendered":"http:\/\/www.tcuentaslp.gob.ar\/?page_id=481"},"modified":"2025-01-14T10:25:22","modified_gmt":"2025-01-14T13:25:22","slug":"competencia","status":"publish","type":"page","link":"https:\/\/www.tcuentaslp.gob.ar\/?page_id=481","title":{"rendered":"Competencia"},"content":{"rendered":"<p style=\"text-align: justify;\">Conforme lo normado en el <a href=\"http:\/\/digesto.tcuentaslp.gob.ar\/digesto%20tribunal\/Leyes\/Constitucion%20Provincial.html\" target=\"_blank\" rel=\"noopener\">Art\u00edculo 103<\/a> de la Constituci\u00f3n de la provincia de La Pampa,\u00a0&#8220;El Tribunal de Cuentas fiscalizar\u00e1 la percepci\u00f3n e inversi\u00f3n de las rentas p\u00fablicas provinciales y las cuentas de las instituciones privadas que reciban subsidios de la Provincia, referidas a la inversi\u00f3n de los mismos.&#8221;<\/p>\n<p style=\"text-align: justify;\">De acuerdo a su <a href=\"http:\/\/digesto.tcuentaslp.gob.ar\/digesto%20tribunal\/Leyes\/Constitucion%20Provincial.html\" target=\"_blank\" rel=\"noopener\">Art\u00edculo 104<\/a>, &#8220;Estar\u00e1 compuesto por un presidente, que ser\u00e1 abogado o contador p\u00fablico, y dos vocales, nombrados por el Poder Ejecutivo con acuerdo de la C\u00e1mara de Diputados. El Poder Ejecutivo elegir\u00e1 cada uno de los candidatos de una terna que elevar\u00e1 al efecto el Consejo de la Magistratura, previo concurso de antecedentes y oposici\u00f3n.<\/p>\n<p style=\"text-align: justify;\">Ser\u00e1n inamovibles y enjuiciables en los casos y en la forma determinados en esta Constituci\u00f3n.&#8221;<\/p>\n<p style=\"text-align: justify;\">El art\u00edculo 1\u00ba del <a href=\"http:\/\/digesto.tcuentaslp.gob.ar\/digesto%20tribunal\/Leyes\/Decreto%20Ley%20513-1969.html\" target=\"_blank\" rel=\"noopener\">Decreto Ley N\u00ba 513\/69<\/a> establece la competencia del\u00a0 Tribunal de Cuentas:<\/p>\n<ul style=\"text-align: justify;\">\n<li>Intervenir en el control previo, y en el ulterior juzgamiento de las rendiciones de cuentas, de las operaciones financiero patrimoniales de los Poderes del Estado y de los organismos aut\u00e1rquicos o descentralizados, a fin de verificar la legitimidad de los tr\u00e1mites.-<\/li>\n<li>Juzgar las rendiciones de cuentas de las Comisiones de Fomento y las rendiciones de cuentas de las Municipalidades pero s\u00f3lo en los casos previstos en la segunda parte del <a href=\"http:\/\/digesto.tcuentaslp.gob.ar\/digesto%20tribunal\/Leyes\/Constitucion%20Provincial.html\" target=\"_blank\" rel=\"noopener\">art\u00edculo <em><strong>*124\u00ba<\/strong><\/em><\/a> de la Constituci\u00f3n de la Provincia;<\/li>\n<li>Actuar los juicios de responsabilidad de funcionarios y empleados provinciales, o comunales en los supuestos del <a href=\"http:\/\/digesto.tcuentaslp.gob.ar\/digesto%20tribunal\/Leyes\/Constitucion%20Provincial.html\" target=\"_blank\" rel=\"noopener\">art\u00edculo <em><strong>*124\u00ba<\/strong><\/em><\/a> de la Constituci\u00f3n Provincial; y<\/li>\n<li>Fiscalizar la inversi\u00f3n de los subsidios que la Provincia otorgue a entidades privadas . En los supuestos de los incisos a) y b), la competencia del Tribunal se limitar\u00e1 a las actuaciones de naturaleza administrativa.<\/li>\n<\/ul>\n<p style=\"text-align: justify;\"><strong><em><em>* El texto original del <a href=\"http:\/\/digesto.tcuentaslp.gob.ar\/digesto%20tribunal\/Leyes\/Decreto%20Ley%20513-1969.html\" target=\"_blank\" rel=\"noopener\">Decreto Ley N\u00ba 513\/69<\/a> hace menci\u00f3n al art\u00edculo 116 correspondiendo el texto actual al art\u00edculo 124 de la Constituci\u00f3n Provincial. <\/em><\/em><\/strong><\/p>\n<ul style=\"text-align: justify;\">\n<li>Otras leyes dictadas posteriormente asignaron las siguientes competencias:<\/li>\n<\/ul>\n<p style=\"text-align: justify;\">Por <a href=\"http:\/\/digesto.tcuentaslp.gob.ar\/digesto%20tribunal\/Leyes\/Ley%20808.html\" target=\"_blank\" rel=\"noopener\"><strong>Ley N\u00ba 808\/84<\/strong><\/a>, se oficializa en la Provincia de La Pampa el sistema de juego denominado QUINIELA, estableciendo en su art\u00edculo 2\u00ba que el Tribunal de Cuentas fiscalizar\u00e1 la parte administrativa.<\/p>\n<p style=\"text-align: justify;\"><strong><em>\u201cArt\u00edculo 2.-<\/em><\/strong><em> El INSTITUTO DE SEGURIDAD SOCIAL DE LA PROVINCIA DE LA PAMPA tendr\u00e1 a su cargo la organizaci\u00f3n, que implementar\u00e1 mediante un Consejo de Administraci\u00f3n &#8211; que actuar\u00e1 bajo su jurisdicci\u00f3n y competencia-, el que tendr\u00e1 como objeto el funcionamiento, explotaci\u00f3n, administraci\u00f3n y dem\u00e1s actividades inherentes al sistema de juego basado en el azar denominado QUINIELA oficializado en el territorio provincial.<\/em><\/p>\n<p style=\"text-align: justify;\"><em>El consejo Administrativo estar\u00e1 integrado por un (1) representante del Instituto de Seguridad Social, quien ejercer\u00e1 la presidencia, un\u00a0 (1) representante de Salud P\u00fablica y un (1) representante del Ministerio de Gobierno y Justicia.<\/em><\/p>\n<p style=\"text-align: justify;\"><em>El Tribunal de Cuentas fiscalizar\u00e1 la parte administrativa.<\/em><em>\u201d<\/em><\/p>\n<p style=\"text-align: justify;\"><em>Por Decreto N\u00ba 119\/85, se reglamenta la Ley N\u00ba 808\/84, estableciendo en su art\u00edculo 4\u00ba: &#8220;La fiscalizaci\u00f3n administrativa de que trata el mencionado art\u00edculo, ser\u00e1 instrumentada mediante el Sistema de Auditor\u00edas Externas por el Tribunal de Cuentas. Dichas Auditor\u00edas deber\u00e1n efectuarse por lo menos en oportunidad de proponerse la distribuci\u00f3n a que se refiere el art\u00edculo 4\u00ba de la Ley&#8221;.<\/em><\/p>\n<p style=\"text-align: justify;\">Por <a href=\"http:\/\/digesto.tcuentaslp.gob.ar\/digesto%20tribunal\/Leyes\/Ley%201687.html\" target=\"_blank\" rel=\"noopener\"><strong>Ley N\u00ba 1687\/96<\/strong><\/a>, mediante la que se aprueba el Estatuto del \u201cEnte Ejecutivo Presa de Embalse Casa de Piedra\u201d, se establece que los Organismos espec\u00edficos de contralor de las provincias integrantes del Ente o de la Naci\u00f3n podr\u00e1n ejercer el derecho de auditoria, siendo la provincia de La Pampa integrante, le compete al TdeC esta tarea.<\/p>\n<p style=\"text-align: justify;\"><strong><em>\u201cARTICULO 19\u00b0:<\/em><\/strong><em> Las partes intervinientes aceptar\u00e1n a los efectos de la determinaci\u00f3n de costos y aportes emergentes, los presupuestos y liquidaciones que les sean elevados por el Directorio, conviniendo en tal sentido que su delegado en el mismo es autoridad suficiente, frente a la competencia de otros organismos o reparticiones provinciales o nacionales. Los Organismos espec\u00edficos de contralor de las provincias integrantes del Ente o de la Naci\u00f3n podr\u00e1n ejercer el derecho de auditoria, \u00fanicamente por el examen de la cuenta de inversi\u00f3n respectiva, quedando excluida cualquier clase de intervenci\u00f3n previa que importe la suspensi\u00f3n del cumplimiento de los actos por parte del Ente.<\/em><\/p>\n<p style=\"text-align: justify;\"><em>A los efectos de facilitar el control, el Ente exhibir\u00e1 y suministrar\u00e1 todos los elementos, balances y comprobantes que le sean requeridos.\u201d<\/em><\/p>\n<p style=\"text-align: justify;\">Por <a href=\"http:\/\/digesto.tcuentaslp.gob.ar\/digesto%20tribunal\/Leyes\/Ley%202225.html\" target=\"_blank\" rel=\"noopener\"><strong>Ley N\u00ba 2225\/06<\/strong><\/a>, se crea la empresa pampeana de petr\u00f3leo PAMPETROL SAPEM, con participaci\u00f3n estatal mayoritaria, estableciendo en su art\u00edculo 6\u00ba la intervenci\u00f3n del Tribunal de Cuentas de la Provincia.<\/p>\n<p style=\"text-align: justify;\"><strong><em>\u201cArt\u00edculo 6\u00b0.- <\/em><\/strong><em>La sociedad ejercer\u00e1 todas las atribuciones y estar\u00e1\u00a0 sometida\u00a0 a\u00a0 los\u00a0 mismos\u00a0 controles, que alcanzan a las personas jur\u00eddicas de su tipo.<\/em><\/p>\n<p style=\"text-align: justify;\"><em>La intervenci\u00f3n del Tribunal de Cuentas de la Provincia, ser\u00e1 realizada en el marco de lo establecido por el Art\u00edculo 103 de la Constituci\u00f3n Provincial.\u201d<\/em><\/p>\n<p><strong>Por Ley N\u00ba \u00a03509<\/strong>. se estableci\u00f3 \u00a0el\u00a0 control\u00a0 del\u00a0 Tribunal\u00a0 de\u00a0 Cuentas en\u00a0 las\u00a0 empresas\u00a0 o sociedades\u00a0 en\u00a0 las\u00a0 que\u00a0 el\u00a0 Estado\u00a0 Provincial\u00a0 tenga\u00a0 participaci\u00f3n\u00a0 mayoritaria,\u00a0 de las\u00a0 inversiones\u00a0 de\u00a0 los\u00a0 fondos\u00a0 otorgados\u00a0 por\u00a0 la\u00a0 provincia,al\u00a0 t\u00e9rmino\u00a0 de\u00a0 cada ejercicio financiero. A ese fin la norma dispuso:<\/p>\n<p style=\"text-align: justify;\"><strong>Art\u00edculo 1\u00ba:<\/strong> Sustit\u00fayese el art\u00edculo 7\u00ba de la Ley 2223 e creaci\u00f3n de la empresa pampeana &#8220;AGUAS DEL COLORADO S.A.P.E.M.&#8221; el cual quedar\u00e1 redactado de la siguiente manera: \u00a0&#8220;Art\u00edculo 7\u00ba: La sociedad ejercer\u00e1 todas las atribuciones y estar\u00e1 sometida a los mismos controles, internos y externos, que correspondan a las personas de su tipo, quedando facultada para suscribir convenios con empresas p\u00fablicas o privadas, nacionales o extranjeras para el cumplimiento de su objeto social. El Tribunal de Cuentas de la Provincia realizar\u00e1 el control posterior de las inversiones de los fondos otorgados por la Provincia, al t\u00e9rmino de cada ejercicio financiero.&#8221;<\/p>\n<p style=\"text-align: justify;\"><strong>Art\u00edculo 2\u00ba<\/strong>: Sustit\u00fayese el art\u00edculo 6\u00ba de la Ley 2225 de creaci\u00f3n de la empresa pampeana &#8220;PAMPETROL S.A.P.E.M.&#8221; el cual quedar\u00e1 redactado de la siguiente manera: &#8220;Art\u00edculo 6\u00ba: La sociedad ejercer\u00e1 todas las atribuciones y estar\u00e1 sometida a los mismos controles, que alcanzan a las personas jur\u00eddicas de su tipo. El Tribunal de Cuentas de la Provincia realizar\u00e1 el control posterior de las inversiones de los fondos otorgados por la Provincia, al t\u00e9rmino de cada ejercicio financiero.&#8221;<\/p>\n<p style=\"text-align: justify;\"><strong>Art\u00edculo 3\u00ba:<\/strong> Sustit\u00fayese el art\u00edculo 10\u00ba de la Ley 3142 de creaci\u00f3n de la empresa pampeana &#8220;FIDUCIARIA LA PAMPA S.A.P.E.M.&#8221; el cual quedar\u00e1 redactado de la siguiente manera: \u00a0&#8220;Art\u00edculo 10\u00ba: La sociedad ejercer\u00e1 todas las atribuciones y estar\u00e1 sometida a los mismos controles, internos y externos, que correspondan a las personas de su tipo, quedando facultada para suscribir convenios con empresas p\u00fablicas o privadas, nacionales o extranjeras como asimismo con el Estado Nacional, Provincial y Municipal para el cumplimiento de su objeto social. El Tribunal de Cuentas de la Provincia realizar\u00e1 el control posterior de las inversiones de los fondos otorgados por la Provincia, al t\u00e9rmino de cada ejercicio financiero.&#8221;<\/p>\n<p style=\"text-align: justify;\"><strong>Art\u00edculo 4\u00ba: <\/strong>Sustit\u00fayese el art\u00edculo 7\u00ba de la Ley 3184 de creaci\u00f3n de la empresa pampeana &#8220;EMPATEL S.A.P.E.M.&#8221; el cual quedar\u00e1 redactado de la siguiente manera: \u201cArt\u00edculo 7\u00ba: La sociedad ejercer\u00e1 todas las atribuciones y estar\u00e1 sometida a los mismos controles, internos y externos, que correspondan a las personas de su tipo, quedando facultada para suscribir convenios con empresas p\u00fablicas o privadas, nacionales o extranjeras para el cumplimiento de su objeto social. El Tribunal de Cuentas de la Provincia realizar\u00e1 el control posterior de las inversiones de los fondos otorgados por la Provincia, al t\u00e9rmino de cada ejercicio financiero.&#8221;<\/p>\n<p style=\"text-align: justify;\"><strong>Art\u00edculo 5\u00ba: <\/strong>Sustit\u00fayese el art\u00edculo 4\u00ba de la Ley 2302 e creaci\u00f3n de la empresa pampeana &#8220;CARNES NATURALES DE LA PAMPA S.A.&#8221; el cual quedar\u00e1 redactado de la siguiente manera: &#8220;Art\u00edculo 4\u00ba: La sociedad ejercer\u00e1 todas las atribuciones y estar\u00e1 sometida a los mismos controles, internos y externos, que alcanzan a las personas jur\u00eddicas de su tipo, quedando facultada para suscribir convenios con empresas p\u00fablicas o privadas, nacionales o extranjeras para el cumplimiento de su objeto social. El Tribunal de Cuentas de la Provincia realizar\u00e1 el control posterior de las inversiones de los fondos otorgados por la Provincia, al t\u00e9rmino de cada ejercicio financiero&#8221;<\/p>\n<p style=\"text-align: justify;\"><strong>Art\u00edculo 6\u00ba: <\/strong>Las leyes de creaci\u00f3n de Empresas o Sociedades en las que el Estado Provincial tenga participaci\u00f3n mayoritaria y\/o agencias que se sancionen con posterioridad a la vigencia de la presente Ley, estar\u00e1n sometidas a la intervenci\u00f3n posterior del Tribunal de Cuentas de la provincia de La Pampa, en los t\u00e9rminos previstos en los art\u00edculos anteriores.<\/p>\n","protected":false},"excerpt":{"rendered":"<p>Conforme lo normado en el Art\u00edculo 103 de la Constituci\u00f3n de la provincia de La Pampa,\u00a0&#8220;El Tribunal de Cuentas fiscalizar\u00e1 &#8230; <a title=\"Competencia\" class=\"read-more\" href=\"https:\/\/www.tcuentaslp.gob.ar\/?page_id=481\">Leer m\u00e1s&#8230;<\/a><\/p>\n","protected":false},"author":1,"featured_media":0,"parent":0,"menu_order":0,"comment_status":"closed","ping_status":"closed","template":"","meta":{"generate_page_header":""},"yoast_head":"<!-- This site is optimized with the Yoast SEO plugin v20.12 - https:\/\/yoast.com\/wordpress\/plugins\/seo\/ -->\n<title>Competencia -<\/title>\n<meta name=\"robots\" content=\"index, follow, max-snippet:-1, max-image-preview:large, max-video-preview:-1\" \/>\n<link rel=\"canonical\" href=\"https:\/\/www.tcuentaslp.gob.ar\/?page_id=481\" \/>\n<meta property=\"og:locale\" content=\"es_ES\" \/>\n<meta property=\"og:type\" content=\"article\" \/>\n<meta property=\"og:title\" content=\"Competencia -\" \/>\n<meta property=\"og:description\" content=\"Conforme lo normado en el Art\u00edculo 103 de la Constituci\u00f3n de la provincia de La Pampa,\u00a0&#8220;El Tribunal de Cuentas fiscalizar\u00e1 ... Leer m\u00e1s...\" \/>\n<meta property=\"og:url\" content=\"https:\/\/www.tcuentaslp.gob.ar\/?page_id=481\" \/>\n<meta property=\"article:publisher\" content=\"https:\/\/es-la.facebook.com\/TdeCLaPampa\/\" \/>\n<meta property=\"article:modified_time\" content=\"2025-01-14T13:25:22+00:00\" \/>\n<meta name=\"twitter:card\" content=\"summary_large_image\" \/>\n<meta name=\"twitter:label1\" content=\"Tiempo de lectura\" \/>\n\t<meta name=\"twitter:data1\" content=\"7 minutos\" \/>\n<script type=\"application\/ld+json\" class=\"yoast-schema-graph\">{\"@context\":\"https:\/\/schema.org\",\"@graph\":[{\"@type\":\"WebPage\",\"@id\":\"https:\/\/www.tcuentaslp.gob.ar\/?page_id=481\",\"url\":\"https:\/\/www.tcuentaslp.gob.ar\/?page_id=481\",\"name\":\"Competencia -\",\"isPartOf\":{\"@id\":\"https:\/\/www.tcuentaslp.gob.ar\/#website\"},\"datePublished\":\"2017-10-17T13:06:52+00:00\",\"dateModified\":\"2025-01-14T13:25:22+00:00\",\"breadcrumb\":{\"@id\":\"https:\/\/www.tcuentaslp.gob.ar\/?page_id=481#breadcrumb\"},\"inLanguage\":\"es-AR\",\"potentialAction\":[{\"@type\":\"ReadAction\",\"target\":[\"https:\/\/www.tcuentaslp.gob.ar\/?page_id=481\"]}]},{\"@type\":\"BreadcrumbList\",\"@id\":\"https:\/\/www.tcuentaslp.gob.ar\/?page_id=481#breadcrumb\",\"itemListElement\":[{\"@type\":\"ListItem\",\"position\":1,\"name\":\"Inicio\",\"item\":\"https:\/\/www.tcuentaslp.gob.ar\/\"},{\"@type\":\"ListItem\",\"position\":2,\"name\":\"Competencia\"}]},{\"@type\":\"WebSite\",\"@id\":\"https:\/\/www.tcuentaslp.gob.ar\/#website\",\"url\":\"https:\/\/www.tcuentaslp.gob.ar\/\",\"name\":\"Tribunal de Cuentas de La Pampa\",\"description\":\"\",\"publisher\":{\"@id\":\"https:\/\/www.tcuentaslp.gob.ar\/#organization\"},\"potentialAction\":[{\"@type\":\"SearchAction\",\"target\":{\"@type\":\"EntryPoint\",\"urlTemplate\":\"https:\/\/www.tcuentaslp.gob.ar\/?s={search_term_string}\"},\"query-input\":\"required name=search_term_string\"}],\"inLanguage\":\"es-AR\"},{\"@type\":\"Organization\",\"@id\":\"https:\/\/www.tcuentaslp.gob.ar\/#organization\",\"name\":\"Tribunal de Cuentas de La Pampa\",\"url\":\"https:\/\/www.tcuentaslp.gob.ar\/\",\"logo\":{\"@type\":\"ImageObject\",\"inLanguage\":\"es-AR\",\"@id\":\"https:\/\/www.tcuentaslp.gob.ar\/#\/schema\/logo\/image\/\",\"url\":\"http:\/\/www.tcuentaslp.gob.ar\/wp-content\/uploads\/2017\/10\/logo_tribunal.png\",\"contentUrl\":\"http:\/\/www.tcuentaslp.gob.ar\/wp-content\/uploads\/2017\/10\/logo_tribunal.png\",\"width\":200,\"height\":204,\"caption\":\"Tribunal de Cuentas de La Pampa\"},\"image\":{\"@id\":\"https:\/\/www.tcuentaslp.gob.ar\/#\/schema\/logo\/image\/\"},\"sameAs\":[\"https:\/\/es-la.facebook.com\/TdeCLaPampa\/\"]}]}<\/script>\n<!-- \/ Yoast SEO plugin. -->","yoast_head_json":{"title":"Competencia -","robots":{"index":"index","follow":"follow","max-snippet":"max-snippet:-1","max-image-preview":"max-image-preview:large","max-video-preview":"max-video-preview:-1"},"canonical":"https:\/\/www.tcuentaslp.gob.ar\/?page_id=481","og_locale":"es_ES","og_type":"article","og_title":"Competencia -","og_description":"Conforme lo normado en el Art\u00edculo 103 de la Constituci\u00f3n de la provincia de La Pampa,\u00a0&#8220;El Tribunal de Cuentas fiscalizar\u00e1 ... Leer m\u00e1s...","og_url":"https:\/\/www.tcuentaslp.gob.ar\/?page_id=481","article_publisher":"https:\/\/es-la.facebook.com\/TdeCLaPampa\/","article_modified_time":"2025-01-14T13:25:22+00:00","twitter_card":"summary_large_image","twitter_misc":{"Tiempo de lectura":"7 minutos"},"schema":{"@context":"https:\/\/schema.org","@graph":[{"@type":"WebPage","@id":"https:\/\/www.tcuentaslp.gob.ar\/?page_id=481","url":"https:\/\/www.tcuentaslp.gob.ar\/?page_id=481","name":"Competencia -","isPartOf":{"@id":"https:\/\/www.tcuentaslp.gob.ar\/#website"},"datePublished":"2017-10-17T13:06:52+00:00","dateModified":"2025-01-14T13:25:22+00:00","breadcrumb":{"@id":"https:\/\/www.tcuentaslp.gob.ar\/?page_id=481#breadcrumb"},"inLanguage":"es-AR","potentialAction":[{"@type":"ReadAction","target":["https:\/\/www.tcuentaslp.gob.ar\/?page_id=481"]}]},{"@type":"BreadcrumbList","@id":"https:\/\/www.tcuentaslp.gob.ar\/?page_id=481#breadcrumb","itemListElement":[{"@type":"ListItem","position":1,"name":"Inicio","item":"https:\/\/www.tcuentaslp.gob.ar\/"},{"@type":"ListItem","position":2,"name":"Competencia"}]},{"@type":"WebSite","@id":"https:\/\/www.tcuentaslp.gob.ar\/#website","url":"https:\/\/www.tcuentaslp.gob.ar\/","name":"Tribunal de Cuentas de La Pampa","description":"","publisher":{"@id":"https:\/\/www.tcuentaslp.gob.ar\/#organization"},"potentialAction":[{"@type":"SearchAction","target":{"@type":"EntryPoint","urlTemplate":"https:\/\/www.tcuentaslp.gob.ar\/?s={search_term_string}"},"query-input":"required name=search_term_string"}],"inLanguage":"es-AR"},{"@type":"Organization","@id":"https:\/\/www.tcuentaslp.gob.ar\/#organization","name":"Tribunal de Cuentas de La Pampa","url":"https:\/\/www.tcuentaslp.gob.ar\/","logo":{"@type":"ImageObject","inLanguage":"es-AR","@id":"https:\/\/www.tcuentaslp.gob.ar\/#\/schema\/logo\/image\/","url":"http:\/\/www.tcuentaslp.gob.ar\/wp-content\/uploads\/2017\/10\/logo_tribunal.png","contentUrl":"http:\/\/www.tcuentaslp.gob.ar\/wp-content\/uploads\/2017\/10\/logo_tribunal.png","width":200,"height":204,"caption":"Tribunal de Cuentas de La Pampa"},"image":{"@id":"https:\/\/www.tcuentaslp.gob.ar\/#\/schema\/logo\/image\/"},"sameAs":["https:\/\/es-la.facebook.com\/TdeCLaPampa\/"]}]}},"_links":{"self":[{"href":"https:\/\/www.tcuentaslp.gob.ar\/index.php?rest_route=\/wp\/v2\/pages\/481"}],"collection":[{"href":"https:\/\/www.tcuentaslp.gob.ar\/index.php?rest_route=\/wp\/v2\/pages"}],"about":[{"href":"https:\/\/www.tcuentaslp.gob.ar\/index.php?rest_route=\/wp\/v2\/types\/page"}],"author":[{"embeddable":true,"href":"https:\/\/www.tcuentaslp.gob.ar\/index.php?rest_route=\/wp\/v2\/users\/1"}],"replies":[{"embeddable":true,"href":"https:\/\/www.tcuentaslp.gob.ar\/index.php?rest_route=%2Fwp%2Fv2%2Fcomments&post=481"}],"version-history":[{"count":10,"href":"https:\/\/www.tcuentaslp.gob.ar\/index.php?rest_route=\/wp\/v2\/pages\/481\/revisions"}],"predecessor-version":[{"id":5288,"href":"https:\/\/www.tcuentaslp.gob.ar\/index.php?rest_route=\/wp\/v2\/pages\/481\/revisions\/5288"}],"wp:attachment":[{"href":"https:\/\/www.tcuentaslp.gob.ar\/index.php?rest_route=%2Fwp%2Fv2%2Fmedia&parent=481"}],"curies":[{"name":"wp","href":"https:\/\/api.w.org\/{rel}","templated":true}]}}