{"id":507,"date":"2017-10-18T12:23:49","date_gmt":"2017-10-18T15:23:49","guid":{"rendered":"http:\/\/www.tcuentaslp.gob.ar\/?page_id=507"},"modified":"2021-09-27T10:39:01","modified_gmt":"2021-09-27T13:39:01","slug":"informacion-de-interes","status":"publish","type":"page","link":"https:\/\/www.tcuentaslp.gob.ar\/?page_id=507","title":{"rendered":"Informaci\u00f3n de Inter\u00e9s"},"content":{"rendered":"<p style=\"text-align: justify;\"><span style=\"font-family: Verdana,sans-serif;\">A trav\u00e9s del desarrollo te\u00f3rico de las operaciones econ\u00f3mico-financieras que se controlan y rinden en este Tribunal, se pretende unificar criterios y simplificar la tarea de aquellos que deban realizar dichos tr\u00e1mites ante este Organismo.<\/span><\/p>\n<ul>\n<li><a title=\"AUDITOR\u00cdA\" href=\"https:\/\/www.tcuentaslp.gob.ar\/?page_id=1301\"><strong>Auditor\u00eda<\/strong><\/a><\/li>\n<li><strong><a title=\"Comisiones de Fomento\" href=\"https:\/\/www.tcuentaslp.gob.ar\/?page_id=1305\" target=\"_blank\" rel=\"noopener noreferrer\">Comisiones de Fomento<\/a><\/strong><\/li>\n<li><strong><a title=\"Generalidades\" href=\"https:\/\/www.tcuentaslp.gob.ar\/?page_id=1399\">Compra de Bienes y\/o Servicios<\/a><\/strong><\/li>\n<li><a title=\"Establecimientos Asistenciales\" href=\"https:\/\/www.tcuentaslp.gob.ar\/?page_id=1402\"><strong>Establecimientos Asistenciales<\/strong><\/a><\/li>\n<li><a title=\"Estableciemientos Educativos\" href=\"https:\/\/www.tcuentaslp.gob.ar\/?page_id=1437\"><strong>Establecimientos Educativos<\/strong><\/a><\/li>\n<li><strong><a href=\"https:\/\/www.tcuentaslp.gob.ar\/?page_id=1448\">Gesti\u00f3n de Calidad<\/a><\/strong><\/li>\n<li><strong><a title=\"Ingreso de Personal no Permanente \u2013 Ley N\u00ba 643\" href=\"https:\/\/www.tcuentaslp.gob.ar\/?page_id=1457\" target=\"_blank\" rel=\"noopener noreferrer\"><strong>Ingreso de Personal no Permanente &#8211; Ley N\u00ba 643<\/strong><\/a><\/strong><\/li>\n<li><strong>R\u00e9gimen de Facturaci\u00f3n\u00a0<\/strong><\/li>\n<li><a title=\"Rendici\u00f3n de Vi\u00e1ticos\" href=\"https:\/\/www.tcuentaslp.gob.ar\/?page_id=1510\"><strong>Rendici\u00f3n de Vi\u00e1ticos<\/strong><\/a><\/li>\n<li><a href=\"https:\/\/www.tcuentaslp.gob.ar\/?page_id=2511\"><strong>Sistemas Renditivos<\/strong><\/a><\/li>\n<li><strong><a href=\"https:\/\/www.tcuentaslp.gob.ar\/?page_id=1546\">Subsidios<\/a><\/strong><\/li>\n<li><strong><a href=\"https:\/\/www.tcuentaslp.gob.ar\/?page_id=1567\">Tramites Administrativos<\/a><\/strong><\/li>\n<\/ul>\n","protected":false},"excerpt":{"rendered":"<p>A trav\u00e9s del desarrollo te\u00f3rico de las operaciones econ\u00f3mico-financieras que se controlan y rinden en este Tribunal, se pretende unificar &#8230; <a title=\"Informaci\u00f3n de Inter\u00e9s\" class=\"read-more\" href=\"https:\/\/www.tcuentaslp.gob.ar\/?page_id=507\">Leer m\u00e1s&#8230;<\/a><\/p>\n","protected":false},"author":1,"featured_media":0,"parent":0,"menu_order":0,"comment_status":"closed","ping_status":"closed","template":"","meta":{"generate_page_header":""},"yoast_head":"<!-- This site is optimized with the Yoast SEO plugin v20.12 - https:\/\/yoast.com\/wordpress\/plugins\/seo\/ -->\n<title>Informaci\u00f3n de Inter\u00e9s -<\/title>\n<meta name=\"robots\" content=\"index, follow, max-snippet:-1, max-image-preview:large, max-video-preview:-1\" \/>\n<link rel=\"canonical\" href=\"https:\/\/www.tcuentaslp.gob.ar\/?page_id=507\" \/>\n<meta property=\"og:locale\" content=\"es_ES\" \/>\n<meta property=\"og:type\" content=\"article\" \/>\n<meta property=\"og:title\" content=\"Informaci\u00f3n de Inter\u00e9s -\" \/>\n<meta property=\"og:description\" content=\"A trav\u00e9s del desarrollo te\u00f3rico de las operaciones econ\u00f3mico-financieras que se controlan y rinden en este Tribunal, se pretende unificar ... Leer m\u00e1s...\" \/>\n<meta property=\"og:url\" content=\"https:\/\/www.tcuentaslp.gob.ar\/?page_id=507\" \/>\n<meta property=\"article:publisher\" content=\"https:\/\/es-la.facebook.com\/TdeCLaPampa\/\" \/>\n<meta property=\"article:modified_time\" content=\"2021-09-27T13:39:01+00:00\" \/>\n<meta name=\"twitter:card\" content=\"summary_large_image\" \/>\n<meta name=\"twitter:label1\" content=\"Tiempo de lectura\" \/>\n\t<meta name=\"twitter:data1\" content=\"1 minuto\" \/>\n<script type=\"application\/ld+json\" class=\"yoast-schema-graph\">{\"@context\":\"https:\/\/schema.org\",\"@graph\":[{\"@type\":\"WebPage\",\"@id\":\"https:\/\/www.tcuentaslp.gob.ar\/?page_id=507\",\"url\":\"https:\/\/www.tcuentaslp.gob.ar\/?page_id=507\",\"name\":\"Informaci\u00f3n de Inter\u00e9s -\",\"isPartOf\":{\"@id\":\"https:\/\/www.tcuentaslp.gob.ar\/#website\"},\"datePublished\":\"2017-10-18T15:23:49+00:00\",\"dateModified\":\"2021-09-27T13:39:01+00:00\",\"breadcrumb\":{\"@id\":\"https:\/\/www.tcuentaslp.gob.ar\/?page_id=507#breadcrumb\"},\"inLanguage\":\"es-AR\",\"potentialAction\":[{\"@type\":\"ReadAction\",\"target\":[\"https:\/\/www.tcuentaslp.gob.ar\/?page_id=507\"]}]},{\"@type\":\"BreadcrumbList\",\"@id\":\"https:\/\/www.tcuentaslp.gob.ar\/?page_id=507#breadcrumb\",\"itemListElement\":[{\"@type\":\"ListItem\",\"position\":1,\"name\":\"Inicio\",\"item\":\"https:\/\/www.tcuentaslp.gob.ar\/\"},{\"@type\":\"ListItem\",\"position\":2,\"name\":\"Informaci\u00f3n de Inter\u00e9s\"}]},{\"@type\":\"WebSite\",\"@id\":\"https:\/\/www.tcuentaslp.gob.ar\/#website\",\"url\":\"https:\/\/www.tcuentaslp.gob.ar\/\",\"name\":\"Tribunal de Cuentas de La Pampa\",\"description\":\"\",\"publisher\":{\"@id\":\"https:\/\/www.tcuentaslp.gob.ar\/#organization\"},\"potentialAction\":[{\"@type\":\"SearchAction\",\"target\":{\"@type\":\"EntryPoint\",\"urlTemplate\":\"https:\/\/www.tcuentaslp.gob.ar\/?s={search_term_string}\"},\"query-input\":\"required name=search_term_string\"}],\"inLanguage\":\"es-AR\"},{\"@type\":\"Organization\",\"@id\":\"https:\/\/www.tcuentaslp.gob.ar\/#organization\",\"name\":\"Tribunal de Cuentas de La Pampa\",\"url\":\"https:\/\/www.tcuentaslp.gob.ar\/\",\"logo\":{\"@type\":\"ImageObject\",\"inLanguage\":\"es-AR\",\"@id\":\"https:\/\/www.tcuentaslp.gob.ar\/#\/schema\/logo\/image\/\",\"url\":\"http:\/\/www.tcuentaslp.gob.ar\/wp-content\/uploads\/2017\/10\/logo_tribunal.png\",\"contentUrl\":\"http:\/\/www.tcuentaslp.gob.ar\/wp-content\/uploads\/2017\/10\/logo_tribunal.png\",\"width\":200,\"height\":204,\"caption\":\"Tribunal de Cuentas de La Pampa\"},\"image\":{\"@id\":\"https:\/\/www.tcuentaslp.gob.ar\/#\/schema\/logo\/image\/\"},\"sameAs\":[\"https:\/\/es-la.facebook.com\/TdeCLaPampa\/\"]}]}<\/script>\n<!-- \/ Yoast SEO plugin. -->","yoast_head_json":{"title":"Informaci\u00f3n de Inter\u00e9s -","robots":{"index":"index","follow":"follow","max-snippet":"max-snippet:-1","max-image-preview":"max-image-preview:large","max-video-preview":"max-video-preview:-1"},"canonical":"https:\/\/www.tcuentaslp.gob.ar\/?page_id=507","og_locale":"es_ES","og_type":"article","og_title":"Informaci\u00f3n de Inter\u00e9s -","og_description":"A trav\u00e9s del desarrollo te\u00f3rico de las operaciones econ\u00f3mico-financieras que se controlan y rinden en este Tribunal, se pretende unificar ... Leer m\u00e1s...","og_url":"https:\/\/www.tcuentaslp.gob.ar\/?page_id=507","article_publisher":"https:\/\/es-la.facebook.com\/TdeCLaPampa\/","article_modified_time":"2021-09-27T13:39:01+00:00","twitter_card":"summary_large_image","twitter_misc":{"Tiempo de lectura":"1 minuto"},"schema":{"@context":"https:\/\/schema.org","@graph":[{"@type":"WebPage","@id":"https:\/\/www.tcuentaslp.gob.ar\/?page_id=507","url":"https:\/\/www.tcuentaslp.gob.ar\/?page_id=507","name":"Informaci\u00f3n de Inter\u00e9s -","isPartOf":{"@id":"https:\/\/www.tcuentaslp.gob.ar\/#website"},"datePublished":"2017-10-18T15:23:49+00:00","dateModified":"2021-09-27T13:39:01+00:00","breadcrumb":{"@id":"https:\/\/www.tcuentaslp.gob.ar\/?page_id=507#breadcrumb"},"inLanguage":"es-AR","potentialAction":[{"@type":"ReadAction","target":["https:\/\/www.tcuentaslp.gob.ar\/?page_id=507"]}]},{"@type":"BreadcrumbList","@id":"https:\/\/www.tcuentaslp.gob.ar\/?page_id=507#breadcrumb","itemListElement":[{"@type":"ListItem","position":1,"name":"Inicio","item":"https:\/\/www.tcuentaslp.gob.ar\/"},{"@type":"ListItem","position":2,"name":"Informaci\u00f3n de Inter\u00e9s"}]},{"@type":"WebSite","@id":"https:\/\/www.tcuentaslp.gob.ar\/#website","url":"https:\/\/www.tcuentaslp.gob.ar\/","name":"Tribunal de Cuentas de La Pampa","description":"","publisher":{"@id":"https:\/\/www.tcuentaslp.gob.ar\/#organization"},"potentialAction":[{"@type":"SearchAction","target":{"@type":"EntryPoint","urlTemplate":"https:\/\/www.tcuentaslp.gob.ar\/?s={search_term_string}"},"query-input":"required name=search_term_string"}],"inLanguage":"es-AR"},{"@type":"Organization","@id":"https:\/\/www.tcuentaslp.gob.ar\/#organization","name":"Tribunal de Cuentas de La Pampa","url":"https:\/\/www.tcuentaslp.gob.ar\/","logo":{"@type":"ImageObject","inLanguage":"es-AR","@id":"https:\/\/www.tcuentaslp.gob.ar\/#\/schema\/logo\/image\/","url":"http:\/\/www.tcuentaslp.gob.ar\/wp-content\/uploads\/2017\/10\/logo_tribunal.png","contentUrl":"http:\/\/www.tcuentaslp.gob.ar\/wp-content\/uploads\/2017\/10\/logo_tribunal.png","width":200,"height":204,"caption":"Tribunal de Cuentas de La Pampa"},"image":{"@id":"https:\/\/www.tcuentaslp.gob.ar\/#\/schema\/logo\/image\/"},"sameAs":["https:\/\/es-la.facebook.com\/TdeCLaPampa\/"]}]}},"_links":{"self":[{"href":"https:\/\/www.tcuentaslp.gob.ar\/index.php?rest_route=\/wp\/v2\/pages\/507"}],"collection":[{"href":"https:\/\/www.tcuentaslp.gob.ar\/index.php?rest_route=\/wp\/v2\/pages"}],"about":[{"href":"https:\/\/www.tcuentaslp.gob.ar\/index.php?rest_route=\/wp\/v2\/types\/page"}],"author":[{"embeddable":true,"href":"https:\/\/www.tcuentaslp.gob.ar\/index.php?rest_route=\/wp\/v2\/users\/1"}],"replies":[{"embeddable":true,"href":"https:\/\/www.tcuentaslp.gob.ar\/index.php?rest_route=%2Fwp%2Fv2%2Fcomments&post=507"}],"version-history":[{"count":37,"href":"https:\/\/www.tcuentaslp.gob.ar\/index.php?rest_route=\/wp\/v2\/pages\/507\/revisions"}],"predecessor-version":[{"id":4135,"href":"https:\/\/www.tcuentaslp.gob.ar\/index.php?rest_route=\/wp\/v2\/pages\/507\/revisions\/4135"}],"wp:attachment":[{"href":"https:\/\/www.tcuentaslp.gob.ar\/index.php?rest_route=%2Fwp%2Fv2%2Fmedia&parent=507"}],"curies":[{"name":"wp","href":"https:\/\/api.w.org\/{rel}","templated":true}]}}